{"id":2131,"date":"2017-05-12T08:09:02","date_gmt":"2017-05-12T05:09:02","guid":{"rendered":"https:\/\/www.nokiankylat.fi\/taivalkunta\/?page_id=2131"},"modified":"2017-05-12T08:09:58","modified_gmt":"2017-05-12T05:09:58","slug":"poytakirja-26-4-2017","status":"publish","type":"page","link":"https:\/\/www.nokiankylat.fi\/taivalkunta\/yhdistykset\/taivalkunnan-kylat-ry\/kokoukset-ja-kylaillat\/kevatkokous-26-4-2017\/poytakirja-26-4-2017\/","title":{"rendered":"P\u00f6yt\u00e4kirja 26-4-2017"},"content":{"rendered":"<p>Taivalkunnan Kyl\u00e4t ry\u00a0\u00a0\u00a0\u00a0\u00a0\u00a0\u00a0\u00a0\u00a0\u00a0\u00a0\u00a0\u00a0\u00a0\u00a0\u00a0\u00a0\u00a0\u00a0\u00a0\u00a0\u00a0\u00a0\u00a0\u00a0\u00a0\u00a0\u00a0\u00a0\u00a0\u00a0\u00a0\u00a0\u00a0\u00a0\u00a0\u00a0\u00a0\u00a0\u00a0\u00a0\u00a0\u00a0\u00a0\u00a0\u00a0\u00a0\u00a0\u00a0\u00a0\u00a0\u00a0\u00a0\u00a0\u00a0\u00a0\u00a0\u00a0\u00a0\u00a0\u00a0\u00a0\u00a0\u00a0\u00a0\u00a0\u00a0\u00a0\u00a0\u00a0\u00a0\u00a0\u00a0\u00a0\u00a0\u00a0\u00a0\u00a0\u00a0\u00a0\u00a0\u00a0\u00a0\u00a0\u00a0\u00a0\u00a0\u00a0\u00a0\u00a0\u00a0\u00a0\u00a0\u00a0\u00a0\u00a0\u00a0\u00a0\u00a0\u00a0\u00a0 P\u00d6YT\u00c4KIRJA<\/p>\n<p><strong>\u00a0<\/strong><\/p>\n<p><strong>KEV\u00c4TKOKOUS<\/strong><\/p>\n<p>Aika: 26.4.2017 klo 18.30<br \/>\nPaikka: Taivalkunnan koulu, Taivalkunnantie 575, 37120 Nokia<\/p>\n<p>L\u00e4sn\u00e4: Sisko Sorva, Terhi Leskinen, Teemu Lehtim\u00e4ki, Anneli Moisio, Esa Alanne, Risto Mattila, Anja Mattila ja Olli Sorva<\/p>\n<p>&nbsp;<\/p>\n<ol>\n<li><strong>Kokouksen avaaminen<\/strong><\/li>\n<\/ol>\n<ul>\n<li>Yhdistyksen puheenjohtaja Olli Sorva avasi kokouksen ja toivotti kokousv\u00e4en tervetulleeksi kello 18.32.<\/li>\n<\/ul>\n<ol start=\"2\">\n<li><strong>Kev\u00e4tkokouksen puhujavieraan esitys<\/strong><\/li>\n<\/ol>\n<ul>\n<li>Pirkanmaan J\u00e4tehuollosta P\u00e4ivi Koro kertoi j\u00e4tehuollon ajankohtaisasioista ja vastasi kuuntelijakysymyksiin. Kokous antoi kiitt\u00e4v\u00e4\u00e4 palautetta P\u00e4ivi Korolle sek\u00e4 yhdistyksen hallitukselle hyv\u00e4st\u00e4 tiedotuksen j\u00e4rjest\u00e4misest\u00e4.<\/li>\n<\/ul>\n<ol start=\"3\">\n<li><strong>Kokouksen j\u00e4rjest\u00e4ytyminen<\/strong><\/li>\n<\/ol>\n<ul>\n<li>Valittiin yksimielisesti kokouksen puheenjohtajaksi Olli Sorva, sihteeriksi Olli Sorva sek\u00e4 p\u00f6yt\u00e4kirjan tarkastajiksi Esa Alanne ja Anneli Moisio. \u00c4\u00e4ntenlaskijat p\u00e4\u00e4tettiin valita, jos kokouksen kulku edellytt\u00e4\u00e4.<\/li>\n<\/ul>\n<ol start=\"4\">\n<li><strong>Laillisuuden ja p\u00e4\u00e4t\u00f6svaltaisuuden toteaminen<\/strong><\/li>\n<\/ol>\n<ul>\n<li>Todettiin, ett\u00e4 kokous on kutsuttu koolle yhdistyksen s\u00e4\u00e4nt\u00f6jen mukaisesti ja on siten laillinen ja p\u00e4\u00e4t\u00f6svaltainen.<\/li>\n<\/ul>\n<ol start=\"5\">\n<li><strong>Esityslistan hyv\u00e4ksyminen<\/strong><\/li>\n<\/ol>\n<ul>\n<li>Esityslista hyv\u00e4ksyttiin kokouksen ty\u00f6j\u00e4rjestykseksi.<\/li>\n<\/ul>\n<ol start=\"6\">\n<li><strong>Toimintakertomuksen 2016 k\u00e4sittely<\/strong><\/li>\n<\/ol>\n<ul>\n<li>Olli Sorva esitteli hallituksen toimintakertomuksen. Kokous totesi sen sangen seikkaper\u00e4iseksi ja kiitti hallitusta monipuolisesta toiminnasta.<\/li>\n<\/ul>\n<ol start=\"7\">\n<li><strong>Tilinp\u00e4\u00e4t\u00f6ksen k\u00e4sittely<\/strong><\/li>\n<\/ol>\n<ul>\n<li>Esitettiin tilinp\u00e4\u00e4t\u00f6s ja kuultiin toiminnantarkastajan lausunto. Todettiin, ett\u00e4 yhdistyksen asioita on hoidettu hyvin.<\/li>\n<\/ul>\n<ol start=\"8\">\n<li><strong>Tili- ja vastuuvapauden my\u00f6nt\u00e4minen tilivelvollisille<\/strong><\/li>\n<\/ol>\n<ul>\n<li>Vahvistettiin tilinp\u00e4\u00e4t\u00f6s ja p\u00e4\u00e4tettiin yksimielisesti my\u00f6nt\u00e4\u00e4 vastuuvapaus tilivelvollisille.<\/li>\n<\/ul>\n<ol start=\"9\">\n<li><strong>Muut esille tulevat asiat<\/strong><\/li>\n<\/ol>\n<ul>\n<li>Olli Sorva ilmoitti, ett\u00e4 kev\u00e4tkarkelot ovat 18.5 kello 18-20 koululla<strong>. <\/strong>Se on perinteinen kyl\u00e4juhla seurustelun, ulkoilun ja tarjottavien parissa.<\/li>\n<li>Avoimet- kyl\u00e4t tapahtuma on 10.6 kello 15-17 koululla (Suomi 100)<strong>. <\/strong>Silloin ovat myyj\u00e4iset ja kahvila sek\u00e4 vanhojen ty\u00f6kalujen ja k\u00e4ytt\u00f6esineiden n\u00e4yttely kello 15.00-17.00.<\/li>\n<li>Kokous kiitti hallitusta hyv\u00e4st\u00e4 kahvituksesta.<\/li>\n<\/ul>\n<ol start=\"10\">\n<li><strong>Kokouksen p\u00e4\u00e4tt\u00e4minen<\/strong><\/li>\n<\/ol>\n<ul>\n<li>Kokouksen puheenjohtaja Olli Sorva kiitti osanottajia ja p\u00e4\u00e4tti kokouksenkello 20.10.<\/li>\n<\/ul>\n<p>&nbsp;<\/p>\n<p>Olli Sorva, puheenjohtaja ja sihteeri<\/p>\n<p>&nbsp;<\/p>\n<p>Esa Alanne, p\u00f6yt\u00e4kirjantarkastaja<\/p>\n<p>&nbsp;<\/p>\n<p>Anneli Moisio, p\u00f6yt\u00e4kirjantarkastaja<\/p>\n","protected":false},"excerpt":{"rendered":"<p>Taivalkunnan Kyl\u00e4t ry\u00a0\u00a0\u00a0\u00a0\u00a0\u00a0\u00a0\u00a0\u00a0\u00a0\u00a0\u00a0\u00a0\u00a0\u00a0\u00a0\u00a0\u00a0\u00a0\u00a0\u00a0\u00a0\u00a0\u00a0\u00a0\u00a0\u00a0\u00a0\u00a0\u00a0\u00a0\u00a0\u00a0\u00a0\u00a0\u00a0\u00a0\u00a0\u00a0\u00a0\u00a0\u00a0\u00a0\u00a0\u00a0\u00a0\u00a0\u00a0\u00a0\u00a0\u00a0\u00a0\u00a0\u00a0\u00a0\u00a0\u00a0\u00a0\u00a0\u00a0\u00a0\u00a0\u00a0\u00a0\u00a0\u00a0\u00a0\u00a0\u00a0\u00a0\u00a0\u00a0\u00a0\u00a0\u00a0\u00a0\u00a0\u00a0\u00a0\u00a0\u00a0\u00a0\u00a0\u00a0\u00a0\u00a0\u00a0\u00a0\u00a0\u00a0\u00a0\u00a0\u00a0\u00a0\u00a0\u00a0\u00a0\u00a0\u00a0\u00a0\u00a0 P\u00d6YT\u00c4KIRJA \u00a0 KEV\u00c4TKOKOUS Aika: 26.4.2017 klo 18.30 Paikka: Taivalkunnan koulu, Taivalkunnantie 575, 37120 Nokia L\u00e4sn\u00e4: Sisko Sorva, Terhi Leskinen, Teemu Lehtim\u00e4ki, Anneli Moisio, Esa Alanne, Risto Mattila, Anja Mattila ja Olli Sorva &nbsp; Kokouksen avaaminen Yhdistyksen puheenjohtaja Olli Sorva avasi kokouksen ja toivotti kokousv\u00e4en tervetulleeksi kello 18.32. Kev\u00e4tkokouksen puhujavieraan esitys Pirkanmaan J\u00e4tehuollosta &hellip; <a href=\"https:\/\/www.nokiankylat.fi\/taivalkunta\/yhdistykset\/taivalkunnan-kylat-ry\/kokoukset-ja-kylaillat\/kevatkokous-26-4-2017\/poytakirja-26-4-2017\/\">Jatkuu<\/a><\/p>\n","protected":false},"author":4,"featured_media":0,"parent":2088,"menu_order":0,"comment_status":"closed","ping_status":"closed","template":"","meta":{"_acf_changed":false,"footnotes":""},"class_list":["post-2131","page","type-page","status-publish","hentry"],"acf":[],"_links":{"self":[{"href":"https:\/\/www.nokiankylat.fi\/taivalkunta\/wp-json\/wp\/v2\/pages\/2131","targetHints":{"allow":["GET"]}}],"collection":[{"href":"https:\/\/www.nokiankylat.fi\/taivalkunta\/wp-json\/wp\/v2\/pages"}],"about":[{"href":"https:\/\/www.nokiankylat.fi\/taivalkunta\/wp-json\/wp\/v2\/types\/page"}],"author":[{"embeddable":true,"href":"https:\/\/www.nokiankylat.fi\/taivalkunta\/wp-json\/wp\/v2\/users\/4"}],"replies":[{"embeddable":true,"href":"https:\/\/www.nokiankylat.fi\/taivalkunta\/wp-json\/wp\/v2\/comments?post=2131"}],"version-history":[{"count":1,"href":"https:\/\/www.nokiankylat.fi\/taivalkunta\/wp-json\/wp\/v2\/pages\/2131\/revisions"}],"predecessor-version":[{"id":2132,"href":"https:\/\/www.nokiankylat.fi\/taivalkunta\/wp-json\/wp\/v2\/pages\/2131\/revisions\/2132"}],"up":[{"embeddable":true,"href":"https:\/\/www.nokiankylat.fi\/taivalkunta\/wp-json\/wp\/v2\/pages\/2088"}],"wp:attachment":[{"href":"https:\/\/www.nokiankylat.fi\/taivalkunta\/wp-json\/wp\/v2\/media?parent=2131"}],"curies":[{"name":"wp","href":"https:\/\/api.w.org\/{rel}","templated":true}]}}