{"id":2147,"date":"2017-06-01T16:48:03","date_gmt":"2017-06-01T13:48:03","guid":{"rendered":"https:\/\/www.nokiankylat.fi\/taivalkunta\/?page_id=2147"},"modified":"2017-06-01T16:50:36","modified_gmt":"2017-06-01T13:50:36","slug":"kylakirje-1-6-2017","status":"publish","type":"page","link":"https:\/\/www.nokiankylat.fi\/taivalkunta\/yhdistykset\/taivalkunnan-kylat-ry\/kylayhdistyksen-arkisto\/kylakirjeet\/kylakirjeet-2017\/kylakirje-1-6-2017\/","title":{"rendered":"Kyl\u00e4kirje 1-6-2017"},"content":{"rendered":"<h2><strong>Koululla 10.6 kello 15.00 -17.00 tavataan ja viihdyt\u00e4\u00e4n<\/strong><\/h2>\n<p><strong>Kyl\u00e4t juhlivat yhdess\u00e4 100-v. Suomea 10.6.2017<\/strong> valtakunnallisesti j\u00e4rjestett\u00e4v\u00e4n Avoimet Kyl\u00e4t -p\u00e4iv\u00e4n merkeiss\u00e4, johon Taivalkunnan kyl\u00e4yhdistyskin osallistuu. J\u00e4rjest\u00e4mme <strong>myyj\u00e4iset\/kirpputorin<\/strong> koulun pihalla sek\u00e4 vanhojen <strong>ty\u00f6kalujen ja tarve-esineiden n\u00e4yttelyn <\/strong>juhla-\/voimistelusalissa. Kyl\u00e4yhdistys myy kahvia.<\/p>\n<p>Kaikki kyl\u00e4l\u00e4iset ovat tervetulleita <strong>myym\u00e4\u00e4n omia tuotteitaan ja tavaroitaan<\/strong>. Tullessaan voi koulun pihasta varata <strong>ilmaiseksi<\/strong> vapaan ja mieleisens\u00e4 myyntipaikan omalle p\u00f6yd\u00e4lleen (tuo p\u00f6yt\u00e4 tullessasi) tai autolleen (jos myyt \u201dper\u00e4kontista\u201d). Leivonnaisia saa myyd\u00e4, mutta kahvin myynti j\u00e4\u00e4 yksinoikeudella kyl\u00e4yhdistykselle. Kaikki kyl\u00e4ll\u00e4 toimivat yhdistykset ja seurat ovat tervetulleita mukaan esittelem\u00e4\u00e4n omaa toimintaansa.<\/p>\n<p>Kannattaa tulla katsomaan, mit\u00e4 itsen\u00e4isyytemme alkuvuosikymmenien esineist\u00f6\u00e4 on n\u00e4ytill\u00e4. Ehk\u00e4p\u00e4 my\u00f6s \u201dkyl\u00e4myyjilt\u00e4\u201d l\u00f6yd\u00e4t tarpeellista, edullista ostettavaa ja ehk\u00e4 kupillinen kahvia maistuu. <strong><u>Toivomme sinut<\/u><\/strong><strong><u> l\u00e4mpim\u00e4sti tervetulleeksi.<\/u><\/strong><\/p>\n<h2><strong><u>J\u00e4senmaksu 2017<\/u><\/strong>,viisi (5) euroa\/j\u00e4sen.<\/h2>\n<p>Jos et ole viel\u00e4 maksanut Taivalkunnan kyl\u00e4t ry:n j\u00e4senmaksua, niin ei huolta, voit tehd\u00e4 sen nyt seuraavasti:<\/p>\n<p>&#8211; nimell\u00e4:\u00a0\u00a0\u00a0\u00a0\u00a0 \u00a0\u00a0 <strong>Taivalkunnan kyl\u00e4t ry<\/strong><br \/>\n&#8211; tilille:\u00a0 \u00a0\u00a0\u00a0\u00a0\u00a0\u00a0\u00a0 \u00a0\u00a0\u00a0<strong>FI98 1158 3500 0906 69<\/strong><br \/>\n&#8211; viite ja viesti: <strong>2017004 ja j\u00e4senten nimet <\/strong><\/p>\n<p>Jokaisella 15 vuotta t\u00e4ytt\u00e4neell\u00e4 j\u00e4senell\u00e4 on yhdistyksen kokouksissa \u00e4\u00e4nioikeus. J\u00e4senyys on henkil\u00f6kohtainen. Kun maksat j\u00e4senmaksua, niin <strong>muista laittaa viitenumero sek\u00e4 j\u00e4senten nimet<\/strong>. My\u00f6s alle 15 -vuotiaat voivat olla j\u00e4senin\u00e4 ja heist\u00e4 emme peri j\u00e4senmaksua. Halutessasi voit maksaa j\u00e4senmaksun my\u00f6s k\u00e4teisell\u00e4 rahastonhoitaja Anja Mattilalle tai puheenjohtaja Olli Sorvalle.<\/p>\n<p>Loppuvuoden toiminta on viel\u00e4 v\u00e4h\u00e4n avoin, mutta todenn\u00e4k\u00f6isesti j\u00e4rjestet\u00e4\u00e4n vanhojen kuvien katseluilta yhdistysten toiminnasta ja kyl\u00e4n tapahtumista. Ajatuksena on my\u00f6s pit\u00e4\u00e4 koulun ja kyl\u00e4yhdistyksen yhteistilaisuutena joululaulu- ja joulujuhlailta, mutta aika n\u00e4ytt\u00e4\u00e4, saadaanko se toteutettua. Luvassa on joka tapauksessa viel\u00e4 jotain Suomen juhlavuoden yhdess\u00e4-teemaohjelmaa.<\/p>\n<p>Taivalkunnan kyl\u00e4t ry pj. Olli Sorva, <a href=\"mailto:olli.sorva@nokiansahkotalo.fi\">olli.sorva(at)nokiansahkotalo.fi<\/a> p. 050 5603 808 <a href=\"http:\/\/www.nokiankylat.fi\/taivalkunta\">www.nokiankylat.fi\/taivalkunta<\/a>, <a href=\"http:\/\/www.facebook.com\/taivalkunta\/\">www.facebook.com\/taivalkunta\/<\/a>.<\/p>\n<p>ps. Jos haluat kyl\u00e4kirjeet my\u00f6s s\u00e4hk\u00f6postiisi, niin liity postituslistalle toimittamalla s\u00e4hk\u00f6postiosoitteesi puheenjohtajalle.<\/p>\n","protected":false},"excerpt":{"rendered":"<p>Koululla 10.6 kello 15.00 -17.00 tavataan ja viihdyt\u00e4\u00e4n Kyl\u00e4t juhlivat yhdess\u00e4 100-v. Suomea 10.6.2017 valtakunnallisesti j\u00e4rjestett\u00e4v\u00e4n Avoimet Kyl\u00e4t -p\u00e4iv\u00e4n merkeiss\u00e4, johon Taivalkunnan kyl\u00e4yhdistyskin osallistuu. J\u00e4rjest\u00e4mme myyj\u00e4iset\/kirpputorin koulun pihalla sek\u00e4 vanhojen ty\u00f6kalujen ja tarve-esineiden n\u00e4yttelyn juhla-\/voimistelusalissa. Kyl\u00e4yhdistys myy kahvia. Kaikki kyl\u00e4l\u00e4iset ovat tervetulleita myym\u00e4\u00e4n omia tuotteitaan ja tavaroitaan. Tullessaan voi koulun pihasta varata ilmaiseksi vapaan ja &hellip; <a href=\"https:\/\/www.nokiankylat.fi\/taivalkunta\/yhdistykset\/taivalkunnan-kylat-ry\/kylayhdistyksen-arkisto\/kylakirjeet\/kylakirjeet-2017\/kylakirje-1-6-2017\/\">Jatkuu<\/a><\/p>\n","protected":false},"author":4,"featured_media":0,"parent":1776,"menu_order":0,"comment_status":"closed","ping_status":"closed","template":"","meta":{"_acf_changed":false,"footnotes":""},"class_list":["post-2147","page","type-page","status-publish","hentry"],"acf":[],"_links":{"self":[{"href":"https:\/\/www.nokiankylat.fi\/taivalkunta\/wp-json\/wp\/v2\/pages\/2147","targetHints":{"allow":["GET"]}}],"collection":[{"href":"https:\/\/www.nokiankylat.fi\/taivalkunta\/wp-json\/wp\/v2\/pages"}],"about":[{"href":"https:\/\/www.nokiankylat.fi\/taivalkunta\/wp-json\/wp\/v2\/types\/page"}],"author":[{"embeddable":true,"href":"https:\/\/www.nokiankylat.fi\/taivalkunta\/wp-json\/wp\/v2\/users\/4"}],"replies":[{"embeddable":true,"href":"https:\/\/www.nokiankylat.fi\/taivalkunta\/wp-json\/wp\/v2\/comments?post=2147"}],"version-history":[{"count":2,"href":"https:\/\/www.nokiankylat.fi\/taivalkunta\/wp-json\/wp\/v2\/pages\/2147\/revisions"}],"predecessor-version":[{"id":2149,"href":"https:\/\/www.nokiankylat.fi\/taivalkunta\/wp-json\/wp\/v2\/pages\/2147\/revisions\/2149"}],"up":[{"embeddable":true,"href":"https:\/\/www.nokiankylat.fi\/taivalkunta\/wp-json\/wp\/v2\/pages\/1776"}],"wp:attachment":[{"href":"https:\/\/www.nokiankylat.fi\/taivalkunta\/wp-json\/wp\/v2\/media?parent=2147"}],"curies":[{"name":"wp","href":"https:\/\/api.w.org\/{rel}","templated":true}]}}