{"id":2200,"date":"2017-06-16T20:35:13","date_gmt":"2017-06-16T17:35:13","guid":{"rendered":"https:\/\/www.nokiankylat.fi\/taivalkunta\/?page_id=2200"},"modified":"2017-06-17T11:38:55","modified_gmt":"2017-06-17T08:38:55","slug":"kylakirje-16-6-2017","status":"publish","type":"page","link":"https:\/\/www.nokiankylat.fi\/taivalkunta\/yhdistykset\/taivalkunnan-kylat-ry\/kylayhdistyksen-arkisto\/kylakirjeet\/kylakirjeet-2017\/kylakirje-16-6-2017\/","title":{"rendered":"Kyl\u00e4kirje 16-6-2017"},"content":{"rendered":"<p><strong>Kiitos <\/strong>teille kaikille, jotka olitte mukana j\u00e4rjest\u00e4m\u00e4ss\u00e4 Avoimet-Kyl\u00e4t tapahtumaa. Vanhoja esineit\u00e4 minun ja vaimoni lis\u00e4ksi toivat ja olivat n\u00e4yttely\u00e4 rakentamassa Eeva-Liisa, Terhi ja Teemu, josta heille viel\u00e4 erillinen kiitos. N\u00e4yttely onnistui hyvin ja her\u00e4tti k\u00e4vij\u00f6iden keskuudessa mielenkiintoisia ajatuksia ja muistoja sek\u00e4 kivoja tarinoita. Niit\u00e4 oli kiva olla kuulemassa.<\/p>\n<p><strong>20.6 on Summer Pop-Up tapahtuma koulun pihassa klo 13-17<\/strong>. J\u00e4rjest\u00e4j\u00e4n\u00e4 on Nokian kaupungin nuorisopalvelut. Tarkemmin asiasta on kyl\u00e4n uutisissa ja tapahtumakalenterissa <a href=\"http:\/\/www.nokiankylat.fi\/taivalkunta\/tapahtumat\/\">www.nokiankylat.fi\/taivalkunta\/tapahtumat\/<\/a><\/p>\n<p><strong>Kyl\u00e4n avoimet pes\u00e4pallopelit ovat torstaisin 2 viikon v\u00e4lein. <\/strong>Mukaan p\u00e4\u00e4sev\u00e4t kaikki, niin<strong>\u00a0<\/strong>aikuiset kuin kouluik\u00e4iset lapsetkin. Paikan p\u00e4\u00e4ll\u00e4 saa opastamaan mailan ja pallon k\u00e4yt\u00f6ss\u00e4 sek\u00e4 pelivinkkej\u00e4. Aiempaa pelikokemusta ei tarvita. Kynnys osallistumiselle on siis tehty matalaksi. \u00a0Tervetuloa pelaamaan koko perheen voimalla ja paikkana on <strong>koulun pihakent\u00e4lle<\/strong>. Pelaajien lis\u00e4ksi toivotaan my\u00f6s kannustajia ja muutakin yleis\u00f6\u00e4 kent\u00e4n laidalle. Pelip\u00e4iv\u00e4ksi ovat kyl\u00e4l\u00e4iset toivoneet torstaita ja alustavasti on sovittu<strong> 29.6, 13.7 ja 27.7<\/strong> ja ajaksi kello <strong>18-20. <\/strong>Muutoksia voi tulla esim. s\u00e4\u00e4n takia.<\/p>\n<p><strong>\u00a0<\/strong><strong>27.7 kello 13-15 on Taivalkunnan koululla Koko perheen sirkuspiknik. <\/strong>Sen j\u00e4rjest\u00e4\u00e4 Tampereen taidekasvatus ry ja Nokian kaupungin kulttuuripalvelut. Katso tarkemmin kyl\u00e4n tapahtumakalenterista.<\/p>\n<p>Ajatukseni on viel\u00e4 t\u00e4n\u00e4 vuonna saada kyl\u00e4lt\u00e4 lis\u00e4\u00e4 kuvahistoriaa ja mahdollisesti my\u00f6s tarinaakin ker\u00e4tty\u00e4 muistiin. Kaikki siihen liittyv\u00e4 materiaali ja yhteydenotot ovat tervetulleita.<\/p>\n<p>Taivalkunnan kyl\u00e4t ry pj. Olli Sorva, <a href=\"mailto:olli.sorva@nokiansahkotalo.fi\">olli.sorva(at)nokiansahkotalo.fi<\/a> <a href=\"http:\/\/www.nokiankylat.fi\/taivalkunta\">www.nokiankylat.fi\/taivalkunta<\/a>, <a href=\"http:\/\/www.facebook.com\/taivalkunta\/\">www.facebook.com\/taivalkunta\/<\/a>.<\/p>\n","protected":false},"excerpt":{"rendered":"<p>Kiitos teille kaikille, jotka olitte mukana j\u00e4rjest\u00e4m\u00e4ss\u00e4 Avoimet-Kyl\u00e4t tapahtumaa. Vanhoja esineit\u00e4 minun ja vaimoni lis\u00e4ksi toivat ja olivat n\u00e4yttely\u00e4 rakentamassa Eeva-Liisa, Terhi ja Teemu, josta heille viel\u00e4 erillinen kiitos. N\u00e4yttely onnistui hyvin ja her\u00e4tti k\u00e4vij\u00f6iden keskuudessa mielenkiintoisia ajatuksia ja muistoja sek\u00e4 kivoja tarinoita. Niit\u00e4 oli kiva olla kuulemassa. 20.6 on Summer Pop-Up tapahtuma koulun pihassa &hellip; <a href=\"https:\/\/www.nokiankylat.fi\/taivalkunta\/yhdistykset\/taivalkunnan-kylat-ry\/kylayhdistyksen-arkisto\/kylakirjeet\/kylakirjeet-2017\/kylakirje-16-6-2017\/\">Jatkuu<\/a><\/p>\n","protected":false},"author":4,"featured_media":0,"parent":1776,"menu_order":0,"comment_status":"closed","ping_status":"closed","template":"","meta":{"_acf_changed":false,"footnotes":""},"class_list":["post-2200","page","type-page","status-publish","hentry"],"acf":[],"_links":{"self":[{"href":"https:\/\/www.nokiankylat.fi\/taivalkunta\/wp-json\/wp\/v2\/pages\/2200","targetHints":{"allow":["GET"]}}],"collection":[{"href":"https:\/\/www.nokiankylat.fi\/taivalkunta\/wp-json\/wp\/v2\/pages"}],"about":[{"href":"https:\/\/www.nokiankylat.fi\/taivalkunta\/wp-json\/wp\/v2\/types\/page"}],"author":[{"embeddable":true,"href":"https:\/\/www.nokiankylat.fi\/taivalkunta\/wp-json\/wp\/v2\/users\/4"}],"replies":[{"embeddable":true,"href":"https:\/\/www.nokiankylat.fi\/taivalkunta\/wp-json\/wp\/v2\/comments?post=2200"}],"version-history":[{"count":1,"href":"https:\/\/www.nokiankylat.fi\/taivalkunta\/wp-json\/wp\/v2\/pages\/2200\/revisions"}],"predecessor-version":[{"id":2201,"href":"https:\/\/www.nokiankylat.fi\/taivalkunta\/wp-json\/wp\/v2\/pages\/2200\/revisions\/2201"}],"up":[{"embeddable":true,"href":"https:\/\/www.nokiankylat.fi\/taivalkunta\/wp-json\/wp\/v2\/pages\/1776"}],"wp:attachment":[{"href":"https:\/\/www.nokiankylat.fi\/taivalkunta\/wp-json\/wp\/v2\/media?parent=2200"}],"curies":[{"name":"wp","href":"https:\/\/api.w.org\/{rel}","templated":true}]}}