{"id":2206,"date":"2017-07-22T10:34:33","date_gmt":"2017-07-22T07:34:33","guid":{"rendered":"https:\/\/www.nokiankylat.fi\/taivalkunta\/?page_id=2206"},"modified":"2017-07-22T10:46:54","modified_gmt":"2017-07-22T07:46:54","slug":"tiedote-pihtikorventien-osakkaille-21-7-2017","status":"publish","type":"page","link":"https:\/\/www.nokiankylat.fi\/taivalkunta\/yhdistykset\/tiehoitokunnat\/pihtikorventien-yksityistie\/tiedote-pihtikorventien-osakkaille-21-7-2017\/","title":{"rendered":"Tiedote Pihtikorventien osakkaille 21-7-2017"},"content":{"rendered":"<p>Tiekokouksessa 16.6 hyv\u00e4ksyttiin Pihtikorven yksityistien s\u00e4\u00e4nn\u00f6t. Kohta 33 alkaa nyt: Tien kunnossapitoa ja hallintoa hoitaa hoitokunta, joka valitaan 1-4 vuoden toimikaudeksi. \u2026.. S\u00e4\u00e4nn\u00f6t l\u00f6ytyv\u00e4t my\u00f6s kyl\u00e4n kotisivuilta\u00a0www.nokiankylat.fi\/taivalkunta\/yhdistykset\/tiehoitokunnat\/pihtikorventien-yksityistie\/<\/p>\n<p>Tieosakasluettelo p\u00e4ivitet\u00e4\u00e4n vahvistettujen s\u00e4\u00e4nt\u00f6jen mukaiseksi ensi vuoden tiekokoukseen menness\u00e4. S\u00e4\u00e4nt\u00f6jen liitteeksi tulevat, tiekunnassa k\u00e4ytett\u00e4v\u00e4t painoluvut ja korjauskertoimet vahvistetaan ensi vuoden tiekokouksessa hoitokunnan tekem\u00e4n esityksen pohjalta.<\/p>\n<p>Tiekokouksessa p\u00e4\u00e4tettiin jakaa tiedote, jossa muistutetaan tien varressa olevien <u><b>kiinteist\u00f6jen velvollisuudesta <\/b><\/u>huolehtia kasvillisuudesta.<\/p>\n<p>Kiinteist\u00f6n alueella kasvavien puiden ja pensaiden hoito on kiinteist\u00f6n omistajan vastuulla. Hoitoon sis\u00e4ltyy huolehtiminen siit\u00e4, ettei kasvusto haittaa liikennett\u00e4 eik\u00e4 katujen ja teiden kunnossa- ja puhtaanapitot\u00f6it\u00e4. T\u00e4st\u00e4 oli muistutus jo kes\u00e4kuun kokouskutsussakin.<\/p>\n<p>Esimerkiksi lasten koulutien yksi t\u00e4rkeimmist\u00e4 turvallisuustekij\u00f6ist\u00e4 on esteet\u00f6n n\u00e4kyvyys ja liikkuminen.<\/p>\n<p>Tiehoitokunta toivoo ja kehottaa tiekokouksen p\u00e4\u00e4t\u00f6ksen mukaisesti <u>kiinteist\u00f6nomistajia huolehtimaan alueeltaan kasvavien <\/u>puiden ja pensaiden kasvustonosien poiston tiealueen osalta parin viikon sis\u00e4ll\u00e4. Lis\u00e4kiitos, jos huolehditte my\u00f6s kiinteist\u00f6nne kohdalla tiealueella kasvavasta vesakonhoidosta. Yksityistielain mukaan tieoikeuteen sis\u00e4ltyy oikeus puiden, pensaiden ja muiden tienpitoa haittaavien luonnonesteiden poistamiseen tiehen kuuluvalta alueelta sek\u00e4 t\u00e4lle alueelle ulottuvien oksien karsimiseen.<\/p>\n<p>Tiealueelle mahdollisesti j\u00e4\u00e4v\u00e4t vesakot ja ulottuvat puunoksat hoitokunnan on tarkoitus poistattaa murskaimella elokuussa, mik\u00e4 ei v\u00e4ltt\u00e4m\u00e4tt\u00e4 j\u00e4t\u00e4 yht\u00e4 kaunista j\u00e4lke\u00e4 esim. oksanpoistossa. Kyseisen toimenpide edellytt\u00e4\u00e4 varsinkin lapsien olemista melko suuren varoet\u00e4isyyden ulkopuolella, koska murskaimesta voi lent\u00e4\u00e4 puunpalasia. Tarkka p\u00e4iv\u00e4 ilmoitetaan my\u00f6hemmin.<\/p>\n<p>Kuten tiet\u00e4net, niin yksityistien tienpit\u00e4j\u00e4 (tiekunta) voi suoraan yksityistielain nojalla poistaa\u00a0 kasvillisuuden koko tiealueelta.<\/p>\n<p>Liittymien kunnossapito kuuluu aina liittyj\u00e4lle. Liittym\u00e4n yksityistielle kunnossapit\u00e4\u00e4 liittyj\u00e4, toinen yksityistie tai kiinteist\u00f6. Liittym\u00e4n kunnossapito k\u00e4sitt\u00e4\u00e4 n\u00e4kem\u00e4alueen hoidon, liittym\u00e4rumpujen hoidon ja kunnostuksen sek\u00e4 muun muassa liittym\u00e4n puhtaanapidon. N\u00e4kem\u00e4alueet on pidett\u00e4v\u00e4 puhtaina n\u00e4kem\u00e4esteist\u00e4. Vesakot on raivattava ja korkea hein\u00e4kasvillisuus niitett\u00e4v\u00e4. Yksitt\u00e4isi\u00e4 puita , pylv\u00e4it\u00e4 tai muita kapeita esteit\u00e4 alueella voi kuitenkin olla.<\/p>\n<p>Pihtikorven tiehoitokunta Pj Olli Sorva, <a href=\"mailto:olli.sorva@nokiansahkotalo.fi\">olli.sorva@nokiansahkotalo.fi<\/a>, p.050 5603 808<\/p>\n","protected":false},"excerpt":{"rendered":"<p>Tiekokouksessa 16.6 hyv\u00e4ksyttiin Pihtikorven yksityistien s\u00e4\u00e4nn\u00f6t. Kohta 33 alkaa nyt: Tien kunnossapitoa ja hallintoa hoitaa hoitokunta, joka valitaan 1-4 vuoden toimikaudeksi. \u2026.. S\u00e4\u00e4nn\u00f6t l\u00f6ytyv\u00e4t my\u00f6s kyl\u00e4n kotisivuilta\u00a0www.nokiankylat.fi\/taivalkunta\/yhdistykset\/tiehoitokunnat\/pihtikorventien-yksityistie\/ Tieosakasluettelo p\u00e4ivitet\u00e4\u00e4n vahvistettujen s\u00e4\u00e4nt\u00f6jen mukaiseksi ensi vuoden tiekokoukseen menness\u00e4. S\u00e4\u00e4nt\u00f6jen liitteeksi tulevat, tiekunnassa k\u00e4ytett\u00e4v\u00e4t painoluvut ja korjauskertoimet vahvistetaan ensi vuoden tiekokouksessa hoitokunnan tekem\u00e4n esityksen pohjalta. Tiekokouksessa p\u00e4\u00e4tettiin jakaa &hellip; <a href=\"https:\/\/www.nokiankylat.fi\/taivalkunta\/yhdistykset\/tiehoitokunnat\/pihtikorventien-yksityistie\/tiedote-pihtikorventien-osakkaille-21-7-2017\/\">Jatkuu<\/a><\/p>\n","protected":false},"author":4,"featured_media":0,"parent":245,"menu_order":0,"comment_status":"closed","ping_status":"closed","template":"","meta":{"_acf_changed":false,"footnotes":""},"class_list":["post-2206","page","type-page","status-publish","hentry"],"acf":[],"_links":{"self":[{"href":"https:\/\/www.nokiankylat.fi\/taivalkunta\/wp-json\/wp\/v2\/pages\/2206","targetHints":{"allow":["GET"]}}],"collection":[{"href":"https:\/\/www.nokiankylat.fi\/taivalkunta\/wp-json\/wp\/v2\/pages"}],"about":[{"href":"https:\/\/www.nokiankylat.fi\/taivalkunta\/wp-json\/wp\/v2\/types\/page"}],"author":[{"embeddable":true,"href":"https:\/\/www.nokiankylat.fi\/taivalkunta\/wp-json\/wp\/v2\/users\/4"}],"replies":[{"embeddable":true,"href":"https:\/\/www.nokiankylat.fi\/taivalkunta\/wp-json\/wp\/v2\/comments?post=2206"}],"version-history":[{"count":2,"href":"https:\/\/www.nokiankylat.fi\/taivalkunta\/wp-json\/wp\/v2\/pages\/2206\/revisions"}],"predecessor-version":[{"id":2213,"href":"https:\/\/www.nokiankylat.fi\/taivalkunta\/wp-json\/wp\/v2\/pages\/2206\/revisions\/2213"}],"up":[{"embeddable":true,"href":"https:\/\/www.nokiankylat.fi\/taivalkunta\/wp-json\/wp\/v2\/pages\/245"}],"wp:attachment":[{"href":"https:\/\/www.nokiankylat.fi\/taivalkunta\/wp-json\/wp\/v2\/media?parent=2206"}],"curies":[{"name":"wp","href":"https:\/\/api.w.org\/{rel}","templated":true}]}}