{"id":2208,"date":"2017-07-22T10:36:50","date_gmt":"2017-07-22T07:36:50","guid":{"rendered":"https:\/\/www.nokiankylat.fi\/taivalkunta\/?page_id=2208"},"modified":"2020-07-25T13:03:31","modified_gmt":"2020-07-25T10:03:31","slug":"pihtikorven-yksityistien-saannot","status":"publish","type":"page","link":"https:\/\/www.nokiankylat.fi\/taivalkunta\/yhdistykset\/tiehoitokunnat\/pihtikorventien-yksityistie\/pihtikorven-yksityistien-saannot\/","title":{"rendered":"Pihtikorven yksityistien s\u00e4\u00e4nn\u00f6t"},"content":{"rendered":"<p>TIEOSAKKUUS<\/p>\n<ol>\n<li>Tieosakkaita ovat tieoikeuden omaavien kiinteist\u00f6jen ja m\u00e4\u00e4r\u00e4alojen omistajat tai omistajaan verrattavat haltijat. T\u00e4llaiset tieoikeudet ovat pysyvi\u00e4 ja siirtyv\u00e4t my\u00f6s uusille omistajille.<\/li>\n<li>Tiekunnan kokous voi tieosakkaan hakemuksesta vapauttaa kiinteist\u00f6n tieosakkuudesta vain, jos kiinteist\u00f6 ei en\u00e4\u00e4 tarvitse eik\u00e4 k\u00e4yt\u00e4 tiet\u00e4.<\/li>\n<li>Lis\u00e4ksi tiekunnan osakkaita ovat tieosakasluetteloon merkityt elinkeinonharjoittajat, joille on my\u00f6nnetty tienk\u00e4ytt\u00f6oikeus sek\u00e4 muut sellaiset s\u00e4\u00e4nn\u00f6lliset tienk\u00e4ytt\u00e4j\u00e4t, joille on vahvistettu tieyksik\u00f6t. T\u00e4llaiset tieosakkuudet ja tienk\u00e4ytt\u00f6oikeudet ovat voimassa toistaiseksi.<\/li>\n<li>Tieosakkaista pidet\u00e4\u00e4n ajantasaista tieosakasluetteloa, johon merkit\u00e4\u00e4n tieosakkaan numero, tieosakkaan nimi ja osoite, tieosakkaan kiinteist\u00f6n\/kiinteist\u00f6jen nimi ja rekisterinumero sek\u00e4 tieosakkaan tieyksikk\u00f6m\u00e4\u00e4r\u00e4.<\/li>\n<li>Tieosakkaiden tulee hoitokunnalle ilmoittaa tieosakkuuksiin ja tieosakasluetteloon vaikuttavista kiinteist\u00f6- ja m\u00e4\u00e4r\u00e4alakaupoista ja muista omistajanvaihdoksista.<\/li>\n<li>Tieosakkaat vastaavat tiekunnan tienpidosta ja tiekunnan sitoumuksista yhteisvastuullisesti tieyksik\u00f6ittens\u00e4 suhteessa<\/li>\n<\/ol>\n<p>&nbsp;<\/p>\n<p>TIEYKSIK\u00d6T, TIE- JA K\u00c4YTT\u00d6MAKSUT<\/p>\n<ol start=\"7\">\n<li>Tieyksik\u00f6t m\u00e4\u00e4r\u00e4t\u00e4\u00e4n ja tarkistetaan maanmittauslaitoksen tieyksik\u00f6intisuositusta soveltaen.<\/li>\n<li>Tieyksik\u00f6t perustuvat tieosakkaiden vuotuiseen kokonaisliikenteeseen, joka arvioidaan keskim\u00e4\u00e4r\u00e4isten painolukujen avulla.<\/li>\n<li>Tiekunnassa k\u00e4ytett\u00e4v\u00e4ksi sovitut painoluvut ja korjauskertoimet ovat n\u00e4iden s\u00e4\u00e4nt\u00f6jen liitteen\u00e4.<\/li>\n<li>Tieosakkaiden tulee antaa hoitokunnalle tarvittavat tiedot tienk\u00e4yt\u00f6st\u00e4\u00e4n ja ilmoittaa olennaisista muutoksista.<\/li>\n<li>Tiemaksun lis\u00e4ksi voidaan peri\u00e4 perusmaksu, joka kattaa tiekunnan v\u00e4litt\u00f6m\u00e4t hallintokulut. Mahdollisen perusmaksun suuruus p\u00e4\u00e4tet\u00e4\u00e4n tiekunnan kokouksessa.<\/li>\n<li>Ulkopuolisilta peritt\u00e4vien k\u00e4ytt\u00f6maksujen perusteet (\u20ac\/m3, \u20ac\/t, \u20ac\/kerta, yms.) p\u00e4\u00e4tet\u00e4\u00e4n tiekunnan kokouksessa. K\u00e4ytt\u00f6maksut m\u00e4\u00e4r\u00e4\u00e4 ja maksuunpanee hoitokunta. Tieosakkaat eiv\u00e4t voi sopia k\u00e4ytt\u00f6maksuista tiekuntaa sitovasti.<\/li>\n<li>Jos tiet\u00e4 k\u00e4ytet\u00e4\u00e4n johonkin ulkopuolisen j\u00e4rjest\u00e4m\u00e4\u00e4n toimintaan, perit\u00e4\u00e4n k\u00e4ytt\u00f6maksut j\u00e4rjest\u00e4j\u00e4lt\u00e4. S\u00e4\u00e4nn\u00f6lliseen toimintaan luvan antaa tiekunnan kokous, satunnaiseen toimintaan hoitokunta.<\/li>\n<li>Tie- ja k\u00e4ytt\u00f6maksujen er\u00e4p\u00e4iv\u00e4 p\u00e4\u00e4tet\u00e4\u00e4n tiekunnan kokouksessa. Maksun laiminly\u00f6neille l\u00e4hetet\u00e4\u00e4n yksi muistutuskirje. Mahdollisen muistutusmaksun suuruuden p\u00e4\u00e4tt\u00e4\u00e4 tiekunnan kokous.<\/li>\n<li>Jos maksua ei viel\u00e4k\u00e4\u00e4n suoriteta, ryhtyy hoitokunta maksun perimiseen ulosottoteitse.<\/li>\n<li>Tiemaksu perit\u00e4\u00e4n aina maksuunpanoluetteloon merkitylt\u00e4 tieosakkaalta koko vuoden ajalta. Omistajanvaihdostapauksissa ostaja ja myyj\u00e4 ottavat t\u00e4m\u00e4n itse huomioon. Jos uuden omistajan tienk\u00e4ytt\u00f6 on huomattavasti suurempaa kuin entisen omistajan tienk\u00e4ytt\u00f6, voidaan lis\u00e4k\u00e4yt\u00f6st\u00e4 m\u00e4\u00e4r\u00e4t\u00e4 ylim\u00e4\u00e4r\u00e4inen k\u00e4ytt\u00f6maksu ennen tieyksik\u00f6iden tarkistamista.<\/li>\n<li>Tieosakkaat ja s\u00e4\u00e4nn\u00f6llisesti k\u00e4ytt\u00f6maksua maksavat ilmoittavat hoitokunnalle osoitteensa muutoksesta.<\/li>\n<\/ol>\n<p>&nbsp;<\/p>\n<p>TIEKUNNAN KOKOUS<\/p>\n<ol start=\"18\">\n<li>Tiekunnan vuosikokous pidet\u00e4\u00e4n vuosittain huhti- kes\u00e4kuussa. Kokous pidet\u00e4\u00e4n tiekunnan kotikunnassa arki-iltana, ei kuitenkaan juhlapyhien yms. aattop\u00e4iv\u00e4n\u00e4. Kokouspaikka ja -aika valitaan niin, etteiv\u00e4t ne aiheuta tieosakkaille kohtuuttomia hankaluuksia.<\/li>\n<li>Tiekunnan vuosikokouksessa p\u00e4\u00e4tet\u00e4\u00e4n tiekunnan talousarvion vahvistamisesta, tieyksikk\u00f6jen sek\u00e4 tie- ja k\u00e4ytt\u00f6maksujen maksuunpanoluettelon vahvistamisesta, tilinp\u00e4\u00e4t\u00f6ksest\u00e4 sek\u00e4 tili- ja vastuuvapauden my\u00f6nt\u00e4misest\u00e4 tilivelvollisille. Muut tieosakkaan kokouksessa k\u00e4sitelt\u00e4v\u00e4ksi haluamat asiat on esitett\u00e4v\u00e4 hoitokunnalle maaliskuun 15. p\u00e4iv\u00e4\u00e4n menness\u00e4.<\/li>\n<li>Tiekunnan vuosikokous ja muut tiekunnan kokoukset kutsutaan koolle l\u00e4hett\u00e4m\u00e4ll\u00e4 kokouskutsu kaikille tieosakkaille. Lehti-ilmoituksia ei k\u00e4ytet\u00e4. Vuosikokouskutsussa mainitaan tienpidon kannalta merkitt\u00e4v\u00e4t asiat. Ylim\u00e4\u00e4r\u00e4isen kokouksen kutsussa mainitaan kokouksessa k\u00e4sitelt\u00e4v\u00e4t asiat.<\/li>\n<li>Maksuunpanoluettelo l\u00e4hetet\u00e4\u00e4n kokouskutsun mukana. Kokouskutsu ja k\u00e4ytt\u00f6maksujen maksuunpanoluettelo l\u00e4hetet\u00e4\u00e4n my\u00f6s s\u00e4\u00e4nn\u00f6llisille k\u00e4ytt\u00f6maksun maksajille. Heill\u00e4 on oikeus osallistua kokoukseen k\u00e4ytt\u00f6maksujen vahvistamisen osalta.<\/li>\n<li>Kokouksen keskustelut saa kokouksen p\u00e4\u00e4t\u00f6ksell\u00e4 nauhoittaa, kuitenkin vain omaa k\u00e4ytt\u00f6\u00e4\u00e4n varten.<\/li>\n<li>Tieosakkaalla on vain tiekunnan kokouksessa oikeus tutustua tiekunnan hallintoon ja tilinpitoon. Jos on valittu tilintarkastajat ja he ovat antaneet tarkastuskertomuksensa, ei tieosakas kohtuuttomasti saa viivytt\u00e4\u00e4 kokousta asiakirjoihin tutustumisellaan.<\/li>\n<li>Kokouksen puheenjohtajalla on oikeus kielt\u00e4\u00e4 h\u00e4iritsev\u00e4sti k\u00e4ytt\u00e4ytyv\u00e4n tieosakkaan osallistuminen kokoukseen. Tarvittaessa pyydet\u00e4\u00e4n virka-apua poliisilta.<\/li>\n<li>Tiekunnan kokouksissa ei vaadita valtakirjaa aviopuolisoilta, jotka omistavat kiinteist\u00f6n yhdess\u00e4. Muut yhteisomistukset ja edustukset edellytt\u00e4v\u00e4t valtakirjan. Valtakirjan puute johtaa \u00e4\u00e4nioikeuden menetykseen.<\/li>\n<li>Jos osakaskiinteist\u00f6\u00e4 edustaa kokouksessa useampi henkil\u00f6, on heid\u00e4n kesken\u00e4\u00e4n sovittava, kuka k\u00e4ytt\u00e4\u00e4 kiinteist\u00f6n \u00e4\u00e4nivaltaa. \u00c4\u00e4ni\u00e4 ei voida jakaa. Ellei asiasta voida sopia, j\u00e4\u00e4v\u00e4t \u00e4\u00e4net kokonaan k\u00e4ytt\u00e4m\u00e4tt\u00e4.<\/li>\n<li>Kokouksessa saa k\u00e4ytt\u00e4\u00e4 avustajaa. Puhe- ja \u00e4\u00e4nioikeutta saa kuitenkin k\u00e4ytt\u00e4\u00e4 vain joko tieosakas tai avustaja. T\u00e4ysin ulkopuolisilta voidaan ev\u00e4t\u00e4 l\u00e4sn\u00e4olo-oikeus.<\/li>\n<li>Yksi henkil\u00f6 voi edustaa valtakirjoilla useita tieosakkaita.<\/li>\n<li>Kokouksessa tehtyj\u00e4 ehdotuksia ei tarvitse kannattaa, vaan aina eri\u00e4vien mielipiteiden syntyess\u00e4 on \u00e4\u00e4nestett\u00e4v\u00e4, ellei keskustelussa l\u00f6ydy sopua. \u00c4\u00e4nestett\u00e4v\u00e4 on my\u00f6s jos joku sit\u00e4 vaatii. P\u00e4\u00e4t\u00f6kset tehd\u00e4\u00e4n enemmist\u00f6periaatteella ja t\u00e4t\u00e4 varten todetaan l\u00e4sn\u00e4olijat ja heid\u00e4n edustamiensa tieyksik\u00f6iden m\u00e4\u00e4r\u00e4. Osakkaan \u00e4\u00e4nim\u00e4\u00e4r\u00e4 on enint\u00e4\u00e4n 30 % saapuvilla olevien osakkaiden yhteen lasketusta yksikk\u00f6m\u00e4\u00e4r\u00e4st\u00e4.<\/li>\n<li>Tieosakasten kokouksessa ei osakas ole esteellinen k\u00e4sittelem\u00e4\u00e4n mit\u00e4\u00e4n asiaa, eli h\u00e4n voi puhua ja \u00e4\u00e4nest\u00e4\u00e4 my\u00f6s omassa asiassaan. Pelk\u00e4n kuljetusmaksun suorittajalla (ei osakas) on kokouksessa oikeus moittia vain omaa maksuaan (YkstL 68 \u00a7)<\/li>\n<\/ol>\n<ol start=\"31\">\n<li>Kokouksesta pidet\u00e4\u00e4n p\u00f6yt\u00e4kirjaa, jonka kokouksen puheenjohtaja allekirjoittaa. P\u00f6yt\u00e4kirjantarkastajat tarkastavat p\u00f6yt\u00e4kirjan ja vahvistavat tarkastuksen tuloksen allekirjoituksillaan. Tarkastettu ja allekirjoitettu p\u00f6yt\u00e4kirja tulee olla viimeist\u00e4\u00e4n 14 p\u00e4iv\u00e4n kuluttua kokouksen p\u00e4\u00e4ttymisest\u00e4 asianomaisten n\u00e4ht\u00e4v\u00e4n\u00e4.<\/li>\n<li>Tiekunnan kokouksen p\u00e4\u00e4t\u00f6ksest\u00e4 voi tieosakas valittaa kunnan tielautakunnalle\/tielautakuntana toimivalle tiejaostolle 30 p\u00e4iv\u00e4n kuluessa kokousp\u00e4iv\u00e4st\u00e4. Muun asianosaisen valitusaika alkaa p\u00e4\u00e4t\u00f6ksen tiedoksisaamisesta.<\/li>\n<\/ol>\n<p>&nbsp;<\/p>\n<p>HOITOKUNTA<\/p>\n<ol start=\"33\">\n<li>Tien kunnossapitoa ja hallintoa hoitaa hoitokunta, joka valitaan 1-4 vuoden toimikaudeksi. Hoitokunnassa on kolme varsinaista j\u00e4sent\u00e4 ja yksi varaj\u00e4sen. Hoitokunnan j\u00e4senten mahdollisesta palkkioista p\u00e4\u00e4tt\u00e4\u00e4 tiekunnan vuosikokous.<\/li>\n<li>Hoitokunta valitsee keskuudestaan puheenjohtajan, varapuheenjohtajan ja rahastonhoitajan. Hoitokunta voi valita keskuudestaan my\u00f6s sihteerin. Ulkopuolisen sihteerin tai asiantuntijan, esim. tieis\u00e4nn\u00f6itsij\u00e4n k\u00e4ytt\u00e4misest\u00e4 p\u00e4\u00e4tet\u00e4\u00e4n tiekunnan kokouksessa.<\/li>\n<li>Hoitokunnan toimikausi alkaa valintakokouksesta ja p\u00e4\u00e4ttyy siihen kokoukseen, jossa tehd\u00e4\u00e4n uuden hoitokunnan tai toimitsijamiesj\u00e4rjestelm\u00e4\u00e4n siirrytt\u00e4ess\u00e4 toimitsijamiehen valinta. Hoitokunta ei voi erota kesken kauden muutoin kuin j\u00e4rjest\u00e4m\u00e4ll\u00e4 ylim\u00e4\u00e4r\u00e4isen tiekunnan kokouksen, jossa valitaan uusi hoitokunta.<\/li>\n<li>Tiekunnan nimen kirjoittavat yhdess\u00e4 hoitokunnan puheenjohtaja ja jompikumpi varsinaisista j\u00e4senist\u00e4.<\/li>\n<li>Hoitokunta kokoontuu tarvittaessa puheenjohtajan tai h\u00e4nen estyneen\u00e4 ollessaan varapuheenjohtajan kutsusta. Hoitokunnan p\u00e4\u00e4tett\u00e4v\u00e4ksi tai valmisteltavaksi tarkoitetut asiat on esitett\u00e4v\u00e4 hoitokunnan puheenjohtajalle.<\/li>\n<li>Varaj\u00e4senen kutsumisesta kokoukseen varsinaisen j\u00e4senen tilalle p\u00e4\u00e4tt\u00e4\u00e4 puheenjohtaja tai h\u00e4nen estyneen\u00e4 olleessaan varapuheenjohtaja. Varaj\u00e4senet eiv\u00e4t ole henkil\u00f6kohtaisia. Koollekutsuja p\u00e4\u00e4tt\u00e4\u00e4, kumpi varaj\u00e4sen kutsutaan.<\/li>\n<li>Varaj\u00e4senill\u00e4 on hoitokunnan niin p\u00e4\u00e4tt\u00e4ess\u00e4 oikeus osallistua kokouksiin l\u00e4sn\u00e4olo- ja puheoikeutettuna.<\/li>\n<\/ol>\n<p>&nbsp;<\/p>\n<p>TIEN KUNNOSSAPITO<\/p>\n<ol start=\"40\">\n<li>Tie pidet\u00e4\u00e4n tieosakkaiden tarvetta vastaavassa kunnossa siten kuin osakkaat tiekunnan kokouksessa p\u00e4\u00e4tt\u00e4v\u00e4t. Tiekunnan tie pidet\u00e4\u00e4n kunnossa yhteiseen lukuun ja perustellusta syyst\u00e4 tien eri osilla voi olla eri kunnossapitotaso.<\/li>\n<li>Jos joku joltain osin haluaa edell\u00e4 mainittua korkeampaa kunnossapitotasoa, maksaa h\u00e4n siit\u00e4 aiheutuvat lis\u00e4kustannukset.<\/li>\n<li>K\u00e4yt\u00e4nn\u00f6n kunnossapito- ym. t\u00f6ist\u00e4, tienpitoaineiden hankinnasta ja urakoitsijoiden valinnasta vastaa hoitokunta tiekunnan kokouksen mahdollisesti antamien ohjeiden mukaisesti.<\/li>\n<li>Tieosakkaalla ei ole oikeutta ilman hoitokunnan lupaa tilata tielle mit\u00e4\u00e4n t\u00f6it\u00e4 tai materiaaleja. Jos n\u00e4in kuitenkin tapahtuu, osoitetaan lasku tieosakkaalle.<\/li>\n<li>Tiealueella on tiekunnalla oikeus tehd\u00e4 tienpitot\u00f6it\u00e4 eik\u00e4 niihin tarvita maanomistajan suostumusta. Hoitokunta keskustelee kuitenkin maanomistajien kanssa mm. ojamaiden sijoittamisesta ennen ojien kaivamista tai kunnostamista. Kiinteist\u00f6n alueella kasvavien puiden ja pensaiden hoito on kiinteist\u00f6n omistajan vastuulla. Hoitoon sis\u00e4ltyy huolehtiminen siit\u00e4, ettei kasvusto haittaa liikennett\u00e4 eik\u00e4 katujen ja teiden kunnossa- ja puhtaanapitot\u00f6it\u00e4. Esimerkiksi lasten koulutien yksi t\u00e4rkeimmist\u00e4 turvallisuustekij\u00f6ist\u00e4 on esteet\u00f6n n\u00e4kyvyys ja liikkuminen. Tiealueen ulkopuolella mahdollisesti tarvittavista toimenpiteist\u00e4 pyrit\u00e4\u00e4n ensisijaisesti neuvotteluratkaisuun maanomistajan kanssa.<\/li>\n<li>Tieosakkaalla ei ilman hoitokunnan tilausta tai lupaa ole oikeutta tehd\u00e4 tienpitot\u00f6it\u00e4 tiealueella.<\/li>\n<li>Tieosakas on velvollinen rakentamaan ja kunnossapit\u00e4m\u00e4\u00e4n oman liittym\u00e4rumpunsa tiekunnan kokouksen p\u00e4\u00e4tt\u00e4m\u00e4ll\u00e4 tavalla ja hoitokunnan antamien ohjeiden mukaisesti. Laiminly\u00f6nnist\u00e4 voi seurata t\u00f6iden teett\u00e4minen tieosakkaan kustannuksella.<\/li>\n<\/ol>\n<p>&nbsp;<\/p>\n<p>TIENK\u00c4YTT\u00d6<\/p>\n<ol start=\"47\">\n<li>Tieosakkaan tulee liikkua tiell\u00e4 kaikin puoli tieliikennelain edellytt\u00e4m\u00e4ll\u00e4 tavalla vaaraa aiheuttamatta ja niin, ett\u00e4 k\u00e4ytt\u00f6 mahdollisimman v\u00e4h\u00e4n rasittaa tiet\u00e4. Siksi mm. kovavauhtinen liinenn\u00f6inti on kielletty. Hoitokunta voi antaa huomautuksen vaaraa aiheuttavasta tien k\u00e4yt\u00f6st\u00e4. Toistuvasta vaaran aiheuttamisesta ilmoitetaan kaikissa tapauksissa poliisille.<\/li>\n<li>Moottorikelkalla tiell\u00e4 ajaminen on jo lain mukaan kielletty. Asetus ajoneuvojen k\u00e4yt\u00f6st\u00e4 tiell\u00e4 sallii kuitenkin tien ylitt\u00e4misen ja tietyiss\u00e4 erityistapauksissa my\u00f6s tiell\u00e4 ajamisen. Maastossa ajamiseen kelkkareitin ulkopuolella tarvitaan maanomistajan lupa.<\/li>\n<li>Tiell\u00e4 ei saa lyhyit\u00e4 siirtoja lukuun ottamatta ajaa telaketjuilla varustetuilla ajoneuvoilla. Tieosakkaat v\u00e4litt\u00e4v\u00e4t t\u00e4m\u00e4n tiedon urakoitsijoilleen ja mm. puunostajilleen. Tien mahdollisesta vaurioittamisesta tiekunta perii kuntoonpanokustannuksia vastaavan korvauksen ellei tien vaurioittaja itse korjaa tiet\u00e4. Erimielisyystapauksissa pidet\u00e4\u00e4n katselmus, johon asianosaiset ja tarvittaessa tielautakunnan edustajat kutsutaan.<\/li>\n<\/ol>\n<p>&nbsp;<\/p>\n<p>MUUTA<\/p>\n<ol start=\"50\">\n<li>N\u00e4it\u00e4 s\u00e4\u00e4nt\u00f6j\u00e4 voidaan muuttaa tiekunnan kokouksessa yksinkertaisella \u00e4\u00e4ntenenemmist\u00f6ll\u00e4. Ehdotus s\u00e4\u00e4nt\u00f6jen muuttamisesta on teht\u00e4v\u00e4 ajoissa niin, ett\u00e4 asia voidaan valmistella ja esitt\u00e4\u00e4 kokouskutsussa.<\/li>\n<\/ol>\n","protected":false},"excerpt":{"rendered":"<p>TIEOSAKKUUS Tieosakkaita ovat tieoikeuden omaavien kiinteist\u00f6jen ja m\u00e4\u00e4r\u00e4alojen omistajat tai omistajaan verrattavat haltijat. T\u00e4llaiset tieoikeudet ovat pysyvi\u00e4 ja siirtyv\u00e4t my\u00f6s uusille omistajille. Tiekunnan kokous voi tieosakkaan hakemuksesta vapauttaa kiinteist\u00f6n tieosakkuudesta vain, jos kiinteist\u00f6 ei en\u00e4\u00e4 tarvitse eik\u00e4 k\u00e4yt\u00e4 tiet\u00e4. Lis\u00e4ksi tiekunnan osakkaita ovat tieosakasluetteloon merkityt elinkeinonharjoittajat, joille on my\u00f6nnetty tienk\u00e4ytt\u00f6oikeus sek\u00e4 muut sellaiset s\u00e4\u00e4nn\u00f6lliset tienk\u00e4ytt\u00e4j\u00e4t, &hellip; <a href=\"https:\/\/www.nokiankylat.fi\/taivalkunta\/yhdistykset\/tiehoitokunnat\/pihtikorventien-yksityistie\/pihtikorven-yksityistien-saannot\/\">Jatkuu<\/a><\/p>\n","protected":false},"author":4,"featured_media":0,"parent":245,"menu_order":0,"comment_status":"closed","ping_status":"closed","template":"","meta":{"_acf_changed":false,"footnotes":""},"class_list":["post-2208","page","type-page","status-publish","hentry"],"acf":[],"_links":{"self":[{"href":"https:\/\/www.nokiankylat.fi\/taivalkunta\/wp-json\/wp\/v2\/pages\/2208","targetHints":{"allow":["GET"]}}],"collection":[{"href":"https:\/\/www.nokiankylat.fi\/taivalkunta\/wp-json\/wp\/v2\/pages"}],"about":[{"href":"https:\/\/www.nokiankylat.fi\/taivalkunta\/wp-json\/wp\/v2\/types\/page"}],"author":[{"embeddable":true,"href":"https:\/\/www.nokiankylat.fi\/taivalkunta\/wp-json\/wp\/v2\/users\/4"}],"replies":[{"embeddable":true,"href":"https:\/\/www.nokiankylat.fi\/taivalkunta\/wp-json\/wp\/v2\/comments?post=2208"}],"version-history":[{"count":3,"href":"https:\/\/www.nokiankylat.fi\/taivalkunta\/wp-json\/wp\/v2\/pages\/2208\/revisions"}],"predecessor-version":[{"id":3591,"href":"https:\/\/www.nokiankylat.fi\/taivalkunta\/wp-json\/wp\/v2\/pages\/2208\/revisions\/3591"}],"up":[{"embeddable":true,"href":"https:\/\/www.nokiankylat.fi\/taivalkunta\/wp-json\/wp\/v2\/pages\/245"}],"wp:attachment":[{"href":"https:\/\/www.nokiankylat.fi\/taivalkunta\/wp-json\/wp\/v2\/media?parent=2208"}],"curies":[{"name":"wp","href":"https:\/\/api.w.org\/{rel}","templated":true}]}}