{"id":2268,"date":"2017-10-03T18:24:59","date_gmt":"2017-10-03T15:24:59","guid":{"rendered":"https:\/\/www.nokiankylat.fi\/taivalkunta\/?page_id=2268"},"modified":"2017-10-03T18:58:54","modified_gmt":"2017-10-03T15:58:54","slug":"kylakirje-3-10-2017","status":"publish","type":"page","link":"https:\/\/www.nokiankylat.fi\/taivalkunta\/yhdistykset\/taivalkunnan-kylat-ry\/kylayhdistyksen-arkisto\/kylakirjeet\/kylakirjeet-2017\/kylakirje-3-10-2017\/","title":{"rendered":"Kyl\u00e4kirje 28-9-2017"},"content":{"rendered":"<p>Kutsumme kaikki asiasta kiinostuneet katselemaan valokuvia kyl\u00e4lt\u00e4 ja viett\u00e4m\u00e4\u00e4n kanssamme iltaa vanhoja asioiat muistellen sek\u00e4 tutustumaan koulun 95-vuotisn\u00e4yttelyyn, joka kertoo koulun historiasta vanhojen oppikirjojen ja valokuvien muodossa.<\/p>\n<p><img loading=\"lazy\" decoding=\"async\" class=\"alignnone wp-image-2273 size-large\" src=\"https:\/\/www.nokiankylat.fi\/taivalkunta\/wp-content\/uploads\/sites\/11\/2017\/10\/kyl\u00e4ilta-5-10-2017-kutsu-744x1024.jpg\" alt=\"\" width=\"744\" height=\"1024\" \/><\/p>\n<p>Kutsu avautuu PDF tiedostona t\u00e4\u00e4lt\u00e4\u00a0<a href=\"https:\/\/www.nokiankylat.fi\/taivalkunta\/wp-content\/uploads\/sites\/11\/2017\/10\/KUTSU-KYL\u00c4ILTAAN-5-10-2017.pdf\">KUTSU KYL\u00c4ILTAAN 5-10-2017<\/a><\/p>\n","protected":false},"excerpt":{"rendered":"<p>Kutsumme kaikki asiasta kiinostuneet katselemaan valokuvia kyl\u00e4lt\u00e4 ja viett\u00e4m\u00e4\u00e4n kanssamme iltaa vanhoja asioiat muistellen sek\u00e4 tutustumaan koulun 95-vuotisn\u00e4yttelyyn, joka kertoo koulun historiasta vanhojen oppikirjojen ja valokuvien muodossa. Kutsu avautuu PDF tiedostona t\u00e4\u00e4lt\u00e4\u00a0KUTSU KYL\u00c4ILTAAN 5-10-2017<\/p>\n","protected":false},"author":4,"featured_media":0,"parent":1776,"menu_order":0,"comment_status":"closed","ping_status":"closed","template":"","meta":{"_acf_changed":false,"footnotes":""},"class_list":["post-2268","page","type-page","status-publish","hentry"],"acf":[],"_links":{"self":[{"href":"https:\/\/www.nokiankylat.fi\/taivalkunta\/wp-json\/wp\/v2\/pages\/2268","targetHints":{"allow":["GET"]}}],"collection":[{"href":"https:\/\/www.nokiankylat.fi\/taivalkunta\/wp-json\/wp\/v2\/pages"}],"about":[{"href":"https:\/\/www.nokiankylat.fi\/taivalkunta\/wp-json\/wp\/v2\/types\/page"}],"author":[{"embeddable":true,"href":"https:\/\/www.nokiankylat.fi\/taivalkunta\/wp-json\/wp\/v2\/users\/4"}],"replies":[{"embeddable":true,"href":"https:\/\/www.nokiankylat.fi\/taivalkunta\/wp-json\/wp\/v2\/comments?post=2268"}],"version-history":[{"count":5,"href":"https:\/\/www.nokiankylat.fi\/taivalkunta\/wp-json\/wp\/v2\/pages\/2268\/revisions"}],"predecessor-version":[{"id":2276,"href":"https:\/\/www.nokiankylat.fi\/taivalkunta\/wp-json\/wp\/v2\/pages\/2268\/revisions\/2276"}],"up":[{"embeddable":true,"href":"https:\/\/www.nokiankylat.fi\/taivalkunta\/wp-json\/wp\/v2\/pages\/1776"}],"wp:attachment":[{"href":"https:\/\/www.nokiankylat.fi\/taivalkunta\/wp-json\/wp\/v2\/media?parent=2268"}],"curies":[{"name":"wp","href":"https:\/\/api.w.org\/{rel}","templated":true}]}}