{"id":2285,"date":"2017-10-30T18:08:45","date_gmt":"2017-10-30T16:08:45","guid":{"rendered":"https:\/\/www.nokiankylat.fi\/taivalkunta\/?page_id=2285"},"modified":"2017-11-08T18:18:35","modified_gmt":"2017-11-08T16:18:35","slug":"kylakirje-30-10-2017","status":"publish","type":"page","link":"https:\/\/www.nokiankylat.fi\/taivalkunta\/yhdistykset\/taivalkunnan-kylat-ry\/kylayhdistyksen-arkisto\/kylakirjeet\/kylakirjeet-2017\/kylakirje-30-10-2017\/","title":{"rendered":"Kyl\u00e4kirje 30-10-2017"},"content":{"rendered":"<p><strong>Taivalkunnan kyl\u00e4kirje 30.10.2017<\/strong><\/p>\n<p><strong>Taivalkunnan kyl\u00e4t ry:n syyskokous pidet\u00e4\u00e4n 16.11 kello 18.30 alkaen. <\/strong>Lakis\u00e4\u00e4teisten asiat k\u00e4sitell\u00e4\u00e4n. Kutsuttuna vieraana tilaisuudessa on Nokian Palvelukoiraharrastajat ry kertomassa itsest\u00e4\u00e4n ja toiminnastaan. Heilt\u00e4 paikalla ovat sihteeri Hanna Matilainen ja puheenjohtaja Sami Savukoski. Kiinnostavaa asiaa on siis luvassa.<\/p>\n<p><strong>Muistattehan ilmoittautua Kyl\u00e4foorumiin 18.11. ja Kantri 20 v. kakkukahveille sen per\u00e4\u00e4n.<\/strong> P\u00e4iv\u00e4n teemana on kylien elinvoiman yll\u00e4pit\u00e4minen ja esittelyss\u00e4 kylien projekteja Tampereen seudulta \u2013 Raudanmaalta, Taivalkunnasta, R\u00e4ms\u00f6\u00f6st\u00e4, Kaanaasta, Vahannasta ja Orivedelt\u00e4.<\/p>\n<p>Linkki ilmoittautumislomakkeeseen: <a href=\"https:\/\/docs.google.com\/forms\/d\/e\/1FAIpQLSeRUfByWhzGRHgcHCcY4aMEV2dxFTn-4QI1SfpoxMIT7Cf3lw\/viewform\">https:\/\/docs.google.com\/forms\/d\/e\/1FAIpQLSeRUfByWhzGRHgcHCcY4aMEV2dxFTn-4QI1SfpoxMIT7Cf3lw\/viewform<\/a><\/p>\n<p>Tero Lehtim\u00e4ki on luvannut pellit Pihtikorventien roskakatokseen. Jospa joltain \u201dl\u00f6ytyisi\u201d viel\u00e4 kattoon tarvittavat aluspuut. Varmaankin ristikoolaus kakkosnelosilla, niin kuin vanha kansa sanoo. Katos on noin 3,5m x 6m. Jos sinulta l\u00f6ytyy puutavara, niin ole yhteydess\u00e4 ja saamme katon ennen lumia tehty\u00e4.<\/p>\n<p>Taivalkunnan kyl\u00e4t ry pj. Olli Sorva, <a href=\"mailto:olli.sorva@nokiansahkotalo.fi\">olli.sorva(at)nokiansahkotalo.fi<\/a> <a href=\"http:\/\/www.nokiankylat.fi\/taivalkunta\">www.nokiankylat.fi\/taivalkunta<\/a>, <a href=\"http:\/\/www.facebook.com\/taivalkunta\/\">www.facebook.com\/taivalkunta\/<\/a>.<\/p>\n","protected":false},"excerpt":{"rendered":"<p>Taivalkunnan kyl\u00e4kirje 30.10.2017 Taivalkunnan kyl\u00e4t ry:n syyskokous pidet\u00e4\u00e4n 16.11 kello 18.30 alkaen. Lakis\u00e4\u00e4teisten asiat k\u00e4sitell\u00e4\u00e4n. Kutsuttuna vieraana tilaisuudessa on Nokian Palvelukoiraharrastajat ry kertomassa itsest\u00e4\u00e4n ja toiminnastaan. Heilt\u00e4 paikalla ovat sihteeri Hanna Matilainen ja puheenjohtaja Sami Savukoski. Kiinnostavaa asiaa on siis luvassa. Muistattehan ilmoittautua Kyl\u00e4foorumiin 18.11. ja Kantri 20 v. kakkukahveille sen per\u00e4\u00e4n. P\u00e4iv\u00e4n teemana on &hellip; <a href=\"https:\/\/www.nokiankylat.fi\/taivalkunta\/yhdistykset\/taivalkunnan-kylat-ry\/kylayhdistyksen-arkisto\/kylakirjeet\/kylakirjeet-2017\/kylakirje-30-10-2017\/\">Jatkuu<\/a><\/p>\n","protected":false},"author":4,"featured_media":0,"parent":1776,"menu_order":0,"comment_status":"closed","ping_status":"closed","template":"","meta":{"_acf_changed":false,"footnotes":""},"class_list":["post-2285","page","type-page","status-publish","hentry"],"acf":[],"_links":{"self":[{"href":"https:\/\/www.nokiankylat.fi\/taivalkunta\/wp-json\/wp\/v2\/pages\/2285","targetHints":{"allow":["GET"]}}],"collection":[{"href":"https:\/\/www.nokiankylat.fi\/taivalkunta\/wp-json\/wp\/v2\/pages"}],"about":[{"href":"https:\/\/www.nokiankylat.fi\/taivalkunta\/wp-json\/wp\/v2\/types\/page"}],"author":[{"embeddable":true,"href":"https:\/\/www.nokiankylat.fi\/taivalkunta\/wp-json\/wp\/v2\/users\/4"}],"replies":[{"embeddable":true,"href":"https:\/\/www.nokiankylat.fi\/taivalkunta\/wp-json\/wp\/v2\/comments?post=2285"}],"version-history":[{"count":1,"href":"https:\/\/www.nokiankylat.fi\/taivalkunta\/wp-json\/wp\/v2\/pages\/2285\/revisions"}],"predecessor-version":[{"id":2286,"href":"https:\/\/www.nokiankylat.fi\/taivalkunta\/wp-json\/wp\/v2\/pages\/2285\/revisions\/2286"}],"up":[{"embeddable":true,"href":"https:\/\/www.nokiankylat.fi\/taivalkunta\/wp-json\/wp\/v2\/pages\/1776"}],"wp:attachment":[{"href":"https:\/\/www.nokiankylat.fi\/taivalkunta\/wp-json\/wp\/v2\/media?parent=2285"}],"curies":[{"name":"wp","href":"https:\/\/api.w.org\/{rel}","templated":true}]}}