{"id":2326,"date":"2017-10-06T16:45:59","date_gmt":"2017-10-06T13:45:59","guid":{"rendered":"https:\/\/www.nokiankylat.fi\/taivalkunta\/?page_id=2326"},"modified":"2017-12-21T16:49:33","modified_gmt":"2017-12-21T14:49:33","slug":"kylailta-5-10-2017","status":"publish","type":"page","link":"https:\/\/www.nokiankylat.fi\/taivalkunta\/yhdistykset\/taivalkunnan-kylat-ry\/kokoukset-ja-kylaillat\/kylailta-5-10-2017\/","title":{"rendered":"Kyl\u00e4ilta 5-10-2017"},"content":{"rendered":"<p>Kyl\u00e4ilta 5.10 kello 18.00 Taivalkunnan koululla<\/p>\n<p>L\u00e4sn\u00e4 oli noin 30 henkil\u00f6\u00e4. Aluksi oli kahvitarjoilu maittavan kastettavan kera. Elina oli j\u00e4rjest\u00e4j\u00e4n\u00e4.<\/p>\n<p>Kokousv\u00e4ell\u00e4 oli mahdollisuus tutustua koulun juhlan\u00e4yttelyyn, joka oli 95 -vuotisen koulun kunniaksi tehty koulun toimesta. Se saikin innostuneen vastanoton.<\/p>\n<p>Illan aikana dokumenttikameralla heijastettiin valkokankaalle osanottajien tuomia kuvia. Niist\u00e4 l\u00f6ytyi paljon mukavaa muisteltavaa ja tarinaa. Olli esitti lopuksi kyl\u00e4l\u00e4isilt\u00e4 ja koululta saamistaan kuvista tehdyn diasarjan.<\/p>\n<p>Tilaisuus kesti pari tuntia ja kyl\u00e4yhdistys sai kiitosta kivasti j\u00e4rjestetyst\u00e4 illasta<\/p>\n","protected":false},"excerpt":{"rendered":"<p>Kyl\u00e4ilta 5.10 kello 18.00 Taivalkunnan koululla L\u00e4sn\u00e4 oli noin 30 henkil\u00f6\u00e4. Aluksi oli kahvitarjoilu maittavan kastettavan kera. Elina oli j\u00e4rjest\u00e4j\u00e4n\u00e4. Kokousv\u00e4ell\u00e4 oli mahdollisuus tutustua koulun juhlan\u00e4yttelyyn, joka oli 95 -vuotisen koulun kunniaksi tehty koulun toimesta. Se saikin innostuneen vastanoton. Illan aikana dokumenttikameralla heijastettiin valkokankaalle osanottajien tuomia kuvia. Niist\u00e4 l\u00f6ytyi paljon mukavaa muisteltavaa ja tarinaa. Olli &hellip; <a href=\"https:\/\/www.nokiankylat.fi\/taivalkunta\/yhdistykset\/taivalkunnan-kylat-ry\/kokoukset-ja-kylaillat\/kylailta-5-10-2017\/\">Jatkuu<\/a><\/p>\n","protected":false},"author":4,"featured_media":0,"parent":1034,"menu_order":0,"comment_status":"closed","ping_status":"closed","template":"","meta":{"_acf_changed":false,"footnotes":""},"class_list":["post-2326","page","type-page","status-publish","hentry"],"acf":[],"_links":{"self":[{"href":"https:\/\/www.nokiankylat.fi\/taivalkunta\/wp-json\/wp\/v2\/pages\/2326","targetHints":{"allow":["GET"]}}],"collection":[{"href":"https:\/\/www.nokiankylat.fi\/taivalkunta\/wp-json\/wp\/v2\/pages"}],"about":[{"href":"https:\/\/www.nokiankylat.fi\/taivalkunta\/wp-json\/wp\/v2\/types\/page"}],"author":[{"embeddable":true,"href":"https:\/\/www.nokiankylat.fi\/taivalkunta\/wp-json\/wp\/v2\/users\/4"}],"replies":[{"embeddable":true,"href":"https:\/\/www.nokiankylat.fi\/taivalkunta\/wp-json\/wp\/v2\/comments?post=2326"}],"version-history":[{"count":1,"href":"https:\/\/www.nokiankylat.fi\/taivalkunta\/wp-json\/wp\/v2\/pages\/2326\/revisions"}],"predecessor-version":[{"id":2327,"href":"https:\/\/www.nokiankylat.fi\/taivalkunta\/wp-json\/wp\/v2\/pages\/2326\/revisions\/2327"}],"up":[{"embeddable":true,"href":"https:\/\/www.nokiankylat.fi\/taivalkunta\/wp-json\/wp\/v2\/pages\/1034"}],"wp:attachment":[{"href":"https:\/\/www.nokiankylat.fi\/taivalkunta\/wp-json\/wp\/v2\/media?parent=2326"}],"curies":[{"name":"wp","href":"https:\/\/api.w.org\/{rel}","templated":true}]}}