{"id":2331,"date":"2017-10-09T17:02:37","date_gmt":"2017-10-09T14:02:37","guid":{"rendered":"https:\/\/www.nokiankylat.fi\/taivalkunta\/?page_id=2331"},"modified":"2018-11-05T16:03:01","modified_gmt":"2018-11-05T14:03:01","slug":"esityslista-16-11-2017","status":"publish","type":"page","link":"https:\/\/www.nokiankylat.fi\/taivalkunta\/yhdistykset\/taivalkunnan-kylat-ry\/kokoukset-ja-kylaillat\/syyskokous-16-11-2017\/esityslista-16-11-2017\/","title":{"rendered":"Esityslista 16-11-2017"},"content":{"rendered":"<p><b>Taivalkunnan <\/b><b>kyl\u00e4t ry:n syyskokous pidet\u00e4\u00e4n koululla to 16.11.2017 klo 18.30<\/b><\/p>\n<p>-Kahvitarjoilu alkaa jo 10 minuuttia ennen kokousta, tervetuloa<\/p>\n<p><b>Esityslista<\/b><\/p>\n<ol>\n<li>Kokouksen avaaminen<\/li>\n<li>Kokouksen j\u00e4rjest\u00e4ytyminen<\/li>\n<li>Laillisuuden ja p\u00e4\u00e4t\u00f6svaltaisuuden toteaminen<\/li>\n<li>Esityslistan hyv\u00e4ksyminen<\/li>\n<li>Toimintasuunnitelman ja talousarvion vahvistaminen seuraavalle vuodelle sek\u00e4 j\u00e4senmaksun suuruus<\/li>\n<li>Hallituksen puheenjohtajan valinta<\/li>\n<li>Hallituksen j\u00e4senten valinta<\/li>\n<li>Toiminnantarkastajan ja varatoiminnantarkastajan valinta<\/li>\n<li>Muut esille tulevat asiat<\/li>\n<li>Kokouksen p\u00e4\u00e4tt\u00e4minen<\/li>\n<\/ol>\n<p>-Kutsuvieraana Nokian Palvelukoiraharrastajat esittelev\u00e4t toimintaansa, siht. Hanna Matilainen ja pj. Sami Savukoski<\/p>\n<p>-Kutsuvieraana Suvi Sorva soittaa pianolla Suomen juhlavuoden kunniaksi teemaan sopivia tuttuja s\u00e4velmi\u00e4<\/p>\n<p>-Taivalkunnan kyl\u00e4historiateoksen julkaisu, Olli Sorva<\/p>\n","protected":false},"excerpt":{"rendered":"<p>Taivalkunnan kyl\u00e4t ry:n syyskokous pidet\u00e4\u00e4n koululla to 16.11.2017 klo 18.30 -Kahvitarjoilu alkaa jo 10 minuuttia ennen kokousta, tervetuloa Esityslista Kokouksen avaaminen Kokouksen j\u00e4rjest\u00e4ytyminen Laillisuuden ja p\u00e4\u00e4t\u00f6svaltaisuuden toteaminen Esityslistan hyv\u00e4ksyminen Toimintasuunnitelman ja talousarvion vahvistaminen seuraavalle vuodelle sek\u00e4 j\u00e4senmaksun suuruus Hallituksen puheenjohtajan valinta Hallituksen j\u00e4senten valinta Toiminnantarkastajan ja varatoiminnantarkastajan valinta Muut esille tulevat asiat Kokouksen p\u00e4\u00e4tt\u00e4minen -Kutsuvieraana &hellip; <a href=\"https:\/\/www.nokiankylat.fi\/taivalkunta\/yhdistykset\/taivalkunnan-kylat-ry\/kokoukset-ja-kylaillat\/syyskokous-16-11-2017\/esityslista-16-11-2017\/\">Jatkuu<\/a><\/p>\n","protected":false},"author":4,"featured_media":0,"parent":2336,"menu_order":0,"comment_status":"closed","ping_status":"closed","template":"","meta":{"_acf_changed":false,"footnotes":""},"class_list":["post-2331","page","type-page","status-publish","hentry"],"acf":[],"_links":{"self":[{"href":"https:\/\/www.nokiankylat.fi\/taivalkunta\/wp-json\/wp\/v2\/pages\/2331","targetHints":{"allow":["GET"]}}],"collection":[{"href":"https:\/\/www.nokiankylat.fi\/taivalkunta\/wp-json\/wp\/v2\/pages"}],"about":[{"href":"https:\/\/www.nokiankylat.fi\/taivalkunta\/wp-json\/wp\/v2\/types\/page"}],"author":[{"embeddable":true,"href":"https:\/\/www.nokiankylat.fi\/taivalkunta\/wp-json\/wp\/v2\/users\/4"}],"replies":[{"embeddable":true,"href":"https:\/\/www.nokiankylat.fi\/taivalkunta\/wp-json\/wp\/v2\/comments?post=2331"}],"version-history":[{"count":1,"href":"https:\/\/www.nokiankylat.fi\/taivalkunta\/wp-json\/wp\/v2\/pages\/2331\/revisions"}],"predecessor-version":[{"id":2332,"href":"https:\/\/www.nokiankylat.fi\/taivalkunta\/wp-json\/wp\/v2\/pages\/2331\/revisions\/2332"}],"up":[{"embeddable":true,"href":"https:\/\/www.nokiankylat.fi\/taivalkunta\/wp-json\/wp\/v2\/pages\/2336"}],"wp:attachment":[{"href":"https:\/\/www.nokiankylat.fi\/taivalkunta\/wp-json\/wp\/v2\/media?parent=2331"}],"curies":[{"name":"wp","href":"https:\/\/api.w.org\/{rel}","templated":true}]}}