{"id":2333,"date":"2017-10-09T16:06:34","date_gmt":"2017-10-09T13:06:34","guid":{"rendered":"https:\/\/www.nokiankylat.fi\/taivalkunta\/?page_id=2333"},"modified":"2018-11-05T16:03:31","modified_gmt":"2018-11-05T14:03:31","slug":"kokouskutsu-16-11-2017","status":"publish","type":"page","link":"https:\/\/www.nokiankylat.fi\/taivalkunta\/yhdistykset\/taivalkunnan-kylat-ry\/kokoukset-ja-kylaillat\/syyskokous-16-11-2017\/kokouskutsu-16-11-2017\/","title":{"rendered":"Kokouskutsu 16-11-2017"},"content":{"rendered":"<p>Taivalkunnan kyl\u00e4t ry:n syyskokous pidet\u00e4\u00e4n 16.11.2017 kello 18.30.<\/p>\n<p><a href=\"https:\/\/www.nokiankylat.fi\/taivalkunta\/wp-content\/uploads\/sites\/11\/2017\/12\/2017-12-21-4-e1513870069705.png\"><img loading=\"lazy\" decoding=\"async\" class=\"alignnone size-medium wp-image-2334\" src=\"https:\/\/www.nokiankylat.fi\/taivalkunta\/wp-content\/uploads\/sites\/11\/2017\/12\/2017-12-21-4-e1513870069705-202x300.png\" alt=\"\" width=\"202\" height=\"300\" srcset=\"https:\/\/www.nokiankylat.fi\/taivalkunta\/wp-content\/uploads\/sites\/11\/2017\/12\/2017-12-21-4-e1513870069705-202x300.png 202w, https:\/\/www.nokiankylat.fi\/taivalkunta\/wp-content\/uploads\/sites\/11\/2017\/12\/2017-12-21-4-e1513870069705.png 521w\" sizes=\"auto, (max-width: 202px) 100vw, 202px\" \/><\/a><\/p>\n","protected":false},"excerpt":{"rendered":"<p>Taivalkunnan kyl\u00e4t ry:n syyskokous pidet\u00e4\u00e4n 16.11.2017 kello 18.30.<\/p>\n","protected":false},"author":4,"featured_media":0,"parent":2336,"menu_order":0,"comment_status":"closed","ping_status":"closed","template":"","meta":{"_acf_changed":false,"footnotes":""},"class_list":["post-2333","page","type-page","status-publish","hentry"],"acf":[],"_links":{"self":[{"href":"https:\/\/www.nokiankylat.fi\/taivalkunta\/wp-json\/wp\/v2\/pages\/2333","targetHints":{"allow":["GET"]}}],"collection":[{"href":"https:\/\/www.nokiankylat.fi\/taivalkunta\/wp-json\/wp\/v2\/pages"}],"about":[{"href":"https:\/\/www.nokiankylat.fi\/taivalkunta\/wp-json\/wp\/v2\/types\/page"}],"author":[{"embeddable":true,"href":"https:\/\/www.nokiankylat.fi\/taivalkunta\/wp-json\/wp\/v2\/users\/4"}],"replies":[{"embeddable":true,"href":"https:\/\/www.nokiankylat.fi\/taivalkunta\/wp-json\/wp\/v2\/comments?post=2333"}],"version-history":[{"count":1,"href":"https:\/\/www.nokiankylat.fi\/taivalkunta\/wp-json\/wp\/v2\/pages\/2333\/revisions"}],"predecessor-version":[{"id":2335,"href":"https:\/\/www.nokiankylat.fi\/taivalkunta\/wp-json\/wp\/v2\/pages\/2333\/revisions\/2335"}],"up":[{"embeddable":true,"href":"https:\/\/www.nokiankylat.fi\/taivalkunta\/wp-json\/wp\/v2\/pages\/2336"}],"wp:attachment":[{"href":"https:\/\/www.nokiankylat.fi\/taivalkunta\/wp-json\/wp\/v2\/media?parent=2333"}],"curies":[{"name":"wp","href":"https:\/\/api.w.org\/{rel}","templated":true}]}}