{"id":2346,"date":"2017-12-21T19:17:17","date_gmt":"2017-12-21T17:17:17","guid":{"rendered":"https:\/\/www.nokiankylat.fi\/taivalkunta\/?page_id=2346"},"modified":"2017-12-21T19:29:59","modified_gmt":"2017-12-21T17:29:59","slug":"kylakirje-21-12-2017","status":"publish","type":"page","link":"https:\/\/www.nokiankylat.fi\/taivalkunta\/yhdistykset\/taivalkunnan-kylat-ry\/kylayhdistyksen-arkisto\/kylakirjeet\/kylakirjeet-2017\/kylakirje-21-12-2017\/","title":{"rendered":"Kyl\u00e4kirje 21-12-2017"},"content":{"rendered":"<p><strong>Taivalkunnan kyl\u00e4kirje 21.12.2017<\/strong><\/p>\n<p>Taivalkunta historiasta nykyp\u00e4iv\u00e4\u00e4n- kuvateos on julkaistu viime kuussa ja sit\u00e4 kirjaa voi ostaa minulta ja Nokian S\u00e4hk\u00f6talosta. Hinta on 30,- euroa\/kpl. Kirjassa on A4 sivuja 165 kappaletta ja yli 380 valokuvaa. Teos on minun tekem\u00e4 ja t\u00e4ysin omakustanteinen. L\u00e4mmin kiitos teille kaikille, jotka annoitte valokuvia ja tietoa. Kirjan sis\u00e4lt\u00f6\u00f6n voi tutustua ottamalla yhteytt\u00e4 allekirjoittaneeseen.<\/p>\n<p>Taivalkunnan kyl\u00e4t ry:n syyskokous oli 16.11 ja sen kokouskutsu, esityslista ja p\u00f6yt\u00e4kirja l\u00f6ytyv\u00e4t kyl\u00e4n verkkosivuilta. Minut on valittu ensi vuodeksi kyl\u00e4yhdistyksen puheenjohtajaksi, joten saatte ensi vuonnakin t\u00e4m\u00e4n vuotiseen tapaan runsaasti tiedotteita kyl\u00e4n asioista.<\/p>\n<p>Joululaulujen ilta oli 20.12 ja iloista v\u00e4ke\u00e4 oli paikalla ihan mukava m\u00e4\u00e4r\u00e4. Ilta oli j\u00e4rjestetty yhteisty\u00f6ss\u00e4 koulun kanssa. Juhlasalia somisti oppilaiden koristelema joulukuusi, jonka Tapio Teuho-Markkola oli lahjoittanut. Kiitos siit\u00e4 kuuluu asianomaisille. V\u00e4liajalla kyl\u00e4yhdistys tarjosi gl\u00f6git ja pikkuleiv\u00e4t ja iloinen puheensorina t\u00e4ytti ilman.<\/p>\n<p>Ensi vuoden toimintasuunnitelma on luettavissa kyl\u00e4n sivuilta. Talvitapahtuman, kyl\u00e4illan, kev\u00e4tkokouksen ja kev\u00e4triehan tapahtuma-ajat p\u00e4\u00e4tet\u00e4\u00e4n heti alkuvuodesta ja laitetaan n\u00e4kyviin.<\/p>\n<p>Kyl\u00e4\u00e4 koskevat ideat ja mahdolliset murheet voi toimittaa minulle. Tartumme niihin rajallisten mahdollisuuksiemme mukaan, joten pyri hankkimaan my\u00f6s ideallesi toteuttaja. My\u00f6s henkil\u00f6kohtaisissa asioistasi ja ongelmistasi voittaa ottaa minuun yhteytt\u00e4 t\u00e4ysin luottamuksellisesti ja halutessasi ne pysyv\u00e4t meid\u00e4n kahdenkeskeisin\u00e4. Haluatpa sitten vain keskustella tai kuulla n\u00e4kemyksi\u00e4ni. Olen my\u00f6s hyv\u00e4 kuuntelija.<\/p>\n<p>Annan l\u00e4mpim\u00e4n kiitokseni kuluvan vuoden saumattomasta yhteisty\u00f6st\u00e4 koko Taivalkunnan kyl\u00e4t ry:n hallitukselle ja koulun henkil\u00f6kunnalle sek\u00e4 kaikille toimintaamme avustaneille henkil\u00f6ille ja tahoille.<\/p>\n<p>Joulu on jo ovella ja toivotan kyl\u00e4yhteis\u00f6lle rauhaisaa jouluaikaa ja onnellista uutta vuotta 2018. Toimitaan ensi vuonnakin yhteisty\u00f6ss\u00e4.<\/p>\n<p>Taivalkunnan kyl\u00e4t ry pj. Olli Sorva, <a href=\"mailto:olli.sorva@nokiansahkotalo.fi\">olli.sorva(at)nokiansahkotalo.fi<\/a> <a href=\"http:\/\/www.nokiankylat.fi\/taivalkunta\">www.nokiankylat.fi\/taivalkunta<\/a>, <a href=\"http:\/\/www.facebook.com\/taivalkunta\/\">www.facebook.com\/taivalkunta\/<\/a>.<\/p>\n","protected":false},"excerpt":{"rendered":"<p>Taivalkunnan kyl\u00e4kirje 21.12.2017 Taivalkunta historiasta nykyp\u00e4iv\u00e4\u00e4n- kuvateos on julkaistu viime kuussa ja sit\u00e4 kirjaa voi ostaa minulta ja Nokian S\u00e4hk\u00f6talosta. Hinta on 30,- euroa\/kpl. Kirjassa on A4 sivuja 165 kappaletta ja yli 380 valokuvaa. Teos on minun tekem\u00e4 ja t\u00e4ysin omakustanteinen. L\u00e4mmin kiitos teille kaikille, jotka annoitte valokuvia ja tietoa. Kirjan sis\u00e4lt\u00f6\u00f6n voi tutustua ottamalla &hellip; <a href=\"https:\/\/www.nokiankylat.fi\/taivalkunta\/yhdistykset\/taivalkunnan-kylat-ry\/kylayhdistyksen-arkisto\/kylakirjeet\/kylakirjeet-2017\/kylakirje-21-12-2017\/\">Jatkuu<\/a><\/p>\n","protected":false},"author":4,"featured_media":0,"parent":1776,"menu_order":0,"comment_status":"closed","ping_status":"closed","template":"","meta":{"_acf_changed":false,"footnotes":""},"class_list":["post-2346","page","type-page","status-publish","hentry"],"acf":[],"_links":{"self":[{"href":"https:\/\/www.nokiankylat.fi\/taivalkunta\/wp-json\/wp\/v2\/pages\/2346","targetHints":{"allow":["GET"]}}],"collection":[{"href":"https:\/\/www.nokiankylat.fi\/taivalkunta\/wp-json\/wp\/v2\/pages"}],"about":[{"href":"https:\/\/www.nokiankylat.fi\/taivalkunta\/wp-json\/wp\/v2\/types\/page"}],"author":[{"embeddable":true,"href":"https:\/\/www.nokiankylat.fi\/taivalkunta\/wp-json\/wp\/v2\/users\/4"}],"replies":[{"embeddable":true,"href":"https:\/\/www.nokiankylat.fi\/taivalkunta\/wp-json\/wp\/v2\/comments?post=2346"}],"version-history":[{"count":1,"href":"https:\/\/www.nokiankylat.fi\/taivalkunta\/wp-json\/wp\/v2\/pages\/2346\/revisions"}],"predecessor-version":[{"id":2347,"href":"https:\/\/www.nokiankylat.fi\/taivalkunta\/wp-json\/wp\/v2\/pages\/2346\/revisions\/2347"}],"up":[{"embeddable":true,"href":"https:\/\/www.nokiankylat.fi\/taivalkunta\/wp-json\/wp\/v2\/pages\/1776"}],"wp:attachment":[{"href":"https:\/\/www.nokiankylat.fi\/taivalkunta\/wp-json\/wp\/v2\/media?parent=2346"}],"curies":[{"name":"wp","href":"https:\/\/api.w.org\/{rel}","templated":true}]}}