{"id":2363,"date":"2018-01-30T19:06:35","date_gmt":"2018-01-30T17:06:35","guid":{"rendered":"https:\/\/www.nokiankylat.fi\/taivalkunta\/?page_id=2363"},"modified":"2018-12-22T12:17:55","modified_gmt":"2018-12-22T10:17:55","slug":"hallitus-2017","status":"publish","type":"page","link":"https:\/\/www.nokiankylat.fi\/taivalkunta\/yhdistykset\/taivalkunnan-kylat-ry\/kylayhdistyksen-arkisto\/hallitus-2017\/","title":{"rendered":"Hallitus 2017"},"content":{"rendered":"<h3>Puheenjohtaja: Olli Sorva<\/h3>\n<h3>Varapuheenjohtaja: Tomi Teuho-Markkola<\/h3>\n<h3>Sihteeri: Minna M\u00e4kinen<\/h3>\n<h3>Rahastonhoita: Anja Mattila<\/h3>\n<h3>Muu hallitus: Reeta Juvonen, Elina J\u00e4rvinen, Teemu Lehtim\u00e4ki ja Terhi Leskinen<\/h3>\n<p>&nbsp;<\/p>\n<h3><\/h3>\n","protected":false},"excerpt":{"rendered":"<p>Puheenjohtaja: Olli Sorva Varapuheenjohtaja: Tomi Teuho-Markkola Sihteeri: Minna M\u00e4kinen Rahastonhoita: Anja Mattila Muu hallitus: Reeta Juvonen, Elina J\u00e4rvinen, Teemu Lehtim\u00e4ki ja Terhi Leskinen &nbsp;<\/p>\n","protected":false},"author":4,"featured_media":0,"parent":186,"menu_order":0,"comment_status":"closed","ping_status":"closed","template":"","meta":{"_acf_changed":false,"footnotes":""},"class_list":["post-2363","page","type-page","status-publish","hentry"],"acf":[],"_links":{"self":[{"href":"https:\/\/www.nokiankylat.fi\/taivalkunta\/wp-json\/wp\/v2\/pages\/2363","targetHints":{"allow":["GET"]}}],"collection":[{"href":"https:\/\/www.nokiankylat.fi\/taivalkunta\/wp-json\/wp\/v2\/pages"}],"about":[{"href":"https:\/\/www.nokiankylat.fi\/taivalkunta\/wp-json\/wp\/v2\/types\/page"}],"author":[{"embeddable":true,"href":"https:\/\/www.nokiankylat.fi\/taivalkunta\/wp-json\/wp\/v2\/users\/4"}],"replies":[{"embeddable":true,"href":"https:\/\/www.nokiankylat.fi\/taivalkunta\/wp-json\/wp\/v2\/comments?post=2363"}],"version-history":[{"count":2,"href":"https:\/\/www.nokiankylat.fi\/taivalkunta\/wp-json\/wp\/v2\/pages\/2363\/revisions"}],"predecessor-version":[{"id":2365,"href":"https:\/\/www.nokiankylat.fi\/taivalkunta\/wp-json\/wp\/v2\/pages\/2363\/revisions\/2365"}],"up":[{"embeddable":true,"href":"https:\/\/www.nokiankylat.fi\/taivalkunta\/wp-json\/wp\/v2\/pages\/186"}],"wp:attachment":[{"href":"https:\/\/www.nokiankylat.fi\/taivalkunta\/wp-json\/wp\/v2\/media?parent=2363"}],"curies":[{"name":"wp","href":"https:\/\/api.w.org\/{rel}","templated":true}]}}