{"id":2373,"date":"2018-02-10T13:48:00","date_gmt":"2018-02-10T11:48:00","guid":{"rendered":"https:\/\/www.nokiankylat.fi\/taivalkunta\/?page_id=2373"},"modified":"2018-02-10T13:48:00","modified_gmt":"2018-02-10T11:48:00","slug":"kylakirje-10-2-2018","status":"publish","type":"page","link":"https:\/\/www.nokiankylat.fi\/taivalkunta\/yhdistykset\/taivalkunnan-kylat-ry\/kylayhdistyksen-arkisto\/kylakirjeet\/kylakirjeet-2018\/kylakirje-10-2-2018\/","title":{"rendered":"Kyl\u00e4kirje 10-2-2018"},"content":{"rendered":"<p>Taivalkunnan kyl\u00e4t ry kutsuu kaikki kyl\u00e4l\u00e4iset talvitapahtumaan18.2.2017 kello 14.00. Kutsu l\u00f6ytyy my\u00f6s PDF-tiedostona t\u00e4\u00e4lt\u00e4\u00a0<a href=\"https:\/\/www.nokiankylat.fi\/taivalkunta\/wp-content\/uploads\/sites\/11\/2018\/02\/KUTSU-TALVITAPAHTUMAAN-JAETTAVA.pdf\">KUTSU TALVITAPAHTUMAAN\u00a0<\/a><\/p>\n<p><a href=\"https:\/\/www.nokiankylat.fi\/taivalkunta\/wp-content\/uploads\/sites\/11\/2018\/02\/2018-02-10-e1518263236403.png\"><img loading=\"lazy\" decoding=\"async\" class=\"alignnone size-medium wp-image-2375\" src=\"https:\/\/www.nokiankylat.fi\/taivalkunta\/wp-content\/uploads\/sites\/11\/2018\/02\/2018-02-10-e1518263236403-209x300.png\" alt=\"\" width=\"209\" height=\"300\" srcset=\"https:\/\/www.nokiankylat.fi\/taivalkunta\/wp-content\/uploads\/sites\/11\/2018\/02\/2018-02-10-e1518263236403-209x300.png 209w, https:\/\/www.nokiankylat.fi\/taivalkunta\/wp-content\/uploads\/sites\/11\/2018\/02\/2018-02-10-e1518263236403.png 560w\" sizes=\"auto, (max-width: 209px) 100vw, 209px\" \/><\/a><\/p>\n","protected":false},"excerpt":{"rendered":"<p>Taivalkunnan kyl\u00e4t ry kutsuu kaikki kyl\u00e4l\u00e4iset talvitapahtumaan18.2.2017 kello 14.00. Kutsu l\u00f6ytyy my\u00f6s PDF-tiedostona t\u00e4\u00e4lt\u00e4\u00a0KUTSU TALVITAPAHTUMAAN\u00a0<\/p>\n","protected":false},"author":4,"featured_media":0,"parent":2356,"menu_order":0,"comment_status":"closed","ping_status":"closed","template":"","meta":{"_acf_changed":false,"footnotes":""},"class_list":["post-2373","page","type-page","status-publish","hentry"],"acf":[],"_links":{"self":[{"href":"https:\/\/www.nokiankylat.fi\/taivalkunta\/wp-json\/wp\/v2\/pages\/2373","targetHints":{"allow":["GET"]}}],"collection":[{"href":"https:\/\/www.nokiankylat.fi\/taivalkunta\/wp-json\/wp\/v2\/pages"}],"about":[{"href":"https:\/\/www.nokiankylat.fi\/taivalkunta\/wp-json\/wp\/v2\/types\/page"}],"author":[{"embeddable":true,"href":"https:\/\/www.nokiankylat.fi\/taivalkunta\/wp-json\/wp\/v2\/users\/4"}],"replies":[{"embeddable":true,"href":"https:\/\/www.nokiankylat.fi\/taivalkunta\/wp-json\/wp\/v2\/comments?post=2373"}],"version-history":[{"count":1,"href":"https:\/\/www.nokiankylat.fi\/taivalkunta\/wp-json\/wp\/v2\/pages\/2373\/revisions"}],"predecessor-version":[{"id":2376,"href":"https:\/\/www.nokiankylat.fi\/taivalkunta\/wp-json\/wp\/v2\/pages\/2373\/revisions\/2376"}],"up":[{"embeddable":true,"href":"https:\/\/www.nokiankylat.fi\/taivalkunta\/wp-json\/wp\/v2\/pages\/2356"}],"wp:attachment":[{"href":"https:\/\/www.nokiankylat.fi\/taivalkunta\/wp-json\/wp\/v2\/media?parent=2373"}],"curies":[{"name":"wp","href":"https:\/\/api.w.org\/{rel}","templated":true}]}}