{"id":2383,"date":"2018-02-17T11:05:43","date_gmt":"2018-02-17T09:05:43","guid":{"rendered":"https:\/\/www.nokiankylat.fi\/taivalkunta\/?page_id=2383"},"modified":"2021-09-19T10:42:58","modified_gmt":"2021-09-19T07:42:58","slug":"toimintakertomus-2017","status":"publish","type":"page","link":"https:\/\/www.nokiankylat.fi\/taivalkunta\/yhdistykset\/taivalkunnan-kylat-ry\/kylayhdistyksen-arkisto\/toimintakertomus-2017\/","title":{"rendered":"Toimintakertomus 2017"},"content":{"rendered":"<p><strong>Taivalkunnan kyl\u00e4t ry vuosikertomus 2017<\/strong><\/p>\n<p>&nbsp;<\/p>\n<p>Yhdistyksen toiminta-alueena on koko Taivalkunta koostuen seuraavista kylist\u00e4: Taipale, Kohmala, Kennola, Vastam\u00e4ki, Memmola, Kassila, Haapaniemi, Kontaa, Lukkila ja K\u00e4rjenmaa.<\/p>\n<p>Yhdistyksen tarkoituksena on toimia Taivalkunnan asukkaiden ja yhteis\u00f6jen yhteisty\u00f6elimen\u00e4 pyrkimyksiss\u00e4 parantaa edell\u00e4 mainituilla alueilla vakituisesti tai vapaa-aikanaan asuvien ihmisten hyvinvointia.<\/p>\n<p>Yhdistyksen tarkoituksena on kannustaa toiminta-alueensa asukkaita yhteistoimintaan kotiseutunsa kehitt\u00e4miseksi sek\u00e4 kehitt\u00e4\u00e4 yhteisty\u00f6t\u00e4 toiminta-alueensa p\u00e4\u00e4tt\u00e4jien ja viranhaltijoiden kanssa kylien kehitt\u00e4misess\u00e4 ja kylien asukkaiden hyvinvoinnin parantamisessa. Tarkoituksena on verkostoitua muiden vastaavien tahojen ja maaseudun kehitt\u00e4misorganisaatioiden kanssa.<\/p>\n<p>Vuosi 2017 oli vilkas toiminnan vuosi ja toiminta kulki tiedostetusti kohti sovittuja p\u00e4\u00e4m\u00e4\u00e4ri\u00e4.<\/p>\n<p>&nbsp;<\/p>\n<p><strong>Hallinto<\/strong><\/p>\n<p>Taivalkunnan kyl\u00e4t ry:n hallitukseen vuonna 2017 ovat kuuluneet puheenjohtaja Olli Sorva, varapuheenjohtaja Tomi Teuho-Markkola, sihteeri Minna M\u00e4kinen, taloudenhoitaja Anja Mattila sek\u00e4 muut j\u00e4senet Elina J\u00e4rvinen, Teemu Lehtim\u00e4ki, Terhi Leskinen ja Reeta Juvonen.<\/p>\n<p>Toiminnantarkastajana tilikaudella 2017 toimi Veijo Hynninen ja h\u00e4nen varahenkil\u00f6n\u00e4\u00e4n Leena Myllyntausta.<\/p>\n<p>Taivalkunnan kyl\u00e4t ry:n kev\u00e4tkokous pidettiin 26.4.2017 ja syyskokous 16.11.2017. Kev\u00e4tkokouksessa puhujavieraana oli P\u00e4ivi Koro Pirkanmaan j\u00e4tehuollosta aiheena j\u00e4tteiden lajittelu ja kierr\u00e4tys. Syyskokouksessa kutsuttuna vieraanamme oli Nokian Palvelukoiraharrastajat esitt\u00e4ytym\u00e4ss\u00e4 ja kertomassa toiminnastaan.<\/p>\n<p><strong>\u00a0<\/strong><\/p>\n<p><strong>Hallituksen kokoukset ja edustukset<\/strong><\/p>\n<p>Taivalkunnan kyl\u00e4t ry:n hallitus piti vuonna 2017 omia kokouksiaan viisi kertaa. Kokousten yhteishenki oli hyv\u00e4 ja niinp\u00e4 asioita saatiin eteenp\u00e4in vauhdilla ja aikaa oli paneutua my\u00f6s tulevaisuuden toimintaan ja kehitysn\u00e4kymiin.<\/p>\n<p>&nbsp;<\/p>\n<p>Nokian kaupungin j\u00e4rjest\u00e4m\u00e4ss\u00e4 kuntaillassa 23.2.2017 aiheena oli \u201dArjen turvallisuus ja yhteistoiminta kyl\u00e4yhdistysten kanssa\u201d. Yhdistyst\u00e4mme tilaisuudessa edusti pj. Olli Sorva. Kaupungin edustajina olivat Lauri V\u00e4h\u00e4talo ja perusturvajohtaja Eeva Halme sek\u00e4 Pirkan kyl\u00e4t ry:st\u00e4 Marja Vehn\u00e4maa.<\/p>\n<p>&nbsp;<\/p>\n<p>Kyl\u00e4yhdistyksemme edustajana pj. Olli Sorva oli Nokian kylien yhteistapaamisessa 12.10. kello 17 osoitteessa Harjukatu 21. Illan asioina oli uuden elinkeinop\u00e4\u00e4llik\u00f6n Tiina Laakkosen esitt\u00e4ytyminen ja keskustelua mahdollisista uusista yhteisty\u00f6mahdollisuuksista kaupungin ja yhdistysten v\u00e4lill\u00e4. Lis\u00e4ksi oli muita ajankohtaisia asioita sek\u00e4 kaupungilta ett\u00e4 Kantrista.<\/p>\n<p>18.11. kyl\u00e4yhdistyksemme pj. Olli Sorva oli pit\u00e4m\u00e4ss\u00e4 esitelm\u00e4n Pirkanmaan kyl\u00e4foorumissa Ahlmannilla otsikolla \u201dYritt\u00e4v\u00e4 ja turvallinen Taivalkunta\u201d. Noin 20 minuutin puheenvuoro sis\u00e4lsi napakan esittelyn kyl\u00e4mme yrityskoulu-projektista ja turvallisuussuunnittelusta. Paikalla oli runsaasti Pirkanmaalaisia kyl\u00e4toimijoita ja maaseudun kehitt\u00e4misv\u00e4ke\u00e4.<\/p>\n<p>&nbsp;<\/p>\n<p><strong>Aloitteet ja vetoomukset<\/strong><\/p>\n<p>Arjen turvallisuus ja yhteistoiminta kaupungin kanssa on vuoden 2016 aloite ja siit\u00e4 vuonna 2017 yhdistyksemme puheenjohtaja oli yhteydess\u00e4 kaupungin kanssa, mutta asia ei viel\u00e4 juurikaan ole kaupungilla edennyt.<\/p>\n<p>&nbsp;<\/p>\n<p><strong>Kevyen liiketeen v\u00e4yl\u00e4 ja kyl\u00e4n tietoliikenneyhteydet<\/strong><\/p>\n<p>Kevyenliikenteen v\u00e4yl\u00e4n suunnitelma on yhdistyksemme n\u00e4k\u00f6kulmasta varsin hyv\u00e4 ja nyt tuo suunnitelma on saanut lainvoiman. N\u00e4in kyl\u00e4yhdistyksemmekin ajama asia etenee kohti rakentamisen aloitusta. Rakentajina ovat ELY- keskus ja Nokian kaupunki ja aikataulu t\u00e4smennee alkuvuodesta 2018.<\/p>\n<p>Elenia on laittanut s\u00e4hk\u00f6verkkoaan maahan ja kyl\u00e4yhdistys oli huolissaan mit\u00e4 tulee tilalle, kun samassa yhteydess\u00e4 Elisa oli poistamassa kupariverkkoaan yhteisk\u00e4ytt\u00f6pylv\u00e4ist\u00e4. Taivalkunnan kylien pj. Olli Sorva on k\u00e4ynyt neuvotteluja verkko-operaattori Elisan kanssa kyseisest\u00e4 asiasta ja siihen n\u00e4ytt\u00e4isi tulevan tyydytt\u00e4v\u00e4 ratkaisu. Runkoverkko on tehty valokuidulla ja nettiyhteydet paranevat verkkosaneerauksen yhteydess\u00e4. Operaattori tekee ty\u00f6n normaalina verkonhoitoty\u00f6n\u00e4, joten siit\u00e4 ei koidu lis\u00e4kuluja alueen liittyjille. \u00a0My\u00f6s kyl\u00e4n talouksien kiinnostusta ostaa kuituliittym\u00e4 kartoitettiin. Kiinnostuneita l\u00f6ytyi noin 30 kpl, mutta teleoperaattorin hintahaarukka liittym\u00e4lle osoittautui liian isoksi ja kalliiksi.<\/p>\n<p>&nbsp;<\/p>\n<p><strong>Talvitapahtuma<\/strong><\/p>\n<p>Talvitapahtumaa vietettiin koulun kent\u00e4ll\u00e4 12.2 kello 14.00 alkaen. Ohjelmassa oli potkukelkkakilpailu, j\u00e4\u00e4kiekkocurling ja kiekkopeli nappulat vastaan varttunet sek\u00e4 makkaranpaistoa nuotiolla. Talvitapahtuma veti 50 kyl\u00e4l\u00e4ist\u00e4 yhdess\u00e4oloon.<\/p>\n<p>&nbsp;<\/p>\n<p><strong>Suomi 100 hengess\u00e4<\/strong><\/p>\n<p>Kev\u00e4\u00e4ll\u00e4 15.3 pidettiin kyl\u00e4ilta, jonka teemana oli Taivalkunta 100 vuotta. Olli Sorva esitti tekem\u00e4ns\u00e4 200 -osaisen diaesityksen, joka kertoi Taivalkunnan historiasta Suomen itsen\u00e4isyytemme ajalta. Paikalla oli 50 innostunutta kuulujaa ja keskustelijaa. Monilta heist\u00e4 oli saatu kuva-aineistoa esitykseen. Tilaisuudessa oli kutsuttuna paikalla Kantri ry:lt\u00e4 Anna Kulmakorpi.<\/p>\n<p>24.4 Olli oli kutsuttuna kyl\u00e4koululla pit\u00e4m\u00e4ss\u00e4 \u201doppituntina\u201d katsauksen kyl\u00e4n historiasta. Esitys perustui kev\u00e4\u00e4n kyl\u00e4illan esitykseen ja k\u00e4sitti 100 diakuvaa lyhyiden kuvatekstien kera. Kuulijoina oli kaikki koulun oppilaat ja henkil\u00f6kunta.<\/p>\n<p>10.6 oli valtakunnallinen Avoimet Kyl\u00e4t 2017 p\u00e4iv\u00e4. Kyseess\u00e4 oli Suomi 100 -tapahtuma ja siin\u00e4 oli mukana yli 700 kyl\u00e4\u00e4. Taivalkunnassa kyl\u00e4yhdistys j\u00e4rjesti koululla vanhojen k\u00e4ytt\u00f6- ja tarve-esineiden n\u00e4yttelyn kello 15-17. N\u00e4ytteille olimme saaneet runsaasti esineist\u00f6\u00e4. Myynniss\u00e4 oli kahvia ja pullaan sek\u00e4 kyl\u00e4ll\u00e4 toimivat seurat esitteliv\u00e4t toimintaansa. V\u00e4ke\u00e4 n\u00e4yttelyss\u00e4 k\u00e4vi laimeasti, mutta k\u00e4vij\u00e4t olivat ihastuneita esineisiin ja ne her\u00e4ttiv\u00e4t kertomaan erilaisia esineisiin liittyvi\u00e4 tarinoita.<\/p>\n<p>Syksyn kyl\u00e4ilta oli jatkumoa kev\u00e4\u00e4n nostalgiaillalle. Olli Sorva esitti diasarjan, jossa oli kyl\u00e4ll\u00e4 k\u00e4ytettyj\u00e4 esineit\u00e4 kuvateksteineen sek\u00e4 kuvia mm 2000 vuonna kyl\u00e4ll\u00e4 olleesta maatalousn\u00e4yttelyst\u00e4. Ilta oli 5.10 ja paikalla noin 30 henke\u00e4.<\/p>\n<p>Syyskokouksessa julkaistiin kuvateos \u201dTaivalkunta historiasta nykyaikaan\u201d. Se on 165 sivuinen ja A4 kokoinen kirja, jossa on yli 380 valokuvaa. Teos on Olli Sorvan tekem\u00e4 ja julkaisema.<\/p>\n<p><strong>\u00a0<\/strong><\/p>\n<p><strong>J\u00e4tepiste ja ilmoitustaulut<\/strong><\/p>\n<p>Kyl\u00e4n ilmoitustaulut vaatisivat oikaisua ja faneereiden vaihtoa. Kyl\u00e4yhdistys oli asiasta yhteydess\u00e4 kaupunkiin ehdottaen, ett\u00e4 materiaali tulisi heilt\u00e4 ja kyl\u00e4l\u00e4iset tekisiv\u00e4t talkoilla ty\u00f6n. Kyselyihin ei saatu mit\u00e4\u00e4n vastausta.<\/p>\n<p>Pihtikorventien j\u00e4tepisteen kattaminen on my\u00f6s ollut puheenaiheena ja kattopellitkin olisi kyl\u00e4lt\u00e4 l\u00f6ytynyt Tero Lehtim\u00e4en lahjoituksena. Kaupunki ei kuitenkaan l\u00e4mminnyt ajatukselle, ett\u00e4 kustantaisi katon koolauspuut vaikka katon vaatimat asennusty\u00f6t lupauduin kyl\u00e4n nimiin tekem\u00e4\u00e4n talkoilla. Kyl\u00e4l\u00e4isten toimesta saimme katoksen oikaistua ja maalattua sek\u00e4 ymp\u00e4rist\u00f6n siistitty\u00e4. Oikaisuty\u00f6n teki Pekka Tapola ja maalausty\u00f6n Erkko Maalampi. Kummankin talkoopanokseen kuuluivat my\u00f6s tarvittavat materiaalit.<\/p>\n<p>&nbsp;<\/p>\n<p><strong>Kev\u00e4tkarkelot<\/strong><\/p>\n<p>18.5.2017 koululla oli perinteiset kev\u00e4tkarkelot. Karkelot j\u00e4rjestettiin Taivalkunnassa toimivien eri yhdistysten yhteisvoimin ja vastuullisena toimijana oli Taivalkunnan Kyl\u00e4t ry. Ohjelmassa oli temppurata, kisailua, heppa-ajelua, lapset vastaan aikuiset jalkapallo-ottelu sek\u00e4 mukavaa yhdess\u00e4oloa. Paikalla oli my\u00f6s palvelukoiraharrastajat mukanaan kaksi \u201drapsuttelukoiraa\u201d. My\u00f6s pari lammasta oli yleis\u00f6\u00e4 viihdytt\u00e4m\u00e4ss\u00e4. Myynniss\u00e4 oli muurinpohjalettuja, makkaraa ja kahvia. V\u00e4ke\u00e4 oli paikalla ihan kivasti, yli 90 henke\u00e4.<\/p>\n<p>&nbsp;<\/p>\n<p><strong>Nuorten asiat<\/strong><\/p>\n<p>Kyl\u00e4yhdistys otti my\u00f6s vuonna 2017 lapset ja nuoret mukaan toimintaansa. Koulun kanssa tehtiin yhteisty\u00f6t\u00e4 ja oltiin muutoinkin vuorovaikutuksessa eri-ik\u00e4isten kyl\u00e4l\u00e4isten kesken (kev\u00e4tkarkelot, pesispelit, talvitapahtumat, jne.). Toiminnalla halutaan lis\u00e4t\u00e4 kaikkien asukkaiden kyl\u00e4viihtyvyytt\u00e4.<\/p>\n<p>Taivalkunnan kyl\u00e4t ry j\u00e4rjesti yhdess\u00e4 koulun kanssa yhteislauluillan 20.12.2017. Laulujen lomassa oli oppilaiden esityksi\u00e4. Kiitos kuuluu oppilaille antoisista esityksist\u00e4 ja mukavasta yhdess\u00e4olosta. V\u00e4liajalla kyl\u00e4yhdistys tarjosi l\u00e4sn\u00e4olijoille gl\u00f6git, piparit ja pullat. Oli my\u00f6s mahdollisuus tutustua koulun j\u00e4rjest\u00e4m\u00e4\u00e4n Suomi 100 n\u00e4yttelyyn. Tunnelma oli l\u00e4mminhenkinen. Toivottavasti kyl\u00e4mme joululauluperinne jatkuu jossain muodossa tulevinakin vuosina.<\/p>\n<p>&nbsp;<\/p>\n<p><strong>Tiedotustoiminta<\/strong><\/p>\n<p>Vuonna 2017 tiedotus oli s\u00e4\u00e4nn\u00f6llist\u00e4. Kyl\u00e4kirjeit\u00e4 toimitettiin 19 kappaletta s\u00e4hk\u00f6postitse ja osa niist\u00e4 postilaatikkojakonakin. Kirjeet l\u00f6ytyv\u00e4t my\u00f6s Taivalkunnan kyl\u00e4n kotisivuilta. Kyl\u00e4n yhteiset asiat saivat palstatilaa paikallislehdess\u00e4 ja radio Musassakin oli tarinaa kyl\u00e4lt\u00e4mme. Suurin osa lehtijutuista oli kyl\u00e4yhdistyksemme pj:n kirjoittamia.<\/p>\n<p>Miten ihmisi\u00e4 saa aktivoitua mukaan kyl\u00e4toimintaan ja miten yhteishenke\u00e4 kyl\u00e4ll\u00e4 kehitet\u00e4\u00e4n ja vaalitaan? T\u00e4st\u00e4 aiheesta syksyn 2017 aikana yhdistyksemme puheenjohtaja kirjoitti Kantrin kyl\u00e4blogiin 6 kirjoitusta Taivalkunnan n\u00e4k\u00f6kulmasta. Kuvauksia oli yhteisist\u00e4 ponnistuksista ja onnistumisista koulun, turvallisuuden ynn\u00e4 muun kanssa? N\u00e4kemysten pohjana oli hyvin pitk\u00e4 kokemus kyl\u00e4aktiivina toimimisesta. Kirjoitukset l\u00f6ytyv\u00e4t my\u00f6s kyl\u00e4mme sivuilta.<\/p>\n<p>&nbsp;<\/p>\n<p><strong>Muistamiset ja stipendit<\/strong><\/p>\n<p>Kev\u00e4\u00e4ll\u00e4 2017 Taivalkunnan kyl\u00e4t ry:n stipendit meniv\u00e4t kouluille jakoon seuraavasti: Taivalkunnan alakoulu 2 x 30eur stipendit kiva kaveri periaatteella saivat 1-3 -luokat Leevi Leskinen ja 4-6 -luokat Max Granath. Em\u00e4kosken yl\u00e4koulu 50eur stipendi parhaalle l\u00e4htev\u00e4lle Taivalkuntalaiselle, Jade M\u00e4enp\u00e4\u00e4. Nokianvirran yl\u00e4koululla 50eur stipendi parhaalle l\u00e4htev\u00e4lle Taivalkuntalaiselle, Wenla Pasto<\/p>\n<p>&nbsp;<\/p>\n<p><strong>Liikunnan iloa<\/strong><\/p>\n<p>Koululla oli viikoittaiset zumba tunnit. Syksyll\u00e4 osanottajam\u00e4\u00e4r\u00e4 meni niin pieneksi, ett\u00e4 tunnit lopetettiin. N\u00e4ht\u00e4v\u00e4ksi j\u00e4\u00e4, ett\u00e4 onko tarvetta ja l\u00f6ytyyk\u00f6 jatkossa kyl\u00e4lt\u00e4 niin paljon liikuntaharrastajia, ett\u00e4 jotain tunteja saataisiin tilalle. Kes\u00e4ll\u00e4 oli kyl\u00e4yhdistyksen j\u00e4rjest\u00e4m\u00e4t pes\u00e4pallopelit parin viikon v\u00e4lein. Mukana oli kaikenik\u00e4iset eik\u00e4 aiempaa pelikokemusta tarvittu. Jatkoa on toivottu tulevalle kes\u00e4lle.<\/p>\n<p>&nbsp;<\/p>\n<p><strong>Tulevaisuuden n\u00e4kym\u00e4t<\/strong><\/p>\n<p>N\u00e4kym\u00e4t l\u00e4hitulevaisuudelle ovat valoisat. Saadaan kevyenliikenteen v\u00e4yl\u00e4 ja vesi\/viem\u00e4riyhteys Koskenm\u00e4keen. Yritt\u00e4jyyskoulukin on hyv\u00e4ll\u00e4 mallilla. Kev\u00e4\u00e4ll\u00e4 2018 markkinoidaan kyl\u00e4\u00e4 Messut Nokialla tapahtumassa. Kyl\u00e4mme ik\u00e4rakenne on hyv\u00e4 ja antaa pohjaa toiminnalle ja menestykselle.<\/p>\n<p>Kyl\u00e4yhdistyksen hallitus koostui toiminnallisista ja yhteisty\u00f6kykyisist\u00e4 henkil\u00f6ist\u00e4. Lis\u00e4ksi kyl\u00e4l\u00e4iset olivat kiitett\u00e4v\u00e4sti mukana ja rakentamassa yhteishenke\u00e4. T\u00e4m\u00e4 takaa jatkossakin kyl\u00e4llemme hyv\u00e4t tulevaisuudenn\u00e4kym\u00e4t. Kyl\u00e4yhdistyksen puheenjohtajana ja toimintakertomuksen laatijana Olli Sorva haluaa kiitt\u00e4\u00e4 kaikkia kyl\u00e4l\u00e4isi\u00e4 siit\u00e4, ett\u00e4 olemme menossa hyv\u00e4\u00e4n suuntaan.<\/p>\n<p>Taivalkunnan Kyl\u00e4t ry hallitus 31.12.2017<\/p>\n","protected":false},"excerpt":{"rendered":"<p>Taivalkunnan kyl\u00e4t ry vuosikertomus 2017 &nbsp; Yhdistyksen toiminta-alueena on koko Taivalkunta koostuen seuraavista kylist\u00e4: Taipale, Kohmala, Kennola, Vastam\u00e4ki, Memmola, Kassila, Haapaniemi, Kontaa, Lukkila ja K\u00e4rjenmaa. Yhdistyksen tarkoituksena on toimia Taivalkunnan asukkaiden ja yhteis\u00f6jen yhteisty\u00f6elimen\u00e4 pyrkimyksiss\u00e4 parantaa edell\u00e4 mainituilla alueilla vakituisesti tai vapaa-aikanaan asuvien ihmisten hyvinvointia. Yhdistyksen tarkoituksena on kannustaa toiminta-alueensa asukkaita yhteistoimintaan kotiseutunsa kehitt\u00e4miseksi sek\u00e4 &hellip; <a href=\"https:\/\/www.nokiankylat.fi\/taivalkunta\/yhdistykset\/taivalkunnan-kylat-ry\/kylayhdistyksen-arkisto\/toimintakertomus-2017\/\">Jatkuu<\/a><\/p>\n","protected":false},"author":4,"featured_media":0,"parent":186,"menu_order":0,"comment_status":"closed","ping_status":"closed","template":"","meta":{"_acf_changed":false,"footnotes":""},"class_list":["post-2383","page","type-page","status-publish","hentry"],"acf":[],"_links":{"self":[{"href":"https:\/\/www.nokiankylat.fi\/taivalkunta\/wp-json\/wp\/v2\/pages\/2383","targetHints":{"allow":["GET"]}}],"collection":[{"href":"https:\/\/www.nokiankylat.fi\/taivalkunta\/wp-json\/wp\/v2\/pages"}],"about":[{"href":"https:\/\/www.nokiankylat.fi\/taivalkunta\/wp-json\/wp\/v2\/types\/page"}],"author":[{"embeddable":true,"href":"https:\/\/www.nokiankylat.fi\/taivalkunta\/wp-json\/wp\/v2\/users\/4"}],"replies":[{"embeddable":true,"href":"https:\/\/www.nokiankylat.fi\/taivalkunta\/wp-json\/wp\/v2\/comments?post=2383"}],"version-history":[{"count":5,"href":"https:\/\/www.nokiankylat.fi\/taivalkunta\/wp-json\/wp\/v2\/pages\/2383\/revisions"}],"predecessor-version":[{"id":2568,"href":"https:\/\/www.nokiankylat.fi\/taivalkunta\/wp-json\/wp\/v2\/pages\/2383\/revisions\/2568"}],"up":[{"embeddable":true,"href":"https:\/\/www.nokiankylat.fi\/taivalkunta\/wp-json\/wp\/v2\/pages\/186"}],"wp:attachment":[{"href":"https:\/\/www.nokiankylat.fi\/taivalkunta\/wp-json\/wp\/v2\/media?parent=2383"}],"curies":[{"name":"wp","href":"https:\/\/api.w.org\/{rel}","templated":true}]}}