{"id":2392,"date":"2018-03-04T16:26:13","date_gmt":"2018-03-04T14:26:13","guid":{"rendered":"https:\/\/www.nokiankylat.fi\/taivalkunta\/?page_id=2392"},"modified":"2018-03-04T16:26:13","modified_gmt":"2018-03-04T14:26:13","slug":"vanhat-kylalehdet","status":"publish","type":"page","link":"https:\/\/www.nokiankylat.fi\/taivalkunta\/yhdistykset\/taivalkunnan-kylat-ry\/kylayhdistyksen-arkisto\/vanhat-kylalehdet\/","title":{"rendered":"Vanhat kyl\u00e4lehdet"},"content":{"rendered":"<p>Kyl\u00e4lehdet n\u00e4et Pdf tiedostoina. Ne on kyl\u00e4yhdistyksen puheenjohtaja Olli Sorva alkuvuodesta 2018 skannannut omista yksityisit\u00e4 lehtikappaleistaan, joten joissain niist\u00e4 on mukana merkint\u00f6j\u00e4 tai v\u00e4rityksi\u00e4, joita ei alkuper\u00e4isiss\u00e4 lehdiss\u00e4 ollut. Toivon ettei se h\u00e4iritse lukijaa. Hauskoja hetki\u00e4 lehtien parissa toivottaa Olli Sorva.<\/p>\n<h2><\/h2>\n<h2><a href=\"https:\/\/www.nokiankylat.fi\/taivalkunta\/wp-content\/uploads\/sites\/11\/2018\/03\/KYL\u00c4LEHTI-1991.pdf\">-Kyl\u00e4lehti 1991 (PDF 36 sivua)<\/a><\/h2>\n<h2><a href=\"https:\/\/www.nokiankylat.fi\/taivalkunta\/wp-content\/uploads\/sites\/11\/2018\/03\/img268.pdf\">-Kyl\u00e4lehti 1992 (PDF 52 sivua)<\/a><\/h2>\n<h2><a href=\"https:\/\/www.nokiankylat.fi\/taivalkunta\/wp-content\/uploads\/sites\/11\/2018\/03\/img269.pdf\">-Kyl\u00e4lehti 1993 (PDF 36 sivua)<\/a><\/h2>\n<h2><a href=\"https:\/\/www.nokiankylat.fi\/taivalkunta\/wp-content\/uploads\/sites\/11\/2018\/03\/img270.pdf\">-Kyl\u00e4lehti 1994 (PDF 44 sivua)<\/a><\/h2>\n<h2><a href=\"https:\/\/www.nokiankylat.fi\/taivalkunta\/wp-content\/uploads\/sites\/11\/2018\/03\/img271.pdf\">-Kyl\u00e4lehti 1995 (PDF 68 sivua)<\/a><\/h2>\n<h2><a href=\"https:\/\/www.nokiankylat.fi\/taivalkunta\/wp-content\/uploads\/sites\/11\/2018\/03\/img273.pdf\">-Kyl\u00e4lehti 1996 (PDF 32 sivua)<\/a><\/h2>\n<h2><a href=\"https:\/\/www.nokiankylat.fi\/taivalkunta\/wp-content\/uploads\/sites\/11\/2018\/03\/img274.pdf\">-Kyl\u00e4lehti 1997 (PDF 38 sivua)<\/a><\/h2>\n<h2><a href=\"https:\/\/www.nokiankylat.fi\/taivalkunta\/wp-content\/uploads\/sites\/11\/2018\/03\/img275.pdf\">-Kyl\u00e4lehti 1998 (PDF 36 sivua)<\/a><\/h2>\n<h2><a href=\"https:\/\/www.nokiankylat.fi\/taivalkunta\/wp-content\/uploads\/sites\/11\/2018\/03\/img276.pdf\">-Kyl\u00e4lehti 1999 (PDF 36 sivua)<\/a><\/h2>\n<h2><a href=\"https:\/\/www.nokiankylat.fi\/taivalkunta\/wp-content\/uploads\/sites\/11\/2018\/03\/img277.pdf\">-Kyl\u00e4lehti 2002 (PDF 40 sivua)<\/a><\/h2>\n<h2><a href=\"https:\/\/www.nokiankylat.fi\/taivalkunta\/wp-content\/uploads\/sites\/11\/2018\/03\/img278.pdf\">-Kyl\u00e4lehti 2003 (PDF 36 sivua)<\/a><\/h2>\n<h2><a href=\"https:\/\/www.nokiankylat.fi\/taivalkunta\/wp-content\/uploads\/sites\/11\/2018\/03\/img279.pdf\">-Kyl\u00e4lehti 2005 (PDF 44 sivua)<\/a><\/h2>\n<p>&nbsp;<\/p>\n","protected":false},"excerpt":{"rendered":"<p>Kyl\u00e4lehdet n\u00e4et Pdf tiedostoina. Ne on kyl\u00e4yhdistyksen puheenjohtaja Olli Sorva alkuvuodesta 2018 skannannut omista yksityisit\u00e4 lehtikappaleistaan, joten joissain niist\u00e4 on mukana merkint\u00f6j\u00e4 tai v\u00e4rityksi\u00e4, joita ei alkuper\u00e4isiss\u00e4 lehdiss\u00e4 ollut. Toivon ettei se h\u00e4iritse lukijaa. Hauskoja hetki\u00e4 lehtien parissa toivottaa Olli Sorva. -Kyl\u00e4lehti 1991 (PDF 36 sivua) -Kyl\u00e4lehti 1992 (PDF 52 sivua) -Kyl\u00e4lehti 1993 (PDF 36 &hellip; <a href=\"https:\/\/www.nokiankylat.fi\/taivalkunta\/yhdistykset\/taivalkunnan-kylat-ry\/kylayhdistyksen-arkisto\/vanhat-kylalehdet\/\">Jatkuu<\/a><\/p>\n","protected":false},"author":4,"featured_media":0,"parent":186,"menu_order":0,"comment_status":"closed","ping_status":"closed","template":"","meta":{"_acf_changed":false,"footnotes":""},"class_list":["post-2392","page","type-page","status-publish","hentry"],"acf":[],"_links":{"self":[{"href":"https:\/\/www.nokiankylat.fi\/taivalkunta\/wp-json\/wp\/v2\/pages\/2392","targetHints":{"allow":["GET"]}}],"collection":[{"href":"https:\/\/www.nokiankylat.fi\/taivalkunta\/wp-json\/wp\/v2\/pages"}],"about":[{"href":"https:\/\/www.nokiankylat.fi\/taivalkunta\/wp-json\/wp\/v2\/types\/page"}],"author":[{"embeddable":true,"href":"https:\/\/www.nokiankylat.fi\/taivalkunta\/wp-json\/wp\/v2\/users\/4"}],"replies":[{"embeddable":true,"href":"https:\/\/www.nokiankylat.fi\/taivalkunta\/wp-json\/wp\/v2\/comments?post=2392"}],"version-history":[{"count":4,"href":"https:\/\/www.nokiankylat.fi\/taivalkunta\/wp-json\/wp\/v2\/pages\/2392\/revisions"}],"predecessor-version":[{"id":3881,"href":"https:\/\/www.nokiankylat.fi\/taivalkunta\/wp-json\/wp\/v2\/pages\/2392\/revisions\/3881"}],"up":[{"embeddable":true,"href":"https:\/\/www.nokiankylat.fi\/taivalkunta\/wp-json\/wp\/v2\/pages\/186"}],"wp:attachment":[{"href":"https:\/\/www.nokiankylat.fi\/taivalkunta\/wp-json\/wp\/v2\/media?parent=2392"}],"curies":[{"name":"wp","href":"https:\/\/api.w.org\/{rel}","templated":true}]}}