{"id":2412,"date":"2018-03-16T08:16:00","date_gmt":"2018-03-16T06:16:00","guid":{"rendered":"https:\/\/www.nokiankylat.fi\/taivalkunta\/?page_id=2412"},"modified":"2018-03-16T08:16:16","modified_gmt":"2018-03-16T06:16:16","slug":"kylakirje-16-3-2018","status":"publish","type":"page","link":"https:\/\/www.nokiankylat.fi\/taivalkunta\/yhdistykset\/taivalkunnan-kylat-ry\/kylayhdistyksen-arkisto\/kylakirjeet\/kylakirjeet-2018\/kylakirje-16-3-2018\/","title":{"rendered":"Kyl\u00e4kirje 16-3-2018"},"content":{"rendered":"<p><strong>Taivalkunnan kyl\u00e4kirje 16.3.2018<\/strong><\/p>\n<p>Osana kyl\u00e4mme turvallisuussuunnitelman toteuttamista Taivalkunnan koululla pidet\u00e4\u00e4n <strong>ensiapukurssi 3.5.2018 KLO 18.30<\/strong>. Kurssin j\u00e4rjest\u00e4\u00e4 Taivalkunnan kyl\u00e4t ry ja se on nykyisille ja entisille kyl\u00e4l\u00e4isille ilmainen. Osallistujilta <strong>vaaditaan ennakkoilmoittautuminen ja mukaan mahtuu vain 20 ensimm\u00e4iseksi<\/strong> ilmoittautunutta. Ilmoittautumiset kyl\u00e4yhdistyksen pj:lle mieluiten s\u00e4hk\u00f6postitse <a href=\"mailto:olli.sorva@nokiansahkotalo.fi\">olli.sorva(at)nokiansahkotalo.fi<\/a>. Ilmoittautua voi heti t\u00e4m\u00e4n kirjeen ilmestytty\u00e4 ja kurssi on kev\u00e4\u00e4n ainoa. T\u00e4m\u00e4 peruskurssi ei vaadi mit\u00e4\u00e4n ennakkotaitoa\/-tietoa. Nyt kannattaa l\u00e4hte\u00e4 hankkimaan tietoa tai kertaamaan olemassa olevaa.<\/p>\n<p>T\u00e4m\u00e4n ea. kurssin aiheina on peruselvytys ns. maallikkoelvytyksen l\u00e4pik\u00e4yminen, defibrillaattoriin eli syd\u00e4niskuriin tutustuminen sek\u00e4 aivoinfarktin oireiden tunnistaminen ja hoitoon hakeutuminen. Defibrillaattoreita alkaa olla jo monissa yleisiss\u00e4 paikoissa, kuten markettien aulatiloissa ja laite itse neuvoo, mit\u00e4 tehd\u00e4\u00e4n, joten sen k\u00e4ytt\u00f6 onnistuu hyvin my\u00f6s maallikoltakin. Taivalkunnassa kyseinen laite on ainakin River Golfissa. Ehk\u00e4 jotain muutakin pient\u00e4 on ohjelmassa, sill\u00e4 sis\u00e4lt\u00f6 on viel\u00e4 v\u00e4h\u00e4n avoin. Kurssin vet\u00e4j\u00e4n\u00e4 toimii Timo Leskinen.<\/p>\n<p>Muista, ett\u00e4 ensiaputaidoilla voi pelastaa jopa oman tai l\u00e4himm\u00e4isens\u00e4 el\u00e4m\u00e4n!<\/p>\n<p>Messut Nokialla (26.5-27.5) tapahtumassa on Nokian kylill\u00e4 yhteinen osasto ja <strong>Taivalkunnan kyl\u00e4t ry<\/strong> on mukana. S\u00e4\u00e4nt\u00f6jen mukaan kyl\u00e4yhdistys osallistuu toiminta-alueen kehitt\u00e4miseen yhteisty\u00f6ss\u00e4 asukkaiden, yritysten, yhteis\u00f6jen ja muiden organisaatioiden kanssa. Jos esim. muilla kyl\u00e4ll\u00e4 toimivilla yhdistyksill\u00e4 on kyl\u00e4materiaalia tai esitteit\u00e4 toiminnastaan, niin ottakaa yhteytt\u00e4. Taivalkunnan kylien nimen alla on tarkoitus kehitt\u00e4\u00e4 yhteisty\u00f6ss\u00e4 koko kyl\u00e4\u00e4 ja lis\u00e4t\u00e4 sen asukkaiden viihtyvyytt\u00e4.<\/p>\n<p>Taivalkunnan kyl\u00e4t ry:n <strong>kev\u00e4tkokous pidet\u00e4\u00e4n 26.4 kello 18.30<\/strong>. Tuolloin paikalla on my\u00f6s <strong>elinkeinop\u00e4\u00e4llikk\u00f6 Tiina Laakkonen<\/strong>.<\/p>\n<p>Kyl\u00e4n perinteiset <strong>Kev\u00e4tkarkelot pidet\u00e4\u00e4n to 17.5.2018 klo 18.00<\/strong> Taivalkunnan koululla. J\u00e4rjestelyvastuu on Taivalkunnan kyl\u00e4t ry:ll\u00e4, mutta kutsumme kaikki muutkin <strong>Taivalkuntalaiset yhdistykset ja asukkaat<\/strong> osallistumaan ja ideoimaan <strong>4.4 kello 18.30<\/strong> pidett\u00e4v\u00e4\u00e4n suunnittelupalaveriin.<\/p>\n<p>Ollaan yhteydess\u00e4 puolin ja toisin. Taivalkunnan kyl\u00e4t ry pj. Olli Sorva, <a href=\"http:\/\/olli.sorva(at)nokiansahkotalo.fi\">olli.sorva(at)nokiansahkotalo.fi<\/a>, <a href=\"http:\/\/www.nokiankylat.fi\/taivalkunta\">www.nokiankylat.fi\/taivalkunta<\/a>, <a href=\"http:\/\/www.facebook.com\/taivalkunta\/\">www.facebook.com\/taivalkunta\/<\/a>.<\/p>\n","protected":false},"excerpt":{"rendered":"<p>Taivalkunnan kyl\u00e4kirje 16.3.2018 Osana kyl\u00e4mme turvallisuussuunnitelman toteuttamista Taivalkunnan koululla pidet\u00e4\u00e4n ensiapukurssi 3.5.2018 KLO 18.30. Kurssin j\u00e4rjest\u00e4\u00e4 Taivalkunnan kyl\u00e4t ry ja se on nykyisille ja entisille kyl\u00e4l\u00e4isille ilmainen. Osallistujilta vaaditaan ennakkoilmoittautuminen ja mukaan mahtuu vain 20 ensimm\u00e4iseksi ilmoittautunutta. Ilmoittautumiset kyl\u00e4yhdistyksen pj:lle mieluiten s\u00e4hk\u00f6postitse olli.sorva(at)nokiansahkotalo.fi. Ilmoittautua voi heti t\u00e4m\u00e4n kirjeen ilmestytty\u00e4 ja kurssi on kev\u00e4\u00e4n ainoa. T\u00e4m\u00e4 &hellip; <a href=\"https:\/\/www.nokiankylat.fi\/taivalkunta\/yhdistykset\/taivalkunnan-kylat-ry\/kylayhdistyksen-arkisto\/kylakirjeet\/kylakirjeet-2018\/kylakirje-16-3-2018\/\">Jatkuu<\/a><\/p>\n","protected":false},"author":4,"featured_media":0,"parent":2356,"menu_order":0,"comment_status":"closed","ping_status":"closed","template":"","meta":{"_acf_changed":false,"footnotes":""},"class_list":["post-2412","page","type-page","status-publish","hentry"],"acf":[],"_links":{"self":[{"href":"https:\/\/www.nokiankylat.fi\/taivalkunta\/wp-json\/wp\/v2\/pages\/2412","targetHints":{"allow":["GET"]}}],"collection":[{"href":"https:\/\/www.nokiankylat.fi\/taivalkunta\/wp-json\/wp\/v2\/pages"}],"about":[{"href":"https:\/\/www.nokiankylat.fi\/taivalkunta\/wp-json\/wp\/v2\/types\/page"}],"author":[{"embeddable":true,"href":"https:\/\/www.nokiankylat.fi\/taivalkunta\/wp-json\/wp\/v2\/users\/4"}],"replies":[{"embeddable":true,"href":"https:\/\/www.nokiankylat.fi\/taivalkunta\/wp-json\/wp\/v2\/comments?post=2412"}],"version-history":[{"count":1,"href":"https:\/\/www.nokiankylat.fi\/taivalkunta\/wp-json\/wp\/v2\/pages\/2412\/revisions"}],"predecessor-version":[{"id":2413,"href":"https:\/\/www.nokiankylat.fi\/taivalkunta\/wp-json\/wp\/v2\/pages\/2412\/revisions\/2413"}],"up":[{"embeddable":true,"href":"https:\/\/www.nokiankylat.fi\/taivalkunta\/wp-json\/wp\/v2\/pages\/2356"}],"wp:attachment":[{"href":"https:\/\/www.nokiankylat.fi\/taivalkunta\/wp-json\/wp\/v2\/media?parent=2412"}],"curies":[{"name":"wp","href":"https:\/\/api.w.org\/{rel}","templated":true}]}}