{"id":2420,"date":"2018-04-07T13:11:38","date_gmt":"2018-04-07T10:11:38","guid":{"rendered":"https:\/\/www.nokiankylat.fi\/taivalkunta\/?page_id=2420"},"modified":"2018-04-07T13:18:54","modified_gmt":"2018-04-07T10:18:54","slug":"taivalkunta-historiasta-nykypaivaan","status":"publish","type":"page","link":"https:\/\/www.nokiankylat.fi\/taivalkunta\/yhdistykset\/taivalkunnan-kylat-ry\/taivalkunta-historiasta-nykypaivaan\/","title":{"rendered":"Taivalkunta historiasta nykyp\u00e4iv\u00e4\u00e4n"},"content":{"rendered":"<p>Tein \u201dTaivalkunta historiasta nykyaikaan\u201d kuvateoksen. Se on A4 kokoinen ja 165 sivuinen kirja. Kirjassa on yli 380 valokuvaa kuvateksteineen ja noin puolet kuvista on v\u00e4rikuvia. Tein kirjan omakustanteisesti ja sit\u00e4 on minulla myynniss\u00e4 30,- euroa\/kpl. Kirjan voi ostaa my\u00f6s yritykseni (Nokian S\u00e4hk\u00f6talo Oy) kautta. Annan mielell\u00e4ni lis\u00e4tietoa teoksesta ja sen taustoista.<\/p>\n<p>Kirja ilmestyi vuonna 2017 Suomen t\u00e4ytt\u00e4ess\u00e4 100 vuotta. Toimin Taivalkunnan kyl\u00e4t ry:n puheenjohtajana, joten kirjaa voi kysell\u00e4 my\u00f6s sit\u00e4 kautta. Minut tavoittaa s\u00e4hk\u00f6postitse <a href=\"mailto:olli.sorva@nokiansahkotalo.fi\">olli.sorva@nokiansahkotalo.fi\u00a0<\/a><\/p>\n<p>T\u00e4ss\u00e4 kirjan saatteeksi sivu ja takakansi.<\/p>\n<p><a href=\"https:\/\/www.nokiankylat.fi\/taivalkunta\/wp-content\/uploads\/sites\/11\/2017\/12\/HISTORIATEOS-SAATTEEKSI-e1513873053481.jpg\"><img loading=\"lazy\" decoding=\"async\" class=\"alignnone size-medium wp-image-2344\" src=\"https:\/\/www.nokiankylat.fi\/taivalkunta\/wp-content\/uploads\/sites\/11\/2017\/12\/HISTORIATEOS-SAATTEEKSI-218x300.jpg\" alt=\"\" width=\"218\" height=\"300\" \/><\/a><a href=\"https:\/\/www.nokiankylat.fi\/taivalkunta\/wp-content\/uploads\/sites\/11\/2018\/04\/HISTORIATEOS-TAKAKANSI.jpg\"><img loading=\"lazy\" decoding=\"async\" class=\"alignnone wp-image-2421 size-medium\" src=\"https:\/\/www.nokiankylat.fi\/taivalkunta\/wp-content\/uploads\/sites\/11\/2018\/04\/HISTORIATEOS-TAKAKANSI-218x300.jpg\" alt=\"\" width=\"218\" height=\"300\" \/><\/a><\/p>\n","protected":false},"excerpt":{"rendered":"<p>Tein \u201dTaivalkunta historiasta nykyaikaan\u201d kuvateoksen. Se on A4 kokoinen ja 165 sivuinen kirja. Kirjassa on yli 380 valokuvaa kuvateksteineen ja noin puolet kuvista on v\u00e4rikuvia. Tein kirjan omakustanteisesti ja sit\u00e4 on minulla myynniss\u00e4 30,- euroa\/kpl. Kirjan voi ostaa my\u00f6s yritykseni (Nokian S\u00e4hk\u00f6talo Oy) kautta. Annan mielell\u00e4ni lis\u00e4tietoa teoksesta ja sen taustoista. Kirja ilmestyi vuonna 2017 &hellip; <a href=\"https:\/\/www.nokiankylat.fi\/taivalkunta\/yhdistykset\/taivalkunnan-kylat-ry\/taivalkunta-historiasta-nykypaivaan\/\">Jatkuu<\/a><\/p>\n","protected":false},"author":4,"featured_media":0,"parent":43,"menu_order":0,"comment_status":"closed","ping_status":"closed","template":"","meta":{"_acf_changed":false,"footnotes":""},"class_list":["post-2420","page","type-page","status-publish","hentry"],"acf":[],"_links":{"self":[{"href":"https:\/\/www.nokiankylat.fi\/taivalkunta\/wp-json\/wp\/v2\/pages\/2420","targetHints":{"allow":["GET"]}}],"collection":[{"href":"https:\/\/www.nokiankylat.fi\/taivalkunta\/wp-json\/wp\/v2\/pages"}],"about":[{"href":"https:\/\/www.nokiankylat.fi\/taivalkunta\/wp-json\/wp\/v2\/types\/page"}],"author":[{"embeddable":true,"href":"https:\/\/www.nokiankylat.fi\/taivalkunta\/wp-json\/wp\/v2\/users\/4"}],"replies":[{"embeddable":true,"href":"https:\/\/www.nokiankylat.fi\/taivalkunta\/wp-json\/wp\/v2\/comments?post=2420"}],"version-history":[{"count":4,"href":"https:\/\/www.nokiankylat.fi\/taivalkunta\/wp-json\/wp\/v2\/pages\/2420\/revisions"}],"predecessor-version":[{"id":2425,"href":"https:\/\/www.nokiankylat.fi\/taivalkunta\/wp-json\/wp\/v2\/pages\/2420\/revisions\/2425"}],"up":[{"embeddable":true,"href":"https:\/\/www.nokiankylat.fi\/taivalkunta\/wp-json\/wp\/v2\/pages\/43"}],"wp:attachment":[{"href":"https:\/\/www.nokiankylat.fi\/taivalkunta\/wp-json\/wp\/v2\/media?parent=2420"}],"curies":[{"name":"wp","href":"https:\/\/api.w.org\/{rel}","templated":true}]}}