{"id":243,"date":"2016-01-24T14:25:06","date_gmt":"2016-01-24T12:25:06","guid":{"rendered":"http:\/\/nokiankylat.wysiwyg.fi\/taivalkunta\/?page_id=243"},"modified":"2017-07-22T11:10:59","modified_gmt":"2017-07-22T08:10:59","slug":"tiehoitokunnat","status":"publish","type":"page","link":"https:\/\/www.nokiankylat.fi\/taivalkunta\/yhdistykset\/tiehoitokunnat\/","title":{"rendered":"Tiehoitokunnat"},"content":{"rendered":"<p>Kyl\u00e4ll\u00e4 on useita yksityisteit\u00e4. Tieosakkaiden on pidett\u00e4v\u00e4 yksityistie tarkoitustaan vastaavassa kunnossa eli l\u00e4hinn\u00e4 tieosakkaiden liikenteen edellytt\u00e4m\u00e4ss\u00e4 kunnossa. Tieosakkaat p\u00e4\u00e4tt\u00e4v\u00e4t itse tien kunnossapitotasosta. Lis\u00e4\u00e4 tietoa yksityisteiden hoidosta l\u00f6ytyy <a href=\"https:\/\/www.nokiankylat.fi\/taivalkunta\/wp-content\/uploads\/sites\/11\/2016\/01\/YKSITYISTIEN-KUNNOSAPIDOSTA.pdf\">YKSITYISTIEN KUNNOSAPIDOSTA<\/a>. Linkki avaa 108-sivuisen PDF tiedoston.<\/p>\n","protected":false},"excerpt":{"rendered":"<p>Kyl\u00e4ll\u00e4 on useita yksityisteit\u00e4. Tieosakkaiden on pidett\u00e4v\u00e4 yksityistie tarkoitustaan vastaavassa kunnossa eli l\u00e4hinn\u00e4 tieosakkaiden liikenteen edellytt\u00e4m\u00e4ss\u00e4 kunnossa. Tieosakkaat p\u00e4\u00e4tt\u00e4v\u00e4t itse tien kunnossapitotasosta. Lis\u00e4\u00e4 tietoa yksityisteiden hoidosta l\u00f6ytyy YKSITYISTIEN KUNNOSAPIDOSTA. Linkki avaa 108-sivuisen PDF tiedoston.<\/p>\n","protected":false},"author":4,"featured_media":0,"parent":39,"menu_order":0,"comment_status":"closed","ping_status":"closed","template":"","meta":{"_acf_changed":false,"footnotes":""},"class_list":["post-243","page","type-page","status-publish","hentry"],"acf":[],"_links":{"self":[{"href":"https:\/\/www.nokiankylat.fi\/taivalkunta\/wp-json\/wp\/v2\/pages\/243","targetHints":{"allow":["GET"]}}],"collection":[{"href":"https:\/\/www.nokiankylat.fi\/taivalkunta\/wp-json\/wp\/v2\/pages"}],"about":[{"href":"https:\/\/www.nokiankylat.fi\/taivalkunta\/wp-json\/wp\/v2\/types\/page"}],"author":[{"embeddable":true,"href":"https:\/\/www.nokiankylat.fi\/taivalkunta\/wp-json\/wp\/v2\/users\/4"}],"replies":[{"embeddable":true,"href":"https:\/\/www.nokiankylat.fi\/taivalkunta\/wp-json\/wp\/v2\/comments?post=243"}],"version-history":[{"count":6,"href":"https:\/\/www.nokiankylat.fi\/taivalkunta\/wp-json\/wp\/v2\/pages\/243\/revisions"}],"predecessor-version":[{"id":2217,"href":"https:\/\/www.nokiankylat.fi\/taivalkunta\/wp-json\/wp\/v2\/pages\/243\/revisions\/2217"}],"up":[{"embeddable":true,"href":"https:\/\/www.nokiankylat.fi\/taivalkunta\/wp-json\/wp\/v2\/pages\/39"}],"wp:attachment":[{"href":"https:\/\/www.nokiankylat.fi\/taivalkunta\/wp-json\/wp\/v2\/media?parent=243"}],"curies":[{"name":"wp","href":"https:\/\/api.w.org\/{rel}","templated":true}]}}