{"id":2434,"date":"2018-04-11T16:45:56","date_gmt":"2018-04-11T13:45:56","guid":{"rendered":"https:\/\/www.nokiankylat.fi\/taivalkunta\/?page_id=2434"},"modified":"2018-04-11T16:45:56","modified_gmt":"2018-04-11T13:45:56","slug":"kylakirje-12-4-2018","status":"publish","type":"page","link":"https:\/\/www.nokiankylat.fi\/taivalkunta\/yhdistykset\/taivalkunnan-kylat-ry\/kylayhdistyksen-arkisto\/kylakirjeet\/kylakirjeet-2018\/kylakirje-12-4-2018\/","title":{"rendered":"Kyl\u00e4kirje 12-4-2018"},"content":{"rendered":"<p>Taivalkunnan kyl\u00e4t ry:n kev\u00e4tkokous pidet\u00e4\u00e4n 26.4.2018 Taivalkunnan koululla.<\/p>\n<p><a href=\"https:\/\/www.nokiankylat.fi\/taivalkunta\/wp-content\/uploads\/sites\/11\/2018\/04\/2018-04-11-e1523454296820.png\"><img loading=\"lazy\" decoding=\"async\" class=\"alignnone size-medium wp-image-2435\" src=\"https:\/\/www.nokiankylat.fi\/taivalkunta\/wp-content\/uploads\/sites\/11\/2018\/04\/2018-04-11-e1523454296820-210x300.png\" alt=\"\" width=\"210\" height=\"300\" srcset=\"https:\/\/www.nokiankylat.fi\/taivalkunta\/wp-content\/uploads\/sites\/11\/2018\/04\/2018-04-11-e1523454296820-210x300.png 210w, https:\/\/www.nokiankylat.fi\/taivalkunta\/wp-content\/uploads\/sites\/11\/2018\/04\/2018-04-11-e1523454296820.png 617w\" sizes=\"auto, (max-width: 210px) 100vw, 210px\" \/><\/a><\/p>\n","protected":false},"excerpt":{"rendered":"<p>Taivalkunnan kyl\u00e4t ry:n kev\u00e4tkokous pidet\u00e4\u00e4n 26.4.2018 Taivalkunnan koululla.<\/p>\n","protected":false},"author":4,"featured_media":0,"parent":2356,"menu_order":0,"comment_status":"closed","ping_status":"closed","template":"","meta":{"_acf_changed":false,"footnotes":""},"class_list":["post-2434","page","type-page","status-publish","hentry"],"acf":[],"_links":{"self":[{"href":"https:\/\/www.nokiankylat.fi\/taivalkunta\/wp-json\/wp\/v2\/pages\/2434","targetHints":{"allow":["GET"]}}],"collection":[{"href":"https:\/\/www.nokiankylat.fi\/taivalkunta\/wp-json\/wp\/v2\/pages"}],"about":[{"href":"https:\/\/www.nokiankylat.fi\/taivalkunta\/wp-json\/wp\/v2\/types\/page"}],"author":[{"embeddable":true,"href":"https:\/\/www.nokiankylat.fi\/taivalkunta\/wp-json\/wp\/v2\/users\/4"}],"replies":[{"embeddable":true,"href":"https:\/\/www.nokiankylat.fi\/taivalkunta\/wp-json\/wp\/v2\/comments?post=2434"}],"version-history":[{"count":1,"href":"https:\/\/www.nokiankylat.fi\/taivalkunta\/wp-json\/wp\/v2\/pages\/2434\/revisions"}],"predecessor-version":[{"id":2436,"href":"https:\/\/www.nokiankylat.fi\/taivalkunta\/wp-json\/wp\/v2\/pages\/2434\/revisions\/2436"}],"up":[{"embeddable":true,"href":"https:\/\/www.nokiankylat.fi\/taivalkunta\/wp-json\/wp\/v2\/pages\/2356"}],"wp:attachment":[{"href":"https:\/\/www.nokiankylat.fi\/taivalkunta\/wp-json\/wp\/v2\/media?parent=2434"}],"curies":[{"name":"wp","href":"https:\/\/api.w.org\/{rel}","templated":true}]}}