{"id":245,"date":"2016-01-24T14:26:05","date_gmt":"2016-01-24T12:26:05","guid":{"rendered":"http:\/\/nokiankylat.wysiwyg.fi\/taivalkunta\/?page_id=245"},"modified":"2017-07-22T10:41:18","modified_gmt":"2017-07-22T07:41:18","slug":"pihtikorventien-yksityistie","status":"publish","type":"page","link":"https:\/\/www.nokiankylat.fi\/taivalkunta\/yhdistykset\/tiehoitokunnat\/pihtikorventien-yksityistie\/","title":{"rendered":"Pihtikorventien yksityistie"},"content":{"rendered":"<h2>Tie on 750 metri\u00e4 pitk\u00e4 ja tieoskkaita on 28 kappaletta.<\/h2>\n<h2>Tielle on valittu tiehoitokunta.<\/h2>\n<h2>Puheenjohtaja on Olli Sorva, joka hoitaa my\u00f6s talousasiat.<\/h2>\n<h2>Lis\u00e4ksi hoitokuntaan kuuluvat Kari Aro ja Osmo Sorva.<\/h2>\n","protected":false},"excerpt":{"rendered":"<p>Tie on 750 metri\u00e4 pitk\u00e4 ja tieoskkaita on 28 kappaletta. Tielle on valittu tiehoitokunta. Puheenjohtaja on Olli Sorva, joka hoitaa my\u00f6s talousasiat. Lis\u00e4ksi hoitokuntaan kuuluvat Kari Aro ja Osmo Sorva.<\/p>\n","protected":false},"author":4,"featured_media":0,"parent":243,"menu_order":0,"comment_status":"closed","ping_status":"closed","template":"","meta":{"_acf_changed":false,"footnotes":""},"class_list":["post-245","page","type-page","status-publish","hentry"],"acf":[],"_links":{"self":[{"href":"https:\/\/www.nokiankylat.fi\/taivalkunta\/wp-json\/wp\/v2\/pages\/245","targetHints":{"allow":["GET"]}}],"collection":[{"href":"https:\/\/www.nokiankylat.fi\/taivalkunta\/wp-json\/wp\/v2\/pages"}],"about":[{"href":"https:\/\/www.nokiankylat.fi\/taivalkunta\/wp-json\/wp\/v2\/types\/page"}],"author":[{"embeddable":true,"href":"https:\/\/www.nokiankylat.fi\/taivalkunta\/wp-json\/wp\/v2\/users\/4"}],"replies":[{"embeddable":true,"href":"https:\/\/www.nokiankylat.fi\/taivalkunta\/wp-json\/wp\/v2\/comments?post=245"}],"version-history":[{"count":7,"href":"https:\/\/www.nokiankylat.fi\/taivalkunta\/wp-json\/wp\/v2\/pages\/245\/revisions"}],"predecessor-version":[{"id":2212,"href":"https:\/\/www.nokiankylat.fi\/taivalkunta\/wp-json\/wp\/v2\/pages\/245\/revisions\/2212"}],"up":[{"embeddable":true,"href":"https:\/\/www.nokiankylat.fi\/taivalkunta\/wp-json\/wp\/v2\/pages\/243"}],"wp:attachment":[{"href":"https:\/\/www.nokiankylat.fi\/taivalkunta\/wp-json\/wp\/v2\/media?parent=245"}],"curies":[{"name":"wp","href":"https:\/\/api.w.org\/{rel}","templated":true}]}}