{"id":2485,"date":"2018-04-18T09:51:57","date_gmt":"2018-04-18T06:51:57","guid":{"rendered":"https:\/\/www.nokiankylat.fi\/taivalkunta\/?page_id=2485"},"modified":"2018-04-21T10:27:59","modified_gmt":"2018-04-21T07:27:59","slug":"kevatkokous-26-4-2018","status":"publish","type":"page","link":"https:\/\/www.nokiankylat.fi\/taivalkunta\/yhdistykset\/taivalkunnan-kylat-ry\/kokoukset-ja-kylaillat\/kevatkokous-26-4-2018\/","title":{"rendered":"Kev\u00e4tkokous 26-4-2018"},"content":{"rendered":"<p>Hallitus kutsuu v\u00e4en vire\u00e4n kyl\u00e4yhdistyksen kev\u00e4tkokoukseen.<\/p>\n","protected":false},"excerpt":{"rendered":"<p>Hallitus kutsuu v\u00e4en vire\u00e4n kyl\u00e4yhdistyksen kev\u00e4tkokoukseen.<\/p>\n","protected":false},"author":4,"featured_media":0,"parent":1034,"menu_order":0,"comment_status":"closed","ping_status":"closed","template":"","meta":{"_acf_changed":false,"footnotes":""},"class_list":["post-2485","page","type-page","status-publish","hentry"],"acf":[],"_links":{"self":[{"href":"https:\/\/www.nokiankylat.fi\/taivalkunta\/wp-json\/wp\/v2\/pages\/2485","targetHints":{"allow":["GET"]}}],"collection":[{"href":"https:\/\/www.nokiankylat.fi\/taivalkunta\/wp-json\/wp\/v2\/pages"}],"about":[{"href":"https:\/\/www.nokiankylat.fi\/taivalkunta\/wp-json\/wp\/v2\/types\/page"}],"author":[{"embeddable":true,"href":"https:\/\/www.nokiankylat.fi\/taivalkunta\/wp-json\/wp\/v2\/users\/4"}],"replies":[{"embeddable":true,"href":"https:\/\/www.nokiankylat.fi\/taivalkunta\/wp-json\/wp\/v2\/comments?post=2485"}],"version-history":[{"count":3,"href":"https:\/\/www.nokiankylat.fi\/taivalkunta\/wp-json\/wp\/v2\/pages\/2485\/revisions"}],"predecessor-version":[{"id":2504,"href":"https:\/\/www.nokiankylat.fi\/taivalkunta\/wp-json\/wp\/v2\/pages\/2485\/revisions\/2504"}],"up":[{"embeddable":true,"href":"https:\/\/www.nokiankylat.fi\/taivalkunta\/wp-json\/wp\/v2\/pages\/1034"}],"wp:attachment":[{"href":"https:\/\/www.nokiankylat.fi\/taivalkunta\/wp-json\/wp\/v2\/media?parent=2485"}],"curies":[{"name":"wp","href":"https:\/\/api.w.org\/{rel}","templated":true}]}}