{"id":2497,"date":"2018-04-19T10:13:16","date_gmt":"2018-04-19T07:13:16","guid":{"rendered":"https:\/\/www.nokiankylat.fi\/taivalkunta\/?page_id=2497"},"modified":"2018-04-21T10:23:12","modified_gmt":"2018-04-21T07:23:12","slug":"esityslista-26-4-2018","status":"publish","type":"page","link":"https:\/\/www.nokiankylat.fi\/taivalkunta\/yhdistykset\/taivalkunnan-kylat-ry\/kokoukset-ja-kylaillat\/kevatkokous-26-4-2018\/esityslista-26-4-2018\/","title":{"rendered":"Esityslista 26-4-2018"},"content":{"rendered":"<p><strong>Taivalkunnan kyl\u00e4t ry<\/strong>\u00a0\u00a0\u00a0\u00a0\u00a0\u00a0\u00a0\u00a0\u00a0\u00a0\u00a0\u00a0\u00a0\u00a0\u00a0\u00a0\u00a0\u00a0\u00a0\u00a0\u00a0\u00a0\u00a0\u00a0\u00a0\u00a0\u00a0\u00a0\u00a0\u00a0\u00a0\u00a0\u00a0\u00a0\u00a0\u00a0\u00a0\u00a0\u00a0\u00a0\u00a0\u00a0\u00a0\u00a0\u00a0\u00a0\u00a0\u00a0\u00a0\u00a0\u00a0\u00a0\u00a0\u00a0\u00a0\u00a0\u00a0\u00a0\u00a0\u00a0\u00a0\u00a0\u00a0\u00a0\u00a0\u00a0\u00a0\u00a0\u00a0\u00a0\u00a0\u00a0\u00a0\u00a0\u00a0\u00a0\u00a0\u00a0\u00a0\u00a0\u00a0\u00a0\u00a0\u00a0\u00a0\u00a0\u00a0\u00a0\u00a0\u00a0\u00a0\u00a0\u00a0\u00a0\u00a0\u00a0\u00a0\u00a0\u00a0\u00a0\u00a0 <strong>ESITYSLISTA<\/strong><\/p>\n<p><strong>KEV\u00c4TKOKOUS<\/strong><\/p>\n<p>Aika: 26.4.2018 klo 18.30<br \/>\nPaikka: Taivalkunnan koulu, Taivalkunnantie 575, 37120 Nokia<\/p>\n<p><strong>1.Kokouksen avaaminen<\/strong><\/p>\n<p>yhdistyksen puheenjohtaja avaa kokouksen<\/p>\n<p><strong>2. Kokouksen j\u00e4rjest\u00e4ytyminen<\/strong><\/p>\n<p>valitaan kokouksen puheenjohtaja, sihteeri, kaksi p\u00f6yt\u00e4kirjantarkastajaa ja tarvittaessa kaksi \u00e4\u00e4ntenlaskijaa<\/p>\n<p><strong>3.Laillisuuden ja p\u00e4\u00e4t\u00f6svaltaisuuden toteaminen<\/strong><\/p>\n<p>kokous on yhdistyksen s\u00e4\u00e4nt\u00f6jen mukaan koollekutsuttu<\/p>\n<p><strong>4.Esityslistan hyv\u00e4ksyminen<\/strong><\/p>\n<p>p\u00e4\u00e4tet\u00e4\u00e4n kokouksen ty\u00f6j\u00e4rjestyksest\u00e4 (esityslista on ollut kotisivuilla n\u00e4ht\u00e4viss\u00e4 ja k\u00e4yd\u00e4\u00e4n l\u00e4pi tarvittaessa)<\/p>\n<p><strong>5.Toimintakertomuksen 2017 k\u00e4sittely<\/strong><\/p>\n<p>k\u00e4sitell\u00e4\u00e4n hallituksen esitt\u00e4m\u00e4 toimintakertomus<\/p>\n<p><strong>5.Tilinp\u00e4\u00e4t\u00f6ksen k\u00e4sittely<\/strong><\/p>\n<p>esitet\u00e4\u00e4n tilinp\u00e4\u00e4t\u00f6s ja kuullaan toiminnantarkastajan lausunto<\/p>\n<p><strong>7.Tili- ja vastuuvapauden my\u00f6nt\u00e4minen tilivelvollisille<\/strong><\/p>\n<p>p\u00e4\u00e4tet\u00e4\u00e4n tilinp\u00e4\u00e4t\u00f6ksen vahvistamisesta ja vastuuvapauden my\u00f6nt\u00e4misest\u00e4 hallitukselle ja muille tilivelvollisille<\/p>\n<p><strong>8.Muut asiat<\/strong><\/p>\n<p>-ilmoitusasiat<\/p>\n<p style=\"padding-left: 30px\"><strong>ensiapukurssi<\/strong> on 3.5.2018 kello 18.30, <strong>ilmoittautumiset 27.4 menness\u00e4<\/strong><\/p>\n<p style=\"padding-left: 30px\"><strong>kev\u00e4tkarkelot<\/strong> ovat 17.5 kello 18-20 koululla<\/p>\n<p style=\"padding-left: 60px\">perinteinen kyl\u00e4juhla seurustelun, ulkoilun ja tarjottavien parissa<\/p>\n<p style=\"padding-left: 30px\"><strong>messut Nokialla <\/strong>ovat 25-26.5.2018<\/p>\n<p style=\"padding-left: 60px\">Taivalkunta on mukana Nokian kylien yhteisell\u00e4 osastolla<\/p>\n<p style=\"padding-left: 30px\"><strong>perhepesis <\/strong>14.6, 28.6, 12.7 ja 26.7 kello 18.30 koulun pihakent\u00e4ll\u00e4<\/p>\n<p style=\"padding-left: 60px\">kaikenik\u00e4iset samaan aikaan samalla pelikent\u00e4ll\u00e4<\/p>\n<p>-Mahdolliset muut kokousasiat<\/p>\n<p>-Nokian kaupungin elinkeinop\u00e4\u00e4llikk\u00f6 <strong>Tiina Laakkonen<\/strong><\/p>\n<p style=\"padding-left: 30px\">kyl\u00e4yhdistyksen kutsumana vieraana on esitt\u00e4ytym\u00e4ss\u00e4 ja kertomassa ajankohtaisasioista (n.15min)<\/p>\n<p><strong>9.Kokouksen p\u00e4\u00e4tt\u00e4minen<\/strong><\/p>\n<p>kokouksen puheenjohtaja p\u00e4\u00e4tt\u00e4\u00e4 kokouksen<\/p>\n","protected":false},"excerpt":{"rendered":"<p>Taivalkunnan kyl\u00e4t ry\u00a0\u00a0\u00a0\u00a0\u00a0\u00a0\u00a0\u00a0\u00a0\u00a0\u00a0\u00a0\u00a0\u00a0\u00a0\u00a0\u00a0\u00a0\u00a0\u00a0\u00a0\u00a0\u00a0\u00a0\u00a0\u00a0\u00a0\u00a0\u00a0\u00a0\u00a0\u00a0\u00a0\u00a0\u00a0\u00a0\u00a0\u00a0\u00a0\u00a0\u00a0\u00a0\u00a0\u00a0\u00a0\u00a0\u00a0\u00a0\u00a0\u00a0\u00a0\u00a0\u00a0\u00a0\u00a0\u00a0\u00a0\u00a0\u00a0\u00a0\u00a0\u00a0\u00a0\u00a0\u00a0\u00a0\u00a0\u00a0\u00a0\u00a0\u00a0\u00a0\u00a0\u00a0\u00a0\u00a0\u00a0\u00a0\u00a0\u00a0\u00a0\u00a0\u00a0\u00a0\u00a0\u00a0\u00a0\u00a0\u00a0\u00a0\u00a0\u00a0\u00a0\u00a0\u00a0\u00a0\u00a0\u00a0\u00a0\u00a0\u00a0 ESITYSLISTA KEV\u00c4TKOKOUS Aika: 26.4.2018 klo 18.30 Paikka: Taivalkunnan koulu, Taivalkunnantie 575, 37120 Nokia 1.Kokouksen avaaminen yhdistyksen puheenjohtaja avaa kokouksen 2. Kokouksen j\u00e4rjest\u00e4ytyminen valitaan kokouksen puheenjohtaja, sihteeri, kaksi p\u00f6yt\u00e4kirjantarkastajaa ja tarvittaessa kaksi \u00e4\u00e4ntenlaskijaa 3.Laillisuuden ja p\u00e4\u00e4t\u00f6svaltaisuuden toteaminen kokous on yhdistyksen s\u00e4\u00e4nt\u00f6jen mukaan koollekutsuttu 4.Esityslistan hyv\u00e4ksyminen p\u00e4\u00e4tet\u00e4\u00e4n kokouksen ty\u00f6j\u00e4rjestyksest\u00e4 (esityslista on ollut kotisivuilla n\u00e4ht\u00e4viss\u00e4 &hellip; <a href=\"https:\/\/www.nokiankylat.fi\/taivalkunta\/yhdistykset\/taivalkunnan-kylat-ry\/kokoukset-ja-kylaillat\/kevatkokous-26-4-2018\/esityslista-26-4-2018\/\">Jatkuu<\/a><\/p>\n","protected":false},"author":4,"featured_media":0,"parent":2485,"menu_order":0,"comment_status":"closed","ping_status":"closed","template":"","meta":{"_acf_changed":false,"footnotes":""},"class_list":["post-2497","page","type-page","status-publish","hentry"],"acf":[],"_links":{"self":[{"href":"https:\/\/www.nokiankylat.fi\/taivalkunta\/wp-json\/wp\/v2\/pages\/2497","targetHints":{"allow":["GET"]}}],"collection":[{"href":"https:\/\/www.nokiankylat.fi\/taivalkunta\/wp-json\/wp\/v2\/pages"}],"about":[{"href":"https:\/\/www.nokiankylat.fi\/taivalkunta\/wp-json\/wp\/v2\/types\/page"}],"author":[{"embeddable":true,"href":"https:\/\/www.nokiankylat.fi\/taivalkunta\/wp-json\/wp\/v2\/users\/4"}],"replies":[{"embeddable":true,"href":"https:\/\/www.nokiankylat.fi\/taivalkunta\/wp-json\/wp\/v2\/comments?post=2497"}],"version-history":[{"count":5,"href":"https:\/\/www.nokiankylat.fi\/taivalkunta\/wp-json\/wp\/v2\/pages\/2497\/revisions"}],"predecessor-version":[{"id":2502,"href":"https:\/\/www.nokiankylat.fi\/taivalkunta\/wp-json\/wp\/v2\/pages\/2497\/revisions\/2502"}],"up":[{"embeddable":true,"href":"https:\/\/www.nokiankylat.fi\/taivalkunta\/wp-json\/wp\/v2\/pages\/2485"}],"wp:attachment":[{"href":"https:\/\/www.nokiankylat.fi\/taivalkunta\/wp-json\/wp\/v2\/media?parent=2497"}],"curies":[{"name":"wp","href":"https:\/\/api.w.org\/{rel}","templated":true}]}}