{"id":2512,"date":"2017-08-10T11:46:53","date_gmt":"2017-08-10T08:46:53","guid":{"rendered":"https:\/\/www.nokiankylat.fi\/taivalkunta\/?page_id=2512"},"modified":"2018-04-21T12:23:07","modified_gmt":"2018-04-21T09:23:07","slug":"kantrin-kylablogi-9-8-2017","status":"publish","type":"page","link":"https:\/\/www.nokiankylat.fi\/taivalkunta\/kuvat\/lehtileikkeita\/lehtileikkeita-2017\/kantrin-kylablogi-9-8-2017\/","title":{"rendered":"Kantrin kyl\u00e4blogi 9-8-2017"},"content":{"rendered":"<p><strong>KESKIVIIKKO 9. ELOKUUTA 2017<\/strong><\/p>\n<p><strong><a href=\"http:\/\/kantrinkylablogi.blogspot.fi\/2017\/08\/hyva-voittaa-vastoinkaymisetkin.html\">Hyv\u00e4 voittaa vastoink\u00e4ymisetkin<\/a><\/strong><\/p>\n<p><a href=\"https:\/\/www.nokiankylat.fi\/taivalkunta\/wp-content\/uploads\/sites\/11\/2018\/04\/2018-04-21-4-e1524298955160.png\"><img loading=\"lazy\" decoding=\"async\" class=\"alignnone wp-image-2510\" src=\"https:\/\/www.nokiankylat.fi\/taivalkunta\/wp-content\/uploads\/sites\/11\/2018\/04\/2018-04-21-4-e1524298955160-202x300.png\" alt=\"\" width=\"131\" height=\"194\" srcset=\"https:\/\/www.nokiankylat.fi\/taivalkunta\/wp-content\/uploads\/sites\/11\/2018\/04\/2018-04-21-4-e1524298955160-202x300.png 202w, https:\/\/www.nokiankylat.fi\/taivalkunta\/wp-content\/uploads\/sites\/11\/2018\/04\/2018-04-21-4-e1524298955160.png 252w\" sizes=\"auto, (max-width: 131px) 100vw, 131px\" \/><\/a><\/p>\n<p>PIILOVOIMAKO VIHAA KYL\u00c4KOULUJA<\/p>\n<p>Elettiin vuosikymmenen 1980-1990 taiteaikaa, kun jokin voima kaupungilta hy\u00f6kk\u00e4si Taivalkunnan koulua vastaan. Kaupunki p\u00e4\u00e4tti lopettaa koululta arkipyh\u00e4- ja viikonloppuliputukset. Hoidin sen j\u00e4lkeen muutaman vuoden liputushommaa yksin kyl\u00e4yhdistyksen puheenjohtajan ominaisuudessa, eik\u00e4 siit\u00e4 kaupunki mit\u00e4\u00e4n korvannut. Nyttemmin liputusvastuu on koulun vanhempainyhdistyksell\u00e4, jota tuolloin ei kyl\u00e4ll\u00e4mme viel\u00e4 ollut, koska kaupunki oli juuri lopettanut koululla toimineen yhteisty\u00f6elimen, jossa oli my\u00f6s vanhempien edustus.<\/p>\n<p>&nbsp;<\/p>\n<p>Hy\u00f6kk\u00e4ys jatkui, ja kyl\u00e4lle saatiin tieto, ett\u00e4 oli tehty \u201dalustava\u201d p\u00e4\u00e4t\u00f6s kyl\u00e4koulumme lopettamisesta. Tuolloinkin kyl\u00e4yhdistys teki tiivist\u00e4 yhteisty\u00f6t\u00e4 kaupungin kanssa koko Nokian kehitt\u00e4miseksi mm. vesi-, tiest\u00f6- ja turvallisuusasioissa. Yhteisty\u00f6 oli hedelm\u00e4llist\u00e4 ja Nokiaa saatiin kehitetty\u00e4 ja osansa kehityksest\u00e4 sai my\u00f6s Taivalkunta. Katuvalot meill\u00e4 jo oli, kun kaupunki alkoi vuokrata maitaan nykyiselle Golf-kent\u00e4lle. Koulun tienoille saatiin p\u00e4tk\u00e4 kevyenliikenteen v\u00e4yl\u00e4\u00e4 ja vesijohtoverkko suunnitteille. Kyl\u00e4yhdistys kannusti perustamaan vesiosuuskuntia ja homma eteni sit\u00e4 kautta. Kaikki muu meni hyvin, mutta koulua kalvettiin tasaisesti muutaman vuoden v\u00e4lein. En tied\u00e4, mik\u00e4 voima sen sai ja saa aikaiseksi.<\/p>\n<p>&nbsp;<\/p>\n<p>Olin kyl\u00e4yhdistyksen puheenjohtajana, kun alkukes\u00e4st\u00e4 sain yhdelt\u00e4 kyl\u00e4l\u00e4iselt\u00e4 tiedon, ett\u00e4 kyl\u00e4koulu on esitetty lopettavaksi kaikessa hiljaisuudessa jo tulevana syksyn\u00e4. Ennakkotietoa ei olisi kenties saatu, jos ei verkostoitumista ja hyvi\u00e4 yhteisty\u00f6suhteita kyl\u00e4ll\u00e4mme olisi jo tuolloin ollut. Homma oli jo kaupungilla saatu niin pitk\u00e4lle, ett\u00e4 asiasta p\u00e4\u00e4tt\u00e4v\u00e4 valtuuston kokous oli parin viikon p\u00e4\u00e4ss\u00e4, joten kutsuin kyl\u00e4hallituksen koolle v\u00e4litt\u00f6m\u00e4sti. Kyl\u00e4yhdistys jakoi kouluasiasta tiedon pikaisesti kaikkiin Taivalkunnan talouksiin ja laitoimme adressinker\u00e4\u00e4j\u00e4t liikkeelle, koska eih\u00e4n tuolloin mit\u00e4\u00e4n allekirjoituksia netin kautta voinut hoitaa. Kyl\u00e4mme asukasluku oli muistaakseni vajaat 300 henke\u00e4 ja kaikilta varteenotettavilta henkil\u00f6ilt\u00e4 kysyttiin mahdollisuutta ker\u00e4t\u00e4 nimi\u00e4 adressiin ty\u00f6paikaltaan ja tutuilta kuntalaisiltaan. Ilmoitin kaupunginvaltuuston puheenjohtajalle, ett\u00e4 kyl\u00e4lt\u00e4mme on tulossa suuri valtuuskunta tuomaan adressia tulevaan valtuustokokoukseen. Sovimme, ett\u00e4 luovutus tehd\u00e4\u00e4n kaupungintalon edess\u00e4 10 minuuttia ennen kokouksen alkua. Tuo p\u00e4iv\u00e4 oli 11.6.1992 ja olin kyl\u00e4yhdistyksen nimiss\u00e4 pyyt\u00e4nyt kaikkia koulun oppilaita ja muita kyl\u00e4l\u00e4isi\u00e4 lapsineen kokoontumaan sovittuun aikaan ja paikkaan, josta l\u00e4hdimme autokolonnana kaupungintalolle \u201dmielenilmaisuun\u201d. Olin luonnollisesti kertonut asiasta etuk\u00e4teen my\u00f6s paikallislehdelle.<\/p>\n<p>&nbsp;<\/p>\n<table style=\"height: 239px\" width=\"391\">\n<tbody>\n<tr>\n<td>\u00a0<a href=\"https:\/\/www.nokiankylat.fi\/taivalkunta\/wp-content\/uploads\/sites\/11\/2018\/04\/2018-04-21-5-e1524300655648.png\"><img loading=\"lazy\" decoding=\"async\" class=\"alignnone size-medium wp-image-2513\" src=\"https:\/\/www.nokiankylat.fi\/taivalkunta\/wp-content\/uploads\/sites\/11\/2018\/04\/2018-04-21-5-e1524300655648-300x175.png\" alt=\"\" width=\"300\" height=\"175\" srcset=\"https:\/\/www.nokiankylat.fi\/taivalkunta\/wp-content\/uploads\/sites\/11\/2018\/04\/2018-04-21-5-e1524300655648-300x175.png 300w, https:\/\/www.nokiankylat.fi\/taivalkunta\/wp-content\/uploads\/sites\/11\/2018\/04\/2018-04-21-5-e1524300655648.png 499w\" sizes=\"auto, (max-width: 300px) 100vw, 300px\" \/><\/a><\/td>\n<\/tr>\n<tr>\n<td>Mielenilmaisussa kaupungintalolla my\u00f6s lapset mukana. Kuva: Taivalkunnan kyl\u00e4yhdistys ry<\/td>\n<\/tr>\n<\/tbody>\n<\/table>\n<p>&nbsp;<\/p>\n<p>\u00c4L\u00c4 KAIHDA YHTEISTY\u00d6TAHOJA<\/p>\n<p>&nbsp;<\/p>\n<p>Kouluasiasta olin heti tiedon satuani yhteydess\u00e4 my\u00f6s naapurikyl\u00e4ss\u00e4 toimivaan kyl\u00e4yhdistykseen, koska heid\u00e4nkin kouluaan oltiin lopettamassa. Siten my\u00f6s heid\u00e4t saatiin samaan aikaan kaupungintalolle luovuttamaan omaa vetoomustaan. Kauppasin yhteisty\u00f6t\u00e4 naapurikyl\u00e4lle, vaikka tiesin, ett\u00e4 kahden kyl\u00e4koulun lopettamisen vaihtoehtona oli my\u00f6s pelk\u00e4n naapurikyl\u00e4koulun lopettaminen ja sen oppilaiden siirt\u00e4minen Taivalkuntaan. Eli kaupunki tietoisesti halusi ajaa my\u00f6s koulujen ja ehk\u00e4 kylienkin vastakkainasettelua ja lopettaa kyl\u00e4koulut yksitellen. Siihen en kuitenkaan sortunut, vaikka kyl\u00e4ll\u00e4mme sit\u00e4kin haluttiin koulumme pelastamiseksi.\u00a0 T\u00e4n\u00e4kin p\u00e4iv\u00e4n\u00e4 molemmat koulut ovat toiminnassa ja lapsim\u00e4\u00e4r\u00e4t hieman suuremmat kuin tuolloin. Taas t\u00f6rm\u00e4simme verkostoitumisasiaan.<\/p>\n<p>&nbsp;<\/p>\n<p>Oikea-aikainen toiminta on ensiarvoisen t\u00e4rke\u00e4\u00e4. Asiat saavat toisinaan aikaan ns. \u201dlumipalloefektin\u201d. Edell\u00e4 kertomassani asiassa k\u00e4vi my\u00f6s niin ja kyl\u00e4yhdistyksemme adressiin saatiin ker\u00e4tty\u00e4 noin 1000 nime\u00e4 pienen\u00e4 aikana ja mukana oli kunnanvaltuutettujenkin nimi\u00e4. Eli nimi\u00e4 taisi tulla yli kolminkertaisesti, mit\u00e4 kyl\u00e4ll\u00e4mme oli asukkaita, vaikka lapsetkin olisi laskenut mukaan. Lis\u00e4ksi on huomioitava, ett\u00e4 nimi\u00e4 ker\u00e4simme vain yli 15- vuotiailta. My\u00f6s mielenilmaisuun kaupungintalolle tuli kymmenitt\u00e4in aikuisia ja melkein kaikki kyl\u00e4mme lapset ja nuoret, joilla oli itse kirjoittamansa kyltit koulun pelastamiseksi mukanaan. Lapset nauttivat tapahtumasta ja viel\u00e4kin moni heist\u00e4 muistaa l\u00e4mm\u00f6ll\u00e4 tempaustamme ja sit\u00e4, kun osa heist\u00e4 oli meid\u00e4n pihassa kylttej\u00e4\u00e4n tekem\u00e4ss\u00e4. Moni my\u00f6s muistaa silloisen ensiolemisensa valtuustosalin t\u00e4p\u00f6t\u00e4ydell\u00e4 parvella seuraamassa kokousta adressin luovutuksen j\u00e4lkeen. Kouluasiaa ei tuossa kokouksessa julkisesti k\u00e4sitelty, vaan valtuuston puheenjohtaja piti istunnossa neuvottelutauon ja ryhmien johtajat vet\u00e4ytyiv\u00e4t salin ulkopuolelle neuvonpitoon. Oikea-aikainen ja oikeatapainen toiminta sek\u00e4 yhteisty\u00f6 viranhaltijoiden kanssa kantavat hedelm\u00e4\u00e4.<\/p>\n<p>&nbsp;<\/p>\n<p>OLE PITK\u00c4J\u00c4NTEINEN JA YHTEISTY\u00d6HALUKAS<\/p>\n<p>&nbsp;<\/p>\n<p>Kaupungin on tapana toimia v\u00e4sytt\u00e4m\u00e4ll\u00e4, joten seuraavana vuonna 21.10 1993 valtuustokokouksen asialistalla oli taas kyl\u00e4koulujen lopetus. Nyt oli aikomus lopettaa molemmat kyl\u00e4koulut ja siirt\u00e4\u00e4 oppilaat jo t\u00e4ynn\u00e4 olevaan, isoon Koskenm\u00e4en kouluun. Ennen tuota valtuuston kokousta kartoitin ison koulun vanhempainyhdistyksen ajatuksia ja kysyin, ett\u00e4 onko heid\u00e4n mielest\u00e4\u00e4n koulunsa eduksi, ett\u00e4 sinne viel\u00e4 tuupataan lis\u00e4\u00e4 v\u00e4ke\u00e4. Ehdotin, ett\u00e4 voisiko heid\u00e4n koulun vanhempainyhdistys laatia vetoomuksen, jossa tuotaisiin esiin koulun ahtaus ja toivomus, ett\u00e4 kyl\u00e4koululaiset saisivat jatkaa omassa koulussaan, koska se t\u00e4ss\u00e4 tilanteessa olisi my\u00f6s Koskenm\u00e4en lapsien etu. Sain tukea ajatukselleni ja niinp\u00e4 my\u00f6s \u201dvastaanottavan\u201d koulun vanhempainyhdistys luovutti vetoomuksen samanaikaisesti meid\u00e4n kanssamme ennen valtuuston kokouksen alkua. Olin sopinut ajankohdan ja kertonut vetoomuksia olevan tulossa useammaltakin taholta. Tuon ison koulun vanhempainyhdistys toimi silloin aktiivisesti ja yhteisty\u00f6ss\u00e4 kaupungin kanssa, joten uskoisin heid\u00e4n mielipiteell\u00e4\u00e4n olleen my\u00f6s painoarvoa, koska perustelutkin liittyiv\u00e4t heid\u00e4n koulunsa ahtauteen ja oppilasm\u00e4\u00e4r\u00e4ennusteisiin. Kannattaa harkita tarkkaan, mist\u00e4 narusta kulloinkin vet\u00e4\u00e4 ja mihin voimavarat kohdistaa.<\/p>\n<p>&nbsp;<\/p>\n<p>Seuraathan tarinani jatkoa tulevina viikkoina blogissa.<\/p>\n<p>Olli Sorva, pj Taivalkunnan kyl\u00e4t ry<\/p>\n","protected":false},"excerpt":{"rendered":"<p>KESKIVIIKKO 9. ELOKUUTA 2017 Hyv\u00e4 voittaa vastoink\u00e4ymisetkin PIILOVOIMAKO VIHAA KYL\u00c4KOULUJA Elettiin vuosikymmenen 1980-1990 taiteaikaa, kun jokin voima kaupungilta hy\u00f6kk\u00e4si Taivalkunnan koulua vastaan. Kaupunki p\u00e4\u00e4tti lopettaa koululta arkipyh\u00e4- ja viikonloppuliputukset. Hoidin sen j\u00e4lkeen muutaman vuoden liputushommaa yksin kyl\u00e4yhdistyksen puheenjohtajan ominaisuudessa, eik\u00e4 siit\u00e4 kaupunki mit\u00e4\u00e4n korvannut. Nyttemmin liputusvastuu on koulun vanhempainyhdistyksell\u00e4, jota tuolloin ei kyl\u00e4ll\u00e4mme viel\u00e4 ollut, &hellip; <a href=\"https:\/\/www.nokiankylat.fi\/taivalkunta\/kuvat\/lehtileikkeita\/lehtileikkeita-2017\/kantrin-kylablogi-9-8-2017\/\">Jatkuu<\/a><\/p>\n","protected":false},"author":4,"featured_media":0,"parent":1960,"menu_order":0,"comment_status":"closed","ping_status":"closed","template":"","meta":{"_acf_changed":false,"footnotes":""},"class_list":["post-2512","page","type-page","status-publish","hentry"],"acf":[],"_links":{"self":[{"href":"https:\/\/www.nokiankylat.fi\/taivalkunta\/wp-json\/wp\/v2\/pages\/2512","targetHints":{"allow":["GET"]}}],"collection":[{"href":"https:\/\/www.nokiankylat.fi\/taivalkunta\/wp-json\/wp\/v2\/pages"}],"about":[{"href":"https:\/\/www.nokiankylat.fi\/taivalkunta\/wp-json\/wp\/v2\/types\/page"}],"author":[{"embeddable":true,"href":"https:\/\/www.nokiankylat.fi\/taivalkunta\/wp-json\/wp\/v2\/users\/4"}],"replies":[{"embeddable":true,"href":"https:\/\/www.nokiankylat.fi\/taivalkunta\/wp-json\/wp\/v2\/comments?post=2512"}],"version-history":[{"count":4,"href":"https:\/\/www.nokiankylat.fi\/taivalkunta\/wp-json\/wp\/v2\/pages\/2512\/revisions"}],"predecessor-version":[{"id":2531,"href":"https:\/\/www.nokiankylat.fi\/taivalkunta\/wp-json\/wp\/v2\/pages\/2512\/revisions\/2531"}],"up":[{"embeddable":true,"href":"https:\/\/www.nokiankylat.fi\/taivalkunta\/wp-json\/wp\/v2\/pages\/1960"}],"wp:attachment":[{"href":"https:\/\/www.nokiankylat.fi\/taivalkunta\/wp-json\/wp\/v2\/media?parent=2512"}],"curies":[{"name":"wp","href":"https:\/\/api.w.org\/{rel}","templated":true}]}}