{"id":2526,"date":"2017-09-07T12:16:10","date_gmt":"2017-09-07T09:16:10","guid":{"rendered":"https:\/\/www.nokiankylat.fi\/taivalkunta\/?page_id=2526"},"modified":"2018-04-21T20:12:23","modified_gmt":"2018-04-21T17:12:23","slug":"kantrin-kylablogi-6-9-2017","status":"publish","type":"page","link":"https:\/\/www.nokiankylat.fi\/taivalkunta\/kuvat\/lehtileikkeita\/lehtileikkeita-2017\/kantrin-kylablogi-6-9-2017\/","title":{"rendered":"Kantrin kyl\u00e4blogi 6-9-2017"},"content":{"rendered":"<p><strong>KESKIVIIKKO 6. SYYSKUUTA 2017<\/strong><\/p>\n<p><strong><a href=\"http:\/\/kantrinkylablogi.blogspot.fi\/2017\/09\/muista-tiedotuksen-tarkeys.html\">Muista tiedotuksen t\u00e4rkeys<\/a><\/strong><\/p>\n<p>&nbsp;<\/p>\n<p><a href=\"https:\/\/www.nokiankylat.fi\/taivalkunta\/wp-content\/uploads\/sites\/11\/2018\/04\/2018-04-21-4-e1524298955160.png\"><img loading=\"lazy\" decoding=\"async\" class=\"alignnone wp-image-2510\" src=\"https:\/\/www.nokiankylat.fi\/taivalkunta\/wp-content\/uploads\/sites\/11\/2018\/04\/2018-04-21-4-e1524298955160-202x300.png\" alt=\"\" width=\"137\" height=\"203\" srcset=\"https:\/\/www.nokiankylat.fi\/taivalkunta\/wp-content\/uploads\/sites\/11\/2018\/04\/2018-04-21-4-e1524298955160-202x300.png 202w, https:\/\/www.nokiankylat.fi\/taivalkunta\/wp-content\/uploads\/sites\/11\/2018\/04\/2018-04-21-4-e1524298955160.png 252w\" sizes=\"auto, (max-width: 137px) 100vw, 137px\" \/><\/a><\/p>\n<p><strong>TIEDOTTAMINEN VAHVISTAA YHTEISHENKE\u00c4<\/strong><\/p>\n<p>&nbsp;<\/p>\n<p>Kyl\u00e4asioissa runsas tiedottaminen ja l\u00e4pin\u00e4kyv\u00e4 toiminta pit\u00e4v\u00e4t yll\u00e4 yhteishenke\u00e4, n\u00e4in ainakin Taivalkunnassa. Ajattelen ja muistan, kun tiedotan asioista, ett\u00e4 en tee sit\u00e4 itseni takia, en ainakaan yksin siit\u00e4 syyst\u00e4. Suuntaan sis\u00e4ll\u00f6n yhteisty\u00f6tahoille ja kyl\u00e4l\u00e4isille. Molemmille ryhmille on hyv\u00e4 saada tieto kyl\u00e4n toiminnasta ja tavoista. Viimeisen vuoden aikana olen tehnyt paikallisradion kanssa kyl\u00e4lt\u00e4 pari \u201dkahvituntijuttua\u201d. On tietysti totta, ett\u00e4 se on ollut paljolti mahdollista ty\u00f6ni puolesta syntyneest\u00e4 yhteisty\u00f6suhteesta<\/p>\n<p>&nbsp;<\/p>\n<p>Paikallislehdess\u00e4, Nokian Uutisissa, kyl\u00e4mme on jo useana vuotena ollut esill\u00e4 muutaman kerran vuodessa. Siin\u00e4kin on osin ollut apuna muuta kautta syntynyt verkosto, mutta kyll\u00e4 kyl\u00e4n asiat muutenkin lehte\u00e4 kiinnostavat. Yhteisty\u00f6 pit\u00e4\u00e4 rakentaa vain lehden kannalta helpoksi toteuttaa. Meid\u00e4n kyl\u00e4ll\u00e4 todellisuudessa noista jutuista aika monen olen itse kirjoittanut valmiiksi, mist\u00e4 olen aina etuk\u00e4teen lehden kanssa sopinut. Olen my\u00f6s laittanut aina matkaan muutaman kuvan, joista ovat saaneet valita. Jutuissa tuodaan kyl\u00e4\u00e4 esille positiivisessa hengess\u00e4 ja yhteisty\u00f6t\u00e4mme korostaen. Jutun sis\u00e4lt\u00f6 on t\u00e4rke\u00e4, jotta se koetaan kyl\u00e4n yhteiseksi eduksi ja kyl\u00e4henke\u00e4 vahvistavaksi.<\/p>\n<p>&nbsp;<\/p>\n<p><strong>RAKENNA BR\u00c4NDI\u00c4<\/strong><\/p>\n<p>&nbsp;<\/p>\n<p>Tiedottamisen, s\u00e4hk\u00f6isen median ja julkisen sanan kautta olen tietoisesti rakentanut Taivalkunta- br\u00e4ndi\u00e4. En tied\u00e4, n\u00e4ytt\u00e4\u00e4k\u00f6 kyl\u00e4 ihan silt\u00e4, milt\u00e4 asukkaat ovat halunneet, mutta ainakin l\u00e4hes silt\u00e4 se n\u00e4ytt\u00e4\u00e4. Kyl\u00e4l\u00e4iset tykk\u00e4\u00e4v\u00e4t, kun joskus saavat ulkopuolisilta kommentteja, ett\u00e4 kyl\u00e4mme on virke\u00e4, elinvoimainen ja yhteisty\u00f6henkinen. Yleens\u00e4 ihmiset haluavat olla menestyvien ja pidettyjen matkassa.<\/p>\n<p>&nbsp;<\/p>\n<p><strong>MIT\u00c4 T\u00c4ST\u00c4 SEURAA<\/strong><\/p>\n<p>Koskaan kaikki eiv\u00e4t ole asioista samaa mielt\u00e4. Yleisesti on oletus, ett\u00e4 eip\u00e4 juuri kiitosta tule vaikka tekee kyl\u00e4n eteen talkooty\u00f6t\u00e4. Onhan sit\u00e4 kiitosta turha odottaa. Toisaalta, olen ehk\u00e4 sanavalmis ja paksunahkainenkin, mutta toistaiseksi en muista saaneeni yht\u00e4\u00e4n moitetta tavastani luotsata kyl\u00e4yhdistyst\u00e4. My\u00f6nteist\u00e4 palautetta tulee toisinaan niin runsaasti, ett\u00e4 se tuntuu melkeinp\u00e4 ep\u00e4todelliselta. Todella hieno piirre kuluneena kes\u00e4n\u00e4 on ollut, ett\u00e4 pari ihmist\u00e4 on ehdottanut talkoita siten, ett\u00e4 ovat kysyneet minulta lupaa yksin talkoilla hoitaa kyl\u00e4ll\u00e4 olevan j\u00e4tekatoksen oikomisen ja maalaamisen. Ovat ilmoittaneet panokseensa kuuluvan my\u00f6s tarvittavat kulmaraudat ja maalit. Pid\u00e4n tietysti huolen, ett\u00e4 sill\u00e4 saa nimens\u00e4 kauniisti julki kyl\u00e4ll\u00e4mme ilmestyviss\u00e4 kyl\u00e4kirjeiss\u00e4 ja kyl\u00e4uutisissa, vaikka eiv\u00e4t he sit\u00e4 sen takia teek\u00e4\u00e4n. L\u00e4hinn\u00e4 rivien v\u00e4list\u00e4 (eik\u00e4 pelk\u00e4st\u00e4\u00e4n v\u00e4list\u00e4k\u00e4\u00e4n) voi tulkita viestityksen, ett\u00e4 heid\u00e4n mielest\u00e4\u00e4n ei ole minun velvollisuuteeni tehd\u00e4 kaikkea ja hekin haluavat antaa panoksensa siin\u00e4, mik\u00e4 heille on luontevaa. N\u00e4m\u00e4 ihmiset ovat muutenkin talkoohenkisi\u00e4.<\/p>\n<table>\n<tbody>\n<tr>\n<td>\u00a0<a href=\"https:\/\/www.nokiankylat.fi\/taivalkunta\/wp-content\/uploads\/sites\/11\/2018\/04\/2018-04-21-9-e1524302304194.png\"><img loading=\"lazy\" decoding=\"async\" class=\"alignnone size-medium wp-image-2527\" src=\"https:\/\/www.nokiankylat.fi\/taivalkunta\/wp-content\/uploads\/sites\/11\/2018\/04\/2018-04-21-9-e1524302304194-300x227.png\" alt=\"\" width=\"300\" height=\"227\" srcset=\"https:\/\/www.nokiankylat.fi\/taivalkunta\/wp-content\/uploads\/sites\/11\/2018\/04\/2018-04-21-9-e1524302304194-300x227.png 300w, https:\/\/www.nokiankylat.fi\/taivalkunta\/wp-content\/uploads\/sites\/11\/2018\/04\/2018-04-21-9-e1524302304194.png 486w\" sizes=\"auto, (max-width: 300px) 100vw, 300px\" \/><\/a><\/td>\n<\/tr>\n<tr>\n<td>Talkoilla kunnostettu j\u00e4tepiste.<\/td>\n<\/tr>\n<\/tbody>\n<\/table>\n<p>&nbsp;<\/p>\n<p><strong>MIT\u00c4 OPIKSI<\/strong><\/p>\n<p>&nbsp;<\/p>\n<p>T\u00e4rke\u00e4\u00e4 on, ett\u00e4 jokainen kyl\u00e4 el\u00e4\u00e4 omalla tavallaan. Se mik\u00e4 sopii Taivalkuntaan, ei varmasti sovi kaikille kylille. Kaikesta lukemastaan ja kuulemastaan voi kuitenkin joskus saada jonkun ideanpoikasen jalostettavaksi. Ideoita on melko helppo keksi\u00e4, mutta niiden hiominen ja toteutus vaatiikin huomattavasti enemm\u00e4n. Joskus tekee hyv\u00e4\u00e4 katsoa asioita hieman kauempaa ja laaja-alaisesti. Pit\u00e4\u00e4 aina muistaa toimia omien ja kyl\u00e4n voimavarojen mukaan, eik\u00e4 polttaa itse\u00e4\u00e4n tai muita kyl\u00e4aktiiveja loppuun. Homman pit\u00e4\u00e4 pysy\u00e4 hauskana yhdess\u00e4 tekemisen\u00e4 ja kivana yksil\u00f6suorituksena.<\/p>\n<p>&nbsp;<\/p>\n<p><strong>VALOISIN MIELIN KOHTI TULEVAISUUTTA<\/strong><\/p>\n<p>&nbsp;<\/p>\n<p>Valtiovallan taholta kaavaillaan, ett\u00e4 kylille voisi antaa lis\u00e4\u00e4 valtaa ja vastuuta. Jopa kunnilta tai valtiolta budjetoitua rahaa on v\u00e4l\u00e4ytetty palvelujen tuottamiseksi paikallisesti. On varmaan asioita, joista paras tieto ja taito l\u00f6ytyv\u00e4t kylilt\u00e4, mutta olisiko kaikista kylist\u00e4 vastuunottajiksi. T\u00e4ll\u00e4 hetkell\u00e4 Taivalkunnassa on kyky\u00e4 tehd\u00e4 esim. kaupungin kanssa yhteisty\u00f6sopimuksia, mutta miten ne k\u00e4yt\u00e4nn\u00f6n tasolla pit\u00e4isi sopia aiheuttaa viel\u00e4 pohdintaa. Miten kunnan vastuulla olevat asiat teht\u00e4isiin kyl\u00e4ll\u00e4 paikallisesti ja valvontavastuu kuitenkin j\u00e4isi kunnille? Mit\u00e4\u00e4n vuosikausiksi sitovaa ja monimutkaista sopimusteksti ei saa olla ja sopimuksesta pit\u00e4\u00e4 haluttaessa p\u00e4\u00e4st\u00e4 kohtalaisen lyhyell\u00e4 ajalla eroon. Saapa n\u00e4hd\u00e4, miten maakuntamalli toteutetaan ja vahvistuuko siin\u00e4 kylien asema.<\/p>\n<p>&nbsp;<\/p>\n<p>Yht\u00e4 yleisp\u00e4tev\u00e4\u00e4 ja oikeaa tapaa toimia kyl\u00e4toiminnassa ei ole, vaan kukin kyl\u00e4 toimikoon tavallaan.<\/p>\n<p>Olli Sorva, pj Taivalkunnan kyl\u00e4t ry<\/p>\n","protected":false},"excerpt":{"rendered":"<p>KESKIVIIKKO 6. SYYSKUUTA 2017 Muista tiedotuksen t\u00e4rkeys &nbsp; TIEDOTTAMINEN VAHVISTAA YHTEISHENKE\u00c4 &nbsp; Kyl\u00e4asioissa runsas tiedottaminen ja l\u00e4pin\u00e4kyv\u00e4 toiminta pit\u00e4v\u00e4t yll\u00e4 yhteishenke\u00e4, n\u00e4in ainakin Taivalkunnassa. Ajattelen ja muistan, kun tiedotan asioista, ett\u00e4 en tee sit\u00e4 itseni takia, en ainakaan yksin siit\u00e4 syyst\u00e4. Suuntaan sis\u00e4ll\u00f6n yhteisty\u00f6tahoille ja kyl\u00e4l\u00e4isille. Molemmille ryhmille on hyv\u00e4 saada tieto kyl\u00e4n toiminnasta ja &hellip; <a href=\"https:\/\/www.nokiankylat.fi\/taivalkunta\/kuvat\/lehtileikkeita\/lehtileikkeita-2017\/kantrin-kylablogi-6-9-2017\/\">Jatkuu<\/a><\/p>\n","protected":false},"author":4,"featured_media":0,"parent":1960,"menu_order":0,"comment_status":"closed","ping_status":"closed","template":"","meta":{"_acf_changed":false,"footnotes":""},"class_list":["post-2526","page","type-page","status-publish","hentry"],"acf":[],"_links":{"self":[{"href":"https:\/\/www.nokiankylat.fi\/taivalkunta\/wp-json\/wp\/v2\/pages\/2526","targetHints":{"allow":["GET"]}}],"collection":[{"href":"https:\/\/www.nokiankylat.fi\/taivalkunta\/wp-json\/wp\/v2\/pages"}],"about":[{"href":"https:\/\/www.nokiankylat.fi\/taivalkunta\/wp-json\/wp\/v2\/types\/page"}],"author":[{"embeddable":true,"href":"https:\/\/www.nokiankylat.fi\/taivalkunta\/wp-json\/wp\/v2\/users\/4"}],"replies":[{"embeddable":true,"href":"https:\/\/www.nokiankylat.fi\/taivalkunta\/wp-json\/wp\/v2\/comments?post=2526"}],"version-history":[{"count":1,"href":"https:\/\/www.nokiankylat.fi\/taivalkunta\/wp-json\/wp\/v2\/pages\/2526\/revisions"}],"predecessor-version":[{"id":2528,"href":"https:\/\/www.nokiankylat.fi\/taivalkunta\/wp-json\/wp\/v2\/pages\/2526\/revisions\/2528"}],"up":[{"embeddable":true,"href":"https:\/\/www.nokiankylat.fi\/taivalkunta\/wp-json\/wp\/v2\/pages\/1960"}],"wp:attachment":[{"href":"https:\/\/www.nokiankylat.fi\/taivalkunta\/wp-json\/wp\/v2\/media?parent=2526"}],"curies":[{"name":"wp","href":"https:\/\/api.w.org\/{rel}","templated":true}]}}