{"id":2553,"date":"2017-11-24T13:03:34","date_gmt":"2017-11-24T11:03:34","guid":{"rendered":"https:\/\/www.nokiankylat.fi\/taivalkunta\/?page_id=2553"},"modified":"2025-01-06T17:45:22","modified_gmt":"2025-01-06T15:45:22","slug":"kylafoorum-18-11-2017","status":"publish","type":"page","link":"https:\/\/www.nokiankylat.fi\/taivalkunta\/yhdistykset\/taivalkunnan-kylat-ry\/kylayhdistyksen-arkisto\/kylafoorum-18-11-2017\/","title":{"rendered":"Kyl\u00e4foorum 18-11-2017"},"content":{"rendered":"<p>18.11. kyl\u00e4yhdistyksemme pj. Olli Sorva piti esitelm\u00e4n Pirkanmaan kyl\u00e4foorumissa Ahlmannilla otsikolla \u201dYritt\u00e4v\u00e4 ja turvallinen Taivalkunta\u201d. Noin 20 minuutin puheenvuoro sis\u00e4lsi napakan esittelyn kyl\u00e4mme yrityskoulu-projektista ja turvallisuussuunnittelusta. Paikalla oli runsaasti Pirkanmaalaisia kyl\u00e4toimijoita ja maaseudun kehitt\u00e4misv\u00e4ke\u00e4.<\/p>\n<p>23 diainen esitys l\u00f6ytyy t\u00e4st\u00e4 linkist\u00e4\u00a0\u00a0<a href=\"https:\/\/www.nokiankylat.fi\/taivalkunta\/wp-content\/uploads\/sites\/11\/2018\/04\/Yritt\u00e4v\u00e4-ja-turvallinen-taivalkunta.pdf\">Yritt\u00e4v\u00e4 ja turvallinen taivalkunta<\/a><\/p>\n","protected":false},"excerpt":{"rendered":"<p>18.11. kyl\u00e4yhdistyksemme pj. Olli Sorva piti esitelm\u00e4n Pirkanmaan kyl\u00e4foorumissa Ahlmannilla otsikolla \u201dYritt\u00e4v\u00e4 ja turvallinen Taivalkunta\u201d. Noin 20 minuutin puheenvuoro sis\u00e4lsi napakan esittelyn kyl\u00e4mme yrityskoulu-projektista ja turvallisuussuunnittelusta. Paikalla oli runsaasti Pirkanmaalaisia kyl\u00e4toimijoita ja maaseudun kehitt\u00e4misv\u00e4ke\u00e4. 23 diainen esitys l\u00f6ytyy t\u00e4st\u00e4 linkist\u00e4\u00a0\u00a0Yritt\u00e4v\u00e4 ja turvallinen taivalkunta<\/p>\n","protected":false},"author":4,"featured_media":0,"parent":186,"menu_order":0,"comment_status":"closed","ping_status":"closed","template":"","meta":{"_acf_changed":false,"footnotes":""},"class_list":["post-2553","page","type-page","status-publish","hentry"],"acf":[],"_links":{"self":[{"href":"https:\/\/www.nokiankylat.fi\/taivalkunta\/wp-json\/wp\/v2\/pages\/2553","targetHints":{"allow":["GET"]}}],"collection":[{"href":"https:\/\/www.nokiankylat.fi\/taivalkunta\/wp-json\/wp\/v2\/pages"}],"about":[{"href":"https:\/\/www.nokiankylat.fi\/taivalkunta\/wp-json\/wp\/v2\/types\/page"}],"author":[{"embeddable":true,"href":"https:\/\/www.nokiankylat.fi\/taivalkunta\/wp-json\/wp\/v2\/users\/4"}],"replies":[{"embeddable":true,"href":"https:\/\/www.nokiankylat.fi\/taivalkunta\/wp-json\/wp\/v2\/comments?post=2553"}],"version-history":[{"count":2,"href":"https:\/\/www.nokiankylat.fi\/taivalkunta\/wp-json\/wp\/v2\/pages\/2553\/revisions"}],"predecessor-version":[{"id":2556,"href":"https:\/\/www.nokiankylat.fi\/taivalkunta\/wp-json\/wp\/v2\/pages\/2553\/revisions\/2556"}],"up":[{"embeddable":true,"href":"https:\/\/www.nokiankylat.fi\/taivalkunta\/wp-json\/wp\/v2\/pages\/186"}],"wp:attachment":[{"href":"https:\/\/www.nokiankylat.fi\/taivalkunta\/wp-json\/wp\/v2\/media?parent=2553"}],"curies":[{"name":"wp","href":"https:\/\/api.w.org\/{rel}","templated":true}]}}