{"id":256,"date":"2016-01-24T18:40:56","date_gmt":"2016-01-24T16:40:56","guid":{"rendered":"http:\/\/nokiankylat.wysiwyg.fi\/taivalkunta\/?page_id=256"},"modified":"2017-06-07T07:47:15","modified_gmt":"2017-06-07T04:47:15","slug":"kylayhdistyksen-toimintasuunnitelma-vuodelle-2016","status":"publish","type":"page","link":"https:\/\/www.nokiankylat.fi\/taivalkunta\/yhdistykset\/taivalkunnan-kylat-ry\/kylayhdistyksen-arkisto\/kylayhdistyksen-toimintasuunnitelma-vuodelle-2016\/","title":{"rendered":"Kyl\u00e4yhdistyksen toimintasuunnitelma vuodelle 2016"},"content":{"rendered":"<h3><strong>Hallitus on syykokouksessaan 2015 hyv\u00e4ksynyt t\u00e4m\u00e4n suunnitelman.<\/strong><\/h3>\n<h2><strong>Taivalkunnan Kyl\u00e4t ry toimintasuunnitelma vuodelle 2016<\/strong><\/h2>\n<p>Yhdistyksen tarkoituksena on toimia Taivalkunnan asukkaiden ja yhteis\u00f6jen yhteisty\u00f6elimen\u00e4 pyrkimyksiss\u00e4 parantaa kyl\u00e4n alueella vakituisesti tai vapaa-aikanaan asuvien ihmisten hyvinvointia sek\u00e4 kannustaa asukkaita yhteistoimintaan kotiseutunsa kehitt\u00e4miseksi.<\/p>\n<p>Toimintakauden aikana pidet\u00e4\u00e4n s\u00e4\u00e4nt\u00f6m\u00e4\u00e4r\u00e4inen kev\u00e4t- ja syyskokous sek\u00e4 hallituksen kokouksia aiemmin mainitun p\u00e4\u00e4m\u00e4\u00e4r\u00e4n saavuttamiseksi.<\/p>\n<p>Seurataan aktiivisesti paikallista haja-asutusaluerakentamista sek\u00e4 vesi- ja viem\u00e4riasioita ottaen tarvittaessa niihin my\u00f6s kantaa. Samoin seurataan kevyenliikenteen v\u00e4yl\u00e4n suunnittelua v\u00e4lill\u00e4 Ristiver\u00e4j\u00e4 &#8211; Pihtikorventien risteys ja ollaan tarvittaessa aktiivisia toimimaan.<\/p>\n<p>Kauden 2016 aikana tuotetaan Taivalkunnan Kyl\u00e4t ry:n uudistetuille nettisivuille ajantasaista sis\u00e4lt\u00f6\u00e4 sek\u00e4 siirret\u00e4\u00e4n olemassa olevaa aineistoa sinne. Markkinoidaan sivustoa s\u00e4\u00e4nn\u00f6llisesti saaden se kyl\u00e4l\u00e4isille tutuksi. Tiedotetaan my\u00f6s kyl\u00e4n ilmoitustauluilla, paikallisessa lehdess\u00e4 sek\u00e4 facebookissa. Lis\u00e4t\u00e4\u00e4n muutakin tiedotusta ja jaetaan tiedotteita kyl\u00e4ll\u00e4 asuvien postilaatikkoihin.<\/p>\n<p>Kaudella 2016 tehd\u00e4\u00e4n nettisivuille Taivalkunnan Palvelut \u2013luettelo.\u00a0 Kyl\u00e4ll\u00e4 sijaitsevat yritykset sek\u00e4 asuvat yritt\u00e4j\u00e4t ja palveluntuottajat saavat siihen yhteystietonsa ja kuvauksen palveluistaan veloituksetta. Luetteloon tulevat my\u00f6s kyl\u00e4ll\u00e4 olevat yhdistykset ja j\u00e4rjest\u00f6t toimintakuvauksineen.<\/p>\n<p>Kev\u00e4\u00e4ll\u00e4 2016 j\u00e4rjestet\u00e4\u00e4n yhdess\u00e4 muiden Taivalkunnassa toimivien yhdistysten kanssa Kyl\u00e4n Kev\u00e4t Karkelot. Huhtikuussa 2016 kutsutaan koolle kyl\u00e4ll\u00e4 toimivat muut yhdistykset Kev\u00e4t Karkeloiden suunnittelupalaveriin. Taivalkunnan Kyl\u00e4t ry toimii t\u00e4ss\u00e4 koollekutsujana. Jo perinteeksi muodostuneet Kev\u00e4t Karkelot tulevat olemaan j\u00e4rjestyksess\u00e4\u00e4n jo kuudennet.<\/p>\n<p>Laskiaissunnuntaina 7.2.2016 j\u00e4rjestet\u00e4\u00e4n s\u00e4\u00e4varauksella Laskiaisrieha Jutkulan m\u00e4ess\u00e4 (River-kent\u00e4n v\u00e4yl\u00e4 15) klo 14. Laskiaisriehan iltana pidet\u00e4\u00e4n s\u00e4\u00e4varauksella my\u00f6skin aikuiset vastaan lapset j\u00e4\u00e4kiekko-ottelu kyl\u00e4n j\u00e4\u00e4kiekkokaukalossa. Laskiaisriehan j\u00e4rjest\u00e4miseen pyydet\u00e4\u00e4n mukaan kaikki muutkin halukkaat kyl\u00e4ll\u00e4 toimivat yhdistykset.<\/p>\n<p>Taivalkunnan alakoulun sek\u00e4 Em\u00e4kosken- ja Nokian virran yl\u00e4koulujen kev\u00e4tjuhlissa 2016 lahjoitetaan Taivalkunnan Kyl\u00e4t ry stipendit. Em\u00e4kosken- ja Nokian virran yl\u00e4kouluilla 50eur stipendit saavat parhaat l\u00e4htev\u00e4t taivalkuntalaiset oppilaat ja Taivalkunnan alakoululle annetaan kaksi \u00e1 30eur stipendi\u00e4, joiden jakoperuste p\u00e4\u00e4tet\u00e4\u00e4n yhdess\u00e4 koulun rehtorin kanssa kev\u00e4\u00e4ll\u00e4. Taivalkunnan yritt\u00e4j\u00e4koulu-hankkeen n\u00e4kyvyytt\u00e4 pidet\u00e4\u00e4n yll\u00e4 j\u00e4lleen toimintakauden 2016 aikana.<\/p>\n<p>Taivalkunnan Kyl\u00e4t ry j\u00e4senrekisteriin aktivoidaan uusia j\u00e4seni\u00e4 ja laajennetaan tiedottamiseen k\u00e4ytett\u00e4v\u00e4\u00e4 s\u00e4hk\u00f6postirekisteri\u00e4. Kaudella 2016 ker\u00e4t\u00e4\u00e4n j\u00e4senmaksua 5euroa\/j\u00e4sen. Erillist\u00e4 liittymismaksua ei perit\u00e4. Samastakin taloudesta toivotaan useampia j\u00e4seni\u00e4.<\/p>\n<p>Toimintakauden 2016 aikana pidet\u00e4\u00e4n mieless\u00e4 2014 vuonna toteutetun kyl\u00e4kyselyn vastauksissa esille nousseita ehdotuksia ja ideoita. Ollaan aktiivisia kahvakuulatunnin \/ jumpan j\u00e4rjest\u00e4miseksi Taivalkunnan koululla. Aikaisempina vuosina n\u00e4m\u00e4 tunnit ovat olleet kyl\u00e4l\u00e4isten keskuudessa suosittuja. Kartoitetaan mahdollista yhteisty\u00f6t\u00e4 Taivalkunnan Pirtin kanssa ajatellen l\u00e4hinn\u00e4 lentopalloiltojen pitoa kes\u00e4ajalla, jos halukkaita pelaajia l\u00f6ytyy, sek\u00e4 avoimien ovien p\u00e4iv\u00e4\u00e4 ensimm\u00e4isen illan yhteyteen.<\/p>\n<p>Minna M\u00e4kinen, Taivalkunnan Kyl\u00e4t ry sihteeri<\/p>\n","protected":false},"excerpt":{"rendered":"<p>Hallitus on syykokouksessaan 2015 hyv\u00e4ksynyt t\u00e4m\u00e4n suunnitelman. Taivalkunnan Kyl\u00e4t ry toimintasuunnitelma vuodelle 2016 Yhdistyksen tarkoituksena on toimia Taivalkunnan asukkaiden ja yhteis\u00f6jen yhteisty\u00f6elimen\u00e4 pyrkimyksiss\u00e4 parantaa kyl\u00e4n alueella vakituisesti tai vapaa-aikanaan asuvien ihmisten hyvinvointia sek\u00e4 kannustaa asukkaita yhteistoimintaan kotiseutunsa kehitt\u00e4miseksi. Toimintakauden aikana pidet\u00e4\u00e4n s\u00e4\u00e4nt\u00f6m\u00e4\u00e4r\u00e4inen kev\u00e4t- ja syyskokous sek\u00e4 hallituksen kokouksia aiemmin mainitun p\u00e4\u00e4m\u00e4\u00e4r\u00e4n saavuttamiseksi. Seurataan aktiivisesti paikallista &hellip; <a href=\"https:\/\/www.nokiankylat.fi\/taivalkunta\/yhdistykset\/taivalkunnan-kylat-ry\/kylayhdistyksen-arkisto\/kylayhdistyksen-toimintasuunnitelma-vuodelle-2016\/\">Jatkuu<\/a><\/p>\n","protected":false},"author":4,"featured_media":0,"parent":186,"menu_order":0,"comment_status":"closed","ping_status":"closed","template":"","meta":{"_acf_changed":false,"footnotes":""},"class_list":["post-256","page","type-page","status-publish","hentry"],"acf":[],"_links":{"self":[{"href":"https:\/\/www.nokiankylat.fi\/taivalkunta\/wp-json\/wp\/v2\/pages\/256","targetHints":{"allow":["GET"]}}],"collection":[{"href":"https:\/\/www.nokiankylat.fi\/taivalkunta\/wp-json\/wp\/v2\/pages"}],"about":[{"href":"https:\/\/www.nokiankylat.fi\/taivalkunta\/wp-json\/wp\/v2\/types\/page"}],"author":[{"embeddable":true,"href":"https:\/\/www.nokiankylat.fi\/taivalkunta\/wp-json\/wp\/v2\/users\/4"}],"replies":[{"embeddable":true,"href":"https:\/\/www.nokiankylat.fi\/taivalkunta\/wp-json\/wp\/v2\/comments?post=256"}],"version-history":[{"count":4,"href":"https:\/\/www.nokiankylat.fi\/taivalkunta\/wp-json\/wp\/v2\/pages\/256\/revisions"}],"predecessor-version":[{"id":775,"href":"https:\/\/www.nokiankylat.fi\/taivalkunta\/wp-json\/wp\/v2\/pages\/256\/revisions\/775"}],"up":[{"embeddable":true,"href":"https:\/\/www.nokiankylat.fi\/taivalkunta\/wp-json\/wp\/v2\/pages\/186"}],"wp:attachment":[{"href":"https:\/\/www.nokiankylat.fi\/taivalkunta\/wp-json\/wp\/v2\/media?parent=256"}],"curies":[{"name":"wp","href":"https:\/\/api.w.org\/{rel}","templated":true}]}}