{"id":2607,"date":"2018-05-25T10:32:22","date_gmt":"2018-05-25T07:32:22","guid":{"rendered":"https:\/\/www.nokiankylat.fi\/taivalkunta\/?page_id=2607"},"modified":"2018-05-25T10:40:45","modified_gmt":"2018-05-25T07:40:45","slug":"kylakirje-25-5-2018","status":"publish","type":"page","link":"https:\/\/www.nokiankylat.fi\/taivalkunta\/yhdistykset\/taivalkunnan-kylat-ry\/kylayhdistyksen-arkisto\/kylakirjeet\/kylakirjeet-2018\/kylakirje-25-5-2018\/","title":{"rendered":"Kyl\u00e4kirje 25-5-2018"},"content":{"rendered":"<p><strong>Taivalkunnan kyl\u00e4kirje 25.5.2018<\/strong><\/p>\n<p><strong>Taivalkunnan kyl\u00e4t ry:ll\u00e4 on<\/strong> Nokian kylien kanssa yhteinen osasto <strong>messuilla<\/strong>. Messut ovat j\u00e4\u00e4hallilla 26.5. klo 10-17 ja 27.5. klo 10-16. K\u00e4yk\u00e4\u00e4p\u00e4 messuilla.<\/p>\n<p><strong>Kyl\u00e4n avoimet pes\u00e4pallopelit<\/strong> ovat 14.6, 28.6, 12.7 ja 26.7.2018. Tarkemmin niist\u00e4 on kyl\u00e4n nettisivuilla tapahtumakalenterissa.<\/p>\n<p><strong>Taivalkunnan kyl\u00e4 sai julkisuutta<\/strong>, kun Valkeakoskella Ritvalan kyl\u00e4n Helkajuhlilla my\u00f6nnettiin <strong>kyl\u00e4toiminnan tienn\u00e4ytt\u00e4j\u00e4n tunnustuspalkinto <\/strong>kyl\u00e4yhdistyksemme puheenjohtajalle Olli Sorvalle. Asiasta on lis\u00e4\u00e4 kyl\u00e4n sivuilla. Sivuilla on artikkeli my\u00f6s eilen olleesta <strong>kylv\u00f6jensiunauksesta <\/strong>sek\u00e4 paljon muuta tietoa. <a href=\"http:\/\/www.nokiankylat.fi\/taivalkunta\/\">www.nokiankylat.fi\/taivalkunta\/<\/a> .<\/p>\n<p><strong>Taivalkunnan s\u00e4hk\u00f6postilistalle voi liitty\u00e4 kuka tahansa <\/strong>ilmoittamalla minulle s\u00e4hk\u00f6postiosoitteensa. T\u00e4lt\u00e4 listalta voi pyyt\u00e4\u00e4 tietojensa poistoa koska vain, ja ne my\u00f6s poistetaan pysyv\u00e4sti. Postituslista (ja numeroluettelo) pit\u00e4v\u00e4t sis\u00e4ll\u00e4\u00e4n suojeltuja henkil\u00f6tietoja ja listaa k\u00e4ytet\u00e4\u00e4n rajatusti vain kyl\u00e4\u00e4 tai kyl\u00e4l\u00e4isi\u00e4 koskevien yhteisten asioiden ja tapahtumien tiedottamiseen. Yhteystietolistaa ei anneta kenellek\u00e4\u00e4n eteenp\u00e4in. S\u00e4hk\u00f6postit l\u00e4hetet\u00e4\u00e4n piilokopiona, niin ett\u00e4 vastaanottajat eiv\u00e4t voi n\u00e4hd\u00e4 toistensa tietoja. Ota yhteytt\u00e4, jos j\u00e4i kysytt\u00e4v\u00e4\u00e4, vastaan mielell\u00e4ni.<\/p>\n<p>Kyl\u00e4kirjeet eiv\u00e4t ole j\u00e4senkirjeit\u00e4 eik\u00e4 kyl\u00e4asioiden postilista liity mitenk\u00e4\u00e4n Taivalkunnan kyl\u00e4t ry:n j\u00e4seniin tai j\u00e4senrekisteriin, johon ker\u00e4r\u00e4\u00e4n rekister\u00f6idyist\u00e4 perustietoja. Ko. rekisterist\u00e4 yhdistyksell\u00e4 on luonnollisesti olemassa rekisteriseloste, jonka saat yhdistyksen sihteerin (tai minun) kautta.<\/p>\n<p>Ollaan yhteydess\u00e4 puolin ja toisin. Taivalkunnan kyl\u00e4t ry pj. Olli Sorva<\/p>\n<p><a href=\"http:\/\/olli.sorva%28at%29nokiansahkotalo.fi\/\">olli.sorva(at)nokiansahkotalo.fi<\/a>,<\/p>\n<p><a href=\"http:\/\/www.nokiankylat.fi\/taivalkunta\">www.nokiankylat.fi\/taivalkunta<\/a>,<\/p>\n<p><a href=\"http:\/\/www.facebook.com\/taivalkunta\/\">www.facebook.com\/taivalkunta\/<\/a>.<\/p>\n","protected":false},"excerpt":{"rendered":"<p>Taivalkunnan kyl\u00e4kirje 25.5.2018 Taivalkunnan kyl\u00e4t ry:ll\u00e4 on Nokian kylien kanssa yhteinen osasto messuilla. Messut ovat j\u00e4\u00e4hallilla 26.5. klo 10-17 ja 27.5. klo 10-16. K\u00e4yk\u00e4\u00e4p\u00e4 messuilla. Kyl\u00e4n avoimet pes\u00e4pallopelit ovat 14.6, 28.6, 12.7 ja 26.7.2018. Tarkemmin niist\u00e4 on kyl\u00e4n nettisivuilla tapahtumakalenterissa. Taivalkunnan kyl\u00e4 sai julkisuutta, kun Valkeakoskella Ritvalan kyl\u00e4n Helkajuhlilla my\u00f6nnettiin kyl\u00e4toiminnan tienn\u00e4ytt\u00e4j\u00e4n tunnustuspalkinto kyl\u00e4yhdistyksemme puheenjohtajalle &hellip; <a href=\"https:\/\/www.nokiankylat.fi\/taivalkunta\/yhdistykset\/taivalkunnan-kylat-ry\/kylayhdistyksen-arkisto\/kylakirjeet\/kylakirjeet-2018\/kylakirje-25-5-2018\/\">Jatkuu<\/a><\/p>\n","protected":false},"author":4,"featured_media":2592,"parent":2356,"menu_order":0,"comment_status":"closed","ping_status":"closed","template":"","meta":{"_acf_changed":false,"footnotes":""},"class_list":["post-2607","page","type-page","status-publish","has-post-thumbnail","hentry"],"acf":[],"_links":{"self":[{"href":"https:\/\/www.nokiankylat.fi\/taivalkunta\/wp-json\/wp\/v2\/pages\/2607","targetHints":{"allow":["GET"]}}],"collection":[{"href":"https:\/\/www.nokiankylat.fi\/taivalkunta\/wp-json\/wp\/v2\/pages"}],"about":[{"href":"https:\/\/www.nokiankylat.fi\/taivalkunta\/wp-json\/wp\/v2\/types\/page"}],"author":[{"embeddable":true,"href":"https:\/\/www.nokiankylat.fi\/taivalkunta\/wp-json\/wp\/v2\/users\/4"}],"replies":[{"embeddable":true,"href":"https:\/\/www.nokiankylat.fi\/taivalkunta\/wp-json\/wp\/v2\/comments?post=2607"}],"version-history":[{"count":3,"href":"https:\/\/www.nokiankylat.fi\/taivalkunta\/wp-json\/wp\/v2\/pages\/2607\/revisions"}],"predecessor-version":[{"id":2611,"href":"https:\/\/www.nokiankylat.fi\/taivalkunta\/wp-json\/wp\/v2\/pages\/2607\/revisions\/2611"}],"up":[{"embeddable":true,"href":"https:\/\/www.nokiankylat.fi\/taivalkunta\/wp-json\/wp\/v2\/pages\/2356"}],"wp:featuredmedia":[{"embeddable":true,"href":"https:\/\/www.nokiankylat.fi\/taivalkunta\/wp-json\/wp\/v2\/media\/2592"}],"wp:attachment":[{"href":"https:\/\/www.nokiankylat.fi\/taivalkunta\/wp-json\/wp\/v2\/media?parent=2607"}],"curies":[{"name":"wp","href":"https:\/\/api.w.org\/{rel}","templated":true}]}}