{"id":2633,"date":"2018-06-12T08:02:56","date_gmt":"2018-06-12T05:02:56","guid":{"rendered":"https:\/\/www.nokiankylat.fi\/taivalkunta\/?page_id=2633"},"modified":"2018-06-12T08:03:25","modified_gmt":"2018-06-12T05:03:25","slug":"kylakirje-12-6-2018","status":"publish","type":"page","link":"https:\/\/www.nokiankylat.fi\/taivalkunta\/yhdistykset\/taivalkunnan-kylat-ry\/kylayhdistyksen-arkisto\/kylakirjeet\/kylakirjeet-2018\/kylakirje-12-6-2018\/","title":{"rendered":"Kyl\u00e4kirje 12-6-2018"},"content":{"rendered":"<p><strong>Taivalkunnan kyl\u00e4kirje 12.6.2018<\/strong><\/p>\n<p><strong>Messut Nokialla tapahtumassa<\/strong> Taivalkunnalla oli Nokian kylien kanssa yhteinen osasto. Meid\u00e4n kyl\u00e4\u00e4 ja toimintaa messuilla esitteli Anja Mattila. Kiitos Anjalle!<\/p>\n<p><strong>Kyl\u00e4n avoimet pes\u00e4pallopelit<\/strong> ovat 14.6, 28.6, 12.7 ja 26.7.2018 kello 18.30 alkaen koulun pihassa. Tarkempi tieto on kyl\u00e4n nettisivuilla tapahtumakalenterissa.<\/p>\n<p><strong>Summer Pop Up kes\u00e4kiertue<\/strong> on Taivalkunnan koulun pihassa tiistaina 19.6 kello 13.00 -17.00. Nyt koko perheen voimalla tutustumaan kiertueeseen ja Pop-Up -bussiin. J\u00e4rjest\u00e4j\u00e4 on Nokian kaupungin nuorisopalvelut ja lis\u00e4\u00e4 tietoa tapahtumasta l\u00f6ytyy kyl\u00e4n sivuilta tapahtumakalenterista sek\u00e4 kaupungin sivuilta.<\/p>\n<p><strong>Nokian matkailun kehitt\u00e4miseen<\/strong> t\u00e4ht\u00e4\u00e4v\u00e4 Visit Nokia -sivusto on nyt auki. Visitin kohtaan n\u00e4e&amp;koe tehd\u00e4\u00e4n alasivu Nokian kyl\u00e4t, jonka alta jokainen kyl\u00e4 l\u00f6ytyy kuvalla, esittelytekstill\u00e4 ja yhteystiedoilla. Jos sinulla on ajatuksia tai ehdotuksia asian tiimoilta, niin ole yhteydess\u00e4 minuun. Kehitet\u00e4\u00e4n koko kyl\u00e4n v\u00e4en voimin t\u00e4t\u00e4 osiota. Sinun n\u00e4kemyksesi on hyvin arvokas ja tervetullut tuki \u201dkyl\u00e4hallitukselle\u201d.<\/p>\n<p><strong>Kolumni<\/strong>, joka kertoo Olli -papasta ja Taivalkunnan lapsista oli 6.6. Nokian Uutisissa. Jos kiinnostaa, niin k\u00e4y katsomassa vaikka kyl\u00e4n sivuilta lehtileikkeist\u00e4.<\/p>\n<p><strong>Taivalkunnan kyl\u00e4t ry:n j\u00e4senmaksu 2018 on viisi (5) euroa\/j\u00e4sen.<\/strong> Jos et ole viel\u00e4 maksanut j\u00e4senmaksua, niin ei h\u00e4t\u00e4\u00e4, sill\u00e4 voit tehd\u00e4 sen nyt. T\u00e4ss\u00e4 tilitiedot:<\/p>\n<p><strong>&#8211; nimell\u00e4:\u00a0\u00a0 \u00a0\u00a0 Taivalkunnan kyl\u00e4t ry<br \/>\n&#8211; tilille:\u00a0\u00a0\u00a0\u00a0 \u00a0\u00a0 \u00a0\u00a0\u00a0FI98 1158 3500 0906 69<br \/>\n&#8211; viite ja viesti: 2018003 ja j\u00e4senten nimet<\/strong><\/p>\n<p>Ollaan yhteydess\u00e4 puolin ja toisin. Taivalkunnan kyl\u00e4t ry pj. Olli Sorva, <a href=\"mailto:olli.sorva@nokiansahkotalo.fi\">olli.sorva(at)nokiansahkotalo.fi,<\/a><\/p>\n<p><a href=\"http:\/\/www.nokiankylat.fi\/taivalkunta\">www.nokiankylat.fi\/taivalkunta<\/a>,\u00a0<a href=\"http:\/\/www.facebook.com\/taivalkunta\/\">www.facebook.com\/taivalkunta\/<\/a>.<\/p>\n","protected":false},"excerpt":{"rendered":"<p>Taivalkunnan kyl\u00e4kirje 12.6.2018 Messut Nokialla tapahtumassa Taivalkunnalla oli Nokian kylien kanssa yhteinen osasto. Meid\u00e4n kyl\u00e4\u00e4 ja toimintaa messuilla esitteli Anja Mattila. Kiitos Anjalle! Kyl\u00e4n avoimet pes\u00e4pallopelit ovat 14.6, 28.6, 12.7 ja 26.7.2018 kello 18.30 alkaen koulun pihassa. Tarkempi tieto on kyl\u00e4n nettisivuilla tapahtumakalenterissa. Summer Pop Up kes\u00e4kiertue on Taivalkunnan koulun pihassa tiistaina 19.6 kello 13.00 &hellip; <a href=\"https:\/\/www.nokiankylat.fi\/taivalkunta\/yhdistykset\/taivalkunnan-kylat-ry\/kylayhdistyksen-arkisto\/kylakirjeet\/kylakirjeet-2018\/kylakirje-12-6-2018\/\">Jatkuu<\/a><\/p>\n","protected":false},"author":4,"featured_media":0,"parent":2356,"menu_order":0,"comment_status":"closed","ping_status":"closed","template":"","meta":{"_acf_changed":false,"footnotes":""},"class_list":["post-2633","page","type-page","status-publish","hentry"],"acf":[],"_links":{"self":[{"href":"https:\/\/www.nokiankylat.fi\/taivalkunta\/wp-json\/wp\/v2\/pages\/2633","targetHints":{"allow":["GET"]}}],"collection":[{"href":"https:\/\/www.nokiankylat.fi\/taivalkunta\/wp-json\/wp\/v2\/pages"}],"about":[{"href":"https:\/\/www.nokiankylat.fi\/taivalkunta\/wp-json\/wp\/v2\/types\/page"}],"author":[{"embeddable":true,"href":"https:\/\/www.nokiankylat.fi\/taivalkunta\/wp-json\/wp\/v2\/users\/4"}],"replies":[{"embeddable":true,"href":"https:\/\/www.nokiankylat.fi\/taivalkunta\/wp-json\/wp\/v2\/comments?post=2633"}],"version-history":[{"count":1,"href":"https:\/\/www.nokiankylat.fi\/taivalkunta\/wp-json\/wp\/v2\/pages\/2633\/revisions"}],"predecessor-version":[{"id":2634,"href":"https:\/\/www.nokiankylat.fi\/taivalkunta\/wp-json\/wp\/v2\/pages\/2633\/revisions\/2634"}],"up":[{"embeddable":true,"href":"https:\/\/www.nokiankylat.fi\/taivalkunta\/wp-json\/wp\/v2\/pages\/2356"}],"wp:attachment":[{"href":"https:\/\/www.nokiankylat.fi\/taivalkunta\/wp-json\/wp\/v2\/media?parent=2633"}],"curies":[{"name":"wp","href":"https:\/\/api.w.org\/{rel}","templated":true}]}}