{"id":2680,"date":"2018-10-24T17:58:42","date_gmt":"2018-10-24T14:58:42","guid":{"rendered":"https:\/\/www.nokiankylat.fi\/taivalkunta\/?page_id=2680"},"modified":"2018-10-24T17:59:19","modified_gmt":"2018-10-24T14:59:19","slug":"kylakirje-24-10-2018","status":"publish","type":"page","link":"https:\/\/www.nokiankylat.fi\/taivalkunta\/yhdistykset\/taivalkunnan-kylat-ry\/kylayhdistyksen-arkisto\/kylakirjeet\/kylakirjeet-2018\/kylakirje-24-10-2018\/","title":{"rendered":"Kyl\u00e4kirje 24-10-2018"},"content":{"rendered":"<p>Taivalkunnan kyl\u00e4kirje 24.10.2018<\/p>\n<p><strong>Nokian kaupunki j\u00e4rjest\u00e4\u00e4 Nokian Joulutori Pop up -tapahtuman<\/strong> 1. &#8211; 22.12.2018 Pirkkalaistorilla entisen K-marketin tiloissa (Pirkkalaistori 1).<\/p>\n<p>Tapahtuman myyj\u00e4ksi voi hakea yksityishenkil\u00f6, yritys tai yhteis\u00f6 <strong>26.10.2018 menness\u00e4<\/strong>. Myyntipaikka on maksuton ja myyntiaika on minimiss\u00e4\u00e4n kolme p\u00e4iv\u00e4\u00e4 ja maksimissaan kolme viikkoa eli koko tapahtuman ajan, joka on avoinna ma-pe klo 11-18 sek\u00e4 la-su klo 9-14.<\/p>\n<p>Pop up \u2013tapahtumalla tarjotaan n\u00e4kyvyytt\u00e4 sellaisille toimijoille, joilla ei muuten olisi mahdollisuutta hankkia myyntipaikkaa keskustasta ja tavoitteena on my\u00f6s el\u00e4v\u00f6itt\u00e4\u00e4 Pirkkalaistoria sek\u00e4 houkutella uusia asiakkaita Nokian keskustaan.<\/p>\n<p>Myyntipaikkoja tapahtumassa on rajoitetusti ja jokaiselle paikan saaneelle ilmoitetaan henkil\u00f6kohtaisesti. Kaikille myyjille j\u00e4rjestet\u00e4\u00e4n my\u00f6s yhteinen infotilaisuus marraskuussa. Jos myyj\u00e4hakemuksia tulee enemm\u00e4n kuin myyntipaikkoja, Nokian kaupunki pid\u00e4tt\u00e4\u00e4 oikeuden valita Pop up -tapahtuman luonteeseen sopivimmat myyj\u00e4t.<\/p>\n<p>Joulutori Pop up tarjoaa my\u00f6s yhdistyksille, luokkatoimikunnille ja muille tahoille oivan mahdollisuuden varainhankintaan tarjoamalla maksuttoman myyntipaikan kaupungin keskustassa vilkkaaseen joulunalusaikaan.<\/p>\n<p>Ilmoittaudu myyj\u00e4ksi Nokian kaupungin verkkosivuilla nettilomakkeella: <a href=\"https:\/\/www.nokiankaupunki.fi\/tyo-ja-yrittajyys\/nokian-joulutori-pop-up\/\">https:\/\/www.nokiankaupunki.fi\/tyo-ja-yrittajyys\/nokian-joulutori-pop-up\/<\/a><\/p>\n<p>Lis\u00e4tietoja antaa tarvitessa elinkeinojohtaja Tiina Laakkonen, puh. 044 486 0918<\/p>\n<p><strong>Kyl\u00e4ilta pidet\u00e4\u00e4n 13.11 kello 18.30 Taivalkunnan koululla<\/strong>. Meill\u00e4 on valmiina video\/kuvakoosteita 20-40 vuoden takaa, joita kyl\u00e4illassa esit\u00e4mme.\u00a0 V\u00e4h\u00e4n lis\u00e4\u00e4 tarvitsisimme, joten kaivathan arkistojasi. Jos sinulla on vanhoja videoita kyl\u00e4lt\u00e4 tai kyl\u00e4l\u00e4isist\u00e4, niin toivomme, ett\u00e4 voisimme n\u00e4ytt\u00e4\u00e4 niit\u00e4 tuossa kyl\u00e4illassamme. Ole asiasta yhteydess\u00e4 minuun niin saamme materiaalin mukaan esitykseemme.<\/p>\n<p>Ollaan yhteydess\u00e4 puolin ja toisin. Taivalkunnan kyl\u00e4t ry pj. Olli Sorva, <u><a href=\"http:\/\/olli.sorva(at)nokiansahkotalo.fi\/\">olli.sorva(at)nokiansahkotalo.fi<\/a>,<\/u> <a href=\"http:\/\/www.nokiankylat.fi\/taivalkunta\">www.nokiankylat.fi\/taivalkunta<\/a>, <a href=\"http:\/\/www.facebook.com\/taivalkunta\/\">www.facebook.com\/taivalkunta\/<\/a>.<\/p>\n","protected":false},"excerpt":{"rendered":"<p>Taivalkunnan kyl\u00e4kirje 24.10.2018 Nokian kaupunki j\u00e4rjest\u00e4\u00e4 Nokian Joulutori Pop up -tapahtuman 1. &#8211; 22.12.2018 Pirkkalaistorilla entisen K-marketin tiloissa (Pirkkalaistori 1). Tapahtuman myyj\u00e4ksi voi hakea yksityishenkil\u00f6, yritys tai yhteis\u00f6 26.10.2018 menness\u00e4. Myyntipaikka on maksuton ja myyntiaika on minimiss\u00e4\u00e4n kolme p\u00e4iv\u00e4\u00e4 ja maksimissaan kolme viikkoa eli koko tapahtuman ajan, joka on avoinna ma-pe klo 11-18 sek\u00e4 la-su &hellip; <a href=\"https:\/\/www.nokiankylat.fi\/taivalkunta\/yhdistykset\/taivalkunnan-kylat-ry\/kylayhdistyksen-arkisto\/kylakirjeet\/kylakirjeet-2018\/kylakirje-24-10-2018\/\">Jatkuu<\/a><\/p>\n","protected":false},"author":4,"featured_media":0,"parent":2356,"menu_order":0,"comment_status":"closed","ping_status":"closed","template":"","meta":{"_acf_changed":false,"footnotes":""},"class_list":["post-2680","page","type-page","status-publish","hentry"],"acf":[],"_links":{"self":[{"href":"https:\/\/www.nokiankylat.fi\/taivalkunta\/wp-json\/wp\/v2\/pages\/2680","targetHints":{"allow":["GET"]}}],"collection":[{"href":"https:\/\/www.nokiankylat.fi\/taivalkunta\/wp-json\/wp\/v2\/pages"}],"about":[{"href":"https:\/\/www.nokiankylat.fi\/taivalkunta\/wp-json\/wp\/v2\/types\/page"}],"author":[{"embeddable":true,"href":"https:\/\/www.nokiankylat.fi\/taivalkunta\/wp-json\/wp\/v2\/users\/4"}],"replies":[{"embeddable":true,"href":"https:\/\/www.nokiankylat.fi\/taivalkunta\/wp-json\/wp\/v2\/comments?post=2680"}],"version-history":[{"count":1,"href":"https:\/\/www.nokiankylat.fi\/taivalkunta\/wp-json\/wp\/v2\/pages\/2680\/revisions"}],"predecessor-version":[{"id":2681,"href":"https:\/\/www.nokiankylat.fi\/taivalkunta\/wp-json\/wp\/v2\/pages\/2680\/revisions\/2681"}],"up":[{"embeddable":true,"href":"https:\/\/www.nokiankylat.fi\/taivalkunta\/wp-json\/wp\/v2\/pages\/2356"}],"wp:attachment":[{"href":"https:\/\/www.nokiankylat.fi\/taivalkunta\/wp-json\/wp\/v2\/media?parent=2680"}],"curies":[{"name":"wp","href":"https:\/\/api.w.org\/{rel}","templated":true}]}}