{"id":2690,"date":"2018-11-05T16:37:42","date_gmt":"2018-11-05T14:37:42","guid":{"rendered":"https:\/\/www.nokiankylat.fi\/taivalkunta\/?page_id=2690"},"modified":"2018-11-05T16:58:52","modified_gmt":"2018-11-05T14:58:52","slug":"kokouskutsu-13-11-2018","status":"publish","type":"page","link":"https:\/\/www.nokiankylat.fi\/taivalkunta\/yhdistykset\/taivalkunnan-kylat-ry\/kokoukset-ja-kylaillat\/syyskokous-13-11-2018\/kokouskutsu-13-11-2018\/","title":{"rendered":"Kokouskutsu 13-11-2018"},"content":{"rendered":"<p><span style=\"float: none;background-color: transparent;color: #222222;cursor: text;font-family: 'Open Sans','Helvetica Neue',Helvetica,Arial,sans-serif;font-size: 16px;font-style: normal;font-variant: normal;font-weight: 400;letter-spacing: normal;text-align: left;text-decoration: none;text-indent: 0px\">Taivalkunnan kyl\u00e4t ry:n syyskokous pidet\u00e4\u00e4n 13.11.2018 kello 18.30. Klikkaa kutsua, niin se avautuu kuvana tai avaa PDF t\u00e4st\u00e4\u00a0<a href=\"https:\/\/www.nokiankylat.fi\/taivalkunta\/wp-content\/uploads\/sites\/11\/2018\/11\/KYL\u00c4ILTA-13-11-2018-KUTSU.pdf\">KYL\u00c4ILTA 13-11-2018 KUTSU<\/a>. \u00a0<\/span><\/p>\n<p><a href=\"https:\/\/www.nokiankylat.fi\/taivalkunta\/wp-content\/uploads\/sites\/11\/2018\/11\/2018-11-05-e1541427612998.png\"><img loading=\"lazy\" decoding=\"async\" class=\"alignnone size-medium wp-image-2689\" src=\"https:\/\/www.nokiankylat.fi\/taivalkunta\/wp-content\/uploads\/sites\/11\/2018\/11\/2018-11-05-e1541427612998-206x300.png\" alt=\"\" width=\"206\" height=\"300\" srcset=\"https:\/\/www.nokiankylat.fi\/taivalkunta\/wp-content\/uploads\/sites\/11\/2018\/11\/2018-11-05-e1541427612998-206x300.png 206w, https:\/\/www.nokiankylat.fi\/taivalkunta\/wp-content\/uploads\/sites\/11\/2018\/11\/2018-11-05-e1541427612998.png 534w\" sizes=\"auto, (max-width: 206px) 100vw, 206px\" \/><\/a><\/p>\n","protected":false},"excerpt":{"rendered":"<p>Taivalkunnan kyl\u00e4t ry:n syyskokous pidet\u00e4\u00e4n 13.11.2018 kello 18.30. Klikkaa kutsua, niin se avautuu kuvana tai avaa PDF t\u00e4st\u00e4\u00a0KYL\u00c4ILTA 13-11-2018 KUTSU. \u00a0<\/p>\n","protected":false},"author":4,"featured_media":0,"parent":2685,"menu_order":0,"comment_status":"closed","ping_status":"closed","template":"","meta":{"_acf_changed":false,"footnotes":""},"class_list":["post-2690","page","type-page","status-publish","hentry"],"acf":[],"_links":{"self":[{"href":"https:\/\/www.nokiankylat.fi\/taivalkunta\/wp-json\/wp\/v2\/pages\/2690","targetHints":{"allow":["GET"]}}],"collection":[{"href":"https:\/\/www.nokiankylat.fi\/taivalkunta\/wp-json\/wp\/v2\/pages"}],"about":[{"href":"https:\/\/www.nokiankylat.fi\/taivalkunta\/wp-json\/wp\/v2\/types\/page"}],"author":[{"embeddable":true,"href":"https:\/\/www.nokiankylat.fi\/taivalkunta\/wp-json\/wp\/v2\/users\/4"}],"replies":[{"embeddable":true,"href":"https:\/\/www.nokiankylat.fi\/taivalkunta\/wp-json\/wp\/v2\/comments?post=2690"}],"version-history":[{"count":4,"href":"https:\/\/www.nokiankylat.fi\/taivalkunta\/wp-json\/wp\/v2\/pages\/2690\/revisions"}],"predecessor-version":[{"id":2698,"href":"https:\/\/www.nokiankylat.fi\/taivalkunta\/wp-json\/wp\/v2\/pages\/2690\/revisions\/2698"}],"up":[{"embeddable":true,"href":"https:\/\/www.nokiankylat.fi\/taivalkunta\/wp-json\/wp\/v2\/pages\/2685"}],"wp:attachment":[{"href":"https:\/\/www.nokiankylat.fi\/taivalkunta\/wp-json\/wp\/v2\/media?parent=2690"}],"curies":[{"name":"wp","href":"https:\/\/api.w.org\/{rel}","templated":true}]}}