{"id":2692,"date":"2018-11-05T16:39:23","date_gmt":"2018-11-05T14:39:23","guid":{"rendered":"https:\/\/www.nokiankylat.fi\/taivalkunta\/?page_id=2692"},"modified":"2018-12-22T12:16:33","modified_gmt":"2018-12-22T10:16:33","slug":"esityslista-13-11-2018","status":"publish","type":"page","link":"https:\/\/www.nokiankylat.fi\/taivalkunta\/yhdistykset\/taivalkunnan-kylat-ry\/kokoukset-ja-kylaillat\/syyskokous-13-11-2018\/esityslista-13-11-2018\/","title":{"rendered":"Esityslista 13-11-2018"},"content":{"rendered":"<p><b>Esityslista<\/b><\/p>\n<ol>\n<li>Kahvitarjoilu ja kokouksen avaaminen<\/li>\n<li>Kokouksen j\u00e4rjest\u00e4ytyminen<\/li>\n<li>Laillisuuden ja p\u00e4\u00e4t\u00f6svaltaisuuden toteaminen<\/li>\n<li>Esityslistan hyv\u00e4ksyminen<\/li>\n<li>Toimintasuunnitelman ja talousarvion vahvistaminen seuraavalle vuodelle sek\u00e4 j\u00e4senmaksun suuruus<\/li>\n<li>Hallituksen puheenjohtajan valinta<\/li>\n<li>Hallituksen j\u00e4senten valinta<\/li>\n<li>Toiminnantarkastajan ja varatoiminnantarkastajan valinta<\/li>\n<li>Muut esille tulevat asiat<\/li>\n<li>Kokouksen p\u00e4\u00e4tt\u00e4minen<\/li>\n<\/ol>\n","protected":false},"excerpt":{"rendered":"<p>Esityslista Kahvitarjoilu ja kokouksen avaaminen Kokouksen j\u00e4rjest\u00e4ytyminen Laillisuuden ja p\u00e4\u00e4t\u00f6svaltaisuuden toteaminen Esityslistan hyv\u00e4ksyminen Toimintasuunnitelman ja talousarvion vahvistaminen seuraavalle vuodelle sek\u00e4 j\u00e4senmaksun suuruus Hallituksen puheenjohtajan valinta Hallituksen j\u00e4senten valinta Toiminnantarkastajan ja varatoiminnantarkastajan valinta Muut esille tulevat asiat Kokouksen p\u00e4\u00e4tt\u00e4minen<\/p>\n","protected":false},"author":4,"featured_media":0,"parent":2685,"menu_order":0,"comment_status":"closed","ping_status":"closed","template":"","meta":{"_acf_changed":false,"footnotes":""},"class_list":["post-2692","page","type-page","status-publish","hentry"],"acf":[],"_links":{"self":[{"href":"https:\/\/www.nokiankylat.fi\/taivalkunta\/wp-json\/wp\/v2\/pages\/2692","targetHints":{"allow":["GET"]}}],"collection":[{"href":"https:\/\/www.nokiankylat.fi\/taivalkunta\/wp-json\/wp\/v2\/pages"}],"about":[{"href":"https:\/\/www.nokiankylat.fi\/taivalkunta\/wp-json\/wp\/v2\/types\/page"}],"author":[{"embeddable":true,"href":"https:\/\/www.nokiankylat.fi\/taivalkunta\/wp-json\/wp\/v2\/users\/4"}],"replies":[{"embeddable":true,"href":"https:\/\/www.nokiankylat.fi\/taivalkunta\/wp-json\/wp\/v2\/comments?post=2692"}],"version-history":[{"count":1,"href":"https:\/\/www.nokiankylat.fi\/taivalkunta\/wp-json\/wp\/v2\/pages\/2692\/revisions"}],"predecessor-version":[{"id":2693,"href":"https:\/\/www.nokiankylat.fi\/taivalkunta\/wp-json\/wp\/v2\/pages\/2692\/revisions\/2693"}],"up":[{"embeddable":true,"href":"https:\/\/www.nokiankylat.fi\/taivalkunta\/wp-json\/wp\/v2\/pages\/2685"}],"wp:attachment":[{"href":"https:\/\/www.nokiankylat.fi\/taivalkunta\/wp-json\/wp\/v2\/media?parent=2692"}],"curies":[{"name":"wp","href":"https:\/\/api.w.org\/{rel}","templated":true}]}}