{"id":2712,"date":"2018-11-24T15:03:27","date_gmt":"2018-11-24T13:03:27","guid":{"rendered":"https:\/\/www.nokiankylat.fi\/taivalkunta\/?page_id=2712"},"modified":"2018-11-26T07:39:50","modified_gmt":"2018-11-26T05:39:50","slug":"kylakirje-24-11-2018","status":"publish","type":"page","link":"https:\/\/www.nokiankylat.fi\/taivalkunta\/yhdistykset\/taivalkunnan-kylat-ry\/kylayhdistyksen-arkisto\/kylakirjeet\/kylakirjeet-2018\/kylakirje-24-11-2018\/","title":{"rendered":"Kyl\u00e4kirje 24-11-2018"},"content":{"rendered":"<p>Taivalkunnan kyl\u00e4kirje 24.11.2018<\/p>\n<p>Kaamosmarkkinat ovat kyl\u00e4n koululla 25.11 kello 16.00. J\u00e4rjest\u00e4j\u00e4n\u00e4 on Taivalkunnan koulun vanhempainyhdistys. Myyt\u00e4v\u00e4n\u00e4 mm. k\u00e4sit\u00f6it\u00e4, hernekeittoa, leivonnaisia. My\u00f6s muuta ohjelmaa. Tapahtumailmoituksen l\u00f6yd\u00e4t kyl\u00e4n sivuilta t\u00e4st\u00e4 linkist\u00e4 <a href=\"http:\/\/nokiankylat.fi\/taivalkunta\/tapahtumat\/kaamosmarkkinat-3\/\">www.nokiankylat.fi\/taivalkunta\/tapahtumat\/kaamosmarkkinat-3\/\u00a0<\/a><\/p>\n<p>Taivalkunnan kyl\u00e4t ry:n syyskokous pidettiin 13.11. Olli Sorva valittiin puheenjohtajaksi ensi vuodelle. Kiitos luottamuksesta. Uusi hallitus j\u00e4rjest\u00e4ytyy heti alkuvuodesta, mutta hallituksen j\u00e4senet n\u00e4et jo kokouksen p\u00f6yt\u00e4kirjasta. <a href=\"http:\/\/nokiankylat.fi\/taivalkunta\/yhdistykset\/taivalkunnan-kylat-ry\/kokoukset-ja-kylaillat\/syyskokous-13-11-2018\/\">www.nokiankylat.fi\/taivalkunta\/yhdistykset\/taivalkunnan-kylat-ry\/kokoukset-jakylaillat\/syyskokous-13-11-2018\/<\/a><\/p>\n<p>Joululaulut-ilta pidet\u00e4\u00e4n Taivalkunnan koululla 19.12. klo 18. J\u00e4rjest\u00e4jin\u00e4 ovat koulun henkil\u00f6kunta, oppilaat ja Taivalkunnan kyl\u00e4t ry. Luvassa siis yhteislauluna tuttuja joululauluja ja siin\u00e4 lomassa oppilasesityksi\u00e4. V\u00e4liajalla kyl\u00e4yhdistys tarjoaa ilmaiseksi gl\u00f6git ja piparkakut. Tilaisuus soveltuu koko perheelle ja pidet\u00e4\u00e4n koulun juhlasalissa, jonne on ns. esteet\u00f6n p\u00e4\u00e4sy. Kaikki toivotetaan tervetulleiksi.<\/p>\n<p>Ensi vuodesta voin luvata, ett\u00e4 pid\u00e4n kyl\u00e4n sivuja ajan tasalla entiseen malliin. Tapahtumakalenteria p\u00e4ivitet\u00e4\u00e4n sek\u00e4 artikkelit ja kyl\u00e4kirjeet ilmestyv\u00e4t sinne. Sivuilta l\u00f6ytyy mm. kyl\u00e4yhdistyksen arkisto, valokuvia ja lehtileikkeit\u00e4. Toimintakertomukset, toimintasuunnitelmat, kokousp\u00f6yt\u00e4kirjat jne. ovat my\u00f6s n\u00e4ht\u00e4vill\u00e4. Kyl\u00e4yhdistyksen toiminta on avointa. Jos et l\u00f6yd\u00e4 kysymykseesi vastausta kyl\u00e4mme sivuilta, niin ota yhteytt\u00e4 minuun.<\/p>\n<p>Toivon, ett\u00e4 kyl\u00e4ll\u00e4 toimivat seurat, yhdistykset ja koulu ilmoittavat jatkossakin mahdollisista kyl\u00e4tapahtumistaan minulle, niin saamme ne n\u00e4kyviin kyl\u00e4n sivustolle.<\/p>\n<p>Rauhaisaa joulunodotusta kyl\u00e4n v\u00e4elle toivottaa Taivalkunnan kyl\u00e4t ry ja n\u00e4hd\u00e4\u00e4n viimeist\u00e4\u00e4n joululaulujen merkeiss\u00e4 19.12kello 18 koululla.<\/p>\n<p>Ollaan yhteydess\u00e4 puolin ja toisin. Taivalkunnan kyl\u00e4t ry pj. Olli Sorva, <a href=\"mailto:olli.sorva@nokiansahkotalo.fi\">olli.sorva(at)nokiansahkotalo.<\/a>fi, <a href=\"http:\/\/www.nokiankylat.fi\/taivalkunta\/\">www.nokiankylat.fi\/taivalkunta<\/a>, <a href=\"http:\/\/www.facebook.com\/taivalkunta\/\">www.facebook.com\/taivalkunta<\/a>\/.<\/p>\n","protected":false},"excerpt":{"rendered":"<p>Taivalkunnan kyl\u00e4kirje 24.11.2018 Kaamosmarkkinat ovat kyl\u00e4n koululla 25.11 kello 16.00. J\u00e4rjest\u00e4j\u00e4n\u00e4 on Taivalkunnan koulun vanhempainyhdistys. Myyt\u00e4v\u00e4n\u00e4 mm. k\u00e4sit\u00f6it\u00e4, hernekeittoa, leivonnaisia. My\u00f6s muuta ohjelmaa. Tapahtumailmoituksen l\u00f6yd\u00e4t kyl\u00e4n sivuilta t\u00e4st\u00e4 linkist\u00e4 www.nokiankylat.fi\/taivalkunta\/tapahtumat\/kaamosmarkkinat-3\/\u00a0 Taivalkunnan kyl\u00e4t ry:n syyskokous pidettiin 13.11. Olli Sorva valittiin puheenjohtajaksi ensi vuodelle. Kiitos luottamuksesta. Uusi hallitus j\u00e4rjest\u00e4ytyy heti alkuvuodesta, mutta hallituksen j\u00e4senet n\u00e4et jo kokouksen &hellip; <a href=\"https:\/\/www.nokiankylat.fi\/taivalkunta\/yhdistykset\/taivalkunnan-kylat-ry\/kylayhdistyksen-arkisto\/kylakirjeet\/kylakirjeet-2018\/kylakirje-24-11-2018\/\">Jatkuu<\/a><\/p>\n","protected":false},"author":4,"featured_media":0,"parent":2356,"menu_order":0,"comment_status":"closed","ping_status":"closed","template":"","meta":{"_acf_changed":false,"footnotes":""},"class_list":["post-2712","page","type-page","status-publish","hentry"],"acf":[],"_links":{"self":[{"href":"https:\/\/www.nokiankylat.fi\/taivalkunta\/wp-json\/wp\/v2\/pages\/2712","targetHints":{"allow":["GET"]}}],"collection":[{"href":"https:\/\/www.nokiankylat.fi\/taivalkunta\/wp-json\/wp\/v2\/pages"}],"about":[{"href":"https:\/\/www.nokiankylat.fi\/taivalkunta\/wp-json\/wp\/v2\/types\/page"}],"author":[{"embeddable":true,"href":"https:\/\/www.nokiankylat.fi\/taivalkunta\/wp-json\/wp\/v2\/users\/4"}],"replies":[{"embeddable":true,"href":"https:\/\/www.nokiankylat.fi\/taivalkunta\/wp-json\/wp\/v2\/comments?post=2712"}],"version-history":[{"count":5,"href":"https:\/\/www.nokiankylat.fi\/taivalkunta\/wp-json\/wp\/v2\/pages\/2712\/revisions"}],"predecessor-version":[{"id":2720,"href":"https:\/\/www.nokiankylat.fi\/taivalkunta\/wp-json\/wp\/v2\/pages\/2712\/revisions\/2720"}],"up":[{"embeddable":true,"href":"https:\/\/www.nokiankylat.fi\/taivalkunta\/wp-json\/wp\/v2\/pages\/2356"}],"wp:attachment":[{"href":"https:\/\/www.nokiankylat.fi\/taivalkunta\/wp-json\/wp\/v2\/media?parent=2712"}],"curies":[{"name":"wp","href":"https:\/\/api.w.org\/{rel}","templated":true}]}}