{"id":2728,"date":"2018-12-07T19:31:29","date_gmt":"2018-12-07T17:31:29","guid":{"rendered":"https:\/\/www.nokiankylat.fi\/taivalkunta\/?page_id=2728"},"modified":"2018-12-08T15:04:15","modified_gmt":"2018-12-08T13:04:15","slug":"kylakirje-8-12-2018","status":"publish","type":"page","link":"https:\/\/www.nokiankylat.fi\/taivalkunta\/yhdistykset\/taivalkunnan-kylat-ry\/kylayhdistyksen-arkisto\/kylakirjeet\/kylakirjeet-2018\/kylakirje-8-12-2018\/","title":{"rendered":"Kyl\u00e4kirje 8-12-2018"},"content":{"rendered":"<p>Taivalkunnan kyl\u00e4t ry kutsuu kaikki kyl\u00e4l\u00e4iset ja kyl\u00e4n yst\u00e4v\u00e4t yhteiseen joululauluiltaan kyl\u00e4n koululle 19.12 kello 18. Kutsu l\u00f6ytyy PDF tiedostona t\u00e4\u00e4lt\u00e4\u00a0<a href=\"https:\/\/www.nokiankylat.fi\/taivalkunta\/wp-content\/uploads\/sites\/11\/2018\/12\/KUTSU-JOULULAULUILTAAN-2018.pdf\">KUTSU JOULULAULUILTAAN 2018<\/a><\/p>\n<p><a href=\"https:\/\/www.nokiankylat.fi\/taivalkunta\/wp-content\/uploads\/sites\/11\/2018\/12\/2018-12-08-1-e1544274228481.png\"><img loading=\"lazy\" decoding=\"async\" class=\"alignnone size-medium wp-image-2742\" src=\"https:\/\/www.nokiankylat.fi\/taivalkunta\/wp-content\/uploads\/sites\/11\/2018\/12\/2018-12-08-1-e1544274218426-209x300.png\" alt=\"\" width=\"209\" height=\"300\" \/><\/a><\/p>\n","protected":false},"excerpt":{"rendered":"<p>Taivalkunnan kyl\u00e4t ry kutsuu kaikki kyl\u00e4l\u00e4iset ja kyl\u00e4n yst\u00e4v\u00e4t yhteiseen joululauluiltaan kyl\u00e4n koululle 19.12 kello 18. Kutsu l\u00f6ytyy PDF tiedostona t\u00e4\u00e4lt\u00e4\u00a0KUTSU JOULULAULUILTAAN 2018<\/p>\n","protected":false},"author":4,"featured_media":0,"parent":2356,"menu_order":0,"comment_status":"closed","ping_status":"closed","template":"","meta":{"_acf_changed":false,"footnotes":""},"class_list":["post-2728","page","type-page","status-publish","hentry"],"acf":[],"_links":{"self":[{"href":"https:\/\/www.nokiankylat.fi\/taivalkunta\/wp-json\/wp\/v2\/pages\/2728","targetHints":{"allow":["GET"]}}],"collection":[{"href":"https:\/\/www.nokiankylat.fi\/taivalkunta\/wp-json\/wp\/v2\/pages"}],"about":[{"href":"https:\/\/www.nokiankylat.fi\/taivalkunta\/wp-json\/wp\/v2\/types\/page"}],"author":[{"embeddable":true,"href":"https:\/\/www.nokiankylat.fi\/taivalkunta\/wp-json\/wp\/v2\/users\/4"}],"replies":[{"embeddable":true,"href":"https:\/\/www.nokiankylat.fi\/taivalkunta\/wp-json\/wp\/v2\/comments?post=2728"}],"version-history":[{"count":7,"href":"https:\/\/www.nokiankylat.fi\/taivalkunta\/wp-json\/wp\/v2\/pages\/2728\/revisions"}],"predecessor-version":[{"id":2744,"href":"https:\/\/www.nokiankylat.fi\/taivalkunta\/wp-json\/wp\/v2\/pages\/2728\/revisions\/2744"}],"up":[{"embeddable":true,"href":"https:\/\/www.nokiankylat.fi\/taivalkunta\/wp-json\/wp\/v2\/pages\/2356"}],"wp:attachment":[{"href":"https:\/\/www.nokiankylat.fi\/taivalkunta\/wp-json\/wp\/v2\/media?parent=2728"}],"curies":[{"name":"wp","href":"https:\/\/api.w.org\/{rel}","templated":true}]}}