{"id":2766,"date":"2019-02-04T20:03:10","date_gmt":"2019-02-04T18:03:10","guid":{"rendered":"https:\/\/www.nokiankylat.fi\/taivalkunta\/?page_id=2766"},"modified":"2020-02-23T11:20:07","modified_gmt":"2020-02-23T09:20:07","slug":"kylakirjeet-2019","status":"publish","type":"page","link":"https:\/\/www.nokiankylat.fi\/taivalkunta\/yhdistykset\/taivalkunnan-kylat-ry\/kylayhdistyksen-arkisto\/kylakirjeet\/kylakirjeet-2019\/","title":{"rendered":"Kyl\u00e4kirjeet 2019"},"content":{"rendered":"<p><span style=\"float: none;background-color: #ffffff;color: #222222;cursor: text;font-family: 'Open Sans','Helvetica Neue',Helvetica,Arial,sans-serif;font-size: 16px;font-style: normal;font-variant: normal;font-weight: 400;letter-spacing: normal;text-align: left;text-decoration: none;text-indent: 0px\">T\u00e4ss\u00e4 vuonna 2019 julkaistut kyl\u00e4kirjeet.<\/span><\/p>\n","protected":false},"excerpt":{"rendered":"<p>T\u00e4ss\u00e4 vuonna 2019 julkaistut kyl\u00e4kirjeet.<\/p>\n","protected":false},"author":4,"featured_media":0,"parent":108,"menu_order":0,"comment_status":"closed","ping_status":"closed","template":"","meta":{"_acf_changed":false,"footnotes":""},"class_list":["post-2766","page","type-page","status-publish","hentry"],"acf":[],"_links":{"self":[{"href":"https:\/\/www.nokiankylat.fi\/taivalkunta\/wp-json\/wp\/v2\/pages\/2766","targetHints":{"allow":["GET"]}}],"collection":[{"href":"https:\/\/www.nokiankylat.fi\/taivalkunta\/wp-json\/wp\/v2\/pages"}],"about":[{"href":"https:\/\/www.nokiankylat.fi\/taivalkunta\/wp-json\/wp\/v2\/types\/page"}],"author":[{"embeddable":true,"href":"https:\/\/www.nokiankylat.fi\/taivalkunta\/wp-json\/wp\/v2\/users\/4"}],"replies":[{"embeddable":true,"href":"https:\/\/www.nokiankylat.fi\/taivalkunta\/wp-json\/wp\/v2\/comments?post=2766"}],"version-history":[{"count":4,"href":"https:\/\/www.nokiankylat.fi\/taivalkunta\/wp-json\/wp\/v2\/pages\/2766\/revisions"}],"predecessor-version":[{"id":3435,"href":"https:\/\/www.nokiankylat.fi\/taivalkunta\/wp-json\/wp\/v2\/pages\/2766\/revisions\/3435"}],"up":[{"embeddable":true,"href":"https:\/\/www.nokiankylat.fi\/taivalkunta\/wp-json\/wp\/v2\/pages\/108"}],"wp:attachment":[{"href":"https:\/\/www.nokiankylat.fi\/taivalkunta\/wp-json\/wp\/v2\/media?parent=2766"}],"curies":[{"name":"wp","href":"https:\/\/api.w.org\/{rel}","templated":true}]}}