{"id":2774,"date":"2019-02-21T19:05:41","date_gmt":"2019-02-21T17:05:41","guid":{"rendered":"https:\/\/www.nokiankylat.fi\/taivalkunta\/?page_id=2774"},"modified":"2019-03-13T08:56:18","modified_gmt":"2019-03-13T06:56:18","slug":"kylakirje-22-2-2019","status":"publish","type":"page","link":"https:\/\/www.nokiankylat.fi\/taivalkunta\/yhdistykset\/taivalkunnan-kylat-ry\/kylayhdistyksen-arkisto\/kylakirjeet\/kylakirjeet-2019\/kylakirje-22-2-2019\/","title":{"rendered":"Kyl\u00e4kirje 22-2-2019"},"content":{"rendered":"<p>Taivalkunnan kyl\u00e4t ry kutsuu kaikki kyl\u00e4l\u00e4iset talvitapahtumaa 3.3.2019 kello 13.00. Kutsu l\u00f6ytyy my\u00f6s PDF-tiedostona t\u00e4\u00e4lt\u00e4 <a href=\"https:\/\/www.nokiankylat.fi\/taivalkunta\/wp-content\/uploads\/sites\/11\/2019\/02\/TAIVALKUNNAN-KYL\u00c4KIRJE-22-2-2019.pdf\">KUTSU TALVITAPAHTUMAAN 2019<\/a><\/p>\n<p><a href=\"https:\/\/www.nokiankylat.fi\/taivalkunta\/wp-content\/uploads\/sites\/11\/2019\/02\/2019-02-21-e1550768567344.png\"><img loading=\"lazy\" decoding=\"async\" class=\"alignnone size-medium wp-image-2773\" src=\"https:\/\/www.nokiankylat.fi\/taivalkunta\/wp-content\/uploads\/sites\/11\/2019\/02\/2019-02-21-e1550768567344-204x300.png\" alt=\"\" width=\"204\" height=\"300\" srcset=\"https:\/\/www.nokiankylat.fi\/taivalkunta\/wp-content\/uploads\/sites\/11\/2019\/02\/2019-02-21-e1550768567344-204x300.png 204w, https:\/\/www.nokiankylat.fi\/taivalkunta\/wp-content\/uploads\/sites\/11\/2019\/02\/2019-02-21-e1550768567344.png 537w\" sizes=\"auto, (max-width: 204px) 100vw, 204px\" \/><\/a><\/p>\n","protected":false},"excerpt":{"rendered":"<p>Taivalkunnan kyl\u00e4t ry kutsuu kaikki kyl\u00e4l\u00e4iset talvitapahtumaa 3.3.2019 kello 13.00. Kutsu l\u00f6ytyy my\u00f6s PDF-tiedostona t\u00e4\u00e4lt\u00e4 KUTSU TALVITAPAHTUMAAN 2019<\/p>\n","protected":false},"author":4,"featured_media":0,"parent":2766,"menu_order":0,"comment_status":"closed","ping_status":"closed","template":"","meta":{"_acf_changed":false,"footnotes":""},"class_list":["post-2774","page","type-page","status-publish","hentry"],"acf":[],"_links":{"self":[{"href":"https:\/\/www.nokiankylat.fi\/taivalkunta\/wp-json\/wp\/v2\/pages\/2774","targetHints":{"allow":["GET"]}}],"collection":[{"href":"https:\/\/www.nokiankylat.fi\/taivalkunta\/wp-json\/wp\/v2\/pages"}],"about":[{"href":"https:\/\/www.nokiankylat.fi\/taivalkunta\/wp-json\/wp\/v2\/types\/page"}],"author":[{"embeddable":true,"href":"https:\/\/www.nokiankylat.fi\/taivalkunta\/wp-json\/wp\/v2\/users\/4"}],"replies":[{"embeddable":true,"href":"https:\/\/www.nokiankylat.fi\/taivalkunta\/wp-json\/wp\/v2\/comments?post=2774"}],"version-history":[{"count":4,"href":"https:\/\/www.nokiankylat.fi\/taivalkunta\/wp-json\/wp\/v2\/pages\/2774\/revisions"}],"predecessor-version":[{"id":2780,"href":"https:\/\/www.nokiankylat.fi\/taivalkunta\/wp-json\/wp\/v2\/pages\/2774\/revisions\/2780"}],"up":[{"embeddable":true,"href":"https:\/\/www.nokiankylat.fi\/taivalkunta\/wp-json\/wp\/v2\/pages\/2766"}],"wp:attachment":[{"href":"https:\/\/www.nokiankylat.fi\/taivalkunta\/wp-json\/wp\/v2\/media?parent=2774"}],"curies":[{"name":"wp","href":"https:\/\/api.w.org\/{rel}","templated":true}]}}