{"id":2790,"date":"2019-03-13T08:50:48","date_gmt":"2019-03-13T06:50:48","guid":{"rendered":"https:\/\/www.nokiankylat.fi\/taivalkunta\/?page_id=2790"},"modified":"2024-01-14T15:56:36","modified_gmt":"2024-01-14T13:56:36","slug":"toimintakertomus-2018","status":"publish","type":"page","link":"https:\/\/www.nokiankylat.fi\/taivalkunta\/yhdistykset\/taivalkunnan-kylat-ry\/kylayhdistyksen-arkisto\/toimintakertomus-2018\/","title":{"rendered":"Toimintakertomus 2018"},"content":{"rendered":"<h2>Taivalkunnan kyl\u00e4t ry vuosikertomus 2018<\/h2>\n<p>Yhdistyksen toiminta-alueena on koko Taivalkunta koostuen seuraavista kylist\u00e4: Taipale, Kohmala, Kennola, Vastam\u00e4ki, Memmola, Kassila, Haapaniemi, Kontaa, Lukkila ja K\u00e4rjenmaa.<br \/>\nYhdistyksen tarkoituksena on toimia Taivalkunnan asukkaiden ja yhteis\u00f6jen yhteisty\u00f6elimen\u00e4 pyrkimyksiss\u00e4 parantaa edell\u00e4 mainituilla alueilla vakituisesti tai vapaa-aikanaan asuvien ihmisten hyvinvointia.<br \/>\nYhdistyksen tarkoituksena on kannustaa toiminta-alueensa asukkaita yhteistoimintaan kotiseutunsa kehitt\u00e4miseksi sek\u00e4 kehitt\u00e4\u00e4 yhteisty\u00f6t\u00e4 toiminta-alueensa p\u00e4\u00e4tt\u00e4jien ja viranhaltijoiden kanssa kylien kehitt\u00e4misess\u00e4 ja kylien asukkaiden hyvinvoinnin parantamisessa. Tarkoituksena on verkostoitua muiden vastaavien tahojen ja maaseudun kehitt\u00e4misorganisaatioiden kanssa.<br \/>\nVuosi 2018 eteni vakaasti ja perinteisesti, mutta samalla tiedostetusti kohti sovittuja p\u00e4\u00e4m\u00e4\u00e4ri\u00e4.<\/p>\n<p><strong>Hallinto<\/strong><br \/>\nTaivalkunnan kyl\u00e4t ry:n hallitukseen vuonna 2018 ovat kuuluneet puheenjohtaja Olli Sorva, varapuheenjohtaja Tomi Teuho-Markkola, sihteeri Minna M\u00e4kinen, taloudenhoitaja Anja Mattila sek\u00e4 muut j\u00e4senet Elina J\u00e4rvinen, Teemu Lehtim\u00e4ki ja Terhi Leskinen.<br \/>\nToiminnantarkastajana tilikaudella 2018 toimi Veijo Hynninen ja h\u00e4nen varahenkil\u00f6n\u00e4\u00e4n Leena Myllyntausta.<br \/>\nTaivalkunnan kyl\u00e4t ry:n kev\u00e4tkokous pidettiin 26.4.2018 ja syyskokous 13.11.2018.<\/p>\n<p><strong>Hallituksen kokoukset<\/strong><br \/>\nTaivalkunnan kyl\u00e4t ry:n hallitus piti vuonna 2018 omia kokouksiaan viisi kertaa. Kokousten yhteishenki oli hyv\u00e4. Aikaa k\u00e4ytettiin my\u00f6s tulevan toiminnan miettimiseen ja kehitysn\u00e4kymiin.<\/p>\n<p><strong>Taivalkuntaa tunnetuksi<\/strong><br \/>\nTaivalkunnan kyl\u00e4 sai julkisuutta, kun Valkeakoskella Ritvalan kyl\u00e4n Helkajuhlilla 20.5.2018 Pirkan Kyl\u00e4t ry my\u00f6nsi Kyl\u00e4toiminnan tienn\u00e4ytt\u00e4j\u00e4- tunnustuspalkinto kyl\u00e4yhdistyksemme puheenjohtajalle Olli Sorvalle. Palkinto my\u00f6nnet\u00e4\u00e4n henkil\u00f6lle, joka on kyl\u00e4toiminnassa erityisen ansioitunut ja on ollut pitk\u00e4aikaisella panoksellaan kehitt\u00e4m\u00e4ss\u00e4 valtakunnallista tai paikallista kyl\u00e4toimintaa. Ollin sanojen mukaan my\u00f6s kyl\u00e4yhdistyksen my\u00f6t\u00e4vaikutuksella on ollut merkitt\u00e4v\u00e4 panos.<br \/>\nMessut Nokialla tapahtumassa 26-27.5.2018 kyl\u00e4yhdistyksemme oli vahvasti mukana Nokialaisten kylien yhteisell\u00e4 osastola. P\u00e4\u00e4esittelij\u00e4n\u00e4 kyl\u00e4yhdistyksemme osastolla oli Anja Mattila. Tietoa kyl\u00e4st\u00e4mme ja kyl\u00e4yhdistyksemme toiminnasta jaettiin. Myyt\u00e4v\u00e4n\u00e4 oli my\u00f6s menneiden vuosien kyl\u00e4lehti\u00e4 ja Taivalkunta historiasta Nykyaikaan- kuvateosta. Osastolla poikkesi v\u00e4ke\u00e4 kiitett\u00e4v\u00e4sti.<\/p>\n<p><strong>Talvitapahtuma<\/strong><br \/>\nTalvitapahtumaa vietettiin Jutkulan m\u00e4ess\u00e4 18.2 kello 14.00 alkaen. Ohjelmassa oli pulkkam\u00e4ki, kahvia, mehua ja mukavaa yhdess\u00e4oloa sek\u00e4 makkaranpaistoa nuotiolla. Talvitapahtuma veti 70 kyl\u00e4l\u00e4ist\u00e4 yhdess\u00e4oloon.<\/p>\n<p><strong>Kev\u00e4\u00e4n kyl\u00e4ilta<\/strong><br \/>\nYksi kyl\u00e4yhdistyksen p\u00e4\u00e4m\u00e4\u00e4rist\u00e4 on olla aktiivinen toimija kuntap\u00e4\u00e4tt\u00e4jien kanssa. T\u00e4m\u00e4 on kunnan ja kyl\u00e4n yhteinen etu.<br \/>\nElinkeinop\u00e4\u00e4llikk\u00f6 Tiina Laakkonen oli kutsuttuna vieraana. H\u00e4n kertoi Visit Nokia -matkailusivustosta ja kaupungin k\u00e4ytt\u00f6\u00f6nottamasta nuorten 2018 kes\u00e4ty\u00f6setelist\u00e4.<br \/>\nTehk\u00e4\u00e4 ty\u00f6sopimus kestoltaan v\u00e4hint\u00e4\u00e4n kaksi viikkoa ja palkkasumma v\u00e4hint\u00e4\u00e4n 700 euroa. My\u00f6s ty\u00f6nantaja voi olla kes\u00e4ty\u00f6setelin hakijana. Yksi yritys voi ty\u00f6llist\u00e4\u00e4 kes\u00e4ty\u00f6seteli\u00e4 hy\u00f6dynt\u00e4en kaksi nuorta, ilmoitti Laakkonen<br \/>\nKes\u00e4ty\u00f6seteli\u00e4 ei voi k\u00e4ytt\u00e4\u00e4 yksityisen kotitalouden kes\u00e4ty\u00f6ntekij\u00f6iden palkkaamiseen. Tarkemmin asiasta l\u00f6ytyy kaupungin sivuilta www.nokiankaupunki.fi\/tyo-ja-yrittajyys\/tyollisyyspalvelut\/kesatyoseteli\/<br \/>\nAjankohtaiset asiat virittiv\u00e4t kyl\u00e4l\u00e4iset vapaamuotoiseen keskusteluun elinkeinop\u00e4\u00e4llikk\u00f6 Tiina Laakkosen kanssa. Ei t\u00e4t\u00e4 kyl\u00e4hommaa kukaan henkil\u00f6 yksin tee. Meit\u00e4 on yhdistyksess\u00e4 hyv\u00e4 tiimi ja hyv\u00e4 yhteisty\u00f6kaveri kaupungilla totesi Taivalkunnan kyl\u00e4t ry:n puheenjohtaja Olli Sorva 26.4 olleen tilaisuuden p\u00e4\u00e4tesanoina.<\/p>\n<p><strong>Kev\u00e4tkarkelot<\/strong><br \/>\n17.5.2018 koululla oli perinteiset kev\u00e4tkarkelot. Karkelot j\u00e4rjestettiin Taivalkunnassa toimivien eri yhdistysten yhteisvoimin ja vastuullisena toimijana oli Taivalkunnan Kyl\u00e4t ry. Ohjelmassa oli hevosenkenk\u00e4kisa, heppa-ajelua, lapset vastaan aikuiset pallo-ottelu sek\u00e4 mukavaa yhdess\u00e4oloa. Myynniss\u00e4 oli muurinpohjalettuja, makkaraa ja kahvia. V\u00e4ke\u00e4 oli paikalla ihan kivasti, noin 100 henke\u00e4.<\/p>\n<p><strong>Syksyn kyl\u00e4ilta<\/strong><br \/>\nKyl\u00e4ilta vietettiin 13.11 heti syyskokouksen j\u00e4lkeen. Olli sorva esitti noin tunnin kest\u00e4v\u00e4n videokoosteen menneilt\u00e4 ajoita, p\u00e4\u00e4osin 1980- luvulta. Esityst\u00e4 pidettiin mielenkiintoisena ja se sai kuulijoilta hyv\u00e4n vastaanoton.<\/p>\n<p><strong>Joululauluilta<\/strong><br \/>\nTaivalkunnan koululla oli yhteislauluilta 19.12.2018. Paikalla oli v\u00e4ke\u00e4 ihan mukavasti ja meininki oli jouluinen. Suvi Sorva s\u00e4esti pianolla ja esilaulajina toimivat Pekka Nyman ja Veijo Hynninen. V\u00e4liajalla kyl\u00e4yhdistys tarjosi gl\u00f6git ja piparit. Ihmisill\u00e4 oli mahdollisuus antaa vapaaehtoinen \u201dmaksu tarjoilusta\u201d ja se lahjoitettiin kokonaisuudessaan Suomen Punaisen ristin Jouluker\u00e4ykseen. L\u00e4mmin kiitos kaikille osallistujille ja lahjan antajille.<\/p>\n<p><strong>Nuorten asiat<\/strong><br \/>\nKyl\u00e4yhdistys otti my\u00f6s vuonna 2018 lapset ja nuoret mukaan toimintaansa. Koulun kanssa tehtiin yhteisty\u00f6t\u00e4 ja oltiin muutoinkin vuorovaikutuksessa eri-ik\u00e4isten kyl\u00e4l\u00e4isten kesken (kev\u00e4tkarkelot, pesispelit, talvitapahtumat, jne.). Toiminnalla halutaan tukea kaikkien asukkaiden kyl\u00e4viihtyvyytt\u00e4.<\/p>\n<p><strong>Tiedotustoiminta<\/strong><br \/>\nVuonna 2018 tiedotus oli s\u00e4\u00e4nn\u00f6llist\u00e4. Kyl\u00e4kirjeit\u00e4 toimitettiin 13 kappaletta s\u00e4hk\u00f6postitse ja osa niist\u00e4 postilaatikkojakonakin. Kirjeet l\u00f6ytyv\u00e4t my\u00f6s Taivalkunnan kyl\u00e4n kotisivuilta. Kyl\u00e4n yhteiset asiat saivat palstatilaa my\u00f6s paikallislehdess\u00e4. Kyl\u00e4n kotisivulla on mm. tapahtumakalenteri ja Taivalkuntatietoa. Kyl\u00e4n Facebook sivut ovat tiedotusk\u00e4yt\u00f6ss\u00e4.<\/p>\n<p><strong>Muistamiset ja stipendit<\/strong><br \/>\nKev\u00e4\u00e4ll\u00e4 2018 Taivalkunnan kyl\u00e4t ry:n stipendit meniv\u00e4t kouluille jakoon seuraavasti: Taivalkunnan alakoulu 2 x 30 eur stipendit kiva kaveri periaatteella saivat 1-3 -luokat Eelis Alho ja 4-6 -luokat Helmi Haavisto. Em\u00e4kosken yl\u00e4koulu 50 eur stipendi parhaalle l\u00e4htev\u00e4lle Taivalkuntalaiselle Jere Tuonoselle. Nokianvirran yl\u00e4koululla ei ollut l\u00e4htevi\u00e4 Taivalkuntalaisia.<\/p>\n<p><strong>Terveytt\u00e4 liikunnalla ja itsest\u00e4\u00e4n huolenpitoa<\/strong><br \/>\nKes\u00e4ll\u00e4 oli kyl\u00e4yhdistyksen j\u00e4rjest\u00e4m\u00e4t pes\u00e4pallopelit parin viikon v\u00e4lein. Mukana oli kaikenik\u00e4iset eik\u00e4 aiempaa pelikokemusta tarvittu.<br \/>\nEnsiaputaito on hy\u00f6dyllinen. Sen avulla voit jopa pelastaa oman tai l\u00e4himm\u00e4isesi hengen. Tarkoitus oli pit\u00e4\u00e4 kyl\u00e4ll\u00e4 3.5.2018 kello 18:30 ensiapukurssille. Kurssi aiheina olisi ollut peruselvytys ns. maallikkoelvytyksen l\u00e4pik\u00e4yminen, defibrillaattoriin eli syd\u00e4niskuriin tutustuminen (joka Taivalkunnasta l\u00f6ytyy mm. River Golfista) ja aivoinfarktin oireiden tunnistaminen ja hoitoon hakeutuminen. Ilmoittautuneita ei kuitenkaan saatu tarpeeksi ja kurssi peruuntui.<\/p>\n<p><strong>Tulevaisuuden n\u00e4kym\u00e4t<\/strong><br \/>\nN\u00e4kym\u00e4t l\u00e4hitulevaisuudelle ovat valoisat. Saadaan kevyenliikenteen v\u00e4yl\u00e4 ja vesi\/viem\u00e4riyhteys Koskenm\u00e4keen. Yritt\u00e4jyyskoulukin on hyv\u00e4ll\u00e4 mallilla. Mik\u00e4\u00e4n yksitt\u00e4inen asia ei t\u00e4ll\u00e4 er\u00e4\u00e4 vaadi erikoisponnistelua, vaan saadaan el\u00e4\u00e4 tavanomaista kyl\u00e4lle kuuluvaa el\u00e4m\u00e4\u00e4.<\/p>\n<p>Vuonna 2018 kyl\u00e4yhdistyksen hallitus koostui toiminnallisista ja yhteisty\u00f6kykyisist\u00e4 henkil\u00f6ist\u00e4 ja lis\u00e4ksi kyl\u00e4l\u00e4iset olivat kiitett\u00e4v\u00e4sti mukana rakentamassa yhteishenke\u00e4. T\u00e4m\u00e4 takaa jatkossakin kyl\u00e4llemme hyv\u00e4t tulevaisuudenn\u00e4kym\u00e4t. Kyl\u00e4yhdistyksen puheenjohtajana ja toimintakertomuksen laatijana Olli Sorva haluaa kiitt\u00e4\u00e4 kaikkia kyl\u00e4l\u00e4isi\u00e4 siit\u00e4, ett\u00e4 olemme menossa hyv\u00e4\u00e4n suuntaan.<br \/>\nTaivalkunnan Kyl\u00e4t ry hallitus 31.12.2018<\/p>\n","protected":false},"excerpt":{"rendered":"<p>Taivalkunnan kyl\u00e4t ry vuosikertomus 2018 Yhdistyksen toiminta-alueena on koko Taivalkunta koostuen seuraavista kylist\u00e4: Taipale, Kohmala, Kennola, Vastam\u00e4ki, Memmola, Kassila, Haapaniemi, Kontaa, Lukkila ja K\u00e4rjenmaa. Yhdistyksen tarkoituksena on toimia Taivalkunnan asukkaiden ja yhteis\u00f6jen yhteisty\u00f6elimen\u00e4 pyrkimyksiss\u00e4 parantaa edell\u00e4 mainituilla alueilla vakituisesti tai vapaa-aikanaan asuvien ihmisten hyvinvointia. Yhdistyksen tarkoituksena on kannustaa toiminta-alueensa asukkaita yhteistoimintaan kotiseutunsa kehitt\u00e4miseksi sek\u00e4 kehitt\u00e4\u00e4 &hellip; <a href=\"https:\/\/www.nokiankylat.fi\/taivalkunta\/yhdistykset\/taivalkunnan-kylat-ry\/kylayhdistyksen-arkisto\/toimintakertomus-2018\/\">Jatkuu<\/a><\/p>\n","protected":false},"author":4,"featured_media":0,"parent":186,"menu_order":0,"comment_status":"closed","ping_status":"closed","template":"","meta":{"_acf_changed":false,"footnotes":""},"class_list":["post-2790","page","type-page","status-publish","hentry"],"acf":[],"_links":{"self":[{"href":"https:\/\/www.nokiankylat.fi\/taivalkunta\/wp-json\/wp\/v2\/pages\/2790","targetHints":{"allow":["GET"]}}],"collection":[{"href":"https:\/\/www.nokiankylat.fi\/taivalkunta\/wp-json\/wp\/v2\/pages"}],"about":[{"href":"https:\/\/www.nokiankylat.fi\/taivalkunta\/wp-json\/wp\/v2\/types\/page"}],"author":[{"embeddable":true,"href":"https:\/\/www.nokiankylat.fi\/taivalkunta\/wp-json\/wp\/v2\/users\/4"}],"replies":[{"embeddable":true,"href":"https:\/\/www.nokiankylat.fi\/taivalkunta\/wp-json\/wp\/v2\/comments?post=2790"}],"version-history":[{"count":5,"href":"https:\/\/www.nokiankylat.fi\/taivalkunta\/wp-json\/wp\/v2\/pages\/2790\/revisions"}],"predecessor-version":[{"id":3828,"href":"https:\/\/www.nokiankylat.fi\/taivalkunta\/wp-json\/wp\/v2\/pages\/2790\/revisions\/3828"}],"up":[{"embeddable":true,"href":"https:\/\/www.nokiankylat.fi\/taivalkunta\/wp-json\/wp\/v2\/pages\/186"}],"wp:attachment":[{"href":"https:\/\/www.nokiankylat.fi\/taivalkunta\/wp-json\/wp\/v2\/media?parent=2790"}],"curies":[{"name":"wp","href":"https:\/\/api.w.org\/{rel}","templated":true}]}}