{"id":2796,"date":"2019-02-13T09:00:10","date_gmt":"2019-02-13T07:00:10","guid":{"rendered":"https:\/\/www.nokiankylat.fi\/taivalkunta\/?page_id=2796"},"modified":"2019-04-25T07:46:40","modified_gmt":"2019-04-25T04:46:40","slug":"hallitus-2018","status":"publish","type":"page","link":"https:\/\/www.nokiankylat.fi\/taivalkunta\/yhdistykset\/taivalkunnan-kylat-ry\/kylayhdistyksen-arkisto\/hallitus-2018\/","title":{"rendered":"Hallitus 2018"},"content":{"rendered":"<h3>Puheenjohtaja: Olli Sorva<\/h3>\n<h3>Varapuheenjohtaja: Tomi Teuho-Markkola<\/h3>\n<h3>Sihteeri: Minna M\u00e4kinen<\/h3>\n<h3>Rahastonhoita: Anja Mattila<\/h3>\n<h3>Muu hallitus: Elina J\u00e4rvinen, Teemu Lehtim\u00e4ki ja Terhi Leskinen<\/h3>\n","protected":false},"excerpt":{"rendered":"<p>Puheenjohtaja: Olli Sorva Varapuheenjohtaja: Tomi Teuho-Markkola Sihteeri: Minna M\u00e4kinen Rahastonhoita: Anja Mattila Muu hallitus: Elina J\u00e4rvinen, Teemu Lehtim\u00e4ki ja Terhi Leskinen<\/p>\n","protected":false},"author":4,"featured_media":0,"parent":186,"menu_order":0,"comment_status":"closed","ping_status":"closed","template":"","meta":{"_acf_changed":false,"footnotes":""},"class_list":["post-2796","page","type-page","status-publish","hentry"],"acf":[],"_links":{"self":[{"href":"https:\/\/www.nokiankylat.fi\/taivalkunta\/wp-json\/wp\/v2\/pages\/2796","targetHints":{"allow":["GET"]}}],"collection":[{"href":"https:\/\/www.nokiankylat.fi\/taivalkunta\/wp-json\/wp\/v2\/pages"}],"about":[{"href":"https:\/\/www.nokiankylat.fi\/taivalkunta\/wp-json\/wp\/v2\/types\/page"}],"author":[{"embeddable":true,"href":"https:\/\/www.nokiankylat.fi\/taivalkunta\/wp-json\/wp\/v2\/users\/4"}],"replies":[{"embeddable":true,"href":"https:\/\/www.nokiankylat.fi\/taivalkunta\/wp-json\/wp\/v2\/comments?post=2796"}],"version-history":[{"count":1,"href":"https:\/\/www.nokiankylat.fi\/taivalkunta\/wp-json\/wp\/v2\/pages\/2796\/revisions"}],"predecessor-version":[{"id":2797,"href":"https:\/\/www.nokiankylat.fi\/taivalkunta\/wp-json\/wp\/v2\/pages\/2796\/revisions\/2797"}],"up":[{"embeddable":true,"href":"https:\/\/www.nokiankylat.fi\/taivalkunta\/wp-json\/wp\/v2\/pages\/186"}],"wp:attachment":[{"href":"https:\/\/www.nokiankylat.fi\/taivalkunta\/wp-json\/wp\/v2\/media?parent=2796"}],"curies":[{"name":"wp","href":"https:\/\/api.w.org\/{rel}","templated":true}]}}