{"id":2809,"date":"2019-04-17T20:03:04","date_gmt":"2019-04-17T17:03:04","guid":{"rendered":"https:\/\/www.nokiankylat.fi\/taivalkunta\/?page_id=2809"},"modified":"2019-04-20T08:57:21","modified_gmt":"2019-04-20T05:57:21","slug":"kylakirje-17-4-2019","status":"publish","type":"page","link":"https:\/\/www.nokiankylat.fi\/taivalkunta\/yhdistykset\/taivalkunnan-kylat-ry\/kylayhdistyksen-arkisto\/kylakirjeet\/kylakirjeet-2019\/kylakirje-17-4-2019\/","title":{"rendered":"Kyl\u00e4kirje 17-4-2019"},"content":{"rendered":"<p>Taivalkunnan kyl\u00e4t ry:n kev\u00e4tkokous pidet\u00e4\u00e4n 24.4 kello 18.30.<\/p>\n<p><a href=\"https:\/\/www.nokiankylat.fi\/taivalkunta\/wp-content\/uploads\/sites\/11\/2019\/04\/2019-04-20-e1555739823662.png\"><img loading=\"lazy\" decoding=\"async\" class=\"alignnone size-medium wp-image-2815\" src=\"https:\/\/www.nokiankylat.fi\/taivalkunta\/wp-content\/uploads\/sites\/11\/2019\/04\/2019-04-20-e1555739823662-208x300.png\" alt=\"\" width=\"208\" height=\"300\" srcset=\"https:\/\/www.nokiankylat.fi\/taivalkunta\/wp-content\/uploads\/sites\/11\/2019\/04\/2019-04-20-e1555739823662-208x300.png 208w, https:\/\/www.nokiankylat.fi\/taivalkunta\/wp-content\/uploads\/sites\/11\/2019\/04\/2019-04-20-e1555739823662.png 524w\" sizes=\"auto, (max-width: 208px) 100vw, 208px\" \/><\/a><\/p>\n<p>&nbsp;<\/p>\n","protected":false},"excerpt":{"rendered":"<p>Taivalkunnan kyl\u00e4t ry:n kev\u00e4tkokous pidet\u00e4\u00e4n 24.4 kello 18.30. &nbsp;<\/p>\n","protected":false},"author":4,"featured_media":0,"parent":2766,"menu_order":0,"comment_status":"closed","ping_status":"closed","template":"","meta":{"_acf_changed":false,"footnotes":""},"class_list":["post-2809","page","type-page","status-publish","hentry"],"acf":[],"_links":{"self":[{"href":"https:\/\/www.nokiankylat.fi\/taivalkunta\/wp-json\/wp\/v2\/pages\/2809","targetHints":{"allow":["GET"]}}],"collection":[{"href":"https:\/\/www.nokiankylat.fi\/taivalkunta\/wp-json\/wp\/v2\/pages"}],"about":[{"href":"https:\/\/www.nokiankylat.fi\/taivalkunta\/wp-json\/wp\/v2\/types\/page"}],"author":[{"embeddable":true,"href":"https:\/\/www.nokiankylat.fi\/taivalkunta\/wp-json\/wp\/v2\/users\/4"}],"replies":[{"embeddable":true,"href":"https:\/\/www.nokiankylat.fi\/taivalkunta\/wp-json\/wp\/v2\/comments?post=2809"}],"version-history":[{"count":3,"href":"https:\/\/www.nokiankylat.fi\/taivalkunta\/wp-json\/wp\/v2\/pages\/2809\/revisions"}],"predecessor-version":[{"id":2817,"href":"https:\/\/www.nokiankylat.fi\/taivalkunta\/wp-json\/wp\/v2\/pages\/2809\/revisions\/2817"}],"up":[{"embeddable":true,"href":"https:\/\/www.nokiankylat.fi\/taivalkunta\/wp-json\/wp\/v2\/pages\/2766"}],"wp:attachment":[{"href":"https:\/\/www.nokiankylat.fi\/taivalkunta\/wp-json\/wp\/v2\/media?parent=2809"}],"curies":[{"name":"wp","href":"https:\/\/api.w.org\/{rel}","templated":true}]}}