{"id":2841,"date":"2019-05-10T07:43:16","date_gmt":"2019-05-10T04:43:16","guid":{"rendered":"https:\/\/www.nokiankylat.fi\/taivalkunta\/?page_id=2841"},"modified":"2020-03-01T09:34:24","modified_gmt":"2020-03-01T07:34:24","slug":"lehtileikkeita-2019","status":"publish","type":"page","link":"https:\/\/www.nokiankylat.fi\/taivalkunta\/kuvat\/lehtileikkeita\/lehtileikkeita-2019\/","title":{"rendered":"Lehtileikkeit\u00e4 2019"},"content":{"rendered":"<p>Klikkaa kuvaa, niin juttu aukeaa.<\/p>\n<p><a href=\"http:\/\/nokiankylat.fi\/taivalkunta\/kuvat\/lehtileikkeita\/lehtileikkeita-2019\/nu-6-3-2019\/\"><img loading=\"lazy\" decoding=\"async\" class=\"alignnone size-medium wp-image-2855\" src=\"https:\/\/www.nokiankylat.fi\/taivalkunta\/wp-content\/uploads\/sites\/11\/2019\/05\/KUVA-320x180-300x169.jpg\" alt=\"\" width=\"300\" height=\"169\" srcset=\"https:\/\/www.nokiankylat.fi\/taivalkunta\/wp-content\/uploads\/sites\/11\/2019\/05\/KUVA-320x180-300x169.jpg 300w, https:\/\/www.nokiankylat.fi\/taivalkunta\/wp-content\/uploads\/sites\/11\/2019\/05\/KUVA-320x180.jpg 320w\" sizes=\"auto, (max-width: 300px) 100vw, 300px\" \/><\/a><\/p>\n<p>Kolumni 6-3-2019<\/p>\n<p>&nbsp;<\/p>\n<p><a href=\"http:\/\/nokiankylat.fi\/taivalkunta\/kuvat\/lehtileikkeita\/lehtileikkeita-2019\/nu-3-5-2019\/\"><img loading=\"lazy\" decoding=\"async\" class=\"alignnone size-medium wp-image-2855\" src=\"https:\/\/www.nokiankylat.fi\/taivalkunta\/wp-content\/uploads\/sites\/11\/2019\/05\/KUVA-320x180-300x169.jpg\" alt=\"\" width=\"300\" height=\"169\" srcset=\"https:\/\/www.nokiankylat.fi\/taivalkunta\/wp-content\/uploads\/sites\/11\/2019\/05\/KUVA-320x180-300x169.jpg 300w, https:\/\/www.nokiankylat.fi\/taivalkunta\/wp-content\/uploads\/sites\/11\/2019\/05\/KUVA-320x180.jpg 320w\" sizes=\"auto, (max-width: 300px) 100vw, 300px\" \/><\/a><\/p>\n<p>Kolumni 3-5-2019<\/p>\n<p>&nbsp;<\/p>\n<p><a href=\"http:\/\/nokiankylat.fi\/taivalkunta\/kuvat\/lehtileikkeita\/lehtileikkeita-2019\/nu-19-6-2019\/\"><img loading=\"lazy\" decoding=\"async\" class=\"alignnone size-medium wp-image-2855\" src=\"https:\/\/www.nokiankylat.fi\/taivalkunta\/wp-content\/uploads\/sites\/11\/2019\/05\/KUVA-320x180-300x169.jpg\" alt=\"\" width=\"300\" height=\"169\" srcset=\"https:\/\/www.nokiankylat.fi\/taivalkunta\/wp-content\/uploads\/sites\/11\/2019\/05\/KUVA-320x180-300x169.jpg 300w, https:\/\/www.nokiankylat.fi\/taivalkunta\/wp-content\/uploads\/sites\/11\/2019\/05\/KUVA-320x180.jpg 320w\" sizes=\"auto, (max-width: 300px) 100vw, 300px\" \/><\/a><\/p>\n<p>Kolumni 19-6-2019<\/p>\n<p>&nbsp;<\/p>\n<p><a href=\"http:\/\/nokiankylat.fi\/taivalkunta\/kuvat\/lehtileikkeita\/lehtileikkeita-2019\/nu-18-9-2019\/\"><img loading=\"lazy\" decoding=\"async\" class=\"alignnone wp-image-2855 size-medium\" src=\"https:\/\/www.nokiankylat.fi\/taivalkunta\/wp-content\/uploads\/sites\/11\/2019\/05\/KUVA-320x180-300x169.jpg\" alt=\"\" width=\"300\" height=\"169\" srcset=\"https:\/\/www.nokiankylat.fi\/taivalkunta\/wp-content\/uploads\/sites\/11\/2019\/05\/KUVA-320x180-300x169.jpg 300w, https:\/\/www.nokiankylat.fi\/taivalkunta\/wp-content\/uploads\/sites\/11\/2019\/05\/KUVA-320x180.jpg 320w\" sizes=\"auto, (max-width: 300px) 100vw, 300px\" \/><\/a><\/p>\n<p>Kolumni 18-9-2019<\/p>\n<p>&nbsp;<\/p>\n<p><a href=\"http:\/\/nokiankylat.fi\/taivalkunta\/kuvat\/lehtileikkeita\/lehtileikkeita-2019\/nu-6-10-2019\/\"><img loading=\"lazy\" decoding=\"async\" class=\"alignnone size-medium wp-image-2968\" src=\"https:\/\/www.nokiankylat.fi\/taivalkunta\/wp-content\/uploads\/sites\/11\/2019\/10\/KOULUKUVA-300x193.jpg\" alt=\"\" width=\"300\" height=\"193\" srcset=\"https:\/\/www.nokiankylat.fi\/taivalkunta\/wp-content\/uploads\/sites\/11\/2019\/10\/KOULUKUVA-300x193.jpg 300w, https:\/\/www.nokiankylat.fi\/taivalkunta\/wp-content\/uploads\/sites\/11\/2019\/10\/KOULUKUVA-768x494.jpg 768w, https:\/\/www.nokiankylat.fi\/taivalkunta\/wp-content\/uploads\/sites\/11\/2019\/10\/KOULUKUVA.jpg 800w\" sizes=\"auto, (max-width: 300px) 100vw, 300px\" \/><\/a><\/p>\n<p>Ollin mielipide 6-10-2019<\/p>\n<p>&nbsp;<\/p>\n<p><a href=\"http:\/\/nokiankylat.fi\/taivalkunta\/kuvat\/lehtileikkeita\/lehtileikkeita-2019\/nu-21-10-2019\/\"><img loading=\"lazy\" decoding=\"async\" class=\"alignnone size-medium wp-image-3058\" src=\"https:\/\/www.nokiankylat.fi\/taivalkunta\/wp-content\/uploads\/sites\/11\/2019\/12\/OPPILASKUNNAN-VETOOMUS-2-12-2019-1-e1575796228348-300x215.png\" alt=\"\" width=\"300\" height=\"215\" srcset=\"https:\/\/www.nokiankylat.fi\/taivalkunta\/wp-content\/uploads\/sites\/11\/2019\/12\/OPPILASKUNNAN-VETOOMUS-2-12-2019-1-e1575796228348-300x215.png 300w, https:\/\/www.nokiankylat.fi\/taivalkunta\/wp-content\/uploads\/sites\/11\/2019\/12\/OPPILASKUNNAN-VETOOMUS-2-12-2019-1-e1575796228348.png 644w\" sizes=\"auto, (max-width: 300px) 100vw, 300px\" \/><\/a><\/p>\n<p>Lehtijuttu 21-10-2019<\/p>\n<p>&nbsp;<\/p>\n<p><a href=\"http:\/\/nokiankylat.fi\/taivalkunta\/kuvat\/lehtileikkeita\/lehtileikkeita-2019\/nu-23-10-2019\/\"><img loading=\"lazy\" decoding=\"async\" class=\"alignnone size-medium wp-image-3040\" src=\"https:\/\/www.nokiankylat.fi\/taivalkunta\/wp-content\/uploads\/sites\/11\/2019\/12\/KOULUKUVA-23-10-2019-300x211.png\" alt=\"\" width=\"300\" height=\"211\" srcset=\"https:\/\/www.nokiankylat.fi\/taivalkunta\/wp-content\/uploads\/sites\/11\/2019\/12\/KOULUKUVA-23-10-2019-300x211.png 300w, https:\/\/www.nokiankylat.fi\/taivalkunta\/wp-content\/uploads\/sites\/11\/2019\/12\/KOULUKUVA-23-10-2019-768x540.png 768w, https:\/\/www.nokiankylat.fi\/taivalkunta\/wp-content\/uploads\/sites\/11\/2019\/12\/KOULUKUVA-23-10-2019.png 854w\" sizes=\"auto, (max-width: 300px) 100vw, 300px\" \/><\/a><\/p>\n<p>Ollin mielipide 23-10-2019<\/p>\n<p>&nbsp;<\/p>\n<p><a href=\"http:\/\/nokiankylat.fi\/taivalkunta\/nu-23-10-2019-2\/\"><img loading=\"lazy\" decoding=\"async\" class=\"alignnone size-medium wp-image-3045\" src=\"https:\/\/www.nokiankylat.fi\/taivalkunta\/wp-content\/uploads\/sites\/11\/2019\/12\/RYHM\u00c4KUVA-23-10-2019-300x241.png\" alt=\"\" width=\"300\" height=\"241\" srcset=\"https:\/\/www.nokiankylat.fi\/taivalkunta\/wp-content\/uploads\/sites\/11\/2019\/12\/RYHM\u00c4KUVA-23-10-2019-300x241.png 300w, https:\/\/www.nokiankylat.fi\/taivalkunta\/wp-content\/uploads\/sites\/11\/2019\/12\/RYHM\u00c4KUVA-23-10-2019.png 587w\" sizes=\"auto, (max-width: 300px) 100vw, 300px\" \/><\/a><\/p>\n<p>Mielipide 23-10-2019<\/p>\n<p>&nbsp;<\/p>\n<p><a href=\"http:\/\/nokiankylat.fi\/taivalkunta\/nu-25-10-2019\/\"><img loading=\"lazy\" decoding=\"async\" class=\"alignnone size-medium wp-image-3298\" src=\"https:\/\/www.nokiankylat.fi\/taivalkunta\/wp-content\/uploads\/sites\/11\/2020\/01\/NOKIAN-UUTISET-2020-01-19_2-300x164.png\" alt=\"\" width=\"300\" height=\"164\" srcset=\"https:\/\/www.nokiankylat.fi\/taivalkunta\/wp-content\/uploads\/sites\/11\/2020\/01\/NOKIAN-UUTISET-2020-01-19_2-300x164.png 300w, https:\/\/www.nokiankylat.fi\/taivalkunta\/wp-content\/uploads\/sites\/11\/2020\/01\/NOKIAN-UUTISET-2020-01-19_2.png 530w\" sizes=\"auto, (max-width: 300px) 100vw, 300px\" \/><\/a><\/p>\n<p>Nokian Uutiset 25-10-2019<\/p>\n<p>&nbsp;<\/p>\n<p><a href=\"http:\/\/nokiankylat.fi\/taivalkunta\/nu-28-10-2019\/\"><img loading=\"lazy\" decoding=\"async\" class=\"alignnone size-medium wp-image-3058\" src=\"https:\/\/www.nokiankylat.fi\/taivalkunta\/wp-content\/uploads\/sites\/11\/2019\/12\/OPPILASKUNNAN-VETOOMUS-2-12-2019-1-e1575796228348-300x215.png\" alt=\"\" width=\"300\" height=\"215\" srcset=\"https:\/\/www.nokiankylat.fi\/taivalkunta\/wp-content\/uploads\/sites\/11\/2019\/12\/OPPILASKUNNAN-VETOOMUS-2-12-2019-1-e1575796228348-300x215.png 300w, https:\/\/www.nokiankylat.fi\/taivalkunta\/wp-content\/uploads\/sites\/11\/2019\/12\/OPPILASKUNNAN-VETOOMUS-2-12-2019-1-e1575796228348.png 644w\" sizes=\"auto, (max-width: 300px) 100vw, 300px\" \/><\/a><\/p>\n<p>Suvin mielipide 28-10-2019<\/p>\n<p>&nbsp;<\/p>\n<p><a href=\"http:\/\/nokiankylat.fi\/taivalkunta\/kuvat\/lehtileikkeita\/lehtileikkeita-2019\/nu-28-10-2019_2\/\"><img loading=\"lazy\" decoding=\"async\" class=\"alignnone size-full wp-image-3303\" src=\"https:\/\/www.nokiankylat.fi\/taivalkunta\/wp-content\/uploads\/sites\/11\/2020\/01\/NOKIAN-UUTISET-28-10-2019_2-\u2013-kopio.png\" alt=\"\" width=\"237\" height=\"193\" \/><\/a><\/p>\n<p>Mielipide 28-10-2019_2<\/p>\n<p>&nbsp;<\/p>\n<p><a href=\"http:\/\/nokiankylat.fi\/taivalkunta\/kuvat\/lehtileikkeita\/lehtileikkeita-2019\/nu-15-11-2019\/\"><img loading=\"lazy\" decoding=\"async\" class=\"alignnone size-medium wp-image-2855\" src=\"https:\/\/www.nokiankylat.fi\/taivalkunta\/wp-content\/uploads\/sites\/11\/2019\/05\/KUVA-320x180-300x169.jpg\" alt=\"\" width=\"300\" height=\"169\" srcset=\"https:\/\/www.nokiankylat.fi\/taivalkunta\/wp-content\/uploads\/sites\/11\/2019\/05\/KUVA-320x180-300x169.jpg 300w, https:\/\/www.nokiankylat.fi\/taivalkunta\/wp-content\/uploads\/sites\/11\/2019\/05\/KUVA-320x180.jpg 320w\" sizes=\"auto, (max-width: 300px) 100vw, 300px\" \/><\/a><\/p>\n<p>Kolumni 15-11-2019<\/p>\n<p>&nbsp;<\/p>\n<p><a href=\"http:\/\/nokiankylat.fi\/taivalkunta\/kuvat\/lehtileikkeita\/lehtileikkeita-2019\/nu-25-11-2019\/\"><img loading=\"lazy\" decoding=\"async\" class=\"alignnone wp-image-3055 size-medium\" src=\"https:\/\/www.nokiankylat.fi\/taivalkunta\/wp-content\/uploads\/sites\/11\/2019\/12\/MINNA-M\u00c4KINEN-25-11-2019-1-e1575795670915-300x188.png\" alt=\"\" width=\"300\" height=\"188\" \/><\/a><\/p>\n<p>Minnan mielipide 25-11-2019<\/p>\n<p>&nbsp;<\/p>\n<p><a href=\"http:\/\/nokiankylat.fi\/taivalkunta\/kuvat\/lehtileikkeita\/lehtileikkeita-2019\/nu-2-12-2019\/\"><img loading=\"lazy\" decoding=\"async\" class=\"alignnone size-medium wp-image-3058\" src=\"https:\/\/www.nokiankylat.fi\/taivalkunta\/wp-content\/uploads\/sites\/11\/2019\/12\/OPPILASKUNNAN-VETOOMUS-2-12-2019-1-e1575796228348-300x215.png\" alt=\"\" width=\"300\" height=\"215\" srcset=\"https:\/\/www.nokiankylat.fi\/taivalkunta\/wp-content\/uploads\/sites\/11\/2019\/12\/OPPILASKUNNAN-VETOOMUS-2-12-2019-1-e1575796228348-300x215.png 300w, https:\/\/www.nokiankylat.fi\/taivalkunta\/wp-content\/uploads\/sites\/11\/2019\/12\/OPPILASKUNNAN-VETOOMUS-2-12-2019-1-e1575796228348.png 644w\" sizes=\"auto, (max-width: 300px) 100vw, 300px\" \/><\/a><\/p>\n<p>Oppilaskunnan mielipide 2-12-2019<\/p>\n<p>&nbsp;<\/p>\n<p><a href=\"http:\/\/nokiankylat.fi\/taivalkunta\/kuvat\/lehtileikkeita\/lehtileikkeita-2019\/nu-6-12-2019\/\"><img loading=\"lazy\" decoding=\"async\" class=\"alignnone size-medium wp-image-3058\" src=\"https:\/\/www.nokiankylat.fi\/taivalkunta\/wp-content\/uploads\/sites\/11\/2019\/12\/OPPILASKUNNAN-VETOOMUS-2-12-2019-1-e1575796228348-300x215.png\" alt=\"\" width=\"300\" height=\"215\" srcset=\"https:\/\/www.nokiankylat.fi\/taivalkunta\/wp-content\/uploads\/sites\/11\/2019\/12\/OPPILASKUNNAN-VETOOMUS-2-12-2019-1-e1575796228348-300x215.png 300w, https:\/\/www.nokiankylat.fi\/taivalkunta\/wp-content\/uploads\/sites\/11\/2019\/12\/OPPILASKUNNAN-VETOOMUS-2-12-2019-1-e1575796228348.png 644w\" sizes=\"auto, (max-width: 300px) 100vw, 300px\" \/><\/a><\/p>\n<p>Vetoomus valtuustolle koulun puolesta<\/p>\n<p>&nbsp;<\/p>\n<p><a href=\"http:\/\/nokiankylat.fi\/taivalkunta\/kuvat\/lehtileikkeita\/lehtileikkeita-2019\/nu-09-12-2019\/\"><img loading=\"lazy\" decoding=\"async\" class=\"alignnone size-medium wp-image-3332\" src=\"https:\/\/www.nokiankylat.fi\/taivalkunta\/wp-content\/uploads\/sites\/11\/2020\/01\/2020-01-19-6-\u2013-kopio-300x180.png\" alt=\"\" width=\"300\" height=\"180\" srcset=\"https:\/\/www.nokiankylat.fi\/taivalkunta\/wp-content\/uploads\/sites\/11\/2020\/01\/2020-01-19-6-\u2013-kopio-300x180.png 300w, https:\/\/www.nokiankylat.fi\/taivalkunta\/wp-content\/uploads\/sites\/11\/2020\/01\/2020-01-19-6-\u2013-kopio.png 466w\" sizes=\"auto, (max-width: 300px) 100vw, 300px\" \/><\/a><\/p>\n<p>Kyl\u00e4kahvila 9-12-2019<\/p>\n<p>&nbsp;<\/p>\n<p><a href=\"http:\/\/nokiankylat.fi\/taivalkunta\/kuvat\/lehtileikkeita\/lehtileikkeita-2019\/nu-11-12-2019\/\"><img loading=\"lazy\" decoding=\"async\" class=\"alignnone size-full wp-image-3464\" src=\"https:\/\/www.nokiankylat.fi\/taivalkunta\/wp-content\/uploads\/sites\/11\/2020\/02\/2020-02-29-1-\u2013-kuva.png\" alt=\"\" width=\"263\" height=\"259\" \/><\/a><\/p>\n<p>Ollin mielipide 11-12-2019 yritt\u00e4j\u00e4n\u00e4<\/p>\n<p>&nbsp;<\/p>\n<p><a href=\"http:\/\/nokiankylat.fi\/taivalkunta\/kuvat\/lehtileikkeita\/lehtileikkeita-2019\/nu-11-12-2019-2\/\"><img loading=\"lazy\" decoding=\"async\" class=\"alignnone size-medium wp-image-3466\" src=\"https:\/\/www.nokiankylat.fi\/taivalkunta\/wp-content\/uploads\/sites\/11\/2020\/02\/2020-02-29-300x281.png\" alt=\"\" width=\"300\" height=\"281\" srcset=\"https:\/\/www.nokiankylat.fi\/taivalkunta\/wp-content\/uploads\/sites\/11\/2020\/02\/2020-02-29-300x281.png 300w, https:\/\/www.nokiankylat.fi\/taivalkunta\/wp-content\/uploads\/sites\/11\/2020\/02\/2020-02-29.png 308w\" sizes=\"auto, (max-width: 300px) 100vw, 300px\" \/><\/a><\/p>\n<p>Vetoomuksen luovutus 9-12-2019<\/p>\n<p>&nbsp;<\/p>\n<h2><a href=\"http:\/\/nokiankylat.fi\/taivalkunta\/kuvat\/lehtileikkeita\/lehtileikkeita-2019\/nu-11-12-2019-3\/\">N\u00e4in \u00e4\u00e4nesti valtuutetut kouluasiassa 9-12-2019<\/a><\/h2>\n","protected":false},"excerpt":{"rendered":"<p>Klikkaa kuvaa, niin juttu aukeaa. Kolumni 6-3-2019 &nbsp; Kolumni 3-5-2019 &nbsp; Kolumni 19-6-2019 &nbsp; Kolumni 18-9-2019 &nbsp; Ollin mielipide 6-10-2019 &nbsp; Lehtijuttu 21-10-2019 &nbsp; Ollin mielipide 23-10-2019 &nbsp; Mielipide 23-10-2019 &nbsp; Nokian Uutiset 25-10-2019 &nbsp; Suvin mielipide 28-10-2019 &nbsp; Mielipide 28-10-2019_2 &nbsp; Kolumni 15-11-2019 &nbsp; Minnan mielipide 25-11-2019 &nbsp; Oppilaskunnan mielipide 2-12-2019 &nbsp; Vetoomus valtuustolle &hellip; <a href=\"https:\/\/www.nokiankylat.fi\/taivalkunta\/kuvat\/lehtileikkeita\/lehtileikkeita-2019\/\">Jatkuu<\/a><\/p>\n","protected":false},"author":4,"featured_media":0,"parent":684,"menu_order":0,"comment_status":"closed","ping_status":"closed","template":"","meta":{"_acf_changed":false,"footnotes":""},"class_list":["post-2841","page","type-page","status-publish","hentry"],"acf":[],"_links":{"self":[{"href":"https:\/\/www.nokiankylat.fi\/taivalkunta\/wp-json\/wp\/v2\/pages\/2841","targetHints":{"allow":["GET"]}}],"collection":[{"href":"https:\/\/www.nokiankylat.fi\/taivalkunta\/wp-json\/wp\/v2\/pages"}],"about":[{"href":"https:\/\/www.nokiankylat.fi\/taivalkunta\/wp-json\/wp\/v2\/types\/page"}],"author":[{"embeddable":true,"href":"https:\/\/www.nokiankylat.fi\/taivalkunta\/wp-json\/wp\/v2\/users\/4"}],"replies":[{"embeddable":true,"href":"https:\/\/www.nokiankylat.fi\/taivalkunta\/wp-json\/wp\/v2\/comments?post=2841"}],"version-history":[{"count":38,"href":"https:\/\/www.nokiankylat.fi\/taivalkunta\/wp-json\/wp\/v2\/pages\/2841\/revisions"}],"predecessor-version":[{"id":3470,"href":"https:\/\/www.nokiankylat.fi\/taivalkunta\/wp-json\/wp\/v2\/pages\/2841\/revisions\/3470"}],"up":[{"embeddable":true,"href":"https:\/\/www.nokiankylat.fi\/taivalkunta\/wp-json\/wp\/v2\/pages\/684"}],"wp:attachment":[{"href":"https:\/\/www.nokiankylat.fi\/taivalkunta\/wp-json\/wp\/v2\/media?parent=2841"}],"curies":[{"name":"wp","href":"https:\/\/api.w.org\/{rel}","templated":true}]}}