{"id":2844,"date":"2019-03-07T07:47:24","date_gmt":"2019-03-07T05:47:24","guid":{"rendered":"https:\/\/www.nokiankylat.fi\/taivalkunta\/?page_id=2844"},"modified":"2019-05-16T08:13:47","modified_gmt":"2019-05-16T05:13:47","slug":"nu-6-3-2019","status":"publish","type":"page","link":"https:\/\/www.nokiankylat.fi\/taivalkunta\/kuvat\/lehtileikkeita\/lehtileikkeita-2019\/nu-6-3-2019\/","title":{"rendered":"NU 6-3-2019"},"content":{"rendered":"<div class=\"sc-AqAhp gyQPWh\">\n<div id=\"header-201489331\" class=\"sc-fHlXLc iNsSDj\">\n<div class=\"sc-erNlkL hJRVFd\">\n<div class=\"sc-bnXvFD RzzZ\">\n<div class=\"sc-gFaPwZ esNBVx\">\n<p><span class=\"sc-dTdPqK huFQwM\">Kolumni<\/span><\/p>\n<h1 class=\"sc-eLExRp bHTYqN\">Jaetaan lapsuuden kokemuksia<\/h1>\n<h4><span class=\"sc-esOvli jstLnp\">&#8221;Vanhoja ihmisi\u00e4 on helppo l\u00e4hesty\u00e4 ja se pit\u00e4\u00e4 tuoda lasten tietoon.&#8221;<\/span><\/h4>\n<\/div>\n<div class=\"sc-fhYwyz dSBYxG\">\n<div id=\"article_image_1\" class=\"sc-laTMn bEAthd\">\n<div class=\"sc-dBaXSw feSEFW\"><a href=\"https:\/\/www.nokiankylat.fi\/taivalkunta\/wp-content\/uploads\/sites\/11\/2019\/05\/KUVA-320x180.jpg\"><img loading=\"lazy\" decoding=\"async\" class=\"alignnone size-medium wp-image-2855\" src=\"https:\/\/www.nokiankylat.fi\/taivalkunta\/wp-content\/uploads\/sites\/11\/2019\/05\/KUVA-320x180-300x169.jpg\" alt=\"\" width=\"300\" height=\"169\" srcset=\"https:\/\/www.nokiankylat.fi\/taivalkunta\/wp-content\/uploads\/sites\/11\/2019\/05\/KUVA-320x180-300x169.jpg 300w, https:\/\/www.nokiankylat.fi\/taivalkunta\/wp-content\/uploads\/sites\/11\/2019\/05\/KUVA-320x180.jpg 320w\" sizes=\"auto, (max-width: 300px) 100vw, 300px\" \/><\/a><\/div>\n<div><\/div>\n<\/div>\n<\/div>\n<\/div>\n<div class=\"sc-FQuPU dBKubJ\"><span class=\"sc-fYiAbW hebPbC\">6.3.2019 <\/span>Olli Sorva<\/div>\n<\/div>\n<\/div>\n<\/div>\n<div class=\"sc-AqAhp MDDev\">\n<div id=\"pipe-201489331-pwall-false\" class=\"sticky-201489331 sc-iKpIOp Ebhet\">\n<div id=\"anchor-201489331\" class=\"article-content sc-cmthru kYEAzB\">\n<div class=\"sc-hMFtBS cVyXJT\">\n<div class=\"sc-gqPbQI iVFGJO\"><span class=\"sc-bMVAic deFUcZ\">Kirjoittaja on positiivisella asenteella varustettu yritt\u00e4j\u00e4.<\/span><\/div>\n<div class=\"sc-dUjcNx dKIUHo\">\n<div class=\"sc-gHboQg cUpPEs\">\n<p class=\"sc-eilVRo eXJQhX\">\n<\/div>\n<\/div>\n<\/div>\n<div class=\"sc-qrIAp dcBayC\">\n<p class=\"sc-TFwJa fObpSb\"><span class=\"sc-esOvli jstLnp\">Kirjoitin viime syksyn\u00e4, ett\u00e4 vanhoja ihmisi\u00e4 kannattaa jututtaa ja kuunnella, sill\u00e4 heilt\u00e4 saa paljon tietoa siit\u00e4, miten eri asiat toimivat.<\/span><\/p>\n<p class=\"sc-TFwJa fObpSb\"><span class=\"sc-esOvli jstLnp\">Maakuntauudistuksen my\u00f6t\u00e4 kunnilta siirret\u00e4\u00e4n valtaa ja vastuuta maakunnille. Samalla n\u00e4ytt\u00e4\u00e4 silt\u00e4, ett\u00e4 osa vastuista siirret\u00e4\u00e4n kylille ja kaupunginosille. Osin siis palataan taaksep\u00e4in vanhoihin k\u00e4yt\u00e4nt\u00f6ihin. Kyl\u00e4yhteis\u00f6jen merkitys kasvaa, jos niist\u00e4 vain l\u00f6ytyy aktiivisuutta. Kannattaa selvitt\u00e4\u00e4 ja pit\u00e4\u00e4 mieless\u00e4, miten asioita ennen vanhaan ratkottiin, vaikka t\u00e4n\u00e4 p\u00e4iv\u00e4n\u00e4 moneen asiaan on paljon paremmat keinot.<\/span><\/p>\n<p class=\"sc-TFwJa fObpSb\"><span class=\"sc-esOvli jstLnp\">Aikuisten velvollisuus on antaa lapsille ja nuorille mahdollisuus olla kanssak\u00e4ymisiss\u00e4 eri sukupolvien edustajien kanssa. Vanhoja ihmisi\u00e4 on helppo l\u00e4hesty\u00e4 ja se pit\u00e4\u00e4 tuoda lasten tietoon. Taivalkunnan kyl\u00e4yhteis\u00f6ss\u00e4 eri ik\u00e4iset ovat my\u00f6s luonnollisessa kanssak\u00e4ymisess\u00e4 kesken\u00e4\u00e4n. Meill\u00e4 on jokavuotisia tapahtumia, kuten talvitapahtuma ja kev\u00e4tkarkelot.<\/span><\/p>\n<p class=\"sc-TFwJa fObpSb\"><span class=\"sc-esOvli jstLnp\">On nuoria, joita paljon kiinnostaa kyl\u00e4historia ja esivanhempiensa el\u00e4m\u00e4ntapa, mutta kaikille l\u00f6ytyy menneisyydest\u00e4 jotain mielenkiintoista. Samalla tulee esiin, miten paljon helpompaa ja kevyemp\u00e4\u00e4 el\u00e4m\u00e4 nykyisin on. Se antaa meille n\u00e4k\u00f6alaa ja paremman mahdollisuuden huomata, ett\u00e4 jotkin murheistamme ovatkin v\u00e4h\u00e4p\u00e4t\u00f6isi\u00e4 tai jopa merkityksett\u00f6mi\u00e4.<\/span><\/p>\n<p class=\"sc-TFwJa fObpSb\"><span class=\"sc-esOvli jstLnp\">Olen aloittanut kyl\u00e4kirjan tekemisen. Se on osin jatkoa aiemmalle kirjalleni, mutta t\u00e4m\u00e4 teos tulee k\u00e4sittelem\u00e4\u00e4n enemm\u00e4n henkil\u00f6kuvia ja heid\u00e4n ajatuksiaan. Tulee olemaan tarinoita Taivalkunnasta, el\u00e4m\u00e4ntapaa vuosikymmenien takaa ja kyl\u00e4n perinne- ja kulttuuri-ilmett\u00e4.<\/span><\/p>\n<p class=\"sc-TFwJa fObpSb\"><span class=\"sc-esOvli jstLnp\">Olen jalkautunut kyl\u00e4lle ja muutaman ik\u00e4ihmisen kanssa olen jo tarinaa muistiin laittanut. Yll\u00e4tyksekseni huomasin miten auliisti he kertovat vanhoista henkil\u00f6kohtaisista asioistaan ja puhuvat todella vapaasti. Onhan meill\u00e4 luonnollisesti luottamuksellinen suhde ja julkaisen vain, mit\u00e4 erikseen sovitaan.<\/span><\/p>\n<p class=\"sc-TFwJa fObpSb\"><span class=\"sc-esOvli jstLnp\">Asioiden puhumisen suhteen nuorten ja lasten k\u00e4ytt\u00e4ytymistapa on h\u00e4mm\u00e4stytt\u00e4v\u00e4n samanlainen kuin ik\u00e4ihmisten. Kai se on sit\u00e4 ennakkoluulottomuutta ja toisaalta taas muistoissa el\u00e4mist\u00e4. Uskon, ett\u00e4 esimerkiksi kymmenvuotias ja kahdeksan- tai yhdeks\u00e4nkymppinen viihtyv\u00e4t ja p\u00e4rj\u00e4\u00e4v\u00e4t hienosti kahdenkeskisiss\u00e4 keskusteluissaan.<\/span><\/p>\n<p class=\"sc-TFwJa fObpSb\"><span class=\"sc-esOvli jstLnp\">Toivottavasti lasten vanhemmat ymm\u00e4rt\u00e4v\u00e4t kuinka palkitsevaa ja avartavaa yhteiset hetket kummallekin osapuolelle on.<\/span><\/p>\n<\/div>\n<\/div>\n<\/div>\n<\/div>\n","protected":false},"excerpt":{"rendered":"<p>Kolumni Jaetaan lapsuuden kokemuksia &#8221;Vanhoja ihmisi\u00e4 on helppo l\u00e4hesty\u00e4 ja se pit\u00e4\u00e4 tuoda lasten tietoon.&#8221; 6.3.2019 Olli Sorva Kirjoittaja on positiivisella asenteella varustettu yritt\u00e4j\u00e4. Kirjoitin viime syksyn\u00e4, ett\u00e4 vanhoja ihmisi\u00e4 kannattaa jututtaa ja kuunnella, sill\u00e4 heilt\u00e4 saa paljon tietoa siit\u00e4, miten eri asiat toimivat. Maakuntauudistuksen my\u00f6t\u00e4 kunnilta siirret\u00e4\u00e4n valtaa ja vastuuta maakunnille. Samalla n\u00e4ytt\u00e4\u00e4 silt\u00e4, &hellip; <a href=\"https:\/\/www.nokiankylat.fi\/taivalkunta\/kuvat\/lehtileikkeita\/lehtileikkeita-2019\/nu-6-3-2019\/\">Jatkuu<\/a><\/p>\n","protected":false},"author":4,"featured_media":0,"parent":2841,"menu_order":0,"comment_status":"closed","ping_status":"closed","template":"","meta":{"_acf_changed":false,"footnotes":""},"class_list":["post-2844","page","type-page","status-publish","hentry"],"acf":[],"_links":{"self":[{"href":"https:\/\/www.nokiankylat.fi\/taivalkunta\/wp-json\/wp\/v2\/pages\/2844","targetHints":{"allow":["GET"]}}],"collection":[{"href":"https:\/\/www.nokiankylat.fi\/taivalkunta\/wp-json\/wp\/v2\/pages"}],"about":[{"href":"https:\/\/www.nokiankylat.fi\/taivalkunta\/wp-json\/wp\/v2\/types\/page"}],"author":[{"embeddable":true,"href":"https:\/\/www.nokiankylat.fi\/taivalkunta\/wp-json\/wp\/v2\/users\/4"}],"replies":[{"embeddable":true,"href":"https:\/\/www.nokiankylat.fi\/taivalkunta\/wp-json\/wp\/v2\/comments?post=2844"}],"version-history":[{"count":4,"href":"https:\/\/www.nokiankylat.fi\/taivalkunta\/wp-json\/wp\/v2\/pages\/2844\/revisions"}],"predecessor-version":[{"id":2856,"href":"https:\/\/www.nokiankylat.fi\/taivalkunta\/wp-json\/wp\/v2\/pages\/2844\/revisions\/2856"}],"up":[{"embeddable":true,"href":"https:\/\/www.nokiankylat.fi\/taivalkunta\/wp-json\/wp\/v2\/pages\/2841"}],"wp:attachment":[{"href":"https:\/\/www.nokiankylat.fi\/taivalkunta\/wp-json\/wp\/v2\/media?parent=2844"}],"curies":[{"name":"wp","href":"https:\/\/api.w.org\/{rel}","templated":true}]}}