{"id":2872,"date":"2019-05-23T18:42:27","date_gmt":"2019-05-23T15:42:27","guid":{"rendered":"https:\/\/www.nokiankylat.fi\/taivalkunta\/?page_id=2872"},"modified":"2019-05-23T18:43:57","modified_gmt":"2019-05-23T15:43:57","slug":"kylakirje-23-5-2019","status":"publish","type":"page","link":"https:\/\/www.nokiankylat.fi\/taivalkunta\/yhdistykset\/taivalkunnan-kylat-ry\/kylayhdistyksen-arkisto\/kylakirjeet\/kylakirjeet-2019\/kylakirje-23-5-2019\/","title":{"rendered":"Kyl\u00e4kirje 23-5-2019"},"content":{"rendered":"<p><strong>Taivalkunnan kyl\u00e4kirje 23.5.2019<\/strong><\/p>\n<p><strong>Kysely Pilates-tunneista.<\/strong> Tulevana syksyn\u00e4 n\u00e4ytt\u00e4isi olevan mahdollisuus saada kyl\u00e4lle vet\u00e4j\u00e4 Pilatekseen. Edellytys on, ett\u00e4 innokkaita tunnilla k\u00e4vij\u00f6it\u00e4 olisi mielell\u00e4\u00e4n v\u00e4hint\u00e4\u00e4n kymmenen (mahdollisesti kuusikin riitt\u00e4isi). Hintakin voisi olla hyvin edullinen, noin 10,- euroa\/tunti. Asian eteenp\u00e4in viemiseksi tarvitaan nimi\u00e4 alustavasti ilmoittautuneista. <strong><u>Olkaa hyv\u00e4t ja laittakaa tieto minulle kiinnostuksestanne osallistumaan Pilates-tunneille<\/u>. <\/strong><\/p>\n<p><strong>Taulaj\u00e4rven leirialueesta<\/strong> tulee kyl\u00e4lt\u00e4 aina v\u00e4lill\u00e4 minulle kysely\u00e4 ja ehdotusta liittyen l\u00e4hinn\u00e4 siell\u00e4 uimiseen ja rannan varustukseen. Olen vuosien mittaan ollut kaupunkiin asiasta yhteydess\u00e4 ja s\u00e4hk\u00f6postikeskustelussa. Uimista ei ole kielletty ja kaupunki on halunnut siell\u00e4 k\u00e4yt\u00e4v\u00e4n uimassa jokamiehenoikeuksiin nojaten. Mets\u00e4ss\u00e4 voi kulkea ja uimassa k\u00e4yd\u00e4 <strong>omalla vastuulla<\/strong>, kun pit\u00e4\u00e4 paikat siistin\u00e4.<\/p>\n<p>Kyseinen paikka on kaupungin omistuksessa eik\u00e4 siell\u00e4 viime kes\u00e4n\u00e4 ollut leirej\u00e4 ja tiet\u00e4\u00e4kseni alkavalle kes\u00e4llek\u00e4\u00e4n ei ole sovittu leirej\u00e4, jolloin ei sill\u00e4 ulkopuoliset voisi liikkua. Paikka <strong>ei ole<\/strong> kaupungin <strong>uimaranta<\/strong> eik\u00e4 kaupunki siit\u00e4 sellaista haluakaan, koska vessoineen, siivoamisineen yms. siit\u00e4 tulee kuluja.<\/p>\n<p>Jos siell\u00e4 on mit\u00e4\u00e4n uimarantaan viittaavaa varustusta, se tulkitaan uimarannaksi. Siksi kaupunki ei sinne mit\u00e4\u00e4n sellaista toimita eik\u00e4 anna muidenkaan sit\u00e4 tehd\u00e4. Uimaranta t\u00e4ytyy perustaa virallisesti, jos se on yleisesti k\u00e4ytett\u00e4viss\u00e4. Sielt\u00e4 on otettava vesin\u00e4ytteet s\u00e4\u00e4nn\u00f6llisesti, pohja on sukellettava s\u00e4\u00e4nn\u00f6llisesti, sinne on toimitettava vessa ja kaikki pelastusv\u00e4lineet. Opasteet on my\u00f6s oltava ja jonkun on otettava asiasta vastuu.<\/p>\n<p>T\u00e4ytyy siis olla tyytyv\u00e4inen tuohon paikkaan tuollaisena ja poiketa uimassa aina, kun satunnaisesti haluaa. Jos k\u00e4ytt\u00e4ydyt\u00e4\u00e4n yht\u00e4 asiallisesti kuin t\u00e4h\u00e4nkin asti on tehty, niin kyl\u00e4l\u00e4isill\u00e4 on mahdollisuus k\u00e4ytt\u00e4\u00e4 paikkaa virkist\u00e4ytymiseen jokamiehen oikeuksien rajoissa.<\/p>\n<p><strong>Kyl\u00e4n perinteiset Kev\u00e4tkarkelot<\/strong> pidetiin ja v\u00e4ke\u00e4 oli todella runsaasti, yli 120 henke\u00e4. <strong>Kiitos k\u00e4vij\u00f6ille ja erityinen kiitos talkoov\u00e4elle<\/strong>.<\/p>\n<p>Ollaan yhteydess\u00e4 puolin ja toisin. Taivalkunnan kyl\u00e4t ry pj. Olli Sorva, olli.sorva(at)nokiansahkotalo.fi, <a href=\"http:\/\/www.nokiankylat.fi\/taivalkunta\">www.nokiankylat.fi\/taivalkunta<\/a>, <a href=\"http:\/\/www.facebook.com\/taivalkunta\/\">www.facebook.com\/taivalkunta\/<\/a>.<\/p>\n","protected":false},"excerpt":{"rendered":"<p>Taivalkunnan kyl\u00e4kirje 23.5.2019 Kysely Pilates-tunneista. Tulevana syksyn\u00e4 n\u00e4ytt\u00e4isi olevan mahdollisuus saada kyl\u00e4lle vet\u00e4j\u00e4 Pilatekseen. Edellytys on, ett\u00e4 innokkaita tunnilla k\u00e4vij\u00f6it\u00e4 olisi mielell\u00e4\u00e4n v\u00e4hint\u00e4\u00e4n kymmenen (mahdollisesti kuusikin riitt\u00e4isi). Hintakin voisi olla hyvin edullinen, noin 10,- euroa\/tunti. Asian eteenp\u00e4in viemiseksi tarvitaan nimi\u00e4 alustavasti ilmoittautuneista. Olkaa hyv\u00e4t ja laittakaa tieto minulle kiinnostuksestanne osallistumaan Pilates-tunneille. Taulaj\u00e4rven leirialueesta tulee kyl\u00e4lt\u00e4 &hellip; <a href=\"https:\/\/www.nokiankylat.fi\/taivalkunta\/yhdistykset\/taivalkunnan-kylat-ry\/kylayhdistyksen-arkisto\/kylakirjeet\/kylakirjeet-2019\/kylakirje-23-5-2019\/\">Jatkuu<\/a><\/p>\n","protected":false},"author":4,"featured_media":0,"parent":2766,"menu_order":0,"comment_status":"closed","ping_status":"closed","template":"","meta":{"_acf_changed":false,"footnotes":""},"class_list":["post-2872","page","type-page","status-publish","hentry"],"acf":[],"_links":{"self":[{"href":"https:\/\/www.nokiankylat.fi\/taivalkunta\/wp-json\/wp\/v2\/pages\/2872","targetHints":{"allow":["GET"]}}],"collection":[{"href":"https:\/\/www.nokiankylat.fi\/taivalkunta\/wp-json\/wp\/v2\/pages"}],"about":[{"href":"https:\/\/www.nokiankylat.fi\/taivalkunta\/wp-json\/wp\/v2\/types\/page"}],"author":[{"embeddable":true,"href":"https:\/\/www.nokiankylat.fi\/taivalkunta\/wp-json\/wp\/v2\/users\/4"}],"replies":[{"embeddable":true,"href":"https:\/\/www.nokiankylat.fi\/taivalkunta\/wp-json\/wp\/v2\/comments?post=2872"}],"version-history":[{"count":1,"href":"https:\/\/www.nokiankylat.fi\/taivalkunta\/wp-json\/wp\/v2\/pages\/2872\/revisions"}],"predecessor-version":[{"id":2873,"href":"https:\/\/www.nokiankylat.fi\/taivalkunta\/wp-json\/wp\/v2\/pages\/2872\/revisions\/2873"}],"up":[{"embeddable":true,"href":"https:\/\/www.nokiankylat.fi\/taivalkunta\/wp-json\/wp\/v2\/pages\/2766"}],"wp:attachment":[{"href":"https:\/\/www.nokiankylat.fi\/taivalkunta\/wp-json\/wp\/v2\/media?parent=2872"}],"curies":[{"name":"wp","href":"https:\/\/api.w.org\/{rel}","templated":true}]}}