{"id":2876,"date":"2019-06-08T14:22:57","date_gmt":"2019-06-08T11:22:57","guid":{"rendered":"https:\/\/www.nokiankylat.fi\/taivalkunta\/?page_id=2876"},"modified":"2019-06-08T14:22:57","modified_gmt":"2019-06-08T11:22:57","slug":"kylakirje-8-6-2019","status":"publish","type":"page","link":"https:\/\/www.nokiankylat.fi\/taivalkunta\/yhdistykset\/taivalkunnan-kylat-ry\/kylayhdistyksen-arkisto\/kylakirjeet\/kylakirjeet-2019\/kylakirje-8-6-2019\/","title":{"rendered":"Kyl\u00e4kirje 8-6-2019"},"content":{"rendered":"<p><strong>Taivalkunnan kyl\u00e4kirje 8.6.2019<\/strong><\/p>\n<p><strong>Pilates-tunneista<\/strong><\/p>\n<p>Syksyll\u00e4 aloitusp\u00e4iv\u00e4 on 27.8. ja aika klo 18-19. Tunnit ovat kerran viikossa tiistaisin.<\/p>\n<p>Mahdollisuus on pit\u00e4\u00e4 noin 15 kertaa, jolloin tunnit loppuisivat joulukuussa ja jos innostuneita on, kev\u00e4tkaudella voisi jatkua.<\/p>\n<p>Hinnat:<\/p>\n<ul>\n<li>10 krt\/95\u20ac<\/li>\n<li>5krt\/50\u20ac<\/li>\n<li>kertamaksu 11,50\u20ac<\/li>\n<\/ul>\n<p>Maksut paikan p\u00e4\u00e4ll\u00e4 ensimm\u00e4isell\u00e4 kerralla, samaten onnistuu kertakorvaukset jokaisen tunnin alussa.<\/p>\n<p>Viime kuun kyselyni Pilates-tunneista tuotti 15 kiinnostunutta henkil\u00f6\u00e4 ja joku heist\u00e4 kirjoitti sitoutuvansa. Kaikki siis mahtuvat mukaan. Toivottavasti tuo aika sopii teille sek\u00e4 mahdollisesti muillekin, sill\u00e4 v\u00e4himm\u00e4ism\u00e4\u00e4r\u00e4 osallistujille, ett\u00e4 tunteja pidet\u00e4\u00e4n, on kuusi.<\/p>\n<p>&nbsp;<\/p>\n<p><strong>Taulaj\u00e4rven leirialueesta <\/strong><\/p>\n<p>Kyl\u00e4yhdistyksen hallitus k\u00e4vi helatorstaina kahviretkell\u00e4. Siivosimme roskat ja risut rannasta pois sek\u00e4 katsoimme, ettei olisi vaarallisia paikkoja. Liikkukaa sek\u00e4 itse ett\u00e4 perheenne kanssa ulkona, nauttikaa Taivalkunnan kauniista luonnosta ja k\u00e4yk\u00e4\u00e4 vaikka uimassa, mutta pit\u00e4k\u00e4\u00e4 ymp\u00e4rist\u00f6 siistin\u00e4. Mets\u00e4ss\u00e4 voi kulkea ja uimassa k\u00e4yd\u00e4 <strong>omalla vastuulla<\/strong>. Olkaa mukana nuorten el\u00e4m\u00e4ss\u00e4, tukekaa ja kannustakaa heit\u00e4 olemaan ja nauttimaan ulkona olemisesta. Siihen on hyv\u00e4t mahdollisuudet ja sit\u00e4 nuoretkin arvostavat. Meill\u00e4 on hyv\u00e4 ja arvostettava nuoriso.<\/p>\n<p>&nbsp;<\/p>\n<p><strong>Ollaan kiitollisia<\/strong><\/p>\n<p>5.-6. -luokkalaiset kirjoittivat tulevaan kirjaani kokemuksistaan, ajatuksistaan nykyisest\u00e4 el\u00e4m\u00e4nmenosta, kyl\u00e4ilmeest\u00e4, ja mik\u00e4 on kyl\u00e4mme vahvuus. Niiss\u00e4 tuodaan esille yhteishenki, kaunis luonto, rauhallisuus ja mukavat ihmiset. Lis\u00e4ksi lehtien kohina ja linnunlaulu sek\u00e4 kiitollisuus, ett\u00e4 saa el\u00e4\u00e4 lapsuutensa Taivalkunnassa. Ehk\u00e4 jo ennest\u00e4\u00e4nkin tiesitte, mit\u00e4 kyl\u00e4mme lapset arvostavat!<\/p>\n<p>Ollaan yhteydess\u00e4 puolin ja toisin. Taivalkunnan kyl\u00e4t ry pj. Olli Sorva, olli.sorva(at)nokiansahkotalo.fi, <a href=\"http:\/\/www.nokiankylat.fi\/taivalkunta\">www.nokiankylat.fi\/taivalkunta<\/a>, <a href=\"http:\/\/www.facebook.com\/taivalkunta\/\">www.facebook.com\/taivalkunta\/<\/a>.<\/p>\n","protected":false},"excerpt":{"rendered":"<p>Taivalkunnan kyl\u00e4kirje 8.6.2019 Pilates-tunneista Syksyll\u00e4 aloitusp\u00e4iv\u00e4 on 27.8. ja aika klo 18-19. Tunnit ovat kerran viikossa tiistaisin. Mahdollisuus on pit\u00e4\u00e4 noin 15 kertaa, jolloin tunnit loppuisivat joulukuussa ja jos innostuneita on, kev\u00e4tkaudella voisi jatkua. Hinnat: 10 krt\/95\u20ac 5krt\/50\u20ac kertamaksu 11,50\u20ac Maksut paikan p\u00e4\u00e4ll\u00e4 ensimm\u00e4isell\u00e4 kerralla, samaten onnistuu kertakorvaukset jokaisen tunnin alussa. Viime kuun kyselyni Pilates-tunneista &hellip; <a href=\"https:\/\/www.nokiankylat.fi\/taivalkunta\/yhdistykset\/taivalkunnan-kylat-ry\/kylayhdistyksen-arkisto\/kylakirjeet\/kylakirjeet-2019\/kylakirje-8-6-2019\/\">Jatkuu<\/a><\/p>\n","protected":false},"author":4,"featured_media":0,"parent":2766,"menu_order":0,"comment_status":"closed","ping_status":"closed","template":"","meta":{"_acf_changed":false,"footnotes":""},"class_list":["post-2876","page","type-page","status-publish","hentry"],"acf":[],"_links":{"self":[{"href":"https:\/\/www.nokiankylat.fi\/taivalkunta\/wp-json\/wp\/v2\/pages\/2876","targetHints":{"allow":["GET"]}}],"collection":[{"href":"https:\/\/www.nokiankylat.fi\/taivalkunta\/wp-json\/wp\/v2\/pages"}],"about":[{"href":"https:\/\/www.nokiankylat.fi\/taivalkunta\/wp-json\/wp\/v2\/types\/page"}],"author":[{"embeddable":true,"href":"https:\/\/www.nokiankylat.fi\/taivalkunta\/wp-json\/wp\/v2\/users\/4"}],"replies":[{"embeddable":true,"href":"https:\/\/www.nokiankylat.fi\/taivalkunta\/wp-json\/wp\/v2\/comments?post=2876"}],"version-history":[{"count":1,"href":"https:\/\/www.nokiankylat.fi\/taivalkunta\/wp-json\/wp\/v2\/pages\/2876\/revisions"}],"predecessor-version":[{"id":2877,"href":"https:\/\/www.nokiankylat.fi\/taivalkunta\/wp-json\/wp\/v2\/pages\/2876\/revisions\/2877"}],"up":[{"embeddable":true,"href":"https:\/\/www.nokiankylat.fi\/taivalkunta\/wp-json\/wp\/v2\/pages\/2766"}],"wp:attachment":[{"href":"https:\/\/www.nokiankylat.fi\/taivalkunta\/wp-json\/wp\/v2\/media?parent=2876"}],"curies":[{"name":"wp","href":"https:\/\/api.w.org\/{rel}","templated":true}]}}