{"id":291,"date":"2016-01-25T19:09:46","date_gmt":"2016-01-25T17:09:46","guid":{"rendered":"http:\/\/nokiankylat.wysiwyg.fi\/taivalkunta\/?page_id=291"},"modified":"2016-01-25T19:12:17","modified_gmt":"2016-01-25T17:12:17","slug":"vetoomus-koulun-puolesta-24-5-2015","status":"publish","type":"page","link":"https:\/\/www.nokiankylat.fi\/taivalkunta\/yhdistykset\/taivalkunnan-kylat-ry\/kylayhdistyksen-arkisto\/vetoomus-koulun-puolesta-24-5-2015\/","title":{"rendered":"Vetoomus koulun puolesta 24-5-2015"},"content":{"rendered":"<p>Nokian kaupungin kasvatus- ja opetuslautakunnalle\u00a0\u00a0\u00a0\u00a0\u00a0\u00a0\u00a0\u00a0\u00a0\u00a0\u00a0\u00a0\u00a0\u00a0\u00a0\u00a0\u00a0\u00a0\u00a0\u00a0\u00a0\u00a0\u00a0\u00a0\u00a0\u00a0\u00a0\u00a0\u00a0\u00a0\u00a0\u00a0\u00a0\u00a0\u00a0\u00a0\u00a0\u00a0\u00a0\u00a0 Taivalkunnassa 24.5.2015<\/p>\n<p><strong>VETOOMUS TAIVALKUNNAN KOULUN S\u00c4ILYTT\u00c4MISEN PUOLESTA<\/strong><\/p>\n<p><strong>Koulu<\/strong><\/p>\n<p>Taivalkunnan koulu on kaupungin <u>ainoa<\/u> l\u00e4hipalvelu Taivalkunnan kyl\u00e4n asukkaille. Taivalkunnan koulu on Suomen ensimm\u00e4inen golfkoulu ja kansainv\u00e4lisestikin mainetta niitt\u00e4nyt yritt\u00e4jyyskoulu, jonka Kantri ry palkitsi vuoden hankkeena 2011.<\/p>\n<p><strong>Henkil\u00f6st\u00f6<\/strong><\/p>\n<p>Koulussa on t\u00e4ll\u00e4 hetkell\u00e4 42 oppilasta, ensi lukuvuonna 44 oppilasta ja lukuvuonna 2017-1018 jo 47 oppilasta, mik\u00e4 on 12% enemm\u00e4n kuin kouluverkkoselvityksess\u00e4 ilmoitettu oppilasm\u00e4\u00e4r\u00e4. Kouluverkkoselvityksess\u00e4 Taivalkunnan oppilasm\u00e4\u00e4r\u00e4t ovat virheelliset.<\/p>\n<p>T\u00e4st\u00e4 oppilasm\u00e4\u00e4r\u00e4st\u00e4 muodostuu kahdelle opettajalle t\u00e4ydet opetusryhm\u00e4t. Koulu k\u00e4y t\u00e4ydell\u00e4 teholla.<\/p>\n<p><strong>Kiinteist\u00f6<\/strong><\/p>\n<p>Koulu on rakennettu 1922 lahjatontille. Koulu on erinomaisessa kunnossa, kuten voimme todeta kouluverkkoselvityksen taulukosta (taulukko 29). Kuntoluokka 78%. Koulussa on 2,5-metrinen graniittikivijalka ja runko on hirtt\u00e4. Homeongelmia ei ole.<\/p>\n<p>Vuosittaiset kiinteist\u00f6kulut ovat 58\u00a0000 euroa, joka on 5,85e\/neli\u00f6\/kk. Nokian koulujen keskiarvo on 6,26e\/neli\u00f6\/kk. Vuoteen 2022 menness\u00e4 investointitarpeita selvityksen mukaan ei ole.<\/p>\n<p><strong>Mahdollisen yhdist\u00e4misen s\u00e4\u00e4st\u00f6t<\/strong><\/p>\n<p>Useista pyynn\u00f6ist\u00e4mme huolimatta s\u00e4\u00e4st\u00f6laskelmaa t\u00e4st\u00e4 ei ole esitetty, koska s\u00e4\u00e4st\u00f6j\u00e4 on mahdoton saada. Opetusryhm\u00e4t ovat t\u00e4ydet, joten henkil\u00f6st\u00f6kuluissa ei voida s\u00e4\u00e4st\u00e4\u00e4 yhdist\u00e4misvaihtoehdossa. J\u00e4ljelle j\u00e4\u00e4 kiinteist\u00f6kulu 58\u00a0000e, mik\u00e4 yhdist\u00e4misvaihtoehdossa vastaa yht\u00e4 suuria kuljetuskustannuksia. Vastaanottavassa koulussa tulevat muutoskustannukset tulee my\u00f6s ottaa huomioon. T\u00e4st\u00e4 on vaikea l\u00f6yt\u00e4\u00e4 koulutoimenjohtaja Erkkil\u00e4n ehdottamia miljoonas\u00e4\u00e4st\u00f6j\u00e4.<\/p>\n<p>&nbsp;<\/p>\n<p>Toivomme, ett\u00e4 n\u00e4m\u00e4 j\u00e4rkisyyt otetaan huomioon p\u00e4\u00e4t\u00f6ksi\u00e4 teht\u00e4ess\u00e4, lopetetaan jatkuva Taivalkunnan koulun lopettamisuhkailu ja annetaan oppilaille sek\u00e4 henkil\u00f6kunnalle ty\u00f6- ja opiskelurauha.<\/p>\n<h3>Taivalkunnan koulun vanhempainyhdistys<\/h3>\n<h3>Katja Kallio, pj<\/h3>\n<h3>041-4425494<\/h3>\n<h3>katja.kallio(at) tampere.fi<\/h3>\n<h3><\/h3>\n<p>&nbsp;<\/p>\n<h3>Taivalkunnan kyl\u00e4t ry<\/h3>\n<h3>Olli Sorva, pj<\/h3>\n<h3>050-5603 808\u00a0 \u00a0 \u00a0 \u00a0 \u00a0 \u00a0 \u00a0 \u00a0 \u00a0 \u00a0 \u00a0 \u00a0 \u00a0 \u00a0 \u00a0 \u00a0 \u00a0 \u00a0 \u00a0 \u00a0 \u00a0 \u00a0 \u00a0 \u00a0 \u00a0 \u00a0 \u00a0 \u00a0 \u00a0 \u00a0 \u00a0 \u00a0 \u00a0 \u00a0 \u00a0 \u00a0 \u00a0 \u00a0 \u00a0 \u00a0 \u00a0 \u00a0 \u00a0 <a href=\"mailto:olli.sorva@nokiansahkotalo.fi\">olli.sorva(at)nokiansahkotalo.fi<\/a><\/h3>\n","protected":false},"excerpt":{"rendered":"<p>Nokian kaupungin kasvatus- ja opetuslautakunnalle\u00a0\u00a0\u00a0\u00a0\u00a0\u00a0\u00a0\u00a0\u00a0\u00a0\u00a0\u00a0\u00a0\u00a0\u00a0\u00a0\u00a0\u00a0\u00a0\u00a0\u00a0\u00a0\u00a0\u00a0\u00a0\u00a0\u00a0\u00a0\u00a0\u00a0\u00a0\u00a0\u00a0\u00a0\u00a0\u00a0\u00a0\u00a0\u00a0\u00a0 Taivalkunnassa 24.5.2015 VETOOMUS TAIVALKUNNAN KOULUN S\u00c4ILYTT\u00c4MISEN PUOLESTA Koulu Taivalkunnan koulu on kaupungin ainoa l\u00e4hipalvelu Taivalkunnan kyl\u00e4n asukkaille. Taivalkunnan koulu on Suomen ensimm\u00e4inen golfkoulu ja kansainv\u00e4lisestikin mainetta niitt\u00e4nyt yritt\u00e4jyyskoulu, jonka Kantri ry palkitsi vuoden hankkeena 2011. Henkil\u00f6st\u00f6 Koulussa on t\u00e4ll\u00e4 hetkell\u00e4 42 oppilasta, ensi lukuvuonna 44 oppilasta ja lukuvuonna 2017-1018 jo &hellip; <a href=\"https:\/\/www.nokiankylat.fi\/taivalkunta\/yhdistykset\/taivalkunnan-kylat-ry\/kylayhdistyksen-arkisto\/vetoomus-koulun-puolesta-24-5-2015\/\">Jatkuu<\/a><\/p>\n","protected":false},"author":4,"featured_media":0,"parent":186,"menu_order":0,"comment_status":"closed","ping_status":"closed","template":"","meta":{"_acf_changed":false,"footnotes":""},"class_list":["post-291","page","type-page","status-publish","hentry"],"acf":[],"_links":{"self":[{"href":"https:\/\/www.nokiankylat.fi\/taivalkunta\/wp-json\/wp\/v2\/pages\/291","targetHints":{"allow":["GET"]}}],"collection":[{"href":"https:\/\/www.nokiankylat.fi\/taivalkunta\/wp-json\/wp\/v2\/pages"}],"about":[{"href":"https:\/\/www.nokiankylat.fi\/taivalkunta\/wp-json\/wp\/v2\/types\/page"}],"author":[{"embeddable":true,"href":"https:\/\/www.nokiankylat.fi\/taivalkunta\/wp-json\/wp\/v2\/users\/4"}],"replies":[{"embeddable":true,"href":"https:\/\/www.nokiankylat.fi\/taivalkunta\/wp-json\/wp\/v2\/comments?post=291"}],"version-history":[{"count":4,"href":"https:\/\/www.nokiankylat.fi\/taivalkunta\/wp-json\/wp\/v2\/pages\/291\/revisions"}],"predecessor-version":[{"id":295,"href":"https:\/\/www.nokiankylat.fi\/taivalkunta\/wp-json\/wp\/v2\/pages\/291\/revisions\/295"}],"up":[{"embeddable":true,"href":"https:\/\/www.nokiankylat.fi\/taivalkunta\/wp-json\/wp\/v2\/pages\/186"}],"wp:attachment":[{"href":"https:\/\/www.nokiankylat.fi\/taivalkunta\/wp-json\/wp\/v2\/media?parent=291"}],"curies":[{"name":"wp","href":"https:\/\/api.w.org\/{rel}","templated":true}]}}