{"id":2930,"date":"2019-08-16T10:12:44","date_gmt":"2019-08-16T07:12:44","guid":{"rendered":"https:\/\/www.nokiankylat.fi\/taivalkunta\/?page_id=2930"},"modified":"2019-08-16T10:37:47","modified_gmt":"2019-08-16T07:37:47","slug":"kylakirje-16-8-2019","status":"publish","type":"page","link":"https:\/\/www.nokiankylat.fi\/taivalkunta\/yhdistykset\/taivalkunnan-kylat-ry\/kylayhdistyksen-arkisto\/kylakirjeet\/kylakirjeet-2019\/kylakirje-16-8-2019\/","title":{"rendered":"Kyl\u00e4kirje 16-8-2019"},"content":{"rendered":"<h2><strong>Taivalkunnan kyl\u00e4kirje 16.8.2019<\/strong><\/h2>\n<p><strong>Pilates-tunnit<\/strong> ovat tiistaisin alkaen 27.8. kello 18-19 koululla. Vet\u00e4j\u00e4n\u00e4 toimii Suvi Suur-Inkeroinen. Ilmoittautumiset suoraan Suville ja mieluiten s\u00e4hk\u00f6postilla suvi@suvintuulet.fi. Luonnollisesti mukaan voi l\u00e4hte\u00e4 koska vaan, jos tilaa on, mutta ennakkoilmoittautuminen olisi vet\u00e4j\u00e4n toivomus.<br \/>\nHinnat: 10 krt\/95\u20ac, 5krt\/50\u20ac, kertamaksu 11,50\u20ac. Maksaa voi paikan p\u00e4\u00e4ll\u00e4 ensimm\u00e4isell\u00e4 kerralla, samaten onnistuu kertakorvaukset jokaisen tunnin alussa. Vet\u00e4j\u00e4n kotisivut ovat www.suvintuulet.fi ja puhelinnumero on 0408453886, mutta asiointia toivotaan ensisijaisesti ja mahdollisuuksien mukaan s\u00e4hk\u00f6postilla.<br \/>\nPilates on rauhallinen ja hell\u00e4varainen ryhm\u00e4liikuntatunti, joka yhdist\u00e4\u00e4 voiman, liikkuvuuden ja kehon- ja mielenhallinnan, joten pukeudutaan joustaviin vaatteisiin ja menn\u00e4\u00e4n mukaan ja kokemaan. Sopii sukupuoleen katsomatta kaikenik\u00e4isille ja kuntoisille.<\/p>\n<p><strong>Muistutus!<\/strong> Lapsien kouluty\u00f6t alkoivat. Muistetaan kohteliaisuus ja huomaavaisuus liikenteess\u00e4 sek\u00e4 otetaan huomioon, ett\u00e4 paljon lapsia on mukana menossa.<\/p>\n<p><strong>Syksyn tapahtumien aikataulu<\/strong> on viel\u00e4 avoin, joten palaan niihin my\u00f6hemmin. Tapahtumista on tulossa tieto totuttuun tapaan kyl\u00e4n kotisivuille.<\/p>\n<p><strong>Koostan Taivalkunnasta kirjaa.<\/strong> Tarinoista ja henkil\u00f6kuvauksista ilmenee entisajan el\u00e4m\u00e4ntavat ja perinnety\u00f6t sek\u00e4 kyl\u00e4ilme. Mukaan mahtuu ja ehtii viel\u00e4. Tarina voi olla esim. henkil\u00f6n koko el\u00e4m\u00e4kerta, jokin yksitt\u00e4inen muisto, tapahtuma tai jonkin tekemisen perinneohje. Jos sinulla on ty\u00f6n alla tarina, jonka voit jakaa, niin toimita se l\u00e4hip\u00e4ivin\u00e4 minulle. Koskaan en ole taittoa (sivunvalmistusta) tehnyt, mutta nyt on tarkoitus taittaa t\u00e4m\u00e4 omakustanteinen kirjani. Hyvi\u00e4 tarinoita olen saanut ja toivottavasti amat\u00f6\u00f6ri saa taitettua ne luettavaksi kirjaksi.<\/p>\n<p><strong>Ollaan yhteydess\u00e4<\/strong> puolin ja toisin. Taivalkunnan kyl\u00e4t ry pj. Olli Sorva, <a href=\"mailto:olli.sorva@nokiansahkotalo.fi\">olli.sorva(at)nokiansahkotalo.fi<\/a>, www.nokiankylat.fi\/taivalkunta, www.facebook.com\/taivalkunta\/.<\/p>\n","protected":false},"excerpt":{"rendered":"<p>Taivalkunnan kyl\u00e4kirje 16.8.2019 Pilates-tunnit ovat tiistaisin alkaen 27.8. kello 18-19 koululla. Vet\u00e4j\u00e4n\u00e4 toimii Suvi Suur-Inkeroinen. Ilmoittautumiset suoraan Suville ja mieluiten s\u00e4hk\u00f6postilla suvi@suvintuulet.fi. Luonnollisesti mukaan voi l\u00e4hte\u00e4 koska vaan, jos tilaa on, mutta ennakkoilmoittautuminen olisi vet\u00e4j\u00e4n toivomus. Hinnat: 10 krt\/95\u20ac, 5krt\/50\u20ac, kertamaksu 11,50\u20ac. Maksaa voi paikan p\u00e4\u00e4ll\u00e4 ensimm\u00e4isell\u00e4 kerralla, samaten onnistuu kertakorvaukset jokaisen tunnin alussa. Vet\u00e4j\u00e4n &hellip; <a href=\"https:\/\/www.nokiankylat.fi\/taivalkunta\/yhdistykset\/taivalkunnan-kylat-ry\/kylayhdistyksen-arkisto\/kylakirjeet\/kylakirjeet-2019\/kylakirje-16-8-2019\/\">Jatkuu<\/a><\/p>\n","protected":false},"author":4,"featured_media":0,"parent":2766,"menu_order":0,"comment_status":"closed","ping_status":"closed","template":"","meta":{"_acf_changed":false,"footnotes":""},"class_list":["post-2930","page","type-page","status-publish","hentry"],"acf":[],"_links":{"self":[{"href":"https:\/\/www.nokiankylat.fi\/taivalkunta\/wp-json\/wp\/v2\/pages\/2930","targetHints":{"allow":["GET"]}}],"collection":[{"href":"https:\/\/www.nokiankylat.fi\/taivalkunta\/wp-json\/wp\/v2\/pages"}],"about":[{"href":"https:\/\/www.nokiankylat.fi\/taivalkunta\/wp-json\/wp\/v2\/types\/page"}],"author":[{"embeddable":true,"href":"https:\/\/www.nokiankylat.fi\/taivalkunta\/wp-json\/wp\/v2\/users\/4"}],"replies":[{"embeddable":true,"href":"https:\/\/www.nokiankylat.fi\/taivalkunta\/wp-json\/wp\/v2\/comments?post=2930"}],"version-history":[{"count":4,"href":"https:\/\/www.nokiankylat.fi\/taivalkunta\/wp-json\/wp\/v2\/pages\/2930\/revisions"}],"predecessor-version":[{"id":2935,"href":"https:\/\/www.nokiankylat.fi\/taivalkunta\/wp-json\/wp\/v2\/pages\/2930\/revisions\/2935"}],"up":[{"embeddable":true,"href":"https:\/\/www.nokiankylat.fi\/taivalkunta\/wp-json\/wp\/v2\/pages\/2766"}],"wp:attachment":[{"href":"https:\/\/www.nokiankylat.fi\/taivalkunta\/wp-json\/wp\/v2\/media?parent=2930"}],"curies":[{"name":"wp","href":"https:\/\/api.w.org\/{rel}","templated":true}]}}