{"id":2955,"date":"2019-09-19T07:45:04","date_gmt":"2019-09-19T04:45:04","guid":{"rendered":"https:\/\/www.nokiankylat.fi\/taivalkunta\/?page_id=2955"},"modified":"2019-09-24T07:52:27","modified_gmt":"2019-09-24T04:52:27","slug":"nu-18-9-2019","status":"publish","type":"page","link":"https:\/\/www.nokiankylat.fi\/taivalkunta\/kuvat\/lehtileikkeita\/lehtileikkeita-2019\/nu-18-9-2019\/","title":{"rendered":"NU 18-9-2019"},"content":{"rendered":"<p>Kolumni on julkaistu Nokian Uutisissa<\/p>\n<h1>Katkotaanko kravatit?<\/h1>\n<h4>&#8221;Huumorillakin on asioita hoidettu, mutta aina toista ihmist\u00e4 kunnioittaen&#8221;<\/h4>\n<p><img decoding=\"async\" src=\"https:\/\/d1ddzfo1d7bgrb.cloudfront.net\/nokianuutiset\/869ad334-ba03-50be-9550-00e5f81b6147-320x180.jpg\" alt=\"Olli Sorva\" \/><\/p>\n<p>18.9.2019 Olli Sorva<\/p>\n<p><span style=\"float: none;background-color: #ffffff;color: #222222;cursor: text;font-family: 'Open Sans','Helvetica Neue',Helvetica,Arial,sans-serif;font-size: 16px;font-style: normal;font-variant: normal;font-weight: 400;letter-spacing: normal;text-align: left;text-decoration: none;text-indent: 0px;text-transform: none\">Kirjoittaja on positiivisella asenteella varustettu yritt\u00e4j\u00e4<\/span><\/p>\n<p>&nbsp;<\/p>\n<p>Miksi vuorovaikutustilanteissa usein ajatellaan, ett\u00e4 jonkun h\u00e4p\u00e4iseminen saa enemmist\u00f6n nauttimaan tapahtumasta? Voisiko huumori olla kaikkia kunnioittavaa?<\/p>\n<p>Sain kutsun katsomaan musiikkiesityst\u00e4 BEATLINE meets ARON 15.8. Pyynikin kes\u00e4teatterille. Esityksen aikana \u201dElvis\u201d leikkasi kosketinsoittajalta saksilla solmion poikki. En tied\u00e4 mihin se liittyi, ehk\u00e4 johonkin kyseisen kuninkaan aikoinaan tekem\u00e4\u00e4n temppuun.<\/p>\n<p>17.8. olin h\u00e4\u00e4juhlassa. Yhten\u00e4 ohjelmanumerona oli \u201dTied\u00e4tk\u00f6 aviovaimosi ajatukset\u201d. Leikkiin valittiin viisi avioparia, vastanaineista pitk\u00e4\u00e4n aviossa olleisiin. Oli kunnia p\u00e4\u00e4st\u00e4 mukaan. Ideana oli, ett\u00e4 jos aviomies ei tiennyt kysymysten vastausvaihtoehdoista oikeita, solmiosta leikattiin pala pois. Kun ensimm\u00e4isi\u00e4 kravatteja katkottiin, huomasi, ett\u00e4 monille vieraista leikki oli outo. Kisa oli tasavertainen tuoreiden ja varttuneiden avioparien kesken.<\/p>\n<p>Kisailun p\u00e4\u00e4tytty\u00e4 yksi ik\u00e4iseni mies kertoi minulle, ettei h\u00e4n oikein ymm\u00e4rt\u00e4nyt leikki\u00e4 hauskaksi, kun ajatus on rangaista, jos ei tied\u00e4 toisen ajatuksia. H\u00e4n lis\u00e4si, ett\u00e4 olisi hienoa, jos kirjoittaisit aiheesta seuraavaan kolumniisi. J\u00e4in itsekin ajattelemaan, olisiko vaikeaa keksi\u00e4 visailu, jossa yksinkertaisesti palkittaisiin hyv\u00e4t suoritukset.<\/p>\n<p>H\u00e4\u00e4tilaisuudessa mukana olleet ymm\u00e4rsiv\u00e4t kisailun leikkimieliseksi, mutta her\u00e4ttih\u00e4n se ajatuksia, ett\u00e4 mink\u00e4laista k\u00e4yt\u00f6smallia juurrutamme tempauksillamme lapsiin ja nuoriin. Tied\u00e4mmek\u00f6 mit\u00e4 yll\u00e4tyksi\u00e4 kenellekin voi j\u00e4rjest\u00e4\u00e4?<\/p>\n<p>Tuleva tarinakirjani on taittovaiheessa. Siin\u00e4 kerrotaan my\u00f6s Taivalkunnan nuorison aikoinaan tekemist\u00e4 kolttosista, mutta niiss\u00e4 on positiivinen leima eik\u00e4 tekemisi\u00e4 kohdistettu h\u00e4v\u00e4istys- tai rankaisemismieless\u00e4. Joskus kyll\u00e4 nuorenkin harkintakyky pett\u00e4\u00e4 tai ei osata ajatella tekemisten seurauksia. Tiivis kyl\u00e4yhteis\u00f6 on aina auttanut ja kannustanut ihmisi\u00e4. Huumorillakin on asioita hoidettu, mutta aina toista ihmist\u00e4 kunnioittaen. Jospa osaisimme poimia historiastamme sen kaiken hyv\u00e4n ja j\u00e4tt\u00e4\u00e4 pahuuden sivuun.<\/p>\n<p>Viimekertaisessa kolumnissani kerroin, mit\u00e4 nuoret arvostavat: ymp\u00e4rist\u00f6\u00e4, l\u00e4sn\u00e4oloa ja oikeudenmukaista k\u00e4yt\u00f6st\u00e4. Me aikuiset voisimme pyrki\u00e4 tukemaan ja yll\u00e4pit\u00e4m\u00e4\u00e4n noita ajatuksia.<\/p>\n","protected":false},"excerpt":{"rendered":"<p>Kolumni on julkaistu Nokian Uutisissa Katkotaanko kravatit? &#8221;Huumorillakin on asioita hoidettu, mutta aina toista ihmist\u00e4 kunnioittaen&#8221; 18.9.2019 Olli Sorva Kirjoittaja on positiivisella asenteella varustettu yritt\u00e4j\u00e4 &nbsp; Miksi vuorovaikutustilanteissa usein ajatellaan, ett\u00e4 jonkun h\u00e4p\u00e4iseminen saa enemmist\u00f6n nauttimaan tapahtumasta? Voisiko huumori olla kaikkia kunnioittavaa? Sain kutsun katsomaan musiikkiesityst\u00e4 BEATLINE meets ARON 15.8. Pyynikin kes\u00e4teatterille. Esityksen aikana \u201dElvis\u201d &hellip; <a href=\"https:\/\/www.nokiankylat.fi\/taivalkunta\/kuvat\/lehtileikkeita\/lehtileikkeita-2019\/nu-18-9-2019\/\">Jatkuu<\/a><\/p>\n","protected":false},"author":4,"featured_media":0,"parent":2841,"menu_order":0,"comment_status":"closed","ping_status":"closed","template":"","meta":{"_acf_changed":false,"footnotes":""},"class_list":["post-2955","page","type-page","status-publish","hentry"],"acf":[],"_links":{"self":[{"href":"https:\/\/www.nokiankylat.fi\/taivalkunta\/wp-json\/wp\/v2\/pages\/2955","targetHints":{"allow":["GET"]}}],"collection":[{"href":"https:\/\/www.nokiankylat.fi\/taivalkunta\/wp-json\/wp\/v2\/pages"}],"about":[{"href":"https:\/\/www.nokiankylat.fi\/taivalkunta\/wp-json\/wp\/v2\/types\/page"}],"author":[{"embeddable":true,"href":"https:\/\/www.nokiankylat.fi\/taivalkunta\/wp-json\/wp\/v2\/users\/4"}],"replies":[{"embeddable":true,"href":"https:\/\/www.nokiankylat.fi\/taivalkunta\/wp-json\/wp\/v2\/comments?post=2955"}],"version-history":[{"count":3,"href":"https:\/\/www.nokiankylat.fi\/taivalkunta\/wp-json\/wp\/v2\/pages\/2955\/revisions"}],"predecessor-version":[{"id":2958,"href":"https:\/\/www.nokiankylat.fi\/taivalkunta\/wp-json\/wp\/v2\/pages\/2955\/revisions\/2958"}],"up":[{"embeddable":true,"href":"https:\/\/www.nokiankylat.fi\/taivalkunta\/wp-json\/wp\/v2\/pages\/2841"}],"wp:attachment":[{"href":"https:\/\/www.nokiankylat.fi\/taivalkunta\/wp-json\/wp\/v2\/media?parent=2955"}],"curies":[{"name":"wp","href":"https:\/\/api.w.org\/{rel}","templated":true}]}}