{"id":2963,"date":"2019-09-30T19:10:03","date_gmt":"2019-09-30T16:10:03","guid":{"rendered":"https:\/\/www.nokiankylat.fi\/taivalkunta\/?page_id=2963"},"modified":"2019-09-30T19:10:03","modified_gmt":"2019-09-30T16:10:03","slug":"kylakirje-30-9-2019","status":"publish","type":"page","link":"https:\/\/www.nokiankylat.fi\/taivalkunta\/yhdistykset\/taivalkunnan-kylat-ry\/kylayhdistyksen-arkisto\/kylakirjeet\/kylakirjeet-2019\/kylakirje-30-9-2019\/","title":{"rendered":"Kyl\u00e4kirje 30-9-2019"},"content":{"rendered":"<h2><strong>Taivalkunnan kyl\u00e4kirje 30.9.2019<\/strong><\/h2>\n<p><strong>Kaupunki j\u00e4rjest\u00e4\u00e4 koulujen tulevaisuudesta yleis\u00f6tilaisuuden kaupungintalon valtuustosalissa (Harjukatu 23) 2.krs torstaina 3.10.2019 klo 18.<\/strong><\/p>\n<p>Nokian kaupunki ottaa vuoden 2020 talousarvion valmisteluun liittyen tarkasteluun <strong>Taivalkunnan<\/strong> ja Vahalahden koulujen toiminnan jatkuvuuden johtuen n\u00e4iden koulujen oppilasm\u00e4\u00e4rien voimakkaasta laskemisesta. Asiasta laaditaan selvitys ja kuntalaisia kuullaan asiasta.<\/p>\n<p>Kaupunginvaltuusto p\u00e4\u00e4tt\u00e4\u00e4 joulukuussa talousarviok\u00e4sittelyn yhteydess\u00e4 kyseisten koulujen mahdollisesta lakkauttamisesta ja sen ajankohdasta. Asiasta on informoitu kaupunginvaltuuston valtuustoryhmi\u00e4, koska selvitys poikkeaa edellisen kaupunginvaltuuston periaatep\u00e4\u00e4t\u00f6ksest\u00e4. (Nokian kaupunginvaltuusto on tehnyt syksyll\u00e4 2016 periaatep\u00e4\u00e4t\u00f6ksen, ett\u00e4 perusopetuksen palveluverkko pysyy nykyisell\u00e4\u00e4n lukuvuoden 2022 \u2013 2023 alkuun asti ja ett\u00e4 palveluverkko-tarkastelu otetaan k\u00e4sittelyyn vuoden 2022 talousarviota p\u00e4\u00e4tett\u00e4ess\u00e4.)<\/p>\n<p>Sivistyspalveluiden talousarvion valmistelu on meneill\u00e4\u00e4n ja kaupunginhallituksen asettamaan raamiin p\u00e4\u00e4seminen on hyvin haasteellista nykyisell\u00e4 palveluverkolla.<\/p>\n<p>Yll\u00e4 oleva teksti on poimintona kaupungin sivuilta. <strong>Kyl\u00e4yhdistys on huolissaan<\/strong> koulumme tilanteesta<strong> ja kehottaa kaikkia Taivalkuntalaisia ottamaan kaupungin kutsun vastaan, <\/strong>jossa kutsutaan kuntalaisia keskustelemaan Taivalkunnan ja Vahalahden koulujen tulevaisuudesta torstaina 3.10 valtuustosalissa.<\/p>\n<p><strong>Pilates-tunnit<\/strong> ovat tiistaisin kello 18-19 koululla. <strong>My\u00f6s<\/strong> koulujen <strong>syyslomaviikolla<\/strong> pidet\u00e4\u00e4n tunti.<\/p>\n<p><strong>Taivalkunnan Kyl\u00e4t ry:n syyskokous <\/strong>pidet\u00e4\u00e4n koululla torstaina 31.10.2019 klo 18.00. Kokouksen lis\u00e4ksi iltaan mahtuu muutakin ohjelmaa. Jos sinulla on idea kutsuvieraasta tai ohjelmaehdotus, niin laita tietoa tulemaan. Esitetyt toiveet t\u00e4ytet\u00e4\u00e4n mahdollisuuksien mukaan. Haluamme ottaa kaikki asukkaat huomioon. Kaikki halukkaan kyl\u00e4l\u00e4iset p\u00e4\u00e4sev\u00e4t mukaan toimintaan ja j\u00e4rjestelyihin.<\/p>\n<p>Tulethan ja osallistuthan syyskokoukseen vaikket hallitukseen haluaisikaan, sill\u00e4 kaikki perustuu vapaaehtoisuuteen. Olisi kiva n\u00e4hd\u00e4 juuri sinutkin paikalla.<\/p>\n<p>Ollaan yhteydess\u00e4 puolin ja toisin. Taivalkunnan kyl\u00e4t ry pj. Olli Sorva, olli.sorva(at)nokiansahkotalo.fi, <a href=\"http:\/\/www.nokiankylat.fi\/taivalkunta\">www.nokiankylat.fi\/taivalkunta<\/a>, <a href=\"http:\/\/www.facebook.com\/taivalkunta\/\">www.facebook.com\/taivalkunta\/<\/a>.<\/p>\n","protected":false},"excerpt":{"rendered":"<p>Taivalkunnan kyl\u00e4kirje 30.9.2019 Kaupunki j\u00e4rjest\u00e4\u00e4 koulujen tulevaisuudesta yleis\u00f6tilaisuuden kaupungintalon valtuustosalissa (Harjukatu 23) 2.krs torstaina 3.10.2019 klo 18. Nokian kaupunki ottaa vuoden 2020 talousarvion valmisteluun liittyen tarkasteluun Taivalkunnan ja Vahalahden koulujen toiminnan jatkuvuuden johtuen n\u00e4iden koulujen oppilasm\u00e4\u00e4rien voimakkaasta laskemisesta. Asiasta laaditaan selvitys ja kuntalaisia kuullaan asiasta. Kaupunginvaltuusto p\u00e4\u00e4tt\u00e4\u00e4 joulukuussa talousarviok\u00e4sittelyn yhteydess\u00e4 kyseisten koulujen mahdollisesta lakkauttamisesta ja &hellip; <a href=\"https:\/\/www.nokiankylat.fi\/taivalkunta\/yhdistykset\/taivalkunnan-kylat-ry\/kylayhdistyksen-arkisto\/kylakirjeet\/kylakirjeet-2019\/kylakirje-30-9-2019\/\">Jatkuu<\/a><\/p>\n","protected":false},"author":4,"featured_media":0,"parent":2766,"menu_order":0,"comment_status":"closed","ping_status":"closed","template":"","meta":{"_acf_changed":false,"footnotes":""},"class_list":["post-2963","page","type-page","status-publish","hentry"],"acf":[],"_links":{"self":[{"href":"https:\/\/www.nokiankylat.fi\/taivalkunta\/wp-json\/wp\/v2\/pages\/2963","targetHints":{"allow":["GET"]}}],"collection":[{"href":"https:\/\/www.nokiankylat.fi\/taivalkunta\/wp-json\/wp\/v2\/pages"}],"about":[{"href":"https:\/\/www.nokiankylat.fi\/taivalkunta\/wp-json\/wp\/v2\/types\/page"}],"author":[{"embeddable":true,"href":"https:\/\/www.nokiankylat.fi\/taivalkunta\/wp-json\/wp\/v2\/users\/4"}],"replies":[{"embeddable":true,"href":"https:\/\/www.nokiankylat.fi\/taivalkunta\/wp-json\/wp\/v2\/comments?post=2963"}],"version-history":[{"count":1,"href":"https:\/\/www.nokiankylat.fi\/taivalkunta\/wp-json\/wp\/v2\/pages\/2963\/revisions"}],"predecessor-version":[{"id":2964,"href":"https:\/\/www.nokiankylat.fi\/taivalkunta\/wp-json\/wp\/v2\/pages\/2963\/revisions\/2964"}],"up":[{"embeddable":true,"href":"https:\/\/www.nokiankylat.fi\/taivalkunta\/wp-json\/wp\/v2\/pages\/2766"}],"wp:attachment":[{"href":"https:\/\/www.nokiankylat.fi\/taivalkunta\/wp-json\/wp\/v2\/media?parent=2963"}],"curies":[{"name":"wp","href":"https:\/\/api.w.org\/{rel}","templated":true}]}}