{"id":2987,"date":"2019-10-22T16:10:08","date_gmt":"2019-10-22T13:10:08","guid":{"rendered":"https:\/\/www.nokiankylat.fi\/taivalkunta\/?page_id=2987"},"modified":"2019-12-08T11:14:08","modified_gmt":"2019-12-08T09:14:08","slug":"kokouskutsu-30-10-2019","status":"publish","type":"page","link":"https:\/\/www.nokiankylat.fi\/taivalkunta\/yhdistykset\/taivalkunnan-kylat-ry\/kokoukset-ja-kylaillat\/syyskokous-31-10-2019\/kokouskutsu-30-10-2019\/","title":{"rendered":"Kokouskutsu 30-10-2019"},"content":{"rendered":"<p>Taivalkunnan kyl\u00e4t ry:n syyskokous pidet\u00e4\u00e4n 31.10.2019 kello 18.00. Klikkaa kutsua, niin se avautuu kuvana tai avaa PDF t\u00e4st\u00e4 <a href=\"https:\/\/www.nokiankylat.fi\/taivalkunta\/wp-content\/uploads\/sites\/11\/2019\/10\/KUTSU-SYYSKOKOUKSEEN-31-10-2019.pdf\">KUTSU SYYSKOKOUKSEEN 31-10-2019<\/a><\/p>\n<p><a href=\"https:\/\/www.nokiankylat.fi\/taivalkunta\/wp-content\/uploads\/sites\/11\/2019\/10\/2019-10-31-1-1.png\"><img loading=\"lazy\" decoding=\"async\" class=\"alignnone size-medium wp-image-2990\" src=\"https:\/\/www.nokiankylat.fi\/taivalkunta\/wp-content\/uploads\/sites\/11\/2019\/10\/2019-10-31-1-1-205x300.png\" alt=\"\" width=\"205\" height=\"300\" srcset=\"https:\/\/www.nokiankylat.fi\/taivalkunta\/wp-content\/uploads\/sites\/11\/2019\/10\/2019-10-31-1-1-205x300.png 205w, https:\/\/www.nokiankylat.fi\/taivalkunta\/wp-content\/uploads\/sites\/11\/2019\/10\/2019-10-31-1-1.png 545w\" sizes=\"auto, (max-width: 205px) 100vw, 205px\" \/><\/a><\/p>\n","protected":false},"excerpt":{"rendered":"<p>Taivalkunnan kyl\u00e4t ry:n syyskokous pidet\u00e4\u00e4n 31.10.2019 kello 18.00. Klikkaa kutsua, niin se avautuu kuvana tai avaa PDF t\u00e4st\u00e4 KUTSU SYYSKOKOUKSEEN 31-10-2019<\/p>\n","protected":false},"author":4,"featured_media":0,"parent":2981,"menu_order":0,"comment_status":"closed","ping_status":"closed","template":"","meta":{"_acf_changed":false,"footnotes":""},"class_list":["post-2987","page","type-page","status-publish","hentry"],"acf":[],"_links":{"self":[{"href":"https:\/\/www.nokiankylat.fi\/taivalkunta\/wp-json\/wp\/v2\/pages\/2987","targetHints":{"allow":["GET"]}}],"collection":[{"href":"https:\/\/www.nokiankylat.fi\/taivalkunta\/wp-json\/wp\/v2\/pages"}],"about":[{"href":"https:\/\/www.nokiankylat.fi\/taivalkunta\/wp-json\/wp\/v2\/types\/page"}],"author":[{"embeddable":true,"href":"https:\/\/www.nokiankylat.fi\/taivalkunta\/wp-json\/wp\/v2\/users\/4"}],"replies":[{"embeddable":true,"href":"https:\/\/www.nokiankylat.fi\/taivalkunta\/wp-json\/wp\/v2\/comments?post=2987"}],"version-history":[{"count":1,"href":"https:\/\/www.nokiankylat.fi\/taivalkunta\/wp-json\/wp\/v2\/pages\/2987\/revisions"}],"predecessor-version":[{"id":2991,"href":"https:\/\/www.nokiankylat.fi\/taivalkunta\/wp-json\/wp\/v2\/pages\/2987\/revisions\/2991"}],"up":[{"embeddable":true,"href":"https:\/\/www.nokiankylat.fi\/taivalkunta\/wp-json\/wp\/v2\/pages\/2981"}],"wp:attachment":[{"href":"https:\/\/www.nokiankylat.fi\/taivalkunta\/wp-json\/wp\/v2\/media?parent=2987"}],"curies":[{"name":"wp","href":"https:\/\/api.w.org\/{rel}","templated":true}]}}