{"id":2999,"date":"2019-11-20T19:53:13","date_gmt":"2019-11-20T17:53:13","guid":{"rendered":"https:\/\/www.nokiankylat.fi\/taivalkunta\/?page_id=2999"},"modified":"2019-11-20T19:54:09","modified_gmt":"2019-11-20T17:54:09","slug":"kylakirje-20-11-2019","status":"publish","type":"page","link":"https:\/\/www.nokiankylat.fi\/taivalkunta\/yhdistykset\/taivalkunnan-kylat-ry\/kylayhdistyksen-arkisto\/kylakirjeet\/kylakirjeet-2019\/kylakirje-20-11-2019\/","title":{"rendered":"Kyl\u00e4kirje 20-11-2019"},"content":{"rendered":"<p><strong>Taivalkunnan kyl\u00e4kirje 20.11.2019<\/strong><\/p>\n<p>Olettehan huomioineet, ett\u00e4 kyl\u00e4n <strong>kaamosmarkkinat <\/strong>ovat ensi sunnuntaina koululla. Esite l\u00f6ytyy kyl\u00e4n tapahtumakalenterista <a href=\"http:\/\/www.nokiankylat.fi\/taivalkunta\/tapahtumat\/\">www.nokiankylat.fi\/taivalkunta\/tapahtumat\/<\/a><\/p>\n<p>Nokian kaupunginvaltuuston joulukuun kokoukseen on tulossa p\u00e4\u00e4t\u00f6sehdotus, ett\u00e4 <strong>Taivalkunnan koulu<\/strong> suljetaan. Kyl\u00e4yhdistys laatii vetoomuksen koulun puolesta. Vetoomuksesta on jo luonnosta olemassa ja lopullisen sanamuodon Taivalkunnan kyl\u00e4t ry:n hallitus p\u00e4\u00e4tt\u00e4\u00e4 viikon sis\u00e4ll\u00e4. Siit\u00e4 tarkemmin tietoa l\u00e4hip\u00e4ivin\u00e4. Ajatus on saada mahdollisimman paljon kyl\u00e4n <strong>lapsia ja aikuisia seuraamaan valtuuston joulukuun kokousta<\/strong>, joten saavuttehan silloin paikalle.<\/p>\n<p>Syksyn <strong>pilates-tunnit<\/strong> jatkuvat tiistaisin kello 18-19 koululla 10.12 asti. My\u00f6s t\u00e4st\u00e4 tietoa tapahtumakalenterissa.<\/p>\n<p><strong>Perinteiset joululaulut<\/strong> lauletaan yhteislauluna sunnuntaina 22.12 kello 18.00 kyl\u00e4mme koululla. Esilaulajana on oman kyl\u00e4n Tomi. Kutsu ja mahdollisesta muusta ohjelmasta tulee lis\u00e4tietoa my\u00f6hemmin. T\u00e4m\u00e4kin kyl\u00e4n tapahtumakalenterissa.<\/p>\n<p>Taivalkunnan Kyl\u00e4t ry:n syyskokous pidettiin 31.10. ja minut valittiin jatkamaan ensi vuonna puheenjohtajana. Kiitos luottamuksesta.<\/p>\n<p>Ollaan yhteydess\u00e4 puolin ja toisin. Taivalkunnan kyl\u00e4t ry pj. Olli Sorva, olli.sorva(at)nokiansahkotalo.fi, <a href=\"http:\/\/www.nokiankylat.fi\/taivalkunta\">www.nokiankylat.fi\/taivalkunta<\/a>, <a href=\"http:\/\/www.facebook.com\/taivalkunta\/\">www.facebook.com\/taivalkunta\/<\/a>.<\/p>\n","protected":false},"excerpt":{"rendered":"<p>Taivalkunnan kyl\u00e4kirje 20.11.2019 Olettehan huomioineet, ett\u00e4 kyl\u00e4n kaamosmarkkinat ovat ensi sunnuntaina koululla. Esite l\u00f6ytyy kyl\u00e4n tapahtumakalenterista www.nokiankylat.fi\/taivalkunta\/tapahtumat\/ Nokian kaupunginvaltuuston joulukuun kokoukseen on tulossa p\u00e4\u00e4t\u00f6sehdotus, ett\u00e4 Taivalkunnan koulu suljetaan. Kyl\u00e4yhdistys laatii vetoomuksen koulun puolesta. Vetoomuksesta on jo luonnosta olemassa ja lopullisen sanamuodon Taivalkunnan kyl\u00e4t ry:n hallitus p\u00e4\u00e4tt\u00e4\u00e4 viikon sis\u00e4ll\u00e4. Siit\u00e4 tarkemmin tietoa l\u00e4hip\u00e4ivin\u00e4. Ajatus on saada &hellip; <a href=\"https:\/\/www.nokiankylat.fi\/taivalkunta\/yhdistykset\/taivalkunnan-kylat-ry\/kylayhdistyksen-arkisto\/kylakirjeet\/kylakirjeet-2019\/kylakirje-20-11-2019\/\">Jatkuu<\/a><\/p>\n","protected":false},"author":4,"featured_media":0,"parent":2766,"menu_order":0,"comment_status":"closed","ping_status":"closed","template":"","meta":{"_acf_changed":false,"footnotes":""},"class_list":["post-2999","page","type-page","status-publish","hentry"],"acf":[],"_links":{"self":[{"href":"https:\/\/www.nokiankylat.fi\/taivalkunta\/wp-json\/wp\/v2\/pages\/2999","targetHints":{"allow":["GET"]}}],"collection":[{"href":"https:\/\/www.nokiankylat.fi\/taivalkunta\/wp-json\/wp\/v2\/pages"}],"about":[{"href":"https:\/\/www.nokiankylat.fi\/taivalkunta\/wp-json\/wp\/v2\/types\/page"}],"author":[{"embeddable":true,"href":"https:\/\/www.nokiankylat.fi\/taivalkunta\/wp-json\/wp\/v2\/users\/4"}],"replies":[{"embeddable":true,"href":"https:\/\/www.nokiankylat.fi\/taivalkunta\/wp-json\/wp\/v2\/comments?post=2999"}],"version-history":[{"count":3,"href":"https:\/\/www.nokiankylat.fi\/taivalkunta\/wp-json\/wp\/v2\/pages\/2999\/revisions"}],"predecessor-version":[{"id":3002,"href":"https:\/\/www.nokiankylat.fi\/taivalkunta\/wp-json\/wp\/v2\/pages\/2999\/revisions\/3002"}],"up":[{"embeddable":true,"href":"https:\/\/www.nokiankylat.fi\/taivalkunta\/wp-json\/wp\/v2\/pages\/2766"}],"wp:attachment":[{"href":"https:\/\/www.nokiankylat.fi\/taivalkunta\/wp-json\/wp\/v2\/media?parent=2999"}],"curies":[{"name":"wp","href":"https:\/\/api.w.org\/{rel}","templated":true}]}}