{"id":30,"date":"2016-01-09T18:36:00","date_gmt":"2016-01-09T16:36:00","guid":{"rendered":"http:\/\/nokiankylat.wysiwyg.fi\/taivalkunta\/?page_id=30"},"modified":"2025-03-31T18:22:10","modified_gmt":"2025-03-31T15:22:10","slug":"palvelut","status":"publish","type":"page","link":"https:\/\/www.nokiankylat.fi\/taivalkunta\/palvelut\/","title":{"rendered":"Palvelut"},"content":{"rendered":"<p>Kyl\u00e4ll\u00e4 sijaitsevat yritykset sek\u00e4 asuvat yritt\u00e4j\u00e4t ja palveluntuottajat saavat yhteystietonsa ja kuvauksen palveluistaan veloituksetta.<\/p>\n<p>Tarvitsetko tuotteita tai palveluita? L\u00f6yd\u00e4t niit\u00e4 t\u00e4lt\u00e4 sivustolta. Klikkaa hakemistosta palveluntuottaja, josta haluat tietoa.<\/p>\n<h2>Kirjastoauto<\/h2>\n<p>P\u00e4\u00e4s\u00e4\u00e4nt\u00f6n\u00e4 on, ett\u00e4 parillisen viikon tiistaina on kirjastoauton pys\u00e4hdykset Taivalkunnassa.<\/p>\n<p>Tarkan p\u00e4iv\u00e4kohtaisen tiedon l\u00f6yd\u00e4t kirjastoautot kartalla palvelusta osoitteesta <a href=\"http:\/\/pikinkirjastoautot.fi\">pikinkirjastoautot.fi<\/a><\/p>\n<h2 style=\"text-align: left\">Koulu<\/h2>\n<p>Kyl\u00e4n koulussa loppui opetustoiminta kev\u00e4\u00e4ll\u00e4 2024, mutta koulurakennus on yh\u00e4 kyl\u00e4l\u00e4isten k\u00e4yt\u00f6ss\u00e4. N\u00e4in toistaiseksi ja aika n\u00e4ytt\u00e4\u00e4, mik\u00e4 on tilanne muutaman vuoden kuluttua.<\/p>\n","protected":false},"excerpt":{"rendered":"<p>Kyl\u00e4ll\u00e4 sijaitsevat yritykset sek\u00e4 asuvat yritt\u00e4j\u00e4t ja palveluntuottajat saavat yhteystietonsa ja kuvauksen palveluistaan veloituksetta. Tarvitsetko tuotteita tai palveluita? L\u00f6yd\u00e4t niit\u00e4 t\u00e4lt\u00e4 sivustolta. Klikkaa hakemistosta palveluntuottaja, josta haluat tietoa. Kirjastoauto P\u00e4\u00e4s\u00e4\u00e4nt\u00f6n\u00e4 on, ett\u00e4 parillisen viikon tiistaina on kirjastoauton pys\u00e4hdykset Taivalkunnassa. Tarkan p\u00e4iv\u00e4kohtaisen tiedon l\u00f6yd\u00e4t kirjastoautot kartalla palvelusta osoitteesta pikinkirjastoautot.fi Koulu Kyl\u00e4n koulussa loppui opetustoiminta kev\u00e4\u00e4ll\u00e4 2024, &hellip; <a href=\"https:\/\/www.nokiankylat.fi\/taivalkunta\/palvelut\/\">Jatkuu<\/a><\/p>\n","protected":false},"author":4,"featured_media":0,"parent":0,"menu_order":0,"comment_status":"closed","ping_status":"closed","template":"","meta":{"_acf_changed":false,"footnotes":""},"class_list":["post-30","page","type-page","status-publish","hentry"],"acf":[],"_links":{"self":[{"href":"https:\/\/www.nokiankylat.fi\/taivalkunta\/wp-json\/wp\/v2\/pages\/30","targetHints":{"allow":["GET"]}}],"collection":[{"href":"https:\/\/www.nokiankylat.fi\/taivalkunta\/wp-json\/wp\/v2\/pages"}],"about":[{"href":"https:\/\/www.nokiankylat.fi\/taivalkunta\/wp-json\/wp\/v2\/types\/page"}],"author":[{"embeddable":true,"href":"https:\/\/www.nokiankylat.fi\/taivalkunta\/wp-json\/wp\/v2\/users\/4"}],"replies":[{"embeddable":true,"href":"https:\/\/www.nokiankylat.fi\/taivalkunta\/wp-json\/wp\/v2\/comments?post=30"}],"version-history":[{"count":41,"href":"https:\/\/www.nokiankylat.fi\/taivalkunta\/wp-json\/wp\/v2\/pages\/30\/revisions"}],"predecessor-version":[{"id":4988,"href":"https:\/\/www.nokiankylat.fi\/taivalkunta\/wp-json\/wp\/v2\/pages\/30\/revisions\/4988"}],"wp:attachment":[{"href":"https:\/\/www.nokiankylat.fi\/taivalkunta\/wp-json\/wp\/v2\/media?parent=30"}],"curies":[{"name":"wp","href":"https:\/\/api.w.org\/{rel}","templated":true}]}}