{"id":3006,"date":"2019-12-02T17:46:20","date_gmt":"2019-12-02T15:46:20","guid":{"rendered":"https:\/\/www.nokiankylat.fi\/taivalkunta\/?page_id=3006"},"modified":"2025-01-06T17:30:30","modified_gmt":"2025-01-06T15:30:30","slug":"kylapalaute-taivalkunnan-koulun-puolesta","status":"publish","type":"page","link":"https:\/\/www.nokiankylat.fi\/taivalkunta\/yhdistykset\/taivalkunnan-kylat-ry\/kylayhdistyksen-arkisto\/kylapalaute-taivalkunnan-koulun-puolesta\/","title":{"rendered":"Kyl\u00e4palaute Taivalkunnan koulun puolesta"},"content":{"rendered":"<p>Kyl\u00e4lt\u00e4 tehtiin\u00a0 sivistystoimelle <span style=\"float: none;background-color: #ffffff;color: #222222;font-family: inherit;font-size: 0.87rem;font-style: normal;font-variant: normal;font-weight: 400;letter-spacing: normal;line-height: 1.4;text-align: left;text-decoration: none;text-indent: 0px;text-transform: none\">palaut<\/span>e, johon kirjattiin kartoittamamme asian todenmukaisina. Palaute l\u00f6ytyy t\u00e4\u00e4lt\u00e4 PDF-tiedostona <a href=\"https:\/\/www.nokiankylat.fi\/taivalkunta\/wp-content\/uploads\/sites\/11\/2019\/12\/Taivalkunta-Lapsen-kokoinen-kyl\u00e4-palaute-Taivalkunnan-koulun-puolesta-2019-10-14.pdf\">Taivalkunta &#8211; Lapsen kokoinen kyl\u00e4, palaute Taivalkunnan koulun puolesta 2019 10 14<\/a><\/p>\n","protected":false},"excerpt":{"rendered":"<p>Kyl\u00e4lt\u00e4 tehtiin\u00a0 sivistystoimelle palaute, johon kirjattiin kartoittamamme asian todenmukaisina. Palaute l\u00f6ytyy t\u00e4\u00e4lt\u00e4 PDF-tiedostona Taivalkunta &#8211; Lapsen kokoinen kyl\u00e4, palaute Taivalkunnan koulun puolesta 2019 10 14<\/p>\n","protected":false},"author":4,"featured_media":0,"parent":186,"menu_order":0,"comment_status":"closed","ping_status":"closed","template":"","meta":{"_acf_changed":false,"footnotes":""},"class_list":["post-3006","page","type-page","status-publish","hentry"],"acf":[],"_links":{"self":[{"href":"https:\/\/www.nokiankylat.fi\/taivalkunta\/wp-json\/wp\/v2\/pages\/3006","targetHints":{"allow":["GET"]}}],"collection":[{"href":"https:\/\/www.nokiankylat.fi\/taivalkunta\/wp-json\/wp\/v2\/pages"}],"about":[{"href":"https:\/\/www.nokiankylat.fi\/taivalkunta\/wp-json\/wp\/v2\/types\/page"}],"author":[{"embeddable":true,"href":"https:\/\/www.nokiankylat.fi\/taivalkunta\/wp-json\/wp\/v2\/users\/4"}],"replies":[{"embeddable":true,"href":"https:\/\/www.nokiankylat.fi\/taivalkunta\/wp-json\/wp\/v2\/comments?post=3006"}],"version-history":[{"count":2,"href":"https:\/\/www.nokiankylat.fi\/taivalkunta\/wp-json\/wp\/v2\/pages\/3006\/revisions"}],"predecessor-version":[{"id":3008,"href":"https:\/\/www.nokiankylat.fi\/taivalkunta\/wp-json\/wp\/v2\/pages\/3006\/revisions\/3008"}],"up":[{"embeddable":true,"href":"https:\/\/www.nokiankylat.fi\/taivalkunta\/wp-json\/wp\/v2\/pages\/186"}],"wp:attachment":[{"href":"https:\/\/www.nokiankylat.fi\/taivalkunta\/wp-json\/wp\/v2\/media?parent=3006"}],"curies":[{"name":"wp","href":"https:\/\/api.w.org\/{rel}","templated":true}]}}